{"id":12693,"date":"2023-04-26T19:02:37","date_gmt":"2023-04-26T19:02:37","guid":{"rendered":"https:\/\/www.beyazkose.com\/?page_id=12693"},"modified":"2023-05-01T07:29:36","modified_gmt":"2023-05-01T07:29:36","slug":"dis-dolgusu","status":"publish","type":"page","link":"https:\/\/www.beyazkose.com\/ar\/%d9%85%d9%84%d8%a1-%d8%a7%d9%84%d8%a3%d8%b3%d9%86%d8%a7%d9%86\/","title":{"rendered":"\u0645\u0644\u0621 \u0627\u0644\u0623\u0633\u0646\u0627\u0646"},"content":{"rendered":"<div class=\"wpb-content-wrapper\"><div class=\"vc_row wpb_row vc_row-fluid\"><div class=\"wpb_column vc_column_container vc_col-sm-8\"><div class=\"vc_column-inner\"><div class=\"wpb_wrapper\">\n\t<div class=\"wpb_text_column wpb_content_element\" >\n\t\t<div class=\"wpb_wrapper\">\n\t\t\t<p>\u062d\u0634\u0648\u0627\u062a \u0627\u0644\u0623\u0633\u0646\u0627\u0646 \u0645\u0647\u0645\u0629 \u062c\u062f\u064b\u0627 \u0644\u0645\u0646\u0639 \u0641\u0642\u062f\u0627\u0646 \u0627\u0644\u0623\u0633\u0646\u0627\u0646 \u0641\u064a \u0627\u0644\u0641\u0645 \u0648\u0644\u0636\u0645\u0627\u0646 \u0627\u0633\u062a\u0645\u0631\u0627\u0631\u064a\u0629 \u0627\u0644\u0648\u0638\u0627\u0626\u0641 \u0645\u062b\u0644 \u0627\u0644\u0645\u0636\u063a \u0648\u0627\u0644\u0639\u0636 \u0648\u0627\u0644\u062a\u062d\u062f\u062b.<\/p>\n<p>\u064a\u062e\u062a\u0644\u0641 \u0646\u0648\u0639 \u0627\u0644\u062d\u0634\u0648\u0627\u062a \u0627\u0644\u0645\u0637\u0628\u0642\u0629 \u0641\u064a \u0639\u0644\u0627\u062c \u0627\u0644\u062a\u0633\u0648\u0633 \u0623\u0648 \u0627\u0644\u0643\u0633\u0648\u0631 \u0623\u0648 \u0627\u0644\u0634\u0642\u0648\u0642 \u062d\u0633\u0628 \u0637\u0644\u0628 \u0627\u0644\u0634\u062e\u0635 \u0648\u0627\u0644\u062d\u0633\u0627\u0633\u064a\u0629. \u0639\u0644\u0649 \u0627\u0644\u0631\u063a\u0645 \u0645\u0646 \u0623\u0646\u0647 \u0642\u062f \u064a\u0643\u0648\u0646 \u0647\u0646\u0627\u0643 \u0628\u0639\u0636 \u0627\u0644\u062d\u0633\u0627\u0633\u064a\u0629 \u0627\u0644\u0645\u0648\u0636\u0639\u064a\u0629 \u0641\u064a \u0646\u0647\u0627\u064a\u0629 \u0627\u0644\u0625\u062c\u0631\u0627\u0621 \u060c \u0625\u0644\u0627 \u0623\u0646\u0647 \u0645\u0639 \u0639\u0644\u0627\u062c \u062d\u0634\u0648 \u0641\u0639\u0627\u0644 \u060c \u064a\u062a\u0645 \u0627\u0644\u062a\u062e\u0644\u0635 \u0645\u0646 \u0645\u0634\u0627\u0643\u0644 \u062f\u0627\u062e\u0644 \u0627\u0644\u0641\u0645 \u060c \u0648\u064a\u062a\u0645 \u0627\u0644\u062d\u0641\u0627\u0638 \u0639\u0644\u0649 \u0633\u0644\u0627\u0645\u0629 \u0627\u0644\u0641\u0645 \u0628\u0635\u0631\u064a\u064b\u0627.<\/p>\n<h2>\u0644\u0645\u0627\u0630\u0627 \u064a\u062a\u0645 \u062d\u0634\u0648 \u0627\u0644\u0623\u0633\u0646\u0627\u0646\u061f<\/h2>\n<p>\u0627\u0644\u063a\u0631\u0636 \u0627\u0644\u0631\u0626\u064a\u0633\u064a \u0645\u0646 \u062d\u0634\u0648 \u0627\u0644\u0623\u0633\u0646\u0627\u0646 \u0647\u0648 \u0627\u0633\u062a\u0639\u0627\u062f\u0629 \u0627\u0644\u0623\u0633\u0646\u0627\u0646 \u0627\u0644\u0645\u062a\u0634\u0642\u0642\u0629 \u0648\u0627\u0644\u0645\u0643\u0633\u0648\u0631\u0629 \u0648\u0627\u0644\u0645\u062a\u0634\u0642\u0642\u0629 \u0641\u064a \u0627\u0644\u0641\u0645. \u062d\u0634\u0648\u0627\u062a \u0627\u0644\u0623\u0633\u0646\u0627\u0646 \u0627\u0644\u0645\u0637\u0628\u0642\u0629 \u0628\u0627\u0633\u062a\u062e\u062f\u0627\u0645 \u0645\u0648\u0627\u062f \u062d\u0634\u0648 \u0645\u062e\u062a\u0644\u0641\u0629 \u062a\u0645\u0646\u0639 \u0623\u0646\u0633\u062c\u0629 \u0627\u0644\u0623\u0633\u0646\u0627\u0646 \u0627\u0644\u0645\u0634\u0648\u0647\u0629 \u0645\u0646 \u0627\u0644\u062a\u0639\u0645\u0642 \u0623\u0643\u062b\u0631 \u0648\u062a\u0633\u0628\u0628 \u0641\u0642\u062f\u0627\u0646 \u0627\u0644\u0623\u0633\u0646\u0627\u0646. \u0628\u0639\u062f \u0639\u0644\u0627\u062c \u062d\u0634\u0648 \u0627\u0644\u0623\u0633\u0646\u0627\u0646 \u060c \u0648\u0627\u0644\u0630\u064a \u064a\u062a\u0645 \u0639\u0646 \u0637\u0631\u064a\u0642 \u062d\u0634\u0648 \u0627\u0644\u062a\u0633\u0648\u0633 \u0648\u0627\u0644\u0639\u062f\u0648\u0649 \u0641\u064a \u0627\u0644\u0645\u0646\u0637\u0642\u0629 \u0628\u0639\u062f \u0627\u0644\u062a\u0646\u0638\u064a\u0641 \u060c \u064a\u062a\u0645 \u0625\u0639\u0627\u062f\u0629 \u0627\u0644\u0633\u0646 \u0625\u0644\u0649 \u0634\u0643\u0644\u0647 \u0648\u0648\u0638\u064a\u0641\u062a\u0647 \u0627\u0644\u0633\u0627\u0628\u0642\u0629. \u0648\u0628\u0627\u0644\u062a\u0627\u0644\u064a \u060c \u064a\u062a\u0645 \u0627\u0644\u062a\u062e\u0644\u0635 \u0645\u0646 \u0645\u0634\u0627\u0643\u0644 \u0627\u0644\u0623\u0643\u0644 \u0648\u0627\u0644\u0645\u0636\u063a \u0648\u0627\u0644\u062a\u062d\u062f\u062b.<\/p>\n<h2>\u0643\u064a\u0641 \u064a\u062a\u0645 \u062d\u0634\u0648 \u0627\u0644\u0627\u0633\u0646\u0627\u0646\u061f<\/h2>\n<p>\u0641\u064a \u0639\u0645\u0644\u064a\u0629 \u062d\u0634\u0648 \u0627\u0644\u0623\u0633\u0646\u0627\u0646 \u060c \u064a\u062c\u0628 \u0623\u0648\u0644\u0627\u064b \u062a\u0646\u0638\u064a\u0641 \u0645\u0646\u0637\u0642\u0629 \u0627\u0644\u062a\u0637\u0628\u064a\u0642 \u062c\u064a\u062f\u064b\u0627. \u0644\u0647\u0630\u0627 \u0627\u0644\u063a\u0631\u0636 \u060c \u064a\u0642\u0648\u0645 \u0637\u0628\u064a\u0628 \u0627\u0644\u0623\u0633\u0646\u0627\u0646 \u0628\u0646\u062d\u062a \u0627\u0644\u062a\u0633\u0648\u0633 \u0648\u062a\u0646\u0638\u064a\u0641 \u0627\u0644\u0623\u0633\u0646\u0627\u0646 \u0645\u0646 \u0627\u0644\u062a\u0633\u0648\u0633 \u0648\u0627\u0644\u0628\u0642\u0627\u064a\u0627 \u0627\u0644\u0623\u062e\u0631\u0649. \u0628\u0645\u0627 \u0623\u0646 \u0627\u0644\u0645\u0631\u064a\u0636 \u064a\u062e\u0636\u0639 \u0644\u062a\u062e\u062f\u064a\u0631 \u0645\u0648\u0636\u0639\u064a \u0623\u062b\u0646\u0627\u0621 \u0627\u0644\u0639\u0645\u0644\u064a\u0629 \u060c \u0641\u0644\u0627 \u064a\u0634\u0639\u0631 \u0628\u0623\u064a \u0623\u0644\u0645 \u0623\u0648 \u0648\u062c\u0639.<\/p>\n<p>\u0628\u0639\u062f \u0639\u0645\u0644\u064a\u0629 \u0627\u0644\u062a\u0646\u0638\u064a\u0641 \u064a\u062c\u0628 \u0645\u0644\u0621 \u0627\u0644\u062a\u062c\u0648\u064a\u0641 \u0627\u0644\u0645\u062a\u0643\u0648\u0646 \u0641\u064a \u0627\u0644\u0633\u0646 \u0628\u0645\u0627\u062f\u0629 \u062d\u0634\u0648 \u0648\u064a\u062a\u0645 \u062a\u062d\u062f\u064a\u062f \u0645\u0627\u062f\u0629 \u0627\u0644\u062d\u0634\u0648 \u0647\u0630\u0647 \u062d\u0633\u0628 \u062a\u0641\u0636\u064a\u0644 \u0627\u0644\u0645\u0631\u064a\u0636. \u064a\u062a\u0645 \u0645\u0644\u0621 \u0627\u0644\u062a\u062c\u0648\u064a\u0641 \u0641\u064a \u0627\u0644\u0641\u0645 \u0628\u0627\u0633\u062a\u062e\u062f\u0627\u0645 \u0645\u0627\u062f\u0629 \u0627\u0644\u062d\u0634\u0648 \u0627\u0644\u0645\u062e\u062a\u0627\u0631\u0629<\/p>\n<p>\u062e\u0644\u0627\u0644 \u0647\u0630\u0647 \u0627\u0644\u0639\u0645\u0644\u064a\u0629 \u060c \u064a\u064f\u0637\u0644\u0628 \u0645\u0646 \u0627\u0644\u0645\u0631\u064a\u0636 \u0634\u062f \u0623\u0633\u0646\u0627\u0646\u0647 \u0648\u0627\u062e\u062a\u0628\u0627\u0631 \u0641\u0631\u0648\u0642 \u0627\u0644\u0627\u0631\u062a\u0641\u0627\u0639 \u0645\u0646 \u0623\u062c\u0644 \u0648\u0636\u0639 \u0627\u0644\u062d\u0634\u0648\u0629 \u0641\u064a \u0627\u0644\u0645\u0648\u0636\u0639 \u0627\u0644\u0635\u062d\u064a\u062d. \u0639\u0646\u062f \u0627\u0644\u0636\u0631\u0648\u0631\u0629 \u060c \u064a\u062a\u0645 \u0631\u0641\u0639 \u0637\u0631\u0641 \u0627\u0644\u062d\u0634\u0648 \u0644\u0623\u0633\u0641\u0644 \u0644\u0636\u0645\u0627\u0646 \u0627\u0644\u0627\u0646\u0633\u062c\u0627\u0645 \u0645\u0639 \u0627\u0644\u0631\u0627\u062d\u0629 \u062f\u0627\u062e\u0644 \u0627\u0644\u0641\u0645.<\/p>\n<p>\u0628\u0639\u062f \u0627\u0644\u0625\u062c\u0631\u0627\u0621 \u060c \u064a\u062c\u0628 \u062a\u0642\u064a\u064a\u062f \u0623\u0646\u0634\u0637\u0629 \u0627\u0644\u0623\u0643\u0644 \u0644\u0644\u0641\u062a\u0631\u0629 \u0627\u0644\u062a\u064a \u0623\u0648\u0635\u0649 \u0628\u0647\u0627 \u0637\u0628\u064a\u0628 \u0627\u0644\u0623\u0633\u0646\u0627\u0646 \u0644\u0644\u062a\u062e\u0641\u064a\u0641 \u0645\u0646 \u0627\u0644\u062d\u0633\u0627\u0633\u064a\u0629 \u0627\u0644\u0645\u0648\u0636\u0639\u064a\u0629. \u064a\u0648\u0635\u0649 \u0623\u064a\u0636\u064b\u0627 \u0628\u0639\u062f\u0645 \u062a\u0646\u0627\u0648\u0644 \u0627\u0644\u0623\u0637\u0639\u0645\u0629 \u0648\u0627\u0644\u0645\u0634\u0631\u0648\u0628\u0627\u062a \u0634\u062f\u064a\u062f\u0629 \u0627\u0644\u0628\u0631\u0648\u062f\u0629 \u0648\u0627\u0644\u0633\u0627\u062e\u0646\u0629 \u060c \u062e\u0627\u0635\u0629\u064b \u0641\u064a \u0627\u0644\u0623\u064a\u0627\u0645 \u0627\u0644\u0642\u0644\u064a\u0644\u0629 \u0627\u0644\u0623\u0648\u0644\u0649. \u064a\u062a\u0645 \u062a\u062d\u062f\u064a\u062f \u0627\u0644\u062a\u0648\u0635\u064a\u0627\u062a \u0627\u0644\u062a\u064a \u0633\u064a\u062a\u0645 \u062a\u0637\u0628\u064a\u0642\u0647\u0627 \u0641\u064a \u0647\u0630\u0647 \u0627\u0644\u0645\u0631\u062d\u0644\u0629 \u0648\u0641\u0642\u064b\u0627 \u0644\u0644\u062d\u0634\u0648\u0629 \u0627\u0644\u0645\u0641\u0636\u0644\u0629 \u0648\u0645\u0633\u062a\u0648\u0649 \u0627\u0644\u062d\u0633\u0627\u0633\u064a\u0629 \u0644\u062f\u0649 \u0627\u0644\u0645\u0631\u064a\u0636.<\/p>\n<h2>\u0623\u0646\u0648\u0627\u0639 \u062d\u0634\u0648\u0627\u062a \u0627\u0644\u0623\u0633\u0646\u0627\u0646<\/h2>\n<p>\u062a\u0646\u0642\u0633\u0645 \u062d\u0634\u0648\u0627\u062a \u0627\u0644\u0623\u0633\u0646\u0627\u0646 \u0628\u0634\u0643\u0644 \u0623\u0633\u0627\u0633\u064a \u0625\u0644\u0649 3 \u0623\u0646\u0648\u0627\u0639. \u0625\u0646\u0647\u0627 \u0645\u064a\u0632\u0629 \u0631\u0627\u0626\u0639\u0629 \u0623\u0646 \u064a\u0643\u0648\u0646 \u0644\u062f\u064a\u0643 \u062e\u064a\u0627\u0631\u0627\u062a \u0645\u062e\u062a\u0644\u0641\u0629 \u0645\u0646 \u0627\u0644\u0645\u0648\u0627\u062f \u060c \u062e\u0627\u0635\u0629 \u0644\u0623\u0648\u0644\u0626\u0643 \u0627\u0644\u0630\u064a\u0646 \u0644\u062f\u064a\u0647\u0645 \u062d\u0633\u0627\u0633\u064a\u0629 \u0645\u0646 \u0645\u0648\u0627\u062f \u0645\u062e\u062a\u0644\u0641\u0629. \u0623\u0646\u0648\u0627\u0639 \u0627\u0644\u062d\u0634\u0648 \u0643\u0627\u0644\u062a\u0627\u0644\u064a:<\/p>\n<h2>\u062d\u0634\u0648\u0629 \u0627\u0644\u0645\u0644\u063a\u0645<\/h2>\n<p>\u062d\u0634\u0648\u0629 \u0627\u0644\u0645\u0644\u063a\u0645 \u060c \u0648\u0647\u064a \u062e\u0644\u064a\u0637 \u0645\u0646 \u0627\u0644\u0632\u0626\u0628\u0642 \u0648\u0627\u0644\u0642\u0635\u062f\u064a\u0631 \u0648\u0627\u0644\u0646\u062d\u0627\u0633 \u0648\u0627\u0644\u0641\u0636\u0629 \u060c \u062a\u0633\u062a\u062e\u062f\u0645 \u0639\u0627\u062f\u0629 \u0641\u064a \u0627\u0644\u0623\u0633\u0646\u0627\u0646 \u0627\u0644\u062e\u0644\u0641\u064a\u0629 \u0628\u0633\u0628\u0628 \u0644\u0648\u0646\u0647\u0627 \u0627\u0644\u0645\u0639\u062f\u0646\u064a \u0627\u0644\u0631\u0645\u0627\u062f\u064a. \u064a\u062a\u0645\u064a\u0632 \u0627\u0644\u0645\u0644\u063a\u0645 \u0628\u0645\u0642\u0627\u0648\u0645\u0629 \u0639\u0627\u0644\u064a\u0629 \u0644\u0644\u0642\u0648\u0649 \u0627\u0644\u0642\u0627\u0633\u064a\u0629 \u0645\u062b\u0644 \u0627\u0644\u0645\u0636\u063a \u0648\u0627\u0644\u0636\u063a\u0637 \u060c \u0648\u064a\u0648\u0641\u0631 \u0633\u0646\u0648\u0627\u062a \u0639\u062f\u064a\u062f\u0629 \u0645\u0646 \u0627\u0644\u0627\u0633\u062a\u062e\u062f\u0627\u0645 \u0648\u0647\u0648 \u0646\u0648\u0639 \u062d\u0634\u0648 \u0641\u0639\u0627\u0644 \u0645\u0646 \u062d\u064a\u062b \u0627\u0644\u062a\u0643\u0644\u0641\u0629. \u0644\u0627 \u064a\u0641\u0636\u0644\u0647 \u0627\u0644\u0623\u0634\u062e\u0627\u0635 \u0630\u0648\u0648 \u0627\u0644\u0627\u0647\u062a\u0645\u0627\u0645\u0627\u062a \u0627\u0644\u062c\u0645\u0627\u0644\u064a\u0629 \u060c \u0648\u0644\u0627 \u064a\u0646\u0635\u062d \u0628\u0647 \u0623\u064a\u0636\u064b\u0627 \u0644\u0645\u0646 \u064a\u0639\u0627\u0646\u0648\u0646 \u0645\u0646 \u062d\u0633\u0627\u0633\u064a\u0629 \u0627\u0644\u0632\u0626\u0628\u0642.<\/p>\n<h2>\u0645\u0631\u0643\u0628 \u0645\u0644\u0621<\/h2>\n<p>\u0627\u0644\u062d\u0634\u0648 \u0627\u0644\u0645\u0631\u0643\u0628 \u060c \u0627\u0644\u0645\u0639\u0631\u0648\u0641 \u0623\u064a\u0636\u064b\u0627 \u0628\u0627\u0633\u0645 \u0627\u0644\u062d\u0634\u0648\u0629 \u0627\u0644\u0628\u064a\u0636\u0627\u0621 \u060c \u064a\u062a\u0645 \u0627\u0644\u062d\u0635\u0648\u0644 \u0639\u0644\u064a\u0647 \u0645\u0646 \u062e\u0644\u064a\u0637 \u0628\u0644\u0627\u0633\u062a\u064a\u0643\u064a \u0645\u0646 \u062c\u0632\u064a\u0626\u0627\u062a \u0627\u0644\u0633\u064a\u0644\u064a\u0643\u0648\u0646. \u0646\u0638\u0631\u064b\u0627 \u0644\u0623\u0646\u0647 \u0623\u0628\u064a\u0636 \u0627\u0644\u0644\u0648\u0646 \u060c \u0641\u0625\u0646\u0647 \u064a\u0648\u0641\u0631 \u062d\u0645\u0627\u064a\u0629 \u0628\u0635\u0631\u064a\u0629 \u0644\u0644\u062a\u0646\u0627\u063a\u0645 \u062f\u0627\u062e\u0644 \u0627\u0644\u0641\u0645 \u0648\u064a\u0645\u0643\u0646 \u062a\u0637\u0628\u064a\u0642\u0647 \u0628\u0633\u0647\u0648\u0644\u0629 \u0639\u0644\u0649 \u0627\u0644\u0623\u0633\u0646\u0627\u0646 \u0627\u0644\u0623\u0645\u0627\u0645\u064a\u0629 \u0648\u0627\u0644\u062e\u0644\u0641\u064a\u0629. \u0627\u0644\u062d\u0634\u0648\u0627\u062a \u0627\u0644\u0645\u0631\u0643\u0628\u0629 \u060c \u0648\u0647\u064a \u0623\u063a\u0644\u0649 \u0645\u0646 \u062d\u0634\u0648\u0627\u062a \u0627\u0644\u0645\u0644\u063a\u0645 \u060c \u0647\u064a \u0623\u064a\u0636\u064b\u0627 \u0645\u0646 \u0628\u064a\u0646 \u0623\u0646\u0648\u0627\u0639 \u0627\u0644\u062d\u0634\u0648 \u0639\u0627\u0644\u064a\u0629 \u0627\u0644\u0642\u0648\u0629.<\/p>\n<h2>\u062d\u0634\u0648\u0629 \u0627\u0644\u0628\u0648\u0631\u0633\u0644\u064a\u0646<\/h2>\n<p>\u062d\u0634\u0648\u0629 \u0627\u0644\u0628\u0648\u0631\u0633\u0644\u064a\u0646 \u060c \u0627\u0644\u062a\u064a \u0644\u0647\u0627 \u0627\u0644\u0645\u0638\u0647\u0631 \u0627\u0644\u0623\u0643\u062b\u0631 \u062c\u0645\u0627\u0644\u064a\u0629 \u0628\u064a\u0646 \u062c\u0645\u064a\u0639 \u0623\u0646\u0648\u0627\u0639 \u0627\u0644\u062d\u0634\u0648\u0627\u062a \u060c \u0644\u0647\u0627 \u0644\u0648\u0646 \u0642\u0631\u064a\u0628 \u062c\u062f\u064b\u0627 \u0645\u0646 \u0644\u0648\u0646 \u0627\u0644\u0623\u0633\u0646\u0627\u0646 \u0627\u0644\u0637\u0628\u064a\u0639\u064a. \u0641\u064a \u0639\u0645\u0644\u064a\u0629 \u062d\u0634\u0648 \u0627\u0644\u0628\u0648\u0631\u0633\u0644\u064a\u0646 \u060c \u0648\u0627\u0644\u062a\u064a \u064a\u062a\u0645 \u0625\u062c\u0631\u0627\u0624\u0647\u0627 \u0639\u0627\u062f\u0629\u064b \u0641\u064a \u062c\u0644\u0633\u062a\u064a\u0646 \u060c \u064a\u062a\u0645 \u0625\u062c\u0631\u0627\u0621 \u0627\u0644\u0642\u064a\u0627\u0633 \u062f\u0627\u062e\u0644 \u0627\u0644\u0641\u0645 \u0644\u0644\u0645\u0631\u064a\u0636 \u0623\u0648\u0644\u0627\u064b \u0648\u0645\u0646 \u0627\u0644\u0645\u062a\u0648\u0642\u0639 \u0623\u0646 \u064a\u062a\u0645 \u0639\u0645\u0644 \u062d\u0634\u0648\u0629 \u062e\u0632\u0641\u064a\u0629 \u0645\u062e\u0635\u0635\u0629 \u0641\u064a \u0628\u064a\u0626\u0629 \u0627\u0644\u0645\u062e\u062a\u0628\u0631. \u0641\u064a \u0646\u0647\u0627\u064a\u0629 \u0627\u0644\u062c\u0644\u0633\u0629 \u0627\u0644\u0623\u0648\u0644\u0649 \u060c \u064a\u062a\u0645 \u062a\u0632\u0648\u064a\u062f \u0627\u0644\u0645\u0631\u064a\u0636 \u0628\u062d\u0634\u0648\u0629 \u0645\u0624\u0642\u062a\u0629 \u060c \u0648\u0641\u064a \u0627\u0644\u062c\u0644\u0633\u0629 \u0627\u0644\u062a\u0627\u0644\u064a\u0629 \u060c \u064a\u062a\u0645 \u0648\u0636\u0639 \u062d\u0634\u0648\u0629 \u0627\u0644\u0628\u0648\u0631\u0633\u0644\u064a\u0646 \u0627\u0644\u0645\u062d\u0636\u0631\u0629 \u0641\u064a \u0648\u0636\u0639 \u062f\u0627\u062e\u0644 \u0627\u0644\u0641\u0645.<\/p>\n\n\t\t<\/div>\n\t<\/div>\n<\/div><\/div><\/div><div class=\"sticky_form_content lead-form wpb_column vc_column_container vc_col-sm-4\" id=\"lead-form\"><div class=\"vc_column-inner\"><div class=\"wpb_wrapper\">\n<div class=\"wpcf7 no-js\" id=\"wpcf7-f1555-o1\" lang=\"en-US\" dir=\"ltr\" data-wpcf7-id=\"1555\">\n<div class=\"screen-reader-response\"><p role=\"status\" aria-live=\"polite\" aria-atomic=\"true\"><\/p> <ul><\/ul><\/div>\n<form action=\"\/ar\/wp-json\/wp\/v2\/pages\/12693#wpcf7-f1555-o1\" method=\"post\" class=\"wpcf7-form init\" aria-label=\"Contact form\" novalidate=\"novalidate\" data-status=\"init\" data-trp-original-action=\"\/ar\/wp-json\/wp\/v2\/pages\/12693#wpcf7-f1555-o1\">\n<fieldset class=\"hidden-fields-container\"><input type=\"hidden\" name=\"_wpcf7\" value=\"1555\" \/><input type=\"hidden\" name=\"_wpcf7_version\" value=\"6.1.5\" \/><input type=\"hidden\" name=\"_wpcf7_locale\" value=\"en_US\" \/><input type=\"hidden\" name=\"_wpcf7_unit_tag\" value=\"wpcf7-f1555-o1\" \/><input type=\"hidden\" name=\"_wpcf7_container_post\" value=\"0\" \/><input type=\"hidden\" name=\"_wpcf7_posted_data_hash\" value=\"\" \/>\n<\/fieldset>\n<div class=\"row\">\n\t<div class=\"col-lg-12\">\n\t\t<p><span class=\"wpcf7-form-control-wrap\" data-name=\"field-header\"><input size=\"40\" maxlength=\"400\" class=\"wpcf7-form-control wpcf7-text wpcf7-validates-as-required\" aria-required=\"true\" aria-invalid=\"false\" placeholder=\"\u0627\u0633\u0645\u0643 \u0648\u0644\u0642\u0628\u0643\" value=\"\" type=\"text\" name=\"field-header\" \/><\/span>\n\t\t<\/p>\n\t<\/div>\n\t<div class=\"col-lg-12\">\n\t\t<p><span class=\"wpcf7-form-control-wrap\" data-name=\"phonetext-206\"><input size=\"40\" class=\"wpcf7-form-control wpcf7-phonetext wpcf7-validates-as-required wpcf7-text wpcf7-validates-as-phonetext\" aria-required=\"true\" aria-invalid=\"false\" placeholder=\"\" value=\"\" type=\"text\" name=\"phonetext-206\" \/><input type=\"hidden\" name=\"phonetext-206-country-code\" class=\"wpcf7-phonetext-country-code\" \/><\/span>\n\t\t<\/p>\n\t<\/div>\n\t<div class=\"col-lg-12\">\n\t\t<p><span class=\"wpcf7-form-control-wrap\" data-name=\"field-header3\"><input size=\"40\" maxlength=\"400\" class=\"wpcf7-form-control wpcf7-text wpcf7-validates-as-required\" aria-required=\"true\" aria-invalid=\"false\" placeholder=\"\u0628\u0631\u064a\u062f \u0625\u0644\u0643\u062a\u0631\u0648\u0646\u064a\" value=\"\" type=\"text\" name=\"field-header3\" \/><\/span>\n\t\t<\/p>\n\t<\/div>\n\t<div class=\"col-lg-12\">\n\t\t<p><span class=\"wpcf7-form-control-wrap\" data-name=\"field-header4\"><textarea cols=\"40\" rows=\"10\" maxlength=\"2000\" class=\"wpcf7-form-control wpcf7-textarea\" aria-invalid=\"false\" placeholder=\"\u0631\u0633\u0627\u0644\u062a\u0643\" name=\"field-header4\"><\/textarea><\/span>\n\t\t<\/p>\n\t<\/div>\n\t<div class=\"col-lg-12\">\n\t\t<p><input class=\"wpcf7-form-control wpcf7-submit has-spinner\" type=\"submit\" value=\"\u064a\u0631\u0633\u0644\" \/>\n\t\t<\/p>\n\t<\/div>\n<\/div><div class=\"wpcf7-response-output\" aria-hidden=\"true\"><\/div>\n<input type=\"hidden\" name=\"trp-form-language\" value=\"ar\"\/><\/form>\n<\/div>\n<\/div><\/div><\/div><\/div>\n<\/div>","protected":false},"excerpt":{"rendered":"A\u011f\u0131z i\u00e7indeki di\u015flerin kayb\u0131n\u0131 \u00f6nlemek ve \u00e7i\u011fneme, \u0131s\u0131rma, konu\u015fma gibi fonksiyonlar\u0131n devaml\u0131l\u0131\u011f\u0131n\u0131 sa\u011flamak ad\u0131na di\u015f dolgular\u0131n\u0131n \u00f6nemi olduk\u00e7a fazla. \u00c7\u00fcr\u00fck, k\u0131r\u0131k veya \u00e7atlak tedavisinde uygulanan dolgular\u0131n \u00e7e\u015fidi ki\u015finin iste\u011fine ve alerjenlik durumuna g\u00f6re de\u011fi\u015fir. \u0130\u015flem sonunda bir miktar b\u00f6lgesel hassasiyet olsa da etkili bir dolgu tedavisi ile a\u011f\u0131z i\u00e7i sorunlar\u0131n ortadan kald\u0131r\u0131lmas\u0131 sa\u011flan\u0131r, ayr\u0131ca g\u00f6rsel olarak a\u011f\u0131z i\u00e7i b\u00fct\u00fcnl\u00fck korunmu\u015f olur. Di\u015f Dolgusu Neden Yap\u0131l\u0131r? Di\u015f dolgusunun en temel amac\u0131 a\u011f\u0131z i\u00e7indeki \u00e7\u00fcr\u00fck, k\u0131r\u0131k ve \u00e7atlak di\u015flerin restore edilmesidir. \u00c7e\u015fitli dolgu malzemeleri kullan\u0131larak uygulanan di\u015f dolgular\u0131, deformasyona u\u011frayan di\u015f dokusunun daha derinlere inerek di\u015f kayb\u0131na neden olmas\u0131n\u0131 engeller. B\u00f6lgedeki \u00e7\u00fcr\u00fck ve enfeksiyonun temizlenmesinden sonra doldurulmas\u0131 \u015feklinde yap\u0131lan di\u015f dolgusu tedavisi sonras\u0131, di\u015fe eski g\u00f6r\u00fcn\u00fcm\u00fc ve i\u015flevi yeniden kazand\u0131r\u0131l\u0131r. B\u00f6ylece yeme, \u00e7i\u011fneme ve konu\u015fma problemleri giderilir. Di\u015f Dolgusu Nas\u0131l Yap\u0131l\u0131r? Di\u015f dolgusu m\u00fcdahalesinde \u00f6ncelikle uygulama alan\u0131n\u0131n iyice temizlenmesi gerekir. Bunun i\u00e7in di\u015f hekimi di\u015f \u00e7\u00fcr\u00fc\u011f\u00fcn\u00fc oyarak temizler ve di\u015fi \u00e7\u00fcr\u00fck ile [...]","protected":false},"author":1,"featured_media":12996,"parent":0,"menu_order":0,"comment_status":"closed","ping_status":"closed","template":"page-templates\/full-width.php","meta":{"footnotes":""},"_links":{"self":[{"href":"https:\/\/www.beyazkose.com\/ar\/wp-json\/wp\/v2\/pages\/12693"}],"collection":[{"href":"https:\/\/www.beyazkose.com\/ar\/wp-json\/wp\/v2\/pages"}],"about":[{"href":"https:\/\/www.beyazkose.com\/ar\/wp-json\/wp\/v2\/types\/page"}],"author":[{"embeddable":true,"href":"https:\/\/www.beyazkose.com\/ar\/wp-json\/wp\/v2\/users\/1"}],"replies":[{"embeddable":true,"href":"https:\/\/www.beyazkose.com\/ar\/wp-json\/wp\/v2\/comments?post=12693"}],"version-history":[{"count":3,"href":"https:\/\/www.beyazkose.com\/ar\/wp-json\/wp\/v2\/pages\/12693\/revisions"}],"predecessor-version":[{"id":12831,"href":"https:\/\/www.beyazkose.com\/ar\/wp-json\/wp\/v2\/pages\/12693\/revisions\/12831"}],"wp:featuredmedia":[{"embeddable":true,"href":"https:\/\/www.beyazkose.com\/ar\/wp-json\/wp\/v2\/media\/12996"}],"wp:attachment":[{"href":"https:\/\/www.beyazkose.com\/ar\/wp-json\/wp\/v2\/media?parent=12693"}],"curies":[{"name":"wp","href":"https:\/\/api.w.org\/{rel}","templated":true}]}}