{"id":12698,"date":"2023-04-26T19:03:55","date_gmt":"2023-04-26T19:03:55","guid":{"rendered":"https:\/\/www.beyazkose.com\/?page_id=12698"},"modified":"2023-05-01T07:55:10","modified_gmt":"2023-05-01T07:55:10","slug":"dis-kirigi-tedavisi","status":"publish","type":"page","link":"https:\/\/www.beyazkose.com\/ar\/%d8%b9%d9%84%d8%a7%d8%ac-%d9%83%d8%b3%d8%b1-%d8%a7%d9%84%d8%a7%d8%b3%d9%86%d8%a7%d9%86\/","title":{"rendered":"\u0645\u0639\u0644\u0648\u0645\u0627\u062a \u0639\u0646\u0645\u0639\u0644\u0648\u0645\u0627\u062a \u0639\u0646"},"content":{"rendered":"<div class=\"wpb-content-wrapper\"><div class=\"vc_row wpb_row vc_row-fluid\"><div class=\"wpb_column vc_column_container vc_col-sm-8\"><div class=\"vc_column-inner\"><div class=\"wpb_wrapper\">\n\t<div class=\"wpb_text_column wpb_content_element\" >\n\t\t<div class=\"wpb_wrapper\">\n\t\t\t<p>\u0625\u0630\u0627 \u062a\u064f\u0631\u0643\u062a \u062f\u0648\u0646 \u0639\u0644\u0627\u062c \u060c \u064a\u0645\u0643\u0646 \u0623\u0646 \u064a\u062a\u0633\u0628\u0628 \u062a\u0633\u0648\u0633 \u0627\u0644\u0623\u0633\u0646\u0627\u0646 \u0648\u062a\u0634\u0642\u0642\u0627\u062a\u0647\u0627 \u0641\u064a \u0643\u0633\u0631 \u062c\u0632\u0621 \u0623\u0648 \u0643\u0644 \u0627\u0644\u0623\u0633\u0646\u0627\u0646. \u0648\u0647\u0630\u0627 \u0645\u0627 \u064a\u0633\u0645\u0649 \u0643\u0633\u0631 \u0627\u0644\u0623\u0633\u0646\u0627\u0646 \u0648\u064a\u0633\u0628\u0628 \u0645\u0634\u0627\u0643\u0644 \u0645\u062e\u062a\u0644\u0641\u0629 \u060c \u0628\u0645\u0627 \u0641\u064a \u0630\u0644\u0643 \u0627\u0644\u0623\u0644\u0645 \u0648\u0627\u0644\u0639\u062f\u0648\u0649. \u064a\u0645\u0643\u0646 \u0623\u0646 \u062a\u0643\u0648\u0646 \u0647\u0630\u0647 \u0627\u0644\u0643\u0633\u0648\u0631 \u060c \u0648\u0627\u0644\u062a\u064a \u0647\u064a \u0639\u0628\u0627\u0631\u0629 \u0639\u0646 \u0635\u062f\u0645\u0627\u062a \u0641\u064a \u0627\u0644\u0641\u0645 \u060c \u0643\u0628\u064a\u0631\u0629 \u0623\u0648 \u0635\u063a\u064a\u0631\u0629 \u062d\u0633\u0628 \u0627\u0644\u062d\u0627\u0644\u0629. \u064a\u062e\u062a\u0644\u0641 \u0639\u0644\u0627\u062c \u0643\u0633\u0648\u0631 \u0627\u0644\u0623\u0633\u0646\u0627\u0646 \u062d\u0633\u0628 \u0634\u0643\u0644 \u0627\u0644\u0643\u0633\u0631 \u0648\u0645\u0646\u0637\u0642\u0629 \u0627\u0644\u062a\u0623\u062b\u064a\u0631 \u0648\u0637\u0631\u0642 \u0627\u0644\u0639\u0644\u0627\u062c \u0627\u0644\u0633\u0627\u0628\u0642\u0629 \u0627\u0644\u0645\u0637\u0628\u0642\u0629 \u0641\u064a \u0627\u0644\u0645\u0646\u0637\u0642\u0629.<\/p>\n<h2>\u0623\u0646\u0648\u0627\u0639 \u0643\u0633\u0648\u0631 \u0627\u0644\u0623\u0633\u0646\u0627\u0646<\/h2>\n<p>\u064a\u0645\u0643\u0646 \u0643\u0633\u0631 \u0627\u0644\u0623\u0633\u0646\u0627\u0646 \u0644\u0623\u0633\u0628\u0627\u0628 \u0645\u062e\u062a\u0644\u0641\u0629 \u060c \u0648\u0639\u0644\u0649 \u0627\u0644\u0631\u063a\u0645 \u0645\u0646 \u0623\u0646 \u0647\u0630\u0627 \u0627\u0644\u0645\u0648\u0642\u0641 \u0642\u062f \u064a\u0628\u062f\u0648 \u0645\u0648\u062d\u062f\u064b\u0627 \u060c \u0625\u0644\u0627 \u0623\u0646\u0647 \u064a\u0645\u0643\u0646 \u0623\u0646 \u064a\u062d\u062f\u062b \u0628\u0637\u0631\u0642 \u0645\u062e\u062a\u0644\u0641\u0629. \u0639\u0646\u062f\u0645\u0627 \u062a\u0643\u0648\u0646 \u0647\u0646\u0627\u0643 \u0623\u0646\u0648\u0627\u0639 \u0645\u062e\u062a\u0644\u0641\u0629 \u0645\u0646 \u0643\u0633\u0648\u0631 \u0627\u0644\u0623\u0633\u0646\u0627\u0646 \u060c \u064a\u062a\u0645 \u0627\u0644\u062a\u0639\u0627\u0645\u0644 \u0645\u0639 \u0639\u0644\u0627\u062c \u0643\u0633\u0631 \u0627\u0644\u0623\u0633\u0646\u0627\u0646 \u0628\u0637\u0631\u0642 \u0645\u062e\u062a\u0644\u0641\u0629. \u064a\u062a\u0645 \u0633\u0631\u062f \u0623\u0646\u0648\u0627\u0639 \u0627\u0644\u0643\u0633\u0648\u0631 \u0628\u0634\u0643\u0644 \u0623\u0633\u0627\u0633\u064a \u0639\u0644\u0649 \u0627\u0644\u0646\u062d\u0648 \u0627\u0644\u062a\u0627\u0644\u064a:<\/p>\n<ul>\n<li>\u0634\u0642\u0648\u0642 \u0644\u0627 \u064a\u0645\u0643\u0646 \u0645\u0644\u0627\u062d\u0638\u062a\u0647\u0627 \u0628\u0633\u0647\u0648\u0644\u0629 \u0648\u0644\u0627 \u064a\u0645\u0643\u0646 \u0631\u0624\u064a\u062a\u0647\u0627 \u062a\u062d\u062a \u0627\u0644\u0636\u0648\u0621 \u0627\u0644\u0628\u0646\u0641\u0633\u062c\u064a<\/li>\n<li>\u062a\u0645\u062a\u062f \u0627\u0644\u0643\u0633\u0648\u0631 \u0631\u0623\u0633\u064a\u0627\u064b \u0625\u0644\u0649 \u0627\u0644\u0644\u062b\u0629<\/li>\n<li>\u0627\u0644\u0643\u0633\u0648\u0631 \u0627\u0644\u0639\u0645\u064a\u0642\u0629 \u0627\u0644\u0645\u0645\u062a\u062f\u0629 \u062a\u062d\u062a \u062e\u0637 \u0627\u0644\u0644\u062b\u0629<\/li>\n<li>\u0643\u0633\u0648\u0631 \u062a\u062d\u062a \u0627\u0644\u0644\u062b\u0629<\/li>\n<li>\u0643\u0633\u0648\u0631 \u0641\u064a \u0637\u0631\u0641 \u0627\u0644\u0633\u0646<\/li>\n<\/ul>\n<p>\u064a\u0645\u0643\u0646 \u0627\u0643\u062a\u0634\u0627\u0641 \u0647\u0630\u0647 \u0627\u0644\u0643\u0633\u0648\u0631 \u0639\u0646 \u0637\u0631\u064a\u0642 \u0641\u062d\u0648\u0635\u0627\u062a \u0627\u0644\u0623\u0633\u0646\u0627\u0646 \u0627\u0644\u0645\u0646\u062a\u0638\u0645\u0629. \u062a\u0639\u062a\u0628\u0631 \u0627\u0644\u0623\u0634\u0639\u0629 \u0627\u0644\u0633\u064a\u0646\u064a\u0629 \u0648\u0627\u0644\u0627\u0644\u062a\u0647\u0627\u0628\u0627\u062a \u0627\u0644\u0645\u0648\u062c\u0648\u062f\u0629 \u0630\u0627\u062a \u0623\u0647\u0645\u064a\u0629 \u0643\u0628\u064a\u0631\u0629 \u0641\u064a \u062a\u062d\u062f\u064a\u062f \u0646\u0648\u0639 \u0627\u0644\u0643\u0633\u0631 \u0627\u0644\u0630\u064a \u064a\u0639\u0627\u0646\u064a \u0645\u0646\u0647 \u0627\u0644\u0645\u0631\u064a\u0636.<\/p>\n<h2>\u0637\u0631\u0642 \u0639\u0644\u0627\u062c \u0627\u0644\u0623\u0633\u0646\u0627\u0646 \u0627\u0644\u0645\u0643\u0633\u0648\u0631\u0629<\/h2>\n<p>\u0646\u0638\u0631\u064b\u0627 \u0644\u0623\u0646 \u0627\u0644\u0643\u0633\u0648\u0631 \u0641\u064a \u0627\u0644\u0623\u0633\u0646\u0627\u0646 \u064a\u0645\u0643\u0646 \u0623\u0646 \u062a\u0643\u0648\u0646 \u0645\u0646 \u0623\u0646\u0648\u0627\u0639 \u0645\u062e\u062a\u0644\u0641\u0629 \u060c \u0641\u0625\u0646 \u0637\u0631\u0642 \u0627\u0644\u0639\u0644\u0627\u062c \u062a\u062e\u062a\u0644\u0641 \u0623\u064a\u0636\u064b\u0627 \u0641\u064a \u062d\u062f \u0630\u0627\u062a\u0647\u0627.<\/p>\n<p>\u0641\u064a \u0628\u0639\u0636 \u0627\u0644\u062d\u0627\u0644\u0627\u062a \u060c \u064a\u0645\u0643\u0646 \u0623\u0646 \u062a\u0643\u0648\u0646 \u0637\u0644\u0628\u0627\u062a \u062d\u0634\u0648 \u0627\u0644\u0623\u0633\u0646\u0627\u0646 \u0627\u0644\u0645\u0643\u0633\u0648\u0631\u0629 \u0639\u0644\u0627\u062c\u064a\u0629 \u060c \u0628\u064a\u0646\u0645\u0627 \u0641\u064a \u062d\u0627\u0644\u0627\u062a \u0623\u062e\u0631\u0649 \u0644\u0627 \u062a\u0648\u062c\u062f \u0637\u0631\u064a\u0642\u0629 \u0623\u062e\u0631\u0649 \u0633\u0648\u0649 \u062e\u0644\u0639 \u0627\u0644\u0633\u0646.<\/p>\n<p>\u064a\u0639\u062f \u062d\u062c\u0645 \u0627\u0644\u0633\u0646 \u0627\u0644\u0645\u0643\u0633\u0648\u0631 \u0648\u0639\u0645\u0642 \u0627\u0644\u0643\u0633\u0631 \u0648\u0645\u0646\u0637\u0642\u0629 \u0627\u0644\u062a\u0623\u062b\u064a\u0631 \u0648\u0627\u0644\u062a\u0647\u0627\u0628\u0627\u062a \u0627\u0644\u0641\u0645 \u0645\u0646 \u0628\u064a\u0646 \u0627\u0644\u0639\u0648\u0627\u0645\u0644 \u0627\u0644\u062a\u064a \u062a\u0633\u0627\u0639\u062f \u0641\u064a \u062a\u062d\u062f\u064a\u062f \u0627\u0644\u0639\u0644\u0627\u062c \u0627\u0644\u0645\u0646\u0627\u0633\u0628. \u0637\u0631\u0642 \u0627\u0644\u0639\u0644\u0627\u062c \u0627\u0644\u0645\u0637\u0628\u0642\u0629 \u0647\u064a \u0643\u0645\u0627 \u064a\u0644\u064a:<\/p>\n<h2>\u0637\u0631\u064a\u0642\u0629 \u0627\u0644\u062a\u0639\u0628\u0626\u0629 \u0648\u0627\u0644\u0631\u0628\u0637<\/h2>\n<p>\u062a\u064f\u0641\u0636\u0644 \u0647\u0630\u0647 \u0627\u0644\u0637\u0631\u064a\u0642\u0629 \u0639\u0646\u062f\u0645\u0627 \u0644\u0627 \u064a\u0643\u0648\u0646 \u062d\u062c\u0645 \u0627\u0644\u0633\u0646 \u0627\u0644\u0645\u0643\u0633\u0648\u0631 \u0643\u0628\u064a\u0631\u064b\u0627 \u0648\u062a\u0648\u0641\u0631 \u062a\u0635\u062d\u064a\u062d\u064b\u0627 \u0644\u0644\u0643\u0633\u0648\u0631 \u0627\u0644\u0635\u063a\u064a\u0631\u0629 \u0627\u0644\u062d\u062c\u0645 \u0648\u0627\u0644\u0634\u0642\u0648\u0642 \u0641\u064a \u0645\u064a\u0646\u0627 \u0627\u0644\u0623\u0633\u0646\u0627\u0646. \u064a\u0639\u062a\u0628\u0631 \u0648\u0636\u0639 \u0645\u0627\u062f\u0629 \u0627\u0644\u062d\u0634\u0648 \u0628\u064a\u0646 \u0627\u0644\u0643\u0633\u0648\u0631 \u0627\u0644\u0635\u063a\u064a\u0631\u0629 \u0627\u0644\u062d\u062c\u0645 \u0643\u0627\u0641\u064a\u064b\u0627 \u0644\u0644\u0639\u0644\u0627\u062c \u060c \u0628\u064a\u0646\u0645\u0627 \u064a\u0641\u0636\u0644 \u0623\u0633\u0644\u0648\u0628 \u0627\u0644\u0631\u0628\u0637 \u0644\u0644\u0643\u0633\u0648\u0631 \u0627\u0644\u062a\u064a \u062a\u062d\u062f\u062b \u0641\u064a \u0627\u0644\u0623\u0633\u0646\u0627\u0646 \u0627\u0644\u0623\u0645\u0627\u0645\u064a\u0629.<\/p>\n<h2>\u0637\u0631\u064a\u0642\u0629 \u0643\u0633\u0631 \u0642\u0634\u0631\u0629 \u0627\u0644\u0623\u0633\u0646\u0627\u0646<\/h2>\n<p>\u064a\u062a\u0645 \u062a\u0637\u0628\u064a\u0642\u0647 \u0641\u064a \u062d\u0627\u0644\u0627\u062a \u0643\u0633\u0648\u0631 \u0627\u0644\u0623\u0633\u0646\u0627\u0646 \u0643\u0628\u064a\u0631\u0629 \u0627\u0644\u062d\u062c\u0645 \u0648\u0641\u064a \u0627\u0644\u062d\u0627\u0644\u0627\u062a \u0627\u0644\u062a\u064a \u064a\u062a\u0637\u0648\u0631 \u0641\u064a\u0647\u0627 \u062a\u0633\u0648\u0633 \u0627\u0644\u0623\u0633\u0646\u0627\u0646 \u062f\u0627\u062e\u0644 \u0627\u0644\u0633\u0646. \u0641\u064a \u0647\u0630\u0647 \u0627\u0644\u0637\u0631\u064a\u0642\u0629 \u060c \u064a\u062a\u0645 \u0648\u0636\u0639 \u062c\u0632\u0621 \u0645\u0646 \u0627\u0644\u0633\u0646 \u0623\u0648\u0644\u0627\u064b \u060c \u062b\u0645 \u064a\u062a\u0645 \u062a\u063a\u0637\u064a\u0629 \u0627\u0644\u062c\u0632\u0621 \u0627\u0644\u0645\u062d\u0641\u0648\u0638. \u0648\u0628\u0627\u0644\u062a\u0627\u0644\u064a \u060c \u064a\u062a\u0645 \u0639\u0644\u0627\u062c \u0643\u0633\u0631 \u0627\u0644\u0623\u0633\u0646\u0627\u0646. \u064a\u0645\u0643\u0646 \u0627\u0633\u062a\u062e\u062f\u0627\u0645 \u0645\u0648\u0627\u062f \u0645\u062e\u062a\u0644\u0641\u0629 \u0645\u062b\u0644 \u0627\u0644\u0628\u0648\u0631\u0633\u0644\u064a\u0646 \u0648\u0627\u0644\u0645\u0639\u062f\u0646 \u0648\u0627\u0644\u0633\u064a\u0631\u0627\u0645\u064a\u0643 \u0648\u0627\u0644\u0632\u0631\u0643\u0648\u0646\u064a\u0648\u0645 \u0641\u064a \u0627\u0644\u0642\u0634\u0631\u0629.<\/p>\n<h2>\u0637\u0631\u064a\u0642\u0629 \u0627\u0644\u0642\u0634\u0631\u0629 \u0627\u0644\u062e\u0634\u0628\u064a\u0629<\/h2>\n<p>\u0642\u062f \u062a\u0643\u0648\u0646 \u0647\u0630\u0647 \u0627\u0644\u0637\u0631\u064a\u0642\u0629 \u0645\u0641\u0636\u0644\u0629 \u0625\u0630\u0627 \u0643\u0627\u0646\u062a \u0627\u0644\u0623\u0633\u0646\u0627\u0646 \u0627\u0644\u0645\u0643\u0633\u0648\u0631\u0629 \u0645\u0648\u062c\u0648\u062f\u0629 \u0641\u064a \u0645\u0642\u062f\u0645\u0629 \u0627\u0644\u0641\u0645. \u0645\u0639 \u0627\u0644\u0642\u0634\u0631\u0629 \u0627\u0644\u0631\u0642\u0627\u0626\u0642\u064a\u0629 \u060c \u0648\u0647\u064a \u0646\u0648\u0639 \u0645\u0646 \u0645\u0639\u0627\u0644\u062c\u0629 \u0627\u0644\u0642\u0634\u0631\u0629 \u060c \u064a\u062a\u0645 \u0627\u0633\u062a\u062e\u062f\u0627\u0645 \u0645\u0648\u0627\u062f \u0627\u0644\u0642\u0634\u0631\u0629 \u0627\u0644\u0623\u0642\u0631\u0628 \u0625\u0644\u0649 \u0645\u0638\u0647\u0631 \u0627\u0644\u0623\u0633\u0646\u0627\u0646 \u0627\u0644\u0637\u0628\u064a\u0639\u064a. \u0644\u0647\u0630\u0627 \u0627\u0644\u0633\u0628\u0628 \u060c \u064a\u0648\u0635\u0649 \u0628\u0647 \u0639\u0644\u0649 \u0646\u0637\u0627\u0642 \u0648\u0627\u0633\u0639 \u0644\u0644\u0623\u0634\u062e\u0627\u0635 \u0627\u0644\u0630\u064a\u0646 \u064a\u0631\u063a\u0628\u0648\u0646 \u0641\u064a \u062a\u062d\u0642\u064a\u0642 \u0645\u0638\u0647\u0631 \u062c\u0645\u0627\u0644\u064a \u0645\u0645\u062a\u0639 \u0641\u064a \u0643\u0633\u0648\u0631 \u0627\u0644\u0623\u0633\u0646\u0627\u0646 \u0627\u0644\u0623\u0645\u0627\u0645\u064a\u0629.<\/p>\n<h2>\u0645\u0639\u0627\u0644\u062c\u0629 \u0642\u0646\u0627\u0629 \u0627\u0644\u062c\u0630\u0631<\/h2>\n<p>\u0625\u0630\u0627 \u062d\u062f\u062b\u062a \u0639\u062f\u0648\u0649 \u0641\u064a \u0627\u0644\u0641\u0645 \u0646\u062a\u064a\u062c\u0629 \u0644\u0643\u0633\u0648\u0631 \u0627\u0644\u0623\u0633\u0646\u0627\u0646 \u0648\u0644\u0627 \u064a\u0645\u0643\u0646 \u0639\u0644\u0627\u062c \u0627\u0644\u0633\u0646 \u0628\u0637\u0631\u0642 \u0627\u0644\u062d\u0634\u0648 \u0627\u0644\u062a\u0642\u0644\u064a\u062f\u064a\u0629 \u060c \u064a\u0641\u0636\u0644 \u0639\u0644\u0627\u062c \u0642\u0646\u0627\u0629 \u0627\u0644\u062c\u0630\u0631 \u060c \u0648\u0647\u064a \u0637\u0631\u064a\u0642\u0629 \u062a\u0643\u062a\u0645\u0644 \u0639\u0627\u062f\u0629 \u0639\u0644\u0649 \u0645\u0631\u062d\u0644\u062a\u064a\u0646. \u0641\u064a \u0647\u0630\u0627 \u0627\u0644\u0625\u062c\u0631\u0627\u0621 \u060c \u064a\u062a\u0645 \u062a\u0646\u0638\u064a\u0641 \u0627\u0644\u062a\u0633\u0648\u0633 \u0648\u0627\u0644\u0639\u062f\u0648\u0649 \u0648\u0627\u0644\u0628\u0643\u062a\u064a\u0631\u064a\u0627 \u0627\u0644\u0645\u0648\u062c\u0648\u062f\u0629 \u0641\u064a \u0627\u0644\u0641\u0645 \u0623\u0648\u0644\u0627\u064b. \u062a\u0648\u0636\u0639 \u0627\u0644\u0642\u0646\u0648\u0627\u062a \u0639\u0646 \u0637\u0631\u064a\u0642 \u0627\u0644\u0646\u0632\u0648\u0644 \u0625\u0644\u0649 \u062c\u0630\u0648\u0631 \u0627\u0644\u0633\u0646 \u0648\u062a\u0645\u062a\u0644\u0626 \u0627\u0644\u0642\u0646\u0648\u0627\u062a \u0628\u0645\u0648\u0627\u062f \u0627\u0644\u062d\u0634\u0648 \u0648\u062a\u063a\u0644\u0642.<\/p>\n<h2>\u0645\u0627\u0630\u0627 \u062a\u0641\u0639\u0644 \u0641\u064a \u0643\u0633\u0648\u0631 \u0627\u0644\u0623\u0633\u0646\u0627\u0646<\/h2>\n<p>\u064a\u0645\u0643\u0646 \u0623\u0646 \u062a\u062d\u062f\u062b \u0643\u0633\u0648\u0631 \u0627\u0644\u0623\u0633\u0646\u0627\u0646 \u0646\u062a\u064a\u062c\u0629 \u0644\u062a\u0623\u062b\u064a\u0631\u0627\u062a \u0645\u0641\u0627\u062c\u0626\u0629 \u0623\u0648 \u0628\u0633\u0628\u0628 \u0639\u062f\u0645 \u0627\u0644\u0627\u0647\u062a\u0645\u0627\u0645 \u0627\u0644\u0643\u0627\u0641\u064a \u0628\u0627\u0644\u0639\u0646\u0627\u064a\u0629 \u0628\u0627\u0644\u0641\u0645. \u0639\u0627\u062f\u0629 \u0645\u0627 \u062a\u0643\u0648\u0646 \u0647\u0630\u0647 \u0627\u0644\u0643\u0633\u0648\u0631 \u060c \u0627\u0644\u062a\u064a \u062a\u0642\u0644\u0644 \u0645\u0646 \u0631\u0627\u062d\u0629 \u0627\u0644\u062d\u064a\u0627\u0629 \u060c \u0645\u0624\u0644\u0645\u0629 \u0648\u0635\u062f\u0645\u0629 \u060c \u0648\u0641\u064a \u0628\u0639\u0636 \u0627\u0644\u062d\u0627\u0644\u0627\u062a \u062a\u0643\u0648\u0646 \u0645\u0632\u0639\u062c\u0629 \u0628\u0635\u0631\u064a\u064b\u0627. \u0644\u0647\u0630\u0627 \u0627\u0644\u0633\u0628\u0628 \u060c \u064a\u062c\u0628 \u0627\u0633\u062a\u0634\u0627\u0631\u0629 \u0637\u0628\u064a\u0628 \u0623\u0633\u0646\u0627\u0646 \u0645\u062a\u062e\u0635\u0635 \u0641\u0648\u0631 \u0625\u062f\u0631\u0627\u0643 \u0648\u062c\u0648\u062f \u0643\u0633\u0631 \u0641\u064a \u0627\u0644\u0641\u0645.<\/p>\n\n\t\t<\/div>\n\t<\/div>\n<\/div><\/div><\/div><div class=\"sticky_form_content lead-form wpb_column vc_column_container vc_col-sm-4\" id=\"lead-form\"><div class=\"vc_column-inner\"><div class=\"wpb_wrapper\">\n<div class=\"wpcf7 no-js\" id=\"wpcf7-f1555-o1\" lang=\"en-US\" dir=\"ltr\" data-wpcf7-id=\"1555\">\n<div class=\"screen-reader-response\"><p role=\"status\" aria-live=\"polite\" aria-atomic=\"true\"><\/p> <ul><\/ul><\/div>\n<form action=\"\/ar\/wp-json\/wp\/v2\/pages\/12698#wpcf7-f1555-o1\" method=\"post\" class=\"wpcf7-form init\" aria-label=\"Contact form\" novalidate=\"novalidate\" data-status=\"init\" data-trp-original-action=\"\/ar\/wp-json\/wp\/v2\/pages\/12698#wpcf7-f1555-o1\">\n<fieldset class=\"hidden-fields-container\"><input type=\"hidden\" name=\"_wpcf7\" value=\"1555\" \/><input type=\"hidden\" name=\"_wpcf7_version\" value=\"6.1.5\" \/><input type=\"hidden\" name=\"_wpcf7_locale\" value=\"en_US\" \/><input type=\"hidden\" name=\"_wpcf7_unit_tag\" value=\"wpcf7-f1555-o1\" \/><input type=\"hidden\" name=\"_wpcf7_container_post\" value=\"0\" \/><input type=\"hidden\" name=\"_wpcf7_posted_data_hash\" value=\"\" \/>\n<\/fieldset>\n<div class=\"row\">\n\t<div class=\"col-lg-12\">\n\t\t<p><span class=\"wpcf7-form-control-wrap\" data-name=\"field-header\"><input size=\"40\" maxlength=\"400\" class=\"wpcf7-form-control wpcf7-text wpcf7-validates-as-required\" aria-required=\"true\" aria-invalid=\"false\" placeholder=\"\u0627\u0633\u0645\u0643 \u0648\u0644\u0642\u0628\u0643\" value=\"\" type=\"text\" name=\"field-header\" \/><\/span>\n\t\t<\/p>\n\t<\/div>\n\t<div class=\"col-lg-12\">\n\t\t<p><span class=\"wpcf7-form-control-wrap\" data-name=\"phonetext-206\"><input size=\"40\" class=\"wpcf7-form-control wpcf7-phonetext wpcf7-validates-as-required wpcf7-text wpcf7-validates-as-phonetext\" aria-required=\"true\" aria-invalid=\"false\" placeholder=\"\" value=\"\" type=\"text\" name=\"phonetext-206\" \/><input type=\"hidden\" name=\"phonetext-206-country-code\" class=\"wpcf7-phonetext-country-code\" \/><\/span>\n\t\t<\/p>\n\t<\/div>\n\t<div class=\"col-lg-12\">\n\t\t<p><span class=\"wpcf7-form-control-wrap\" data-name=\"field-header3\"><input size=\"40\" maxlength=\"400\" class=\"wpcf7-form-control wpcf7-text wpcf7-validates-as-required\" aria-required=\"true\" aria-invalid=\"false\" placeholder=\"\u0628\u0631\u064a\u062f \u0625\u0644\u0643\u062a\u0631\u0648\u0646\u064a\" value=\"\" type=\"text\" name=\"field-header3\" \/><\/span>\n\t\t<\/p>\n\t<\/div>\n\t<div class=\"col-lg-12\">\n\t\t<p><span class=\"wpcf7-form-control-wrap\" data-name=\"field-header4\"><textarea cols=\"40\" rows=\"10\" maxlength=\"2000\" class=\"wpcf7-form-control wpcf7-textarea\" aria-invalid=\"false\" placeholder=\"\u0631\u0633\u0627\u0644\u062a\u0643\" name=\"field-header4\"><\/textarea><\/span>\n\t\t<\/p>\n\t<\/div>\n\t<div class=\"col-lg-12\">\n\t\t<p><input class=\"wpcf7-form-control wpcf7-submit has-spinner\" type=\"submit\" value=\"\u064a\u0631\u0633\u0644\" \/>\n\t\t<\/p>\n\t<\/div>\n<\/div><div class=\"wpcf7-response-output\" aria-hidden=\"true\"><\/div>\n<input type=\"hidden\" name=\"trp-form-language\" value=\"ar\"\/><\/form>\n<\/div>\n<\/div><\/div><\/div><\/div>\n<\/div>","protected":false},"excerpt":{"rendered":"Di\u015flerde meydana gelen \u00e7\u00fcr\u00fck ve \u00e7atlaklar tedavi edilmedi\u011finde di\u015fin bir k\u0131sm\u0131n\u0131n veya tamam\u0131n\u0131n kopmas\u0131na neden olabilir. Bu durum di\u015f k\u0131r\u0131\u011f\u0131 olarak adland\u0131r\u0131l\u0131r ve a\u011fr\u0131 ile enfeksiyon ba\u015fta gelmek \u00fczere \u00e7e\u015fitli sorunlara yol a\u00e7ar. A\u011f\u0131z i\u00e7indeki travmalar olan bu k\u0131r\u0131klar duruma g\u00f6re b\u00fcy\u00fck \u00e7apl\u0131 veya ufak boyutlu olabilir. Di\u015f k\u0131r\u0131klar\u0131n\u0131n tedavisi k\u0131r\u0131\u011f\u0131n \u015fekline, etki alan\u0131nda ve b\u00f6lgede uygulanan \u00f6nceki tedavi \u015fekillerine g\u00f6re farkl\u0131la\u015f\u0131r. Di\u015f K\u0131r\u0131\u011f\u0131 \u00c7e\u015fitleri Di\u015flerde \u00e7e\u015fitli sebeplerle k\u0131r\u0131lmalar g\u00f6zlenebilir ve bu durum tek tip g\u00f6r\u00fcnse de farkl\u0131 \u015fekillerde ger\u00e7ekle\u015febilir. Di\u015f k\u0131r\u0131\u011f\u0131n\u0131n farkl\u0131 \u00e7e\u015fitleri oldu\u011funda di\u015f k\u0131r\u0131\u011f\u0131 tedavisi de farkl\u0131 y\u00f6ntemlerle ele al\u0131n\u0131r. K\u0131r\u0131lma \u00e7e\u015fitleri temel olarak \u015fu \u015fekilde s\u0131ralan\u0131r: Kolay fark edilmeyen ve mor \u0131\u015f\u0131k alt\u0131nda g\u00f6r\u00fclen \u00e7atlaklar Dikey olarak di\u015f etine kadar uzanan k\u0131r\u0131klar Di\u015f etinin alt\u0131na uzanan derin k\u0131r\u0131klar Di\u015f etinin alt\u0131nda olu\u015fan k\u0131r\u0131klar Di\u015f ucunda meydana gelen k\u0131r\u0131klar Bu k\u0131r\u0131klar\u0131n tespit edilmesi d\u00fczenli di\u015f hekimi kontrolleriyle sa\u011flan\u0131r. \u00c7ekilen r\u00f6ntgenler ve mevcut enfeksiyonlar hastada hangi tip k\u0131r\u0131\u011f\u0131n [...]","protected":false},"author":1,"featured_media":12998,"parent":0,"menu_order":0,"comment_status":"closed","ping_status":"closed","template":"page-templates\/full-width.php","meta":{"footnotes":""},"_links":{"self":[{"href":"https:\/\/www.beyazkose.com\/ar\/wp-json\/wp\/v2\/pages\/12698"}],"collection":[{"href":"https:\/\/www.beyazkose.com\/ar\/wp-json\/wp\/v2\/pages"}],"about":[{"href":"https:\/\/www.beyazkose.com\/ar\/wp-json\/wp\/v2\/types\/page"}],"author":[{"embeddable":true,"href":"https:\/\/www.beyazkose.com\/ar\/wp-json\/wp\/v2\/users\/1"}],"replies":[{"embeddable":true,"href":"https:\/\/www.beyazkose.com\/ar\/wp-json\/wp\/v2\/comments?post=12698"}],"version-history":[{"count":2,"href":"https:\/\/www.beyazkose.com\/ar\/wp-json\/wp\/v2\/pages\/12698\/revisions"}],"predecessor-version":[{"id":12833,"href":"https:\/\/www.beyazkose.com\/ar\/wp-json\/wp\/v2\/pages\/12698\/revisions\/12833"}],"wp:featuredmedia":[{"embeddable":true,"href":"https:\/\/www.beyazkose.com\/ar\/wp-json\/wp\/v2\/media\/12998"}],"wp:attachment":[{"href":"https:\/\/www.beyazkose.com\/ar\/wp-json\/wp\/v2\/media?parent=12698"}],"curies":[{"name":"wp","href":"https:\/\/api.w.org\/{rel}","templated":true}]}}