{"id":12699,"date":"2023-04-26T19:04:03","date_gmt":"2023-04-26T19:04:03","guid":{"rendered":"https:\/\/www.beyazkose.com\/?page_id=12699"},"modified":"2023-05-01T07:31:54","modified_gmt":"2023-05-01T07:31:54","slug":"dis-teli-tedavisi","status":"publish","type":"page","link":"https:\/\/www.beyazkose.com\/ar\/dis-teli-tedavisi\/","title":{"rendered":"\u0639\u0644\u0627\u062c \u0627\u0644\u0623\u0642\u0648\u0627\u0633"},"content":{"rendered":"<div class=\"wpb-content-wrapper\"><div class=\"vc_row wpb_row vc_row-fluid\"><div class=\"wpb_column vc_column_container vc_col-sm-8\"><div class=\"vc_column-inner\"><div class=\"wpb_wrapper\">\n\t<div class=\"wpb_text_column wpb_content_element\" >\n\t\t<div class=\"wpb_wrapper\">\n\t\t\t<p>\u0639\u0644\u0627\u062c \u062a\u0642\u0648\u064a\u0645 \u0627\u0644\u0623\u0633\u0646\u0627\u0646 \u0647\u0648 \u0641\u0631\u0639 \u0645\u0646 \u0641\u0631\u0648\u0639 \u0637\u0628 \u062a\u0642\u0648\u064a\u0645 \u0627\u0644\u0623\u0633\u0646\u0627\u0646 \u0648\u064a\u0633\u062a\u062e\u062f\u0645 \u0644\u062a\u0635\u062d\u064a\u062d \u062a\u0634\u0648\u0647\u0627\u062a \u0627\u0644\u0648\u062c\u0647 \u0628\u0627\u0644\u0641\u0645 \u0627\u0644\u062a\u064a \u062a\u0633\u0628\u0628\u0647\u0627 \u0627\u0644\u0623\u0633\u0646\u0627\u0646 \u0648\u0627\u0644\u0623\u0646\u0633\u062c\u0629 \u0627\u0644\u0645\u062d\u064a\u0637\u0629 \u0628\u0647\u0627. \u0645\u0639 \u0639\u0644\u0627\u062c \u062a\u0642\u0648\u064a\u0645 \u0627\u0644\u0623\u0633\u0646\u0627\u0646 \u060c \u064a\u062a\u0645 \u0627\u0644\u062a\u062e\u0644\u0635 \u0645\u0646 \u0645\u0634\u0627\u0643\u0644 \u0627\u0644\u0623\u0633\u0646\u0627\u0646 \u063a\u064a\u0631 \u0627\u0644\u0635\u062d\u064a\u0629 \u0648\u064a\u062a\u0645 \u0639\u0644\u0627\u062c \u062d\u0627\u0644\u0627\u062a \u0639\u062f\u0645 \u0627\u0644\u062a\u0648\u0627\u0641\u0642 \u0627\u0644\u062c\u0645\u0627\u0644\u064a.<\/p>\n<p>\u0639\u0644\u0627\u062c \u062a\u0642\u0648\u064a\u0645 \u0627\u0644\u0623\u0633\u0646\u0627\u0646 \u060c \u0627\u0644\u0630\u064a \u064a\u062a\u0645 \u062a\u0637\u0628\u064a\u0642\u0647 \u0628\u0634\u0643\u0644 \u062e\u0627\u0635 \u0641\u064a \u0633\u0646 \u0645\u0628\u0643\u0631\u0629 \u060c \u0647\u0648 \u0637\u0631\u064a\u0642\u0629 \u064a\u0641\u0636\u0644\u0647\u0627 \u0627\u0644\u0628\u0627\u0644\u063a\u0648\u0646 \u0643\u062b\u064a\u0631\u064b\u0627 \u0627\u0644\u064a\u0648\u0645 \u0648\u0644\u062f\u064a\u0647\u0627 \u062e\u064a\u0627\u0631\u0627\u062a \u062d\u062f\u064a\u062b\u0629 \u0644\u0627 \u062a\u0633\u0628\u0628 \u0623\u064a \u0625\u0632\u0639\u0627\u062c \u062a\u062c\u0645\u064a\u0644\u064a \u0623\u062b\u0646\u0627\u0621 \u0627\u0644\u0627\u0633\u062a\u062e\u062f\u0627\u0645.<\/p>\n<h2>\u0645\u062a\u0649 \u062a\u0628\u062f\u0623 \u0639\u0644\u0627\u062c \u062a\u0642\u0648\u064a\u0645 \u0627\u0644\u0627\u0633\u0646\u0627\u0646\u061f<\/h2>\n<p>\u0646\u0638\u0631\u064b\u0627 \u0644\u0623\u0646 \u0639\u0644\u0627\u062c \u062a\u0642\u0648\u064a\u0645 \u0627\u0644\u0623\u0633\u0646\u0627\u0646 \u064a\u0633\u062a\u063a\u0631\u0642 1-3 \u0633\u0646\u0648\u0627\u062a \u0641\u064a \u0627\u0644\u0645\u062a\u0648\u0633\u0637 \u060c \u0641\u0645\u0646 \u0627\u0644\u0645\u0633\u062a\u062d\u0633\u0646 \u0623\u0646 \u064a\u0628\u062f\u0623 \u0627\u0644\u0639\u0644\u0627\u062c \u0641\u064a \u0633\u0646 \u0645\u0628\u0643\u0631\u0629 \u060c \u0648\u0644\u0643\u0646 \u0644\u0627 \u064a\u0648\u062c\u062f \u062d\u062f \u0644\u0644\u0639\u0645\u0631 \u0644\u0647\u0630\u0647 \u0627\u0644\u0637\u0631\u064a\u0642\u0629. \u0628\u0634\u0643\u0644 \u0639\u0627\u0645 \u060c \u064a\u0639\u062f \u0627\u0644\u0646\u0637\u0627\u0642 \u0627\u0644\u0639\u0645\u0631\u064a \u0645\u0646 11 \u0625\u0644\u0649 13 \u0639\u0627\u0645\u064b\u0627 \u060c \u0639\u0646\u062f\u0645\u0627 \u062a\u0646\u062a\u0647\u064a \u0627\u0644\u0623\u0633\u0646\u0627\u0646 \u0627\u0644\u0644\u0628\u0646\u064a\u0629 \u0645\u0646 \u0627\u0644\u0633\u0642\u0648\u0637 \u0648\u0638\u0647\u0648\u0631 \u0627\u0644\u0623\u0633\u0646\u0627\u0646 \u0627\u0644\u062f\u0627\u0626\u0645\u0629 \u060c \u0645\u062b\u0627\u0644\u064a\u064b\u0627 \u0644\u0644\u0639\u0644\u0627\u062c. \u0648\u0645\u0639 \u0630\u0644\u0643 \u060c \u0641\u0625\u0646 \u0639\u0644\u0627\u062c \u062a\u0642\u0648\u064a\u0645 \u0627\u0644\u0623\u0633\u0646\u0627\u0646 \u0645\u0645\u0643\u0646 \u0623\u064a\u0636\u064b\u0627 \u0639\u0646\u062f \u0627\u0644\u0628\u0627\u0644\u063a\u064a\u0646.<\/p>\n<p>\u064a\u0645\u0643\u0646 \u0644\u0644\u0623\u0641\u0631\u0627\u062f \u0645\u0646 \u062c\u0645\u064a\u0639 \u0627\u0644\u0623\u0639\u0645\u0627\u0631 \u0627\u0644\u0630\u064a\u0646 \u064a\u0631\u063a\u0628\u0648\u0646 \u0641\u064a \u0627\u0644\u062d\u0635\u0648\u0644 \u0639\u0644\u0649 \u0627\u0628\u062a\u0633\u0627\u0645\u0629 \u062c\u0645\u064a\u0644\u0629 \u0648\u0623\u0633\u0646\u0627\u0646 \u062a\u062c\u0645\u064a\u0644\u064a\u0629 \u0627\u0644\u0628\u062f\u0621 \u0641\u064a \u0639\u0644\u0627\u062c \u062a\u0642\u0648\u064a\u0645 \u0627\u0644\u0623\u0633\u0646\u0627\u0646. \u0642\u0628\u0644 \u0639\u0644\u0627\u062c \u062a\u0642\u0648\u064a\u0645 \u0627\u0644\u0623\u0633\u0646\u0627\u0646 \u060c \u064a\u062c\u0628 \u0625\u0643\u0645\u0627\u0644 \u0625\u062c\u0631\u0627\u0621\u0627\u062a \u0645\u062b\u0644 \u0627\u0644\u062d\u0634\u0648 \u0648\u0639\u0644\u0627\u062c \u0642\u0646\u0627\u0629 \u0627\u0644\u062c\u0630\u0631 \u0648\u0642\u0644\u0639 \u0627\u0644\u0623\u0633\u0646\u0627\u0646.<\/p>\n<p>\u064a\u062e\u062a\u0644\u0641 \u0646\u0648\u0639 \u0648\u0645\u062f\u0629 \u0627\u0644\u0639\u0644\u0627\u062c \u062d\u0633\u0628 \u0627\u0644\u0645\u0631\u064a\u0636. \u0644\u0623\u0646\u0647 \u064a\u0645\u0643\u0646 \u062a\u0637\u0628\u064a\u0642 \u062a\u0631\u062a\u064a\u0628\u0627\u062a \u0623\u0648 \u062a\u062f\u062e\u0644\u0627\u062a \u0625\u0636\u0627\u0641\u064a\u0629 \u0639\u0646\u062f \u0627\u0644\u0636\u0631\u0648\u0631\u0629.<\/p>\n<h2>\u0643\u064a\u0641 \u064a\u062a\u0645 \u0625\u062c\u0631\u0627\u0621 \u0639\u0644\u0627\u062c \u062a\u0642\u0648\u064a\u0645 \u0627\u0644\u0623\u0633\u0646\u0627\u0646\u061f<\/h2>\n<p>\u064a\u0645\u0643\u0646 \u0623\u0646 \u064a\u0641\u0636\u0644 \u0639\u0644\u0627\u062c \u0627\u0644\u0623\u0642\u0648\u0627\u0633 \u0645\u0646 \u0642\u0628\u0644 \u0643\u0644 \u0641\u0631\u062f \u0644\u062f\u064a\u0647 \u0623\u0633\u0646\u0627\u0646 \u0645\u0644\u062a\u0648\u064a\u0629 \u0623\u0648 \u0645\u0644\u062a\u0648\u064a\u0629 \u0623\u0648 \u0645\u0646\u062d\u0646\u064a\u0629. \u0639\u0644\u0649 \u0627\u0644\u0631\u063a\u0645 \u0645\u0646 \u0623\u0646 \u0648\u062c\u0648\u062f \u0627\u0644\u0623\u0642\u0648\u0627\u0633 \u0627\u0644\u0645\u0631\u0626\u064a\u0629 \u0641\u064a \u0627\u0644\u0641\u0645 \u0623\u062b\u0646\u0627\u0621 \u0627\u0644\u0639\u0644\u0627\u062c \u064a\u0633\u0628\u0628 \u0645\u062e\u0627\u0648\u0641 \u062c\u0645\u0627\u0644\u064a\u0629 \u060c \u0625\u0644\u0627 \u0623\u0646\u0647 \u064a\u062a\u0645 \u0627\u0644\u062d\u0635\u0648\u0644 \u0639\u0644\u0649 \u0628\u0646\u064a\u0629 \u0644\u0637\u064a\u0641\u0629 \u0644\u0644\u0641\u0645 \u0648\u0627\u0644\u0623\u0633\u0646\u0627\u0646 \u0639\u0646\u062f \u0627\u0644\u0627\u0646\u062a\u0647\u0627\u0621 \u0645\u0646 \u0627\u0644\u0639\u0645\u0644\u064a\u0629. \u0627\u0644\u0647\u062f\u0641 \u0645\u0646 \u0639\u0644\u0627\u062c \u062a\u0642\u0648\u064a\u0645 \u0627\u0644\u0623\u0633\u0646\u0627\u0646 \u0647\u0648 \u0627\u0644\u0642\u0636\u0627\u0621 \u0639\u0644\u0649 \u0627\u0644\u0645\u0634\u0627\u0643\u0644 \u062f\u0627\u062e\u0644 \u0627\u0644\u0641\u0645 \u060c \u0648\u0636\u0645\u0627\u0646 \u062a\u0646\u0627\u0633\u0642 \u0627\u0644\u0641\u0643 \u0627\u0644\u0639\u0644\u0648\u064a \u0648\u0627\u0644\u0633\u0641\u0644\u064a \u060c \u0648\u0625\u0639\u0637\u0627\u0621 \u0627\u0644\u0634\u062e\u0635 \u0627\u0628\u062a\u0633\u0627\u0645\u0629 \u062c\u0645\u0627\u0644\u064a\u0629 \u0648\u0635\u062d\u064a\u0629.<\/p>\n<p>\u0642\u0628\u0644 \u0627\u0644\u0639\u0644\u0627\u062c \u060c \u064a\u062a\u0645 \u062a\u062d\u062f\u064a\u062f \u0645\u0648\u0639\u062f \u0644\u0644\u0641\u062d\u0635 \u0648\u0648\u0636\u0639 \u062e\u0637\u0629 \u0644\u0643\u064a\u0641\u064a\u0629 \u062d\u0644 \u0645\u0634\u0627\u0643\u0644 \u0627\u0644\u0645\u0631\u064a\u0636. \u0641\u064a \u0647\u0630\u0647 \u0627\u0644\u0645\u0631\u062d\u0644\u0629 \u060c \u064a\u062a\u0645 \u062a\u062d\u062f\u064a\u062f \u0625\u062d\u062f\u0649 \u0627\u0644\u0645\u0648\u0627\u062f \u0627\u0644\u0645\u0633\u062a\u062e\u062f\u0645\u0629 \u0641\u064a \u0645\u0639\u0627\u0644\u062c\u0629 \u0627\u0644\u0623\u0642\u0648\u0627\u0633 \u0645\u062b\u0644 \u0627\u0644\u0623\u0642\u0648\u0627\u0633 \u0627\u0644\u0645\u0639\u062f\u0646\u064a\u0629 \u0648\u0627\u0644\u0623\u0642\u0648\u0627\u0633 \u0627\u0644\u062e\u0632\u0641\u064a\u0629 \u0648\u0627\u0644\u0623\u0642\u0648\u0627\u0633 \u063a\u064a\u0631 \u0627\u0644\u0645\u0631\u0626\u064a\u0629. \u0623\u062b\u0646\u0627\u0621 \u0627\u0644\u062a\u0637\u0628\u064a\u0642 \u060c \u064a\u062a\u0645 \u062a\u062b\u0628\u064a\u062a \u0627\u0644\u0623\u0642\u0648\u0627\u0633 \u0645\u0639 \u0627\u0644\u0623\u0633\u0644\u0627\u0643 \u0639\u0644\u0649 \u0627\u0644\u0623\u0633\u0646\u0627\u0646. \u062a\u0637\u0628\u0642 \u0627\u0644\u0623\u0633\u0644\u0627\u0643 \u0627\u0644\u0645\u0648\u062c\u0648\u062f\u0629 \u0639\u0644\u0649 \u0627\u0644\u0623\u0642\u0648\u0627\u0633 \u0642\u062f\u0631\u064b\u0627 \u0645\u0639\u064a\u0646\u064b\u0627 \u0645\u0646 \u0627\u0644\u0642\u0648\u0629 \u0639\u0644\u0649 \u0627\u0644\u0623\u0633\u0646\u0627\u0646 \u060c \u0645\u0645\u0627 \u064a\u0633\u0645\u062d \u0644\u0645\u0648\u0627\u0636\u0639 \u0627\u0644\u0633\u0646 \u0628\u0627\u0644\u0627\u0646\u062a\u0642\u0627\u0644 \u0625\u0644\u0649 \u0627\u0644\u0645\u0648\u0636\u0639 \u0627\u0644\u0645\u0637\u0644\u0648\u0628 \u0628\u0645\u0631\u0648\u0631 \u0627\u0644\u0648\u0642\u062a.<\/p>\n<p>\u064a\u0631\u0643\u0632 \u0639\u0644\u0627\u062c \u062a\u0642\u0648\u064a\u0645 \u0627\u0644\u0623\u0633\u0646\u0627\u0646 \u0639\u0644\u0649 \u062a\u062d\u0631\u064a\u0643 \u0627\u0644\u0623\u0633\u0646\u0627\u0646 \u062f\u0627\u062e\u0644 \u0627\u0644\u0639\u0638\u0645 \u0648\u062a\u0633\u062a\u063a\u0631\u0642 \u0647\u0630\u0647 \u0627\u0644\u062d\u0631\u0643\u0629 \u0639\u062f\u0629 \u0633\u0646\u0648\u0627\u062a \u062d\u062a\u0649 \u062a\u0643\u062a\u0645\u0644. \u0644\u0630\u0644\u0643 \u060c \u0641\u064a \u0628\u0639\u0636 \u0627\u0644\u062d\u0627\u0644\u0627\u062a \u060c \u0642\u062f \u064a\u0633\u062a\u0645\u0631 \u0627\u0644\u0639\u0644\u0627\u062c \u0639\u0644\u0649 \u0645\u0631\u0627\u062d\u0644<\/p>\n<p>\u0628\u0639\u062f \u0641\u062a\u0631\u0629 \u060c \u064a\u0645\u0643\u0646 \u062a\u0632\u0648\u064a\u062f \u0627\u0644\u0634\u062e\u0635 \u0628\u0645\u0637\u0627\u0637 \u0645\u0637\u0627\u0637\u064a \u0628\u0633\u064a\u0637 \u064a\u0645\u0643\u0646 \u062a\u063a\u064a\u064a\u0631\u0647 \u0643\u0644 \u064a\u0648\u0645. \u064a\u0645\u0643\u0646 \u0644\u0644\u0645\u0631\u0636\u0649 \u0627\u0644\u0628\u0627\u0644\u063a\u064a\u0646 \u0628\u0634\u0643\u0644 \u062e\u0627\u0635 \u0627\u0644\u0630\u064a\u0646 \u064a\u0647\u062a\u0645\u0648\u0646 \u0628\u0635\u0631\u064a\u064b\u0627 \u0628\u0645\u0638\u0647\u0631 \u0627\u0644\u0623\u0642\u0648\u0627\u0633 \u0627\u0644\u062d\u0635\u0648\u0644 \u0639\u0644\u0649 \u0639\u0644\u0627\u062c \u0623\u0643\u062b\u0631 \u0631\u0627\u062d\u0629 \u0628\u0627\u0633\u062a\u062e\u062f\u0627\u0645 \u062a\u0642\u0648\u064a\u0645 \u0627\u0644\u0623\u0633\u0646\u0627\u0646 \u063a\u064a\u0631 \u0627\u0644\u0645\u0631\u0626\u064a. \u062a\u0633\u0645\u062d \u0637\u0631\u0642 \u0627\u0644\u0639\u0644\u0627\u062c \u0627\u0644\u062d\u062f\u064a\u062b\u0629 \u0628\u062a\u062d\u062f\u064a\u062f \u0645\u0648\u0627\u0639\u064a\u062f \u0639\u0644\u0627\u062c \u062a\u0642\u0648\u064a\u0645 \u0627\u0644\u0623\u0633\u0646\u0627\u0646 \u0628\u0634\u0643\u0644 \u0623\u0642\u0644 \u062a\u0643\u0631\u0627\u0631\u064b\u0627 \u0648\u0644\u0644\u0645\u0648\u0627\u0639\u064a\u062f \u0627\u0644\u0623\u0642\u0635\u0631.<\/p>\n<h2>\u0623\u0634\u064a\u0627\u0621 \u064a\u062c\u0628 \u0645\u0631\u0627\u0639\u0627\u062a\u0647\u0627 \u0641\u064a \u0639\u0644\u0627\u062c \u062a\u0642\u0648\u064a\u0645 \u0627\u0644\u0623\u0633\u0646\u0627\u0646<\/h2>\n<p>\u0639\u0644\u0627\u062c \u062a\u0642\u0648\u064a\u0645 \u0627\u0644\u0623\u0633\u0646\u0627\u0646 \u0639\u0644\u0627\u062c \u0637\u0648\u064a\u0644 \u0648\u0645\u0631\u064a\u0636. \u062e\u0644\u0627\u0644 \u0647\u0630\u0647 \u0627\u0644\u0639\u0645\u0644\u064a\u0629 \u060c \u0645\u0646 \u0627\u0644\u0645\u0647\u0645 \u0623\u0646 \u062a\u0639\u062a\u0646\u064a \u0628\u0623\u0633\u0646\u0627\u0646\u0643 \u0648\u062a\u0642\u0648\u064a\u0645\u0643 \u0648\u0623\u0646 \u062a\u062a\u0628\u0639 \u062a\u0648\u0635\u064a\u0627\u062a \u0637\u0628\u064a\u0628 \u0627\u0644\u0623\u0633\u0646\u0627\u0646 \u062d\u0631\u0641\u064a\u0627\u064b \u0645\u0646 \u0623\u062c\u0644 \u0645\u0646\u0639 \u0627\u0644\u0645\u0636\u0627\u0639\u0641\u0627\u062a \u0627\u0644\u062a\u064a \u0642\u062f \u062a\u062d\u062f\u062b \u0648\u0627\u0644\u062d\u0635\u0648\u0644 \u0639\u0644\u0649 \u0639\u0644\u0627\u062c \u0623\u0643\u062b\u0631 \u0641\u0639\u0627\u0644\u064a\u0629. \u0644\u0647\u0630\u0627 \u0627\u0644\u0633\u0628\u0628 \u060c \u0647\u0646\u0627\u0643 \u0628\u0639\u0636 \u0627\u0644\u0646\u0642\u0627\u0637 \u0627\u0644\u062a\u064a \u064a\u062c\u0628 \u0645\u0631\u0627\u0639\u0627\u062a\u0647\u0627 \u0637\u0648\u0627\u0644 \u0641\u062a\u0631\u0629 \u0627\u0644\u0639\u0644\u0627\u062c:<\/p>\n<ul>\n<li>\u0645\u0646 \u0627\u0644\u0637\u0628\u064a\u0639\u064a \u0627\u0644\u0634\u0639\u0648\u0631 \u0628\u0627\u0644\u0623\u0644\u0645 \u0644\u0641\u062a\u0631\u0629 \u0628\u0639\u062f \u062a\u0631\u0643\u064a\u0628 \u062a\u0642\u0648\u064a\u0645 \u0627\u0644\u0623\u0633\u0646\u0627\u0646 \u060c \u0648\u0644\u0643\u0646 \u0625\u0630\u0627 \u0627\u0633\u062a\u0645\u0631 \u0627\u0644\u0623\u0644\u0645 \u060c \u064a\u062c\u0628 \u0627\u0633\u062a\u0634\u0627\u0631\u0629 \u0637\u0628\u064a\u0628 \u0627\u0644\u0623\u0633\u0646\u0627\u0646.<\/li>\n<li>\u064a\u062c\u0628 \u062a\u062c\u0646\u0628 \u0627\u0644\u0623\u0637\u0639\u0645\u0629 \u0627\u0644\u0635\u0644\u0628\u0629 \u0645\u062b\u0644 \u0627\u0644\u062a\u0641\u0627\u062d \u0648\u0627\u0644\u0643\u0645\u062b\u0631\u0649 \u0648\u0631\u0642\u0627\u0626\u0642 \u0627\u0644\u0628\u0637\u0627\u0637\u0633 \u0648\u0627\u0644\u0645\u0643\u0633\u0631\u0627\u062a \u062e\u0627\u0635\u0629 \u0641\u064a \u0627\u0644\u0645\u0631\u0627\u062d\u0644 \u0627\u0644\u0645\u0628\u0643\u0631\u0629 \u0645\u0646 \u0627\u0644\u0639\u0644\u0627\u062c.<\/li>\n<li>\u064a\u062c\u0628 \u0639\u062f\u0645 \u062a\u0646\u0627\u0648\u0644 \u0627\u0644\u0623\u0637\u0639\u0645\u0629 \u0627\u0644\u0644\u0632\u062c\u0629 \u0645\u062b\u0644 \u0627\u0644\u0628\u0647\u062c\u0629 \u0627\u0644\u062a\u0631\u0643\u064a\u0629 \u0648\u0627\u0644\u0641\u0627\u0635\u0648\u0644\u064a\u0627 \u0648\u0627\u0644\u062c\u064a\u0644\u064a \u0648\u0627\u0644\u0634\u0648\u0643\u0648\u0644\u0627\u062a\u0629 \u0648\u0627\u0644\u0639\u0644\u0643\u0629 \u0644\u0623\u0646\u0647\u0627 \u062a\u062c\u0639\u0644 \u0645\u0646 \u0627\u0644\u0635\u0639\u0628 \u0627\u0644\u062d\u0641\u0627\u0638 \u0639\u0644\u0649 \u062a\u0642\u0648\u064a\u0645 \u0627\u0644\u0623\u0633\u0646\u0627\u0646.<\/li>\n<li>\u062a\u062d\u0645\u0644 \u0627\u0644\u0645\u0634\u0631\u0648\u0628\u0627\u062a \u0627\u0644\u0643\u062d\u0648\u0644\u064a\u0629 \u0648\u0627\u0644\u063a\u0627\u0632\u064a\u0629 \u062e\u0637\u0631 \u0625\u0632\u0627\u062d\u0629 \u0623\u0642\u0648\u0627\u0633 \u0627\u0644\u0623\u0633\u0646\u0627\u0646 \u0648\u0644\u0627 \u064a\u0646\u0635\u062d \u0628\u0647\u0627 \u0623\u062b\u0646\u0627\u0621 \u0627\u0644\u0639\u0644\u0627\u062c.<\/li>\n<li>\u064a\u062c\u0628 \u062a\u0646\u0627\u0648\u0644 \u0627\u0644\u0623\u0637\u0639\u0645\u0629 \u0633\u0647\u0644\u0629 \u0627\u0644\u062a\u0643\u0633\u064a\u0631 \u0648\u0627\u0644\u0639\u0635\u0627\u0631\u0629 \u0627\u0644\u062a\u064a \u0644\u0627 \u062a\u0644\u062d\u0642 \u0627\u0644\u0636\u0631\u0631 \u0628\u0627\u0644\u062e\u064a\u0648\u0637.<\/li>\n<li>\u064a\u062c\u0628 \u062d\u0645\u0627\u064a\u0629 \u0645\u0646\u0637\u0642\u0629 \u0627\u0644\u0641\u0645 \u0645\u0646 \u0627\u0644\u062a\u0623\u062b\u064a\u0631\u0627\u062a \u0627\u0644\u0635\u0639\u0628\u0629.<\/li>\n<li>\u0623\u0648\u0644\u0626\u0643 \u0627\u0644\u0630\u064a\u0646 \u064a\u0645\u0627\u0631\u0633\u0648\u0646 \u0627\u0644\u0631\u064a\u0627\u0636\u0629 \u0648\u064a\u0645\u0627\u0631\u0633\u0648\u0646 \u0627\u0644\u0631\u064a\u0627\u0636\u0629 \u0641\u064a \u0627\u0644\u0647\u0648\u0627\u0621 \u0627\u0644\u0637\u0644\u0642 \u064a\u062c\u0628 \u0623\u0646 \u064a\u0641\u0636\u0644\u0648\u0627 \u0627\u0644\u062d\u0631\u0643\u0627\u062a \u0627\u0644\u062a\u064a \u062a\u0645\u0646\u0639 \u0627\u062d\u062a\u0645\u0627\u0644 \u0627\u0644\u0633\u0642\u0648\u0637.<\/li>\n<\/ul>\n<p>\u064a\u062c\u0628 \u0627\u0633\u062a\u062e\u062f\u0627\u0645 \u0641\u0631\u0634\u0627\u0629 \u0646\u0627\u0639\u0645\u0629 \u0623\u062b\u0646\u0627\u0621 \u062a\u0646\u0638\u064a\u0641 \u0627\u0644\u0623\u0633\u0646\u0627\u0646 \u0628\u0627\u0644\u0641\u0631\u0634\u0627\u0629 \u0648\u062a\u062c\u0646\u0628 \u062d\u0631\u0643\u0627\u062a \u062a\u0646\u0638\u064a\u0641 \u0627\u0644\u0623\u0633\u0646\u0627\u0646 \u0628\u0627\u0644\u0636\u063a\u0637.<\/p>\n\n\t\t<\/div>\n\t<\/div>\n<\/div><\/div><\/div><div class=\"sticky_form_content lead-form wpb_column vc_column_container vc_col-sm-4\" id=\"lead-form\"><div class=\"vc_column-inner\"><div class=\"wpb_wrapper\">\n<div class=\"wpcf7 no-js\" id=\"wpcf7-f1555-o1\" lang=\"en-US\" dir=\"ltr\" data-wpcf7-id=\"1555\">\n<div class=\"screen-reader-response\"><p role=\"status\" aria-live=\"polite\" aria-atomic=\"true\"><\/p> <ul><\/ul><\/div>\n<form action=\"\/ar\/wp-json\/wp\/v2\/pages\/12699#wpcf7-f1555-o1\" method=\"post\" class=\"wpcf7-form init\" aria-label=\"Contact form\" novalidate=\"novalidate\" data-status=\"init\" data-trp-original-action=\"\/ar\/wp-json\/wp\/v2\/pages\/12699#wpcf7-f1555-o1\">\n<fieldset class=\"hidden-fields-container\"><input type=\"hidden\" name=\"_wpcf7\" value=\"1555\" \/><input type=\"hidden\" name=\"_wpcf7_version\" value=\"6.1.5\" \/><input type=\"hidden\" name=\"_wpcf7_locale\" value=\"en_US\" \/><input type=\"hidden\" name=\"_wpcf7_unit_tag\" value=\"wpcf7-f1555-o1\" \/><input type=\"hidden\" name=\"_wpcf7_container_post\" value=\"0\" \/><input type=\"hidden\" name=\"_wpcf7_posted_data_hash\" value=\"\" \/>\n<\/fieldset>\n<div class=\"row\">\n\t<div class=\"col-lg-12\">\n\t\t<p><span class=\"wpcf7-form-control-wrap\" data-name=\"field-header\"><input size=\"40\" maxlength=\"400\" class=\"wpcf7-form-control wpcf7-text wpcf7-validates-as-required\" aria-required=\"true\" aria-invalid=\"false\" placeholder=\"\u0627\u0633\u0645\u0643 \u0648\u0644\u0642\u0628\u0643\" value=\"\" type=\"text\" name=\"field-header\" \/><\/span>\n\t\t<\/p>\n\t<\/div>\n\t<div class=\"col-lg-12\">\n\t\t<p><span class=\"wpcf7-form-control-wrap\" data-name=\"phonetext-206\"><input size=\"40\" class=\"wpcf7-form-control wpcf7-phonetext wpcf7-validates-as-required wpcf7-text wpcf7-validates-as-phonetext\" aria-required=\"true\" aria-invalid=\"false\" placeholder=\"\" value=\"\" type=\"text\" name=\"phonetext-206\" \/><input type=\"hidden\" name=\"phonetext-206-country-code\" class=\"wpcf7-phonetext-country-code\" \/><\/span>\n\t\t<\/p>\n\t<\/div>\n\t<div class=\"col-lg-12\">\n\t\t<p><span class=\"wpcf7-form-control-wrap\" data-name=\"field-header3\"><input size=\"40\" maxlength=\"400\" class=\"wpcf7-form-control wpcf7-text wpcf7-validates-as-required\" aria-required=\"true\" aria-invalid=\"false\" placeholder=\"\u0628\u0631\u064a\u062f \u0625\u0644\u0643\u062a\u0631\u0648\u0646\u064a\" value=\"\" type=\"text\" name=\"field-header3\" \/><\/span>\n\t\t<\/p>\n\t<\/div>\n\t<div class=\"col-lg-12\">\n\t\t<p><span class=\"wpcf7-form-control-wrap\" data-name=\"field-header4\"><textarea cols=\"40\" rows=\"10\" maxlength=\"2000\" class=\"wpcf7-form-control wpcf7-textarea\" aria-invalid=\"false\" placeholder=\"\u0631\u0633\u0627\u0644\u062a\u0643\" name=\"field-header4\"><\/textarea><\/span>\n\t\t<\/p>\n\t<\/div>\n\t<div class=\"col-lg-12\">\n\t\t<p><input class=\"wpcf7-form-control wpcf7-submit has-spinner\" type=\"submit\" value=\"\u064a\u0631\u0633\u0644\" \/>\n\t\t<\/p>\n\t<\/div>\n<\/div><div class=\"wpcf7-response-output\" aria-hidden=\"true\"><\/div>\n<input type=\"hidden\" name=\"trp-form-language\" value=\"ar\"\/><\/form>\n<\/div>\n<\/div><\/div><\/div><\/div>\n<\/div>","protected":false},"excerpt":{"rendered":"Di\u015f teli tedavisi, ortodonti di\u015f hekimli\u011finin bir dal\u0131d\u0131r ve di\u015f ile \u00e7evre dokular\u0131ndan kaynaklanan a\u011f\u0131z y\u00fcz anomalilerinin d\u00fczeltilmesinde kullan\u0131l\u0131r. Di\u015f teli tedavisi ile sa\u011fl\u0131ks\u0131z di\u015f problemleri giderilir ve estetik uyumsuzluklar tedavi edilir. \u00d6zellikle k\u00fc\u00e7\u00fck ya\u015flarda uygulanan di\u015f teli tedavisi g\u00fcn\u00fcm\u00fczde yeti\u015fkinler taraf\u0131ndan da s\u0131kl\u0131kla tercih edilen bir y\u00f6ntemdir ve kullan\u0131m s\u0131ras\u0131nda kozmetik olarak rahats\u0131zl\u0131k vermeyen modern se\u00e7eneklere sahiptir. Di\u015f Teli Tedavisine Ne Zaman Ba\u015flan\u0131r? Di\u015f teli tedavisi, ortalama 1-3 y\u0131l s\u00fcrd\u00fc\u011f\u00fc i\u00e7in \u00f6zellikle k\u00fc\u00e7\u00fck ya\u015flarda ba\u015flat\u0131lmas\u0131 \u00f6nerilen bir tedavidir fakat bu y\u00f6ntemin herhangi bir ya\u015f s\u0131n\u0131r\u0131 bulunmamaktad\u0131r. Genel olarak s\u00fct di\u015flerinin d\u00fc\u015fmesinin tamamland\u0131\u011f\u0131 ve kal\u0131c\u0131 di\u015flerin \u00e7\u0131kt\u0131\u011f\u0131 11-13 ya\u015f aral\u0131\u011f\u0131 tedavi i\u00e7in idealdir. Ancak yeti\u015fkinlerde de ortodontik tedavi m\u00fcmk\u00fcnd\u00fcr. G\u00fczel bir g\u00fcl\u00fc\u015fe ve estetik di\u015flere sahip olmak isteyen her ya\u015ftan birey di\u015f teli tedavisine ba\u015flayabilir. Di\u015f teli tedavisinin \u00f6ncesinde dolgu, kanal tedavisi ve di\u015f \u00e7ekimi gibi i\u015flemlerin tamamlanm\u0131\u015f olmas\u0131 gerekir. Tedavinin \u015fekli ve s\u00fcresi ise hastaya g\u00f6re farkl\u0131l\u0131k g\u00f6sterir. \u00c7\u00fcnk\u00fc [...]","protected":false},"author":1,"featured_media":13000,"parent":0,"menu_order":0,"comment_status":"closed","ping_status":"closed","template":"page-templates\/full-width.php","meta":{"footnotes":""},"_links":{"self":[{"href":"https:\/\/www.beyazkose.com\/ar\/wp-json\/wp\/v2\/pages\/12699"}],"collection":[{"href":"https:\/\/www.beyazkose.com\/ar\/wp-json\/wp\/v2\/pages"}],"about":[{"href":"https:\/\/www.beyazkose.com\/ar\/wp-json\/wp\/v2\/types\/page"}],"author":[{"embeddable":true,"href":"https:\/\/www.beyazkose.com\/ar\/wp-json\/wp\/v2\/users\/1"}],"replies":[{"embeddable":true,"href":"https:\/\/www.beyazkose.com\/ar\/wp-json\/wp\/v2\/comments?post=12699"}],"version-history":[{"count":2,"href":"https:\/\/www.beyazkose.com\/ar\/wp-json\/wp\/v2\/pages\/12699\/revisions"}],"predecessor-version":[{"id":12834,"href":"https:\/\/www.beyazkose.com\/ar\/wp-json\/wp\/v2\/pages\/12699\/revisions\/12834"}],"wp:featuredmedia":[{"embeddable":true,"href":"https:\/\/www.beyazkose.com\/ar\/wp-json\/wp\/v2\/media\/13000"}],"wp:attachment":[{"href":"https:\/\/www.beyazkose.com\/ar\/wp-json\/wp\/v2\/media?parent=12699"}],"curies":[{"name":"wp","href":"https:\/\/api.w.org\/{rel}","templated":true}]}}