{"id":12711,"date":"2023-04-26T19:05:09","date_gmt":"2023-04-26T19:05:09","guid":{"rendered":"https:\/\/www.beyazkose.com\/?page_id=12711"},"modified":"2023-05-01T07:48:49","modified_gmt":"2023-05-01T07:48:49","slug":"hipnoz","status":"publish","type":"page","link":"https:\/\/www.beyazkose.com\/ar\/hipnoz\/","title":{"rendered":"\u0627\u0644\u062a\u0646\u0648\u064a\u0645 \u0627\u0644\u0645\u063a\u0646\u0627\u0637\u064a\u0633\u0649"},"content":{"rendered":"<div class=\"wpb-content-wrapper\"><div class=\"vc_row wpb_row vc_row-fluid\"><div class=\"wpb_column vc_column_container vc_col-sm-8\"><div class=\"vc_column-inner\"><div class=\"wpb_wrapper\">\n\t<div class=\"wpb_text_column wpb_content_element\" >\n\t\t<div class=\"wpb_wrapper\">\n\t\t\t<p>\u0627\u0644\u062e\u0648\u0641 \u0645\u0646 \u0623\u0637\u0628\u0627\u0621 \u0627\u0644\u0623\u0633\u0646\u0627\u0646 \u0645\u0634\u0643\u0644\u0629 \u0634\u0627\u0626\u0639\u0629 \u062c\u062f\u064b\u0627 \u0641\u064a \u0627\u0644\u0645\u062c\u062a\u0645\u0639. \u0641\u064a \u0627\u0644\u0623\u0634\u062e\u0627\u0635 \u0627\u0644\u0630\u064a\u0646 \u064a\u0639\u0627\u0646\u0648\u0646 \u0645\u0646 \u0627\u0644\u062e\u0648\u0641 \u0627\u0644\u0645\u0641\u0631\u0637 \u0645\u0646 \u0623\u0637\u0628\u0627\u0621 \u0627\u0644\u0623\u0633\u0646\u0627\u0646 \u060c \u0644\u0627 \u064a\u0645\u0643\u0646 \u0627\u0644\u062a\u062e\u0644\u0635 \u0645\u0646 \u0645\u0634\u0627\u0643\u0644 \u0627\u0644\u0641\u0645 \u0648\u0627\u0644\u0623\u0633\u0646\u0627\u0646 \u0627\u0644\u0645\u0648\u062c\u0648\u062f\u0629 \u060c \u0648\u0646\u062a\u064a\u062c\u0629 \u0644\u0630\u0644\u0643 \u060c \u062a\u0646\u0634\u0623 \u0645\u0634\u0627\u0643\u0644 \u062c\u0645\u0627\u0644\u064a\u0629 \u0648\u0648\u0638\u064a\u0641\u064a\u0629 \u062c\u062f\u064a\u062f\u0629 \u0628\u0633\u0628\u0628 \u0641\u0642\u062f\u0627\u0646 \u0627\u0644\u0623\u0633\u0646\u0627\u0646 \u0627\u0644\u062f\u0627\u0626\u0645.<\/p>\n<p>\u0645\u0646 \u0623\u062c\u0644 \u0645\u0639\u0627\u0644\u062c\u0629 \u0647\u0630\u0647 \u0627\u0644\u0645\u0634\u0627\u0643\u0644 \u0627\u0644\u062a\u064a \u062a\u0642\u0644\u0644 \u0628\u0634\u0643\u0644 \u062e\u0637\u064a\u0631 \u0645\u0646 \u062c\u0648\u062f\u0629 \u0627\u0644\u062d\u064a\u0627\u0629 \u060c \u064a\u062c\u0628 \u0639\u0644\u0649 \u0627\u0644\u0634\u062e\u0635 \u0623\u0648\u0644\u0627\u064b \u0627\u0644\u062a\u063a\u0644\u0628 \u0639\u0644\u0649 \u062e\u0648\u0641\u0647. \u0637\u0631\u064a\u0642\u0629 \u0627\u0644\u062a\u0646\u0648\u064a\u0645 \u0627\u0644\u0645\u063a\u0646\u0627\u0637\u064a\u0633\u064a \u060c \u0627\u0644\u062a\u064a \u062a\u0645 \u062a\u0637\u0628\u064a\u0642\u0647\u0627 \u0645\u0624\u062e\u0631\u064b\u0627 \u0639\u0644\u0649 \u0627\u0644\u0645\u0631\u0636\u0649 \u0627\u0644\u0630\u064a\u0646 \u064a\u062e\u0627\u0641\u0648\u0646 \u0645\u0646 \u0623\u0637\u0628\u0627\u0621 \u0627\u0644\u0623\u0633\u0646\u0627\u0646 \u060c \u062a\u0633\u0645\u062d \u0644\u0644\u0645\u0631\u0636\u0649 \u0628\u0627\u0644\u0639\u0644\u0627\u062c \u062f\u0648\u0646 \u0627\u0644\u062d\u0627\u062c\u0629 \u0625\u0644\u0649 \u0627\u0644\u062a\u062e\u062f\u064a\u0631 \u0623\u0648 \u0627\u0644\u062a\u062e\u062f\u064a\u0631.<\/p>\n<h2>\u0645\u0627 \u0647\u0648 \u0639\u0644\u0627\u062c \u0627\u0644\u0623\u0633\u0646\u0627\u0646 \u0628\u0627\u0644\u062a\u0646\u0648\u064a\u0645 \u0627\u0644\u0645\u063a\u0646\u0627\u0637\u064a\u0633\u064a\u061f<\/h2>\n<p>\u062a\u0633\u0627\u0639\u062f \u0637\u0631\u064a\u0642\u0629 \u0627\u0644\u062a\u0646\u0648\u064a\u0645 \u0627\u0644\u0645\u063a\u0646\u0627\u0637\u064a\u0633\u064a \u0641\u064a \u0639\u0644\u0627\u062c \u0627\u0644\u0623\u0633\u0646\u0627\u0646 \u0628\u0637\u0631\u064a\u0642\u0629 \u062e\u0627\u0644\u064a\u0629 \u0645\u0646 \u0627\u0644\u0647\u0645\u0648\u0645 \u0648\u063a\u064a\u0631 \u0645\u0624\u0644\u0645\u0629 \u0648\u063a\u064a\u0631 \u0645\u0624\u0644\u0645\u0629. \u062a\u0636\u0645\u0646 \u0647\u0630\u0647 \u0627\u0644\u0637\u0631\u064a\u0642\u0629 \u060c \u0627\u0644\u062a\u064a \u064a\u0645\u0643\u0646 \u0623\u0646 \u064a\u0637\u0628\u0642\u0647\u0627 \u0623\u0637\u0628\u0627\u0621 \u0627\u0644\u0623\u0633\u0646\u0627\u0646 \u0627\u0644\u0630\u064a\u0646 \u062a\u0644\u0642\u0648\u0627 \u062a\u062f\u0631\u064a\u0628\u064b\u0627 \u0645\u0646\u0627\u0633\u0628\u064b\u0627 \u060c \u0625\u062c\u0631\u0627\u0621 \u0639\u0644\u0627\u062c \u0627\u0644\u0623\u0633\u0646\u0627\u0646 \u0627\u0644\u0636\u0631\u0648\u0631\u064a \u0641\u064a \u0627\u0644\u0648\u0642\u062a \u0627\u0644\u0645\u062d\u062f\u062f \u0644\u0644\u0645\u0631\u0636\u0649 \u0627\u0644\u0630\u064a\u0646 \u064a\u0639\u0627\u0646\u0648\u0646 \u0645\u0646 \u0627\u0644\u0642\u0644\u0642 \u0627\u0644\u0634\u062f\u064a\u062f. \u0623\u062b\u0646\u0627\u0621 \u0627\u0644\u0639\u0644\u0627\u062c \u0627\u0644\u0630\u064a \u064a\u062a\u0645 \u062a\u0637\u0628\u064a\u0642\u0647 \u0641\u064a \u062d\u0627\u0644\u0629 \u0634\u0628\u0647 \u0646\u0648\u0645 \u060c \u064a\u062a\u0645 \u062a\u0643\u064a\u064a\u0641 \u0627\u0644\u0645\u0631\u064a\u0636 \u0648\u0648\u0636\u0639\u0647 \u0641\u064a \u0648\u0636\u0639 \u0627\u0644\u0646\u0648\u0645 \u0627\u0644\u062c\u0633\u062f\u064a \u0648\u0627\u0644\u0639\u0642\u0644\u064a.<\/p>\n<p>\u064a\u0639\u062a\u0628\u0631 \u0627\u0644\u0639\u0644\u0627\u062c \u0628\u0627\u0644\u062a\u0646\u0648\u064a\u0645 \u0627\u0644\u0645\u063a\u0646\u0627\u0637\u064a\u0633\u064a \u060c \u0648\u0627\u0644\u0630\u064a \u062a\u0645 \u0627\u0633\u062a\u062e\u062f\u0627\u0645\u0647 \u062d\u062f\u064a\u062b\u064b\u0627 \u0641\u064a \u062a\u0631\u0643\u064a\u0627 \u060c \u0637\u0631\u064a\u0642\u0629 \u0628\u062f\u064a\u0644\u0629 \u0628\u062f\u0648\u0646 \u0622\u062b\u0627\u0631 \u062c\u0627\u0646\u0628\u064a\u0629. \u0645\u064a\u0632\u0627\u062a\u0647 \u0643\u0627\u0644\u062a\u0627\u0644\u064a:<\/p>\n<ul>\n<li>\u0641\u064a \u0628\u062f\u0627\u064a\u0629 \u0627\u0644\u062a\u0646\u0648\u064a\u0645 \u0627\u0644\u0645\u063a\u0646\u0627\u0637\u064a\u0633\u064a \u060c \u062a\u0628\u062f\u0623 \u0639\u0645\u0644\u064a\u0629 \u062a\u062d\u0636\u064a\u0631 \u0645\u0633\u0645\u0648\u0639\u0629 \u0644\u0644\u062a\u062e\u0644\u0635 \u0645\u0646 \u0627\u0644\u062e\u0648\u0641 \u0645\u0646 \u0627\u0644\u0623\u0633\u0646\u0627\u0646 \u0644\u062f\u0649 \u0627\u0644\u0645\u0631\u064a\u0636 \u0648\u064a\u0635\u0628\u062d \u0627\u0644\u0645\u0631\u064a\u0636 \u0645\u0633\u062a\u0631\u062e\u064a\u064b\u0627.<\/li>\n<li>\u064a\u062a\u0645 \u0627\u0644\u062a\u0639\u0631\u0641 \u0639\u0644\u0649 \u062e\u0648\u0641 \u0627\u0644\u0645\u0631\u064a\u0636 \u0628\u0645\u0632\u064a\u062f \u0645\u0646 \u0627\u0644\u062a\u0641\u0635\u064a\u0644.<\/li>\n<li>\u064a\u062a\u0645 \u0625\u062f\u062e\u0627\u0644 \u0645\u0631\u062d\u0644\u0629 \u0645\u0646 \u0627\u0644\u0627\u0633\u062a\u0631\u062e\u0627\u0621 \u0627\u0644\u0643\u0627\u0645\u0644 \u0648\u064a\u062a\u0645 \u062a\u0637\u0628\u064a\u0642 \u062a\u062f\u062e\u0644\u0627\u062a \u0644\u062d\u0644 \u0627\u0644\u0631\u0647\u0627\u0628.<\/li>\n<li>\u064a\u064f\u0633\u0645\u062d \u0644\u0644\u0645\u0631\u064a\u0636 \u0628\u0627\u0644\u062f\u062e\u0648\u0644 \u0641\u064a \u062d\u0627\u0644\u0629 \u0646\u0634\u0648\u0629 \u0644\u062a\u062e\u0641\u064a\u0641 \u0627\u0644\u062e\u0648\u0641 \u0648\u0627\u0644\u0642\u0644\u0642.<\/li>\n<li>\u0628\u0639\u062f \u0630\u0644\u0643 \u0628\u0648\u0642\u062a \u0642\u0635\u064a\u0631 \u060c \u064a\u0628\u062f\u0623 \u0627\u0644\u062a\u0643\u064a\u064a\u0641 \u0639\u0646 \u0637\u0631\u064a\u0642 \u0627\u0644\u062a\u0646\u0648\u064a\u0645 \u0627\u0644\u0645\u063a\u0646\u0627\u0637\u064a\u0633\u064a.<\/li>\n<li>\u062e\u0644\u0627\u0644 \u0647\u0630\u0627 \u0627\u0644\u0648\u0642\u062a \u060c \u064a\u062a\u0645 \u062a\u0634\u063a\u064a\u0644 \u0627\u0644\u0645\u0648\u0633\u064a\u0642\u0649 \u0627\u0644\u0647\u0627\u062f\u0626\u0629 \u0648\u0627\u0644\u062c\u0645\u064a\u0644\u0629 \u062d\u062a\u0649 \u064a\u062a\u0645\u0643\u0646 \u0627\u0644\u0645\u0631\u064a\u0636 \u0645\u0646 \u0625\u062c\u0631\u0627\u0621 \u0627\u0644\u0639\u0645\u0644\u064a\u0629 \u0627\u0644\u062c\u0631\u0627\u062d\u064a\u0629.<\/li>\n<li>\u0641\u064a \u0646\u0647\u0627\u064a\u0629 \u0627\u0644\u062a\u0637\u0628\u064a\u0642 \u0627\u0644\u0645\u0637\u0644\u0648\u0628 \u060c \u064a\u0633\u062a\u064a\u0642\u0638 \u0627\u0644\u0645\u0631\u064a\u0636 \u0645\u0646 \u0627\u0644\u062a\u0646\u0648\u064a\u0645 \u0627\u0644\u0645\u063a\u0646\u0627\u0637\u064a\u0633\u064a \u0648\u064a\u0645\u0643\u0646\u0647 \u0627\u0644\u0639\u0648\u062f\u0629 \u0625\u0644\u0649 \u062d\u064a\u0627\u062a\u0647 \u0627\u0644\u064a\u0648\u0645\u064a\u0629.<\/li>\n<\/ul>\n<h2>\u0647\u0644 \u0647\u0646\u0627\u0643 \u0622\u062b\u0627\u0631 \u062c\u0627\u0646\u0628\u064a\u0629 \u0644\u0644\u0639\u0644\u0627\u062c \u0628\u0627\u0644\u062a\u0646\u0648\u064a\u0645 \u0627\u0644\u0645\u063a\u0646\u0627\u0637\u064a\u0633\u064a\u061f<\/h2>\n<p>\u064a\u0631\u0643\u0632 \u0639\u0644\u0627\u062c \u0627\u0644\u062a\u0646\u0648\u064a\u0645 \u0627\u0644\u0645\u063a\u0646\u0627\u0637\u064a\u0633\u064a \u060c \u0627\u0644\u0630\u064a \u064a\u064f\u0641\u0636\u0644 \u0628\u0634\u0643\u0644 \u062e\u0627\u0635 \u0644\u0644\u0645\u0631\u0636\u0649 \u0627\u0644\u0642\u0644\u0642\u064a\u0646 \u0641\u064a \u0627\u0644\u0622\u0648\u0646\u0629 \u0627\u0644\u0623\u062e\u064a\u0631\u0629 \u060c \u0639\u0644\u0649 \u0627\u0633\u062a\u0631\u062e\u0627\u0621 \u0648\u0627\u0633\u062a\u0631\u062e\u0627\u0621 \u0627\u0644\u0623\u0634\u062e\u0627\u0635 \u0648\u0628\u0627\u0644\u062a\u0627\u0644\u064a \u064a\u0645\u0643\u0646\u0647\u0645 \u0645\u0646 \u062a\u0644\u0642\u064a \u0627\u0644\u0639\u0644\u0627\u062c \u0627\u0644\u0645\u0646\u0627\u0633\u0628. \u063a\u0627\u0644\u0628\u064b\u0627 \u0645\u0627 \u064a\u0633\u062a\u062e\u062f\u0645 \u0627\u0644\u062a\u0646\u0648\u064a\u0645 \u0627\u0644\u0645\u063a\u0646\u0627\u0637\u064a\u0633\u064a \u0643\u0637\u0631\u064a\u0642\u0629 \u0628\u062f\u064a\u0644\u0629 \u0641\u064a \u0639\u0644\u0627\u062c\u0627\u062a \u0627\u0644\u0623\u0633\u0646\u0627\u0646 \u0648\u0627\u0644\u062a\u062f\u062e\u0644\u0627\u062a \u0627\u0644\u062c\u0631\u0627\u062d\u064a\u0629 \u0627\u0644\u062a\u064a \u062a\u062a\u0637\u0644\u0628 \u0628\u0642\u0627\u0621 \u0627\u0644\u0641\u0645 \u0645\u0641\u062a\u0648\u062d\u064b\u0627 \u0644\u0641\u062a\u0631\u0629 \u0637\u0648\u064a\u0644\u0629.<\/p>\n<p>\u062d\u0642\u064a\u0642\u0629 \u0623\u0646 \u0627\u0644\u0645\u0631\u064a\u0636 \u0645\u0631\u062a\u0627\u062d \u062a\u0645\u0627\u0645\u064b\u0627 \u0623\u062b\u0646\u0627\u0621 \u0627\u0644\u0625\u062c\u0631\u0627\u0621 \u064a\u0642\u0644\u0644 \u0645\u0646 \u062e\u0637\u0631 \u062d\u062f\u0648\u062b \u0645\u0636\u0627\u0639\u0641\u0627\u062a \u0641\u064a \u0627\u0644\u062a\u062f\u062e\u0644 \u0648\u064a\u0636\u0645\u0646 \u0639\u0644\u0627\u062c\u064b\u0627 \u063a\u064a\u0631 \u0645\u0624\u0644\u0645 \u0648\u063a\u064a\u0631 \u0645\u0624\u0644\u0645.<\/p>\n<p>\u0625\u0646 \u0639\u062f\u0645 \u0627\u0644\u062d\u0627\u062c\u0629 \u0625\u0644\u0649 \u0627\u0644\u062d\u0642\u0646 \u0644\u0644\u062a\u062e\u062f\u064a\u0631 \u064a\u0633\u0627\u0639\u062f \u0627\u0644\u0645\u0631\u0636\u0649 \u0639\u0644\u0649 \u0628\u062f\u0621 \u0627\u0644\u0639\u0644\u0627\u062c \u0628\u0634\u0643\u0644 \u0623\u0643\u062b\u0631 \u0631\u0627\u062d\u0629. \u062a\u0648\u0641\u0631 \u0647\u0630\u0647 \u0627\u0644\u0637\u0631\u064a\u0642\u0629 \u0646\u062a\u0627\u0626\u062c \u0646\u0627\u062c\u062d\u0629 \u0644\u0645\u0631\u0636\u0649 \u0627\u0644\u0642\u0644\u0628 \u0648\u0636\u063a\u0637 \u0627\u0644\u062f\u0645 \u0627\u0644\u0630\u064a\u0646 \u0644\u0627 \u064a\u0633\u062a\u0637\u064a\u0639\u0648\u0646 \u062a\u0644\u0642\u064a \u0627\u0644\u062a\u062e\u062f\u064a\u0631 \u0648\u0627\u0644\u0623\u0641\u0631\u0627\u062f \u0627\u0644\u0630\u064a\u0646 \u064a\u0639\u0627\u0646\u0648\u0646 \u0645\u0646 \u0631\u0647\u0627\u0628 \u0627\u0644\u0623\u0633\u0646\u0627\u0646. \u0644\u0647\u0630\u0627 \u0627\u0644\u0633\u0628\u0628 \u060c \u064a\u0641\u0636\u0644 \u0627\u0633\u062a\u062e\u062f\u0627\u0645\u0647 \u0643\u0637\u0631\u064a\u0642\u0629 \u0639\u0644\u0627\u062c \u0641\u0639\u0627\u0644\u0629 \u0648\u0645\u0631\u0636\u064a\u0629 \u0644\u0644\u063a\u0627\u064a\u0629 \u060c \u0648\u0644\u0627 \u064a\u0644\u0627\u062d\u0638 \u0623\u064a \u0622\u062b\u0627\u0631 \u062c\u0627\u0646\u0628\u064a\u0629 \u0623\u062b\u0646\u0627\u0621 \u0627\u0644\u0625\u062c\u0631\u0627\u0621.<\/p>\n\n\t\t<\/div>\n\t<\/div>\n<\/div><\/div><\/div><div class=\"sticky_form_content lead-form wpb_column vc_column_container vc_col-sm-4\" id=\"lead-form\"><div class=\"vc_column-inner\"><div class=\"wpb_wrapper\">\n<div class=\"wpcf7 no-js\" id=\"wpcf7-f1555-o1\" lang=\"en-US\" dir=\"ltr\" data-wpcf7-id=\"1555\">\n<div class=\"screen-reader-response\"><p role=\"status\" aria-live=\"polite\" aria-atomic=\"true\"><\/p> <ul><\/ul><\/div>\n<form action=\"\/ar\/wp-json\/wp\/v2\/pages\/12711#wpcf7-f1555-o1\" method=\"post\" class=\"wpcf7-form init\" aria-label=\"Contact form\" novalidate=\"novalidate\" data-status=\"init\" data-trp-original-action=\"\/ar\/wp-json\/wp\/v2\/pages\/12711#wpcf7-f1555-o1\">\n<fieldset class=\"hidden-fields-container\"><input type=\"hidden\" name=\"_wpcf7\" value=\"1555\" \/><input type=\"hidden\" name=\"_wpcf7_version\" value=\"6.1.5\" \/><input type=\"hidden\" name=\"_wpcf7_locale\" value=\"en_US\" \/><input type=\"hidden\" name=\"_wpcf7_unit_tag\" value=\"wpcf7-f1555-o1\" \/><input type=\"hidden\" name=\"_wpcf7_container_post\" value=\"0\" \/><input type=\"hidden\" name=\"_wpcf7_posted_data_hash\" value=\"\" \/>\n<\/fieldset>\n<div class=\"row\">\n\t<div class=\"col-lg-12\">\n\t\t<p><span class=\"wpcf7-form-control-wrap\" data-name=\"field-header\"><input size=\"40\" maxlength=\"400\" class=\"wpcf7-form-control wpcf7-text wpcf7-validates-as-required\" aria-required=\"true\" aria-invalid=\"false\" placeholder=\"\u0627\u0633\u0645\u0643 \u0648\u0644\u0642\u0628\u0643\" value=\"\" type=\"text\" name=\"field-header\" \/><\/span>\n\t\t<\/p>\n\t<\/div>\n\t<div class=\"col-lg-12\">\n\t\t<p><span class=\"wpcf7-form-control-wrap\" data-name=\"phonetext-206\"><input size=\"40\" class=\"wpcf7-form-control wpcf7-phonetext wpcf7-validates-as-required wpcf7-text wpcf7-validates-as-phonetext\" aria-required=\"true\" aria-invalid=\"false\" placeholder=\"\" value=\"\" type=\"text\" name=\"phonetext-206\" \/><input type=\"hidden\" name=\"phonetext-206-country-code\" class=\"wpcf7-phonetext-country-code\" \/><\/span>\n\t\t<\/p>\n\t<\/div>\n\t<div class=\"col-lg-12\">\n\t\t<p><span class=\"wpcf7-form-control-wrap\" data-name=\"field-header3\"><input size=\"40\" maxlength=\"400\" class=\"wpcf7-form-control wpcf7-text wpcf7-validates-as-required\" aria-required=\"true\" aria-invalid=\"false\" placeholder=\"\u0628\u0631\u064a\u062f \u0625\u0644\u0643\u062a\u0631\u0648\u0646\u064a\" value=\"\" type=\"text\" name=\"field-header3\" \/><\/span>\n\t\t<\/p>\n\t<\/div>\n\t<div class=\"col-lg-12\">\n\t\t<p><span class=\"wpcf7-form-control-wrap\" data-name=\"field-header4\"><textarea cols=\"40\" rows=\"10\" maxlength=\"2000\" class=\"wpcf7-form-control wpcf7-textarea\" aria-invalid=\"false\" placeholder=\"\u0631\u0633\u0627\u0644\u062a\u0643\" name=\"field-header4\"><\/textarea><\/span>\n\t\t<\/p>\n\t<\/div>\n\t<div class=\"col-lg-12\">\n\t\t<p><input class=\"wpcf7-form-control wpcf7-submit has-spinner\" type=\"submit\" value=\"\u064a\u0631\u0633\u0644\" \/>\n\t\t<\/p>\n\t<\/div>\n<\/div><div class=\"wpcf7-response-output\" aria-hidden=\"true\"><\/div>\n<input type=\"hidden\" name=\"trp-form-language\" value=\"ar\"\/><\/form>\n<\/div>\n<\/div><\/div><\/div><\/div>\n<\/div>","protected":false},"excerpt":{"rendered":"Toplumda di\u015f hekimi korkusu olduk\u00e7a yayg\u0131n bir sorundur. A\u015f\u0131r\u0131 di\u015f hekimi korkusu olan bireylerde mevcut a\u011f\u0131z ve di\u015f problemlerini gidermek m\u00fcmk\u00fcn olmaz, sonu\u00e7 olarak kal\u0131c\u0131 di\u015f kayb\u0131na ba\u011fl\u0131 estetik ve fonksiyonel yeni problemler ortaya \u00e7\u0131kar. Ya\u015fam kalitesini ciddi anlamda d\u00fc\u015f\u00fcren bu sorunlar\u0131n tedavi edilebilmesi i\u00e7in ki\u015finin \u00f6ncelikle korkusunu yenmesi gerekir. \u00d6zellikle son d\u00f6nemde di\u015f hekimi korkusu \u00e7eken hastalara uygulanan hipnoz y\u00f6ntemi ise hastalar\u0131n anesteziye veya sedasyona gereksinim duymadan tedavi olmas\u0131n\u0131 sa\u011flar. Hipnozla Di\u015f Tedavisi Nedir? Hipnoz y\u00f6ntemi di\u015flerin kayg\u0131s\u0131z, a\u011fr\u0131s\u0131z, s\u0131z\u0131s\u0131z \u015fekilde tedavi edilmesine yard\u0131mc\u0131 olur. Uygun e\u011fitimi alan di\u015f hekimleri taraf\u0131ndan uygulanabilen bu y\u00f6ntem, a\u015f\u0131r\u0131 endi\u015feli hastalarda gerekli di\u015f tedavisinin zaman\u0131nda ger\u00e7ekle\u015ftirilmesini sa\u011flar. Yar\u0131 uyku halinde uygulanan tedavi boyunca hastan\u0131n \u015fartlanarak bedensel ve zihinsel uyku moduna ge\u00e7mesi sa\u011flan\u0131r. T\u00fcrkiye\u2019de yeni yeni kullan\u0131lan hipnoz tedavisi yan etkisi olmayan alternatif bir y\u00f6ntemdir. \u00d6zellikleri ise \u015fu \u015fekildedir: Hipnoz ba\u015flang\u0131c\u0131nda hastadaki dental korkunun giderilmesi i\u00e7in sesli bir haz\u0131rl\u0131k s\u00fcrecine girilir ve hasta rahatlat\u0131l\u0131r. [...]","protected":false},"author":1,"featured_media":13001,"parent":0,"menu_order":0,"comment_status":"closed","ping_status":"closed","template":"page-templates\/full-width.php","meta":{"footnotes":""},"_links":{"self":[{"href":"https:\/\/www.beyazkose.com\/ar\/wp-json\/wp\/v2\/pages\/12711"}],"collection":[{"href":"https:\/\/www.beyazkose.com\/ar\/wp-json\/wp\/v2\/pages"}],"about":[{"href":"https:\/\/www.beyazkose.com\/ar\/wp-json\/wp\/v2\/types\/page"}],"author":[{"embeddable":true,"href":"https:\/\/www.beyazkose.com\/ar\/wp-json\/wp\/v2\/users\/1"}],"replies":[{"embeddable":true,"href":"https:\/\/www.beyazkose.com\/ar\/wp-json\/wp\/v2\/comments?post=12711"}],"version-history":[{"count":2,"href":"https:\/\/www.beyazkose.com\/ar\/wp-json\/wp\/v2\/pages\/12711\/revisions"}],"predecessor-version":[{"id":12840,"href":"https:\/\/www.beyazkose.com\/ar\/wp-json\/wp\/v2\/pages\/12711\/revisions\/12840"}],"wp:featuredmedia":[{"embeddable":true,"href":"https:\/\/www.beyazkose.com\/ar\/wp-json\/wp\/v2\/media\/13001"}],"wp:attachment":[{"href":"https:\/\/www.beyazkose.com\/ar\/wp-json\/wp\/v2\/media?parent=12711"}],"curies":[{"name":"wp","href":"https:\/\/api.w.org\/{rel}","templated":true}]}}