{"id":12712,"date":"2023-04-26T19:05:14","date_gmt":"2023-04-26T19:05:14","guid":{"rendered":"https:\/\/www.beyazkose.com\/?page_id=12712"},"modified":"2023-05-01T07:56:17","modified_gmt":"2023-05-01T07:56:17","slug":"dis-gicirdatma-tedavisi","status":"publish","type":"page","link":"https:\/\/www.beyazkose.com\/ar\/dis-gicirdatma-tedavisi\/","title":{"rendered":"\u0639\u0644\u0627\u062c \u0637\u062d\u0646 \u0627\u0644\u0623\u0633\u0646\u0627\u0646"},"content":{"rendered":"<div class=\"wpb-content-wrapper\"><div class=\"vc_row wpb_row vc_row-fluid\"><div class=\"wpb_column vc_column_container vc_col-sm-8\"><div class=\"vc_column-inner\"><div class=\"wpb_wrapper\">\n\t<div class=\"wpb_text_column wpb_content_element\" >\n\t\t<div class=\"wpb_wrapper\">\n\t\t\t<p>\u0623\u062d\u064a\u0627\u0646\u064b\u0627 \u064a\u0643\u0648\u0646 \u0635\u0631\u064a\u0631 \u0627\u0644\u0623\u0633\u0646\u0627\u0646 \u0645\u0632\u0639\u062c\u064b\u0627 \u0644\u0644\u063a\u0627\u064a\u0629 \u0644\u0643\u0644 \u0645\u0646 \u0627\u0644\u0623\u0634\u062e\u0627\u0635 \u0627\u0644\u0630\u064a\u0646 \u064a\u0639\u064a\u0634\u0648\u0646 \u0645\u0639\u0647 \u0648\u0627\u0644\u0623\u0634\u062e\u0627\u0635 \u0627\u0644\u0630\u064a\u0646 \u064a\u0639\u0627\u0646\u0648\u0646 \u0645\u0646 \u0647\u0630\u0647 \u0627\u0644\u0645\u0634\u0643\u0644\u0629. \u064a\u0645\u0643\u0646 \u0623\u0646 \u062a\u0624\u062f\u064a \u0645\u0634\u0643\u0644\u0629 \u0635\u0631\u064a\u0631 \u0627\u0644\u0623\u0633\u0646\u0627\u0646 \u060c \u0648\u0627\u0644\u062a\u064a \u064a\u0645\u0643\u0646 \u0623\u0646 \u062a\u062d\u062f\u062b \u0644\u0623\u0633\u0628\u0627\u0628 \u0646\u0641\u0633\u064a\u0629 \u0623\u0648 \u0645\u062a\u0639\u0644\u0642\u0629 \u0628\u0627\u0644\u0623\u0633\u0646\u0627\u0646 \u0648\u0628\u0646\u064a\u0629 \u0627\u0644\u0641\u0643 \u060c \u0625\u0644\u0649 \u0645\u0634\u0627\u0643\u0644 \u062e\u0637\u064a\u0631\u0629 \u0645\u062b\u0644 \u062a\u0622\u0643\u0644 \u0627\u0644\u0623\u0633\u0646\u0627\u0646 \u0623\u0648 \u0641\u0642\u062f\u0627\u0646 \u0627\u0644\u0623\u0633\u0646\u0627\u0646.<\/p>\n<h2>\u0645\u0627 \u0647\u064a \u0623\u0633\u0628\u0627\u0628 \u0635\u0631\u064a\u0631 \u0627\u0644\u0623\u0633\u0646\u0627\u0646\u061f<\/h2>\n<p>\u0639\u0627\u062f\u0629 \u0645\u0627 \u064a\u062d\u062f\u062b \u0635\u0631\u064a\u0631 \u0627\u0644\u0623\u0633\u0646\u0627\u0646 \u0628\u0633\u0628\u0628 \u0627\u0644\u0623\u0633\u0646\u0627\u0646 \u060c \u0648\u0644\u0643\u0646 \u0646\u0627\u062f\u0631\u064b\u0627 \u0645\u0627 \u064a\u062d\u062f\u062b \u0623\u064a\u0636\u064b\u0627 \u0644\u0623\u0633\u0628\u0627\u0628 \u0639\u0635\u0628\u064a\u0629. \u0628\u0627\u0644\u0625\u0636\u0627\u0641\u0629 \u0625\u0644\u0649 \u0645\u0634\u0627\u0643\u0644 \u0627\u0644\u0623\u0633\u0646\u0627\u0646 \u060c \u062a\u0638\u0647\u0631 \u0627\u0644\u0645\u0634\u0627\u0643\u0644 \u0627\u0644\u0646\u0641\u0633\u064a\u0629 \u0623\u064a\u0636\u064b\u0627 \u0643\u0623\u0633\u0628\u0627\u0628 \u0644\u0637\u062d\u0646 \u0627\u0644\u0623\u0633\u0646\u0627\u0646. \u0627\u0644\u0623\u0639\u0631\u0627\u0636 \u0627\u0644\u0623\u0643\u062b\u0631 \u0634\u064a\u0648\u0639\u064b\u0627 \u0644\u0637\u062d\u0646 \u0627\u0644\u0623\u0633\u0646\u0627\u0646 \u0647\u064a \u0643\u0645\u0627 \u064a\u0644\u064a.<\/p>\n<ul>\n<li>\u0627\u062a\u0628\u0627\u0639 \u0639\u0627\u062f\u0627\u062a \u0645\u0636\u063a \u062e\u0627\u0637\u0626\u0629 \u060c<\/li>\n<li>\u0627\u0636\u0637\u0631\u0627\u0628\u0627\u062a \u0641\u064a \u0637\u0631\u064a\u0642\u0629 \u063a\u0644\u0642 \u0627\u0644\u0623\u0633\u0646\u0627\u0646 \u060c \u0648\u0643\u0630\u0644\u0643 \u0628\u0633\u0628\u0628 \u0641\u0642\u062f\u0627\u0646 \u0627\u0644\u0623\u0633\u0646\u0627\u0646 \u060c<\/li>\n<li>\u0627\u0633\u062a\u062e\u062f\u0627\u0645 \u0627\u0644\u0639\u0642\u0627\u0642\u064a\u0631 \u0627\u0644\u0645\u0636\u0627\u062f\u0629 \u0644\u0644\u0627\u0643\u062a\u0626\u0627\u0628 \u060c<\/li>\n<li>\u0646\u0645\u0637 \u062d\u064a\u0627\u0629 \u0645\u0631\u0647\u0642 \u060c \u062a\u0648\u062a\u0631 \u0645\u0641\u0631\u0637 \u060c \u0642\u0644\u0642 \u0648\u0645\u0634\u0627\u0643\u0644 \u0646\u0641\u0633\u064a\u0629 \u0645\u0645\u0627\u062b\u0644\u0629 \u060c<\/li>\n<li>\u064a\u062a\u0645 \u062a\u0646\u0641\u064a\u0630 \u062a\u0637\u0628\u064a\u0642\u0627\u062a \u0627\u0644\u062d\u0634\u0648 \u0623\u0648 \u0627\u0644\u0623\u0637\u0631\u0627\u0641 \u0627\u0644\u0635\u0646\u0627\u0639\u064a\u0629 \u0628\u062f\u0631\u062c\u0629 \u0623\u0642\u0644 \u0623\u0648 \u0623\u0639\u0644\u0649 \u0645\u0646 \u0627\u0644\u0645\u0639\u062a\u0627\u062f \u060c<\/li>\n<li>\u0628\u0639\u0636 \u0639\u0627\u062f\u0627\u062a \u0646\u0645\u0637 \u0627\u0644\u062d\u064a\u0627\u0629 \u0627\u0644\u062a\u064a \u064a\u0645\u0643\u0646 \u0623\u0646 \u062a\u0624\u062b\u0631 \u0639\u0644\u0649 \u0635\u0631\u064a\u0631 \u0627\u0644\u0623\u0633\u0646\u0627\u0646 \u060c \u0645\u062b\u0644 \u0646\u0645\u0637 \u0627\u0644\u062d\u064a\u0627\u0629 \u0627\u0644\u062e\u0627\u0645\u0644 \u0648\u0639\u0627\u062f\u0627\u062a \u0627\u0644\u0623\u0643\u0644 \u0627\u0644\u062e\u0627\u0637\u0626\u0629.<\/li>\n<\/ul>\n<p>\u0625\u0630\u0627 \u062a\u0645 \u0627\u0644\u0642\u0636\u0627\u0621 \u0639\u0644\u0649 \u0647\u0630\u0647 \u0627\u0644\u0623\u0633\u0628\u0627\u0628 \u060c \u0641\u0642\u062f \u0644\u0627 \u062a\u062e\u062a\u0641\u064a \u0623\u0639\u0631\u0627\u0636 \u0635\u0631\u064a\u0631 \u0627\u0644\u0623\u0633\u0646\u0627\u0646 \u060c \u0644\u0630\u0644\u0643 \u064a\u0648\u0635\u0649 \u0628\u0625\u062c\u0631\u0627\u0621 \u0641\u062d\u0635 \u0637\u0628\u064a \u0644\u0644\u0637\u0628\u064a\u0628 \u0644\u0644\u062d\u0635\u0648\u0644 \u0639\u0644\u0649 \u062d\u0644 \u062f\u0627\u0626\u0645.<\/p>\n<h2>\u0645\u0627 \u0647\u064a \u0623\u0639\u0631\u0627\u0636 \u0637\u062d\u0646 \u0627\u0644\u0623\u0633\u0646\u0627\u0646\u061f<\/h2>\n<p>\u063a\u0627\u0644\u0628\u064b\u0627 \u0645\u0627 \u0644\u0627 \u064a\u062f\u0631\u0643 \u0627\u0644\u0645\u0631\u0636\u0649 \u0623\u0646\u0641\u0633\u0647\u0645 \u0623\u0646\u0647\u0645 \u064a\u0637\u062d\u0646\u0648\u0646 \u0623\u0633\u0646\u0627\u0646\u0647\u0645. \u0639\u0627\u062f\u0629 \u0645\u0627 \u064a\u0644\u0627\u062d\u0638\u0647 \u0627\u0644\u0623\u0634\u062e\u0627\u0635 \u0627\u0644\u0630\u064a\u0646 \u064a\u0639\u064a\u0634\u0648\u0646 \u0645\u0639\u0647\u0645. \u064a\u0645\u0643\u0646 \u0623\u0646 \u062a\u062d\u062f\u062b \u0627\u0644\u0623\u0639\u0631\u0627\u0636 \u0641\u064a \u0643\u0644 \u0645\u0646 \u0627\u0644\u0646\u0648\u0645 \u0648\u0627\u0644\u064a\u0642\u0638\u0629. \u0627\u0644\u0623\u0639\u0631\u0627\u0636 \u0627\u0644\u0628\u0627\u0631\u0632\u0629 \u0647\u064a \u0643\u0627\u0644\u062a\u0627\u0644\u064a:<\/p>\n<ul>\n<li>\u062d\u0633\u0627\u0633\u064a\u0629 \u0627\u0644\u0623\u0633\u0646\u0627\u0646 \u0648\u062a\u0622\u0643\u0644 \u0627\u0644\u0645\u064a\u0646\u0627.<\/li>\n<li>\u0635\u0631\u064a\u0631 \u0627\u0644\u0641\u0643<\/li>\n<li>\u0635\u0631\u064a\u0631 \u0627\u0644\u0623\u0633\u0646\u0627\u0646 \u0628\u0634\u062f\u0629 \u0644\u062f\u0631\u062c\u0629 \u0625\u0632\u0639\u0627\u062c \u0627\u0644\u0623\u0634\u062e\u0627\u0635 \u0627\u0644\u0642\u0631\u064a\u0628\u064a\u0646 \u0645\u0646\u0647\u0645 \u060c<\/li>\n<li>\u0635\u062f\u0627\u0639 \u064a\u0628\u062f\u0623 \u0639\u0646\u062f \u0627\u0644\u0635\u062f\u063a\u064a\u0646 \u0648\u064a\u0645\u062a\u062f \u0625\u0644\u0649 \u0627\u0644\u0631\u0623\u0633 \u0643\u0644\u0647 \u060c<\/li>\n<li>\u0623\u0644\u0645 \u0627\u0644\u0641\u0643<\/li>\n<li>\u0627\u0644\u0623\u0633\u0646\u0627\u0646 \u0627\u0644\u0645\u062a\u0631\u0647\u0644\u0629 \u0623\u0648 \u0627\u0644\u062a\u0627\u0644\u0641\u0629.<\/li>\n<\/ul>\n<p>\u0628\u0627\u0644\u0625\u0636\u0627\u0641\u0629 \u0625\u0644\u0649 \u0627\u0644\u0639\u0644\u0627\u062c\u0627\u062a \u0627\u0644\u0646\u0641\u0633\u064a\u0629 \u060c \u064a\u0645\u0643\u0646 \u0623\u064a\u0636\u064b\u0627 \u0645\u0639\u0627\u0644\u062c\u0629 \u0635\u0631\u064a\u0631 \u0627\u0644\u0623\u0633\u0646\u0627\u0646 \u0628\u0637\u0631\u0642 \u0627\u0644\u0639\u0644\u0627\u062c \u0627\u0644\u062a\u064a \u064a\u0637\u0628\u0642\u0647\u0627 \u0623\u0637\u0628\u0627\u0621 \u0627\u0644\u0623\u0633\u0646\u0627\u0646.<\/p>\n<h2>\u0643\u064a\u0641 \u0646\u062a\u0639\u0627\u0645\u0644 \u0645\u0639 \u0627\u0644\u0637\u062d\u0646 \u0627\u0644\u062e\u0627\u0631\u062c\u064a\u061f<\/h2>\n<p>\u0627\u0644\u0635\u0648\u0627\u0646\u064a \u0627\u0644\u0644\u064a\u0644\u064a\u0629 \u0627\u0644\u0648\u0627\u0642\u064a\u0629 \u0647\u064a \u0627\u0644\u0637\u0631\u064a\u0642\u0629 \u0627\u0644\u0623\u0643\u062b\u0631 \u0627\u0633\u062a\u062e\u062f\u0627\u0645\u064b\u0627 \u0641\u064a \u0639\u0644\u0627\u062c \u0635\u0631\u064a\u0631 \u0627\u0644\u0623\u0633\u0646\u0627\u0646. \u0647\u0630\u0647 \u0627\u0644\u0623\u062f\u0631\u0627\u062c \u0627\u0644\u0648\u0627\u0642\u064a\u0629 \u0627\u0644\u0645\u0633\u062a\u062e\u062f\u0645\u0629 \u0623\u062b\u0646\u0627\u0621 \u0627\u0644\u0646\u0648\u0645 \u062a\u0645\u0646\u0639 \u062a\u0644\u0641 \u0627\u0644\u0623\u0633\u0646\u0627\u0646. \u0628\u0645\u0639\u0646\u0649 \u0622\u062e\u0631 \u060c \u0625\u0646\u0647\u0627 \u0644\u064a\u0633\u062a \u0637\u0631\u064a\u0642\u0629 \u062a\u0639\u0627\u0644\u062c \u0635\u0631\u064a\u0631 \u0627\u0644\u0623\u0633\u0646\u0627\u0646 \u062a\u0645\u0627\u0645\u064b\u0627.<\/p>\n<p>\u064a\u0645\u0643\u0646 \u0623\u064a\u0636\u064b\u0627 \u0627\u0633\u062a\u062e\u062f\u0627\u0645 \u0627\u0644\u0623\u062f\u0648\u064a\u0629 \u0623\u0648 \u0627\u0644\u0639\u0644\u0627\u062c \u0627\u0644\u0637\u0628\u064a\u0639\u064a \u0644\u0644\u0639\u0644\u0627\u062c. \u0625\u0630\u0627 \u0643\u0627\u0646\u062a \u0645\u0634\u0643\u0644\u0629 \u0635\u0631\u064a\u0631 \u0627\u0644\u0623\u0633\u0646\u0627\u0646 \u0646\u0627\u062a\u062c\u0629 \u0639\u0646 \u0645\u0634\u0627\u0643\u0644 \u0645\u062e\u062a\u0644\u0641\u0629 \u0641\u064a \u0627\u0644\u0645\u0641\u0627\u0635\u0644 \u060c \u064a\u062a\u0645 \u0627\u0633\u062a\u062e\u062f\u0627\u0645 \u0637\u0631\u0642 \u0639\u0644\u0627\u062c \u0628\u062f\u064a\u0644\u0629 \u0645\u062e\u062a\u0644\u0641\u0629 \u060c \u0628\u0645\u0627 \u0641\u064a \u0630\u0644\u0643 \u0627\u0644\u0628\u0648\u062a\u0648\u0643\u0633.<\/p>\n<p>\u0641\u064a \u062d\u0627\u0644\u0627\u062a \u0627\u0644\u0627\u0636\u0637\u0631\u0627\u0628\u0627\u062a \u0627\u0644\u0645\u062a\u0642\u062f\u0645\u0629 \u060c \u0641\u0625\u0646 \u0637\u0631\u064a\u0642\u0629 \u0627\u0644\u0642\u0636\u0627\u0621 \u0639\u0644\u0649 \u0627\u0644\u0645\u0634\u0643\u0644\u0629 \u0646\u0647\u0627\u0626\u064a\u0627\u064b \u0647\u064a \u0627\u0644\u062c\u0631\u0627\u062d\u0629. \u064a\u062c\u0628 \u0623\u0646 \u064a\u062a\u0645 \u0627\u0644\u062a\u062e\u0637\u064a\u0637 \u0644\u0644\u0639\u0645\u0644\u064a\u0629 \u0628\u0631\u0645\u062a\u0647\u0627 \u0645\u0646 \u0642\u0628\u0644 \u0623\u0637\u0628\u0627\u0621 \u0645\u062a\u062e\u0635\u0635\u064a\u0646 \u0645\u0646 \u0623\u062c\u0644 \u062d\u0645\u0627\u064a\u0629 \u0643\u0644 \u0645\u0646 \u0628\u0646\u064a\u0629 \u0627\u0644\u0641\u0643 \u0648\u0627\u0644\u0639\u0638\u0627\u0645 \u0648\u0635\u062d\u0629 \u0627\u0644\u0641\u0645 \u0648\u0627\u0644\u0623\u0633\u0646\u0627\u0646.<\/p>\n\n\t\t<\/div>\n\t<\/div>\n<\/div><\/div><\/div><div class=\"sticky_form_content lead-form wpb_column vc_column_container vc_col-sm-4\" id=\"lead-form\"><div class=\"vc_column-inner\"><div class=\"wpb_wrapper\">\n<div class=\"wpcf7 no-js\" id=\"wpcf7-f1555-o1\" lang=\"en-US\" dir=\"ltr\" data-wpcf7-id=\"1555\">\n<div class=\"screen-reader-response\"><p role=\"status\" aria-live=\"polite\" aria-atomic=\"true\"><\/p> <ul><\/ul><\/div>\n<form action=\"\/ar\/wp-json\/wp\/v2\/pages\/12712#wpcf7-f1555-o1\" method=\"post\" class=\"wpcf7-form init\" aria-label=\"Contact form\" novalidate=\"novalidate\" data-status=\"init\" data-trp-original-action=\"\/ar\/wp-json\/wp\/v2\/pages\/12712#wpcf7-f1555-o1\">\n<fieldset class=\"hidden-fields-container\"><input type=\"hidden\" name=\"_wpcf7\" value=\"1555\" \/><input type=\"hidden\" name=\"_wpcf7_version\" value=\"6.1.5\" \/><input type=\"hidden\" name=\"_wpcf7_locale\" value=\"en_US\" \/><input type=\"hidden\" name=\"_wpcf7_unit_tag\" value=\"wpcf7-f1555-o1\" \/><input type=\"hidden\" name=\"_wpcf7_container_post\" value=\"0\" \/><input type=\"hidden\" name=\"_wpcf7_posted_data_hash\" value=\"\" \/>\n<\/fieldset>\n<div class=\"row\">\n\t<div class=\"col-lg-12\">\n\t\t<p><span class=\"wpcf7-form-control-wrap\" data-name=\"field-header\"><input size=\"40\" maxlength=\"400\" class=\"wpcf7-form-control wpcf7-text wpcf7-validates-as-required\" aria-required=\"true\" aria-invalid=\"false\" placeholder=\"\u0627\u0633\u0645\u0643 \u0648\u0644\u0642\u0628\u0643\" value=\"\" type=\"text\" name=\"field-header\" \/><\/span>\n\t\t<\/p>\n\t<\/div>\n\t<div class=\"col-lg-12\">\n\t\t<p><span class=\"wpcf7-form-control-wrap\" data-name=\"phonetext-206\"><input size=\"40\" class=\"wpcf7-form-control wpcf7-phonetext wpcf7-validates-as-required wpcf7-text wpcf7-validates-as-phonetext\" aria-required=\"true\" aria-invalid=\"false\" placeholder=\"\" value=\"\" type=\"text\" name=\"phonetext-206\" \/><input type=\"hidden\" name=\"phonetext-206-country-code\" class=\"wpcf7-phonetext-country-code\" \/><\/span>\n\t\t<\/p>\n\t<\/div>\n\t<div class=\"col-lg-12\">\n\t\t<p><span class=\"wpcf7-form-control-wrap\" data-name=\"field-header3\"><input size=\"40\" maxlength=\"400\" class=\"wpcf7-form-control wpcf7-text wpcf7-validates-as-required\" aria-required=\"true\" aria-invalid=\"false\" placeholder=\"\u0628\u0631\u064a\u062f \u0625\u0644\u0643\u062a\u0631\u0648\u0646\u064a\" value=\"\" type=\"text\" name=\"field-header3\" \/><\/span>\n\t\t<\/p>\n\t<\/div>\n\t<div class=\"col-lg-12\">\n\t\t<p><span class=\"wpcf7-form-control-wrap\" data-name=\"field-header4\"><textarea cols=\"40\" rows=\"10\" maxlength=\"2000\" class=\"wpcf7-form-control wpcf7-textarea\" aria-invalid=\"false\" placeholder=\"\u0631\u0633\u0627\u0644\u062a\u0643\" name=\"field-header4\"><\/textarea><\/span>\n\t\t<\/p>\n\t<\/div>\n\t<div class=\"col-lg-12\">\n\t\t<p><input class=\"wpcf7-form-control wpcf7-submit has-spinner\" type=\"submit\" value=\"\u064a\u0631\u0633\u0644\" \/>\n\t\t<\/p>\n\t<\/div>\n<\/div><div class=\"wpcf7-response-output\" aria-hidden=\"true\"><\/div>\n<input type=\"hidden\" name=\"trp-form-language\" value=\"ar\"\/><\/form>\n<\/div>\n<\/div><\/div><\/div><\/div>\n<\/div>","protected":false},"excerpt":{"rendered":"Di\u015f g\u0131c\u0131rdatma bazen birlikte ya\u015fanan insanlar i\u00e7in, hem de bu problemi ya\u015fayan insanlar i\u00e7in son derece can s\u0131k\u0131c\u0131 bir durum yarat\u0131r. Psikolojik ya da di\u015f ve \u00e7ene yap\u0131s\u0131yla ilgili nedenlere ba\u011fl\u0131 olarak ger\u00e7ekle\u015febilecek olan di\u015f g\u0131c\u0131rtdatma problemi, di\u015flerde a\u015f\u0131nma ya da di\u015f kayb\u0131 gibi ciddi sorunlara yol a\u00e7abilir. Di\u015f G\u0131c\u0131rdatman\u0131n Nedenleri Nelerdir? Di\u015f g\u0131c\u0131rdatma genellikle di\u015flerden kaynaklan\u0131r fakat nadir olarak n\u00f6rolojik sebeplerle de ortaya \u00e7\u0131kabilir. Di\u015flerde meydana gelen problemlerin yan\u0131 s\u0131ra psikolojik sorunlar da di\u015f g\u0131c\u0131rdatman\u0131n nedenleri olarak g\u00f6sterilir. Di\u015f g\u0131c\u0131rdatman\u0131n en s\u0131k kar\u015f\u0131la\u015f\u0131lan belirtileri ise \u015funlard\u0131r. Yanl\u0131\u015f \u00e7i\u011fneme al\u0131\u015fkanl\u0131klar\u0131na sahip olmak, Kaybedilmi\u015f olan di\u015flere de ba\u011fl\u0131 olarak di\u015flerin kapanma \u015feklinde ortaya \u00e7\u0131kan bozukluklar, Antidepresan ila\u00e7 kullan\u0131m\u0131, Stresli bir ya\u015fam tarz\u0131, a\u015f\u0131r\u0131 gerginlik, anksiyete ve benzeri psikolojik problemler, Dolgu ya da protez uygulamalar\u0131n normalden daha d\u00fc\u015f\u00fck ya da daha y\u00fcksek \u015fekilde ger\u00e7ekle\u015ftirilmi\u015f olmas\u0131, Hareketsiz ya\u015fam tarz\u0131 ve yanl\u0131\u015f beslenme al\u0131\u015fkanl\u0131klar\u0131 gibi di\u015f g\u0131c\u0131rdatmas\u0131n\u0131 etkileyebilecek baz\u0131 ya\u015fam tarz\u0131 al\u0131\u015fkanl\u0131klar\u0131. S\u00f6z konusu [...]","protected":false},"author":1,"featured_media":12997,"parent":0,"menu_order":0,"comment_status":"closed","ping_status":"closed","template":"page-templates\/full-width.php","meta":{"footnotes":""},"_links":{"self":[{"href":"https:\/\/www.beyazkose.com\/ar\/wp-json\/wp\/v2\/pages\/12712"}],"collection":[{"href":"https:\/\/www.beyazkose.com\/ar\/wp-json\/wp\/v2\/pages"}],"about":[{"href":"https:\/\/www.beyazkose.com\/ar\/wp-json\/wp\/v2\/types\/page"}],"author":[{"embeddable":true,"href":"https:\/\/www.beyazkose.com\/ar\/wp-json\/wp\/v2\/users\/1"}],"replies":[{"embeddable":true,"href":"https:\/\/www.beyazkose.com\/ar\/wp-json\/wp\/v2\/comments?post=12712"}],"version-history":[{"count":2,"href":"https:\/\/www.beyazkose.com\/ar\/wp-json\/wp\/v2\/pages\/12712\/revisions"}],"predecessor-version":[{"id":12839,"href":"https:\/\/www.beyazkose.com\/ar\/wp-json\/wp\/v2\/pages\/12712\/revisions\/12839"}],"wp:featuredmedia":[{"embeddable":true,"href":"https:\/\/www.beyazkose.com\/ar\/wp-json\/wp\/v2\/media\/12997"}],"wp:attachment":[{"href":"https:\/\/www.beyazkose.com\/ar\/wp-json\/wp\/v2\/media?parent=12712"}],"curies":[{"name":"wp","href":"https:\/\/api.w.org\/{rel}","templated":true}]}}