{"id":12724,"date":"2023-04-26T19:10:24","date_gmt":"2023-04-26T19:10:24","guid":{"rendered":"https:\/\/www.beyazkose.com\/?page_id=12724"},"modified":"2023-05-01T08:01:45","modified_gmt":"2023-05-01T08:01:45","slug":"dis-beyazlatma","status":"publish","type":"page","link":"https:\/\/www.beyazkose.com\/ar\/dis-beyazlatma\/","title":{"rendered":"\u062a\u0628\u064a\u064a\u0636 \u0627\u0644\u0627\u0633\u0646\u0627\u0646"},"content":{"rendered":"<div class=\"wpb-content-wrapper\"><div class=\"vc_row wpb_row vc_row-fluid\"><div class=\"wpb_column vc_column_container vc_col-sm-8\"><div class=\"vc_column-inner\"><div class=\"wpb_wrapper\">\n\t<div class=\"wpb_text_column wpb_content_element\" >\n\t\t<div class=\"wpb_wrapper\">\n\t\t\t<p>\u0642\u0644\u0629 \u0639\u0627\u062f\u0627\u062a \u062a\u0646\u0638\u064a\u0641 \u0627\u0644\u0623\u0633\u0646\u0627\u0646 \u0648\u0627\u0644\u0623\u0637\u0639\u0645\u0629 \u0627\u0644\u0645\u0633\u062a\u0647\u0644\u0643\u0629 \u0648\u0627\u0644\u0634\u064a\u062e\u0648\u062e\u0629 \u0648\u0627\u0644\u0639\u062f\u064a\u062f \u0645\u0646 \u0627\u0644\u0623\u0633\u0628\u0627\u0628 \u0627\u0644\u0623\u062e\u0631\u0649 \u062a\u062a\u0633\u0628\u0628 \u0641\u064a \u062a\u0644\u0637\u064a\u062e \u0627\u0644\u0623\u0633\u0646\u0627\u0646 \u0648\u0641\u0642\u062f\u0627\u0646 \u0628\u064a\u0627\u0636\u0647\u0627. \u0639\u0644\u0649 \u0627\u0644\u0631\u063a\u0645 \u0645\u0646 \u0623\u0646 \u0627\u0644\u0646\u0627\u0633 \u064a\u0628\u0630\u0644\u0648\u0646 \u062c\u0647\u062f\u064b\u0627 \u0634\u062e\u0635\u064a\u064b\u0627 \u0644\u062a\u0628\u064a\u064a\u0636 \u0623\u0633\u0646\u0627\u0646\u0647\u0645 \u0645\u0631\u0629 \u0623\u062e\u0631\u0649 \u060c \u0625\u0644\u0627 \u0623\u0646 \u0647\u0630\u0647 \u0627\u0644\u062c\u0647\u0648\u062f \u0639\u0627\u062f\u0629 \u0644\u0627 \u062a\u0633\u0641\u0631 \u0639\u0646 \u0646\u062a\u0627\u0626\u062c. \u0644\u0647\u0630\u0627 \u0627\u0644\u0633\u0628\u0628 \u060c \u064a\u062c\u0628 \u0627\u0644\u062a\u062e\u0637\u064a\u0637 \u0644\u0625\u062c\u0631\u0627\u0621\u0627\u062a \u062a\u0628\u064a\u064a\u0636 \u0627\u0644\u0623\u0633\u0646\u0627\u0646 \u062a\u062d\u062a \u0625\u0634\u0631\u0627\u0641 \u0627\u0644\u0637\u0628\u064a\u0628 \u0648\u0639\u0644\u0649 \u0648\u062c\u0647 \u0627\u0644\u062a\u062d\u062f\u064a\u062f \u0644\u0644\u0645\u0631\u0636\u0649.<\/p>\n<h2>\u0645\u0627 \u0647\u064a \u0623\u0633\u0628\u0627\u0628 \u0638\u0647\u0648\u0631 \u0628\u0642\u0639 \u0639\u0644\u0649 \u0627\u0644\u0623\u0633\u0646\u0627\u0646\u061f<\/h2>\n<p>\u064a\u0645\u0643\u0646 \u0623\u0646 \u064a\u062d\u062f\u062b \u062a\u0644\u0637\u064a\u062e \u0627\u0644\u0623\u0633\u0646\u0627\u0646 \u0628\u0633\u0628\u0628 \u0627\u0644\u062a\u0631\u0643\u064a\u0628 \u0627\u0644\u062f\u0627\u062e\u0644\u064a \u0623\u0648 \u0627\u0644\u062e\u0627\u0631\u062c\u064a \u0644\u0644\u0623\u0633\u0646\u0627\u0646 \u060c \u0623\u0648 \u064a\u0645\u0643\u0646 \u0623\u0646 \u064a\u062a\u0637\u0648\u0631 \u0644\u0623\u0633\u0628\u0627\u0628 \u0645\u062b\u0644 \u0627\u0644\u0634\u064a\u062e\u0648\u062e\u0629. \u0627\u0644\u0633\u0628\u0628 \u0627\u0644\u0623\u0643\u062b\u0631 \u0634\u064a\u0648\u0639\u064b\u0627 \u0644\u062a\u0644\u0637\u064a\u062e \u0627\u0644\u0623\u0633\u0646\u0627\u0646 \u0647\u0648 \u0627\u0644\u0623\u0633\u0628\u0627\u0628 \u0627\u0644\u062a\u0627\u0644\u064a\u0629:<\/p>\n<ul>\n<li>\u0627\u0644\u0627\u0633\u062a\u062e\u062f\u0627\u0645 \u0627\u0644\u0645\u0641\u0631\u0637 \u0644\u0644\u0641\u0644\u0648\u0631\u0627\u064a\u062f \u0623\u0648 \u0627\u0644\u0623\u062f\u0648\u064a\u0629 \u0627\u0644\u0645\u062d\u062a\u0648\u064a\u0629 \u0639\u0644\u0649 \u0627\u0644\u062a\u062a\u0631\u0627\u0633\u064a\u0643\u0644\u064a\u0646 \u0623\u062b\u0646\u0627\u0621 \u0627\u0644\u0637\u0641\u0648\u0644\u0629 \u060c<\/li>\n<li>\u0623\u0645\u0631\u0627\u0636 \u0627\u0644\u062d\u0645\u0649 \u0623\u062b\u0646\u0627\u0621 \u0646\u0645\u0648 \u0648\u062a\u0643\u0648\u064a\u0646 \u0627\u0644\u0623\u0633\u0646\u0627\u0646 \u060c<\/li>\n<li>\u0627\u0644\u0645\u0636\u0627\u062f\u0627\u062a \u0627\u0644\u062d\u064a\u0648\u064a\u0629 \u0627\u0644\u0645\u0633\u062a\u062e\u062f\u0645\u0629 \u0623\u062b\u0646\u0627\u0621 \u0627\u0644\u062d\u0645\u0644.<\/li>\n<li>\u0643\u0633\u0648\u0631 \u0641\u064a \u0627\u0644\u0623\u0633\u0646\u0627\u0646 \u0628\u0633\u0628\u0628 \u0627\u0644\u0635\u062f\u0645\u0629.<\/li>\n<li>\u062a\u0633\u0648\u0633 \u0627\u0644\u0623\u0633\u0646\u0627\u0646 \u0623\u0648 \u0627\u0644\u062a\u0647\u0627\u0628\u0627\u062a \u0627\u0644\u0623\u0633\u0646\u0627\u0646.<\/li>\n<li>\u0645\u0634\u0631\u0648\u0628\u0627\u062a \u062a\u0644\u0637\u064a\u062e \u0627\u0644\u0623\u0633\u0646\u0627\u0646 \u0645\u062b\u0644 \u0627\u0644\u0634\u0627\u064a \u0648\u0627\u0644\u0642\u0647\u0648\u0629 \u0648\u0627\u0644\u0646\u0628\u064a\u0630 \u0648\u0627\u0644\u0643\u0648\u0644\u0627 \u0648\u0627\u0644\u0639\u0635\u0627\u0626\u0631 \u0627\u0644\u062f\u0627\u0643\u0646\u0629 \u0648\u0627\u0644\u0645\u0634\u0631\u0648\u0628\u0627\u062a \u0627\u0644\u0645\u0645\u0627\u062b\u0644\u0629.<\/li>\n<li>\u064a\u0645\u0643\u0646 \u0625\u062c\u0631\u0627\u0621 \u062a\u0628\u064a\u064a\u0636 \u0627\u0644\u0623\u0633\u0646\u0627\u0646 \u0628\u0637\u0631\u0642 \u0645\u062e\u062a\u0644\u0641\u0629 \u0627\u0639\u062a\u0645\u0627\u062f\u064b\u0627 \u0639\u0644\u0649 \u0645\u062f\u0649 \u062a\u0644\u0637\u064a\u062e \u0627\u0644\u0623\u0633\u0646\u0627\u0646. \u0633\u064a\u0642\u0631\u0631 \u0637\u0628\u064a\u0628 \u0623\u0633\u0646\u0627\u0646\u0643 \u0627\u0644\u0637\u0631\u064a\u0642\u0629 \u0627\u0644\u0645\u0633\u062a\u062e\u062f\u0645\u0629.<\/li>\n<\/ul>\n<h2>\u0627\u0644\u0637\u0631\u0642 \u0627\u0644\u0645\u0633\u062a\u062e\u062f\u0645\u0629 \u0641\u064a \u062a\u0628\u064a\u064a\u0636 \u0627\u0644\u0623\u0633\u0646\u0627\u0646<\/h2>\n<p>\u0641\u064a \u062a\u0628\u064a\u064a\u0636 \u0627\u0644\u0623\u0633\u0646\u0627\u0646 \u060c \u064a\u0645\u0643\u0646 \u0627\u0633\u062a\u062e\u062f\u0627\u0645 3 \u0637\u0631\u0642 \u0645\u062e\u062a\u0644\u0641\u0629: \u062a\u0628\u064a\u064a\u0636 \u0627\u0644\u0623\u0633\u0646\u0627\u0646 \u0641\u064a \u0627\u0644\u0645\u0646\u0632\u0644 \u0648\u0627\u0644\u0645\u0643\u062a\u0628 \u0648\u0627\u0644\u0623\u0633\u0646\u0627\u0646 \u0627\u0644\u0641\u0631\u062f\u064a\u0629.<\/p>\n<p>\u0627\u0639\u062a\u0645\u0627\u062f\u064b\u0627 \u0639\u0644\u0649 \u0645\u062f\u0649 \u062a\u0644\u0637\u064a\u062e \u0627\u0644\u0623\u0633\u0646\u0627\u0646 \u060c \u064a\u0645\u0643\u0646 \u0627\u0633\u062a\u062e\u062f\u0627\u0645 \u0637\u0631\u064a\u0642\u0629 \u0648\u0627\u062d\u062f\u0629 \u0641\u0642\u0637 \u0623\u0648 \u064a\u0645\u0643\u0646 \u0627\u0633\u062a\u062e\u062f\u0627\u0645 \u062c\u0645\u064a\u0639\u0647\u0627 \u0645\u0639\u064b\u0627.<\/p>\n<p>\u062a\u0641\u0627\u0635\u064a\u0644 \u0627\u0644\u0637\u0631\u0642 \u0627\u0644\u0645\u0639\u0646\u064a\u0629 \u0647\u064a \u0643\u0645\u0627 \u064a\u0644\u064a:<\/p>\n<ul>\n<li>\u062a\u0628\u064a\u064a\u0636 \u0627\u0644\u0623\u0633\u0646\u0627\u0646 \u0628\u0627\u0644\u0645\u0646\u0632\u0644: \u062a\u0628\u064a\u064a\u0636 \u0627\u0644\u0623\u0633\u0646\u0627\u0646 \u0628\u0627\u0644\u0645\u0646\u0632\u0644 \u0637\u0631\u064a\u0642\u0629 \u0645\u0637\u0648\u0631\u0629 \u0644\u064a\u062a\u0645 \u062a\u0637\u0628\u064a\u0642\u0647\u0627 \u0623\u062b\u0646\u0627\u0621 \u0646\u0648\u0645 \u0627\u0644\u0645\u0631\u064a\u0636. \u064a\u062a\u0645 \u0625\u0631\u0633\u0627\u0644 \u0627\u0644\u0642\u064a\u0627\u0633\u0627\u062a \u0627\u0644\u0645\u0623\u062e\u0648\u0630\u0629 \u0645\u0646 \u0627\u0644\u0623\u0633\u0646\u0627\u0646 \u0645\u0646 \u0642\u0628\u0644 \u0627\u0644\u0637\u0628\u064a\u0628 \u0625\u0644\u0649 \u0627\u0644\u0645\u062e\u062a\u0628\u0631 \u062d\u064a\u062b \u064a\u062a\u0645 \u062a\u062d\u0636\u064a\u0631 \u0644\u0648\u062d\u0629 \u0645\u0646\u0627\u0633\u0628\u0629 \u0644\u0623\u0633\u0646\u0627\u0646 \u0627\u0644\u0645\u0631\u064a\u0636. \u0642\u0628\u0644 \u0627\u0644\u0630\u0647\u0627\u0628 \u0625\u0644\u0649 \u0627\u0644\u0641\u0631\u0627\u0634 \u060c \u064a\u0642\u0648\u0645 \u0627\u0644\u0645\u0631\u064a\u0636 \u0628\u0648\u0636\u0639 \u062c\u0644 \u062a\u0628\u064a\u064a\u0636 \u0627\u0644\u0623\u0633\u0646\u0627\u0646 \u0641\u064a \u0647\u0630\u0647 \u0627\u0644\u0628\u0644\u0627\u0643 \u0648\u064a\u0646\u0627\u0645 \u0628\u0647\u0630\u0647 \u0627\u0644\u0637\u0631\u064a\u0642\u0629. \u0639\u0627\u062f\u0629 \u0645\u0627 \u064a\u062a\u0645 \u0627\u0644\u062a\u0628\u064a\u064a\u0636 \u0627\u0644\u0645\u0637\u0644\u0648\u0628 \u0641\u064a \u063a\u0636\u0648\u0646 \u0623\u0633\u0627\u0628\u064a\u0639 \u0642\u0644\u064a\u0644\u0629.<\/li>\n<li>\u062a\u0628\u064a\u064a\u0636 \u0627\u0644\u0623\u0633\u0646\u0627\u0646 \u0641\u064a \u0627\u0644\u0645\u0643\u062a\u0628: \u0647\u0630\u0647 \u0627\u0644\u0637\u0631\u064a\u0642\u0629 \u0644\u0647\u0627 \u0648\u0642\u062a \u0639\u0644\u0627\u062c \u0642\u0635\u064a\u0631 \u0648\u0628\u0627\u0644\u062a\u0627\u0644\u064a \u0641\u0647\u064a \u0645\u062b\u0627\u0644\u064a\u0629 \u0644\u0644\u0623\u0634\u062e\u0627\u0635 \u0627\u0644\u0645\u0646\u0634\u063a\u0644\u064a\u0646 \u0623\u0648 \u0627\u0644\u0630\u064a\u0646 \u0644\u062f\u064a\u0647\u0645 \u0648\u0642\u062a \u0645\u062d\u062f\u0648\u062f. \u0641\u064a \u062a\u0628\u064a\u064a\u0636 \u0627\u0644\u0623\u0633\u0646\u0627\u0646 \u0645\u0646 \u0627\u0644\u0646\u0648\u0639 \u0627\u0644\u0645\u0643\u062a\u0628\u064a \u060c \u064a\u062a\u0645 \u0639\u0632\u0644 \u0627\u0644\u0623\u0646\u0633\u062c\u0629 \u0627\u0644\u0631\u062e\u0648\u0629 \u0628\u0627\u0633\u062a\u062e\u062f\u0627\u0645 \u0645\u0627\u062f\u0629 \u062e\u0627\u0635\u0629 \u0648\u064a\u062a\u0645 \u0648\u0636\u0639 \u062c\u0644 \u062a\u0628\u064a\u064a\u0636 \u0627\u0644\u0623\u0633\u0646\u0627\u0646 \u0639\u0644\u0649 \u0627\u0644\u0623\u0633\u0646\u0627\u0646. \u0628\u0639\u062f \u0630\u0644\u0643 \u0645\u0628\u0627\u0634\u0631\u0629 \u060c \u064a\u062a\u0645 \u0627\u0633\u062a\u062e\u062f\u0627\u0645 \u0627\u0644\u0644\u064a\u0632\u0631 \u0644\u062a\u0646\u0634\u064a\u0637 \u0627\u0644\u062c\u0644. \u0628\u0627\u0644\u0646\u0633\u0628\u0629 \u0644\u062a\u0628\u064a\u064a\u0636 \u0627\u0644\u0623\u0633\u0646\u0627\u0646 \u0628\u0647\u0630\u0647 \u0627\u0644\u0637\u0631\u064a\u0642\u0629 \u060c \u062a\u0643\u0641\u064a \u062c\u0644\u0633\u062a\u0627\u0646 \u064a\u062a\u0645 \u062a\u0637\u0628\u064a\u0642\u0647\u0645\u0627 \u0644\u0645\u062f\u0629 \u0623\u0633\u0628\u0648\u0639 \u0639\u0644\u0649 \u062d\u062f\u0629 \u062d\u0633\u0628 \u062d\u0627\u0644\u0629 \u0627\u0644\u0623\u0633\u0646\u0627\u0646.<\/li>\n<li>\u062a\u0628\u064a\u064a\u0636 \u0627\u0644\u0623\u0633\u0646\u0627\u0646 \u0627\u0644\u0648\u0627\u062d\u062f\u0629: \u0641\u064a \u0647\u0630\u0647 \u0627\u0644\u0637\u0631\u064a\u0642\u0629 \u0627\u0644\u0645\u0646\u0627\u0633\u0628\u0629 \u0644\u0644\u0623\u0633\u0646\u0627\u0646 \u0627\u0644\u062a\u064a \u062e\u0636\u0639\u062a \u0644\u0639\u0644\u0627\u062c \u0642\u0646\u0627\u0629 \u0627\u0644\u062c\u0630\u0631 \u060c \u064a\u062a\u0645 \u0623\u0648\u0644\u0627\u064b \u0625\u0632\u0627\u0644\u0629 \u062d\u0634\u0648\u0629 \u0627\u0644\u0633\u0646. \u0639\u0646\u062f \u0625\u0632\u0627\u0644\u0629 \u0627\u0644\u062d\u0634\u0648\u0629 \u060c \u064a\u062a\u0645 \u0648\u0636\u0639 \u062c\u0644 \u062a\u0628\u064a\u064a\u0636 \u0627\u0644\u0623\u0633\u0646\u0627\u0646 \u0639\u0644\u0649 \u0627\u0644\u062a\u062c\u0648\u064a\u0641 \u0627\u0644\u0646\u0627\u062a\u062c \u0648\u064a\u062a\u0645 \u0648\u0636\u0639 \u062d\u0634\u0648\u0629 \u0645\u0624\u0642\u062a\u0629 \u0639\u0644\u064a\u0647. \u0647\u0630\u0647 \u0627\u0644\u0637\u0631\u064a\u0642\u0629 \u060c \u0627\u0644\u062a\u064a \u064a\u0645\u0643\u0646 \u062a\u0643\u0631\u0627\u0631\u0647\u0627 \u0644\u0645\u062f\u0629 3 \u0623\u064a\u0627\u0645 \u060c \u064a\u0645\u0643\u0646 \u0623\u0646 \u062a\u0633\u062a\u0645\u0631 \u062d\u062a\u0649 \u062a\u0635\u0644 \u0627\u0644\u0623\u0633\u0646\u0627\u0646 \u0625\u0644\u0649 \u0627\u0644\u0628\u064a\u0627\u0636 \u0627\u0644\u0645\u0637\u0644\u0648\u0628.<\/li>\n<\/ul>\n<p>\u0645\u0646 \u0623\u062c\u0644 \u0627\u0644\u062d\u0641\u0627\u0638 \u0639\u0644\u0649 \u0628\u064a\u0627\u0636 \u0627\u0644\u0623\u0633\u0646\u0627\u0646 \u0628\u0639\u062f \u062a\u0628\u064a\u064a\u0636 \u0627\u0644\u0623\u0633\u0646\u0627\u0646 \u060c \u064a\u062c\u0628 \u0639\u0644\u0649 \u0627\u0644\u0623\u0641\u0631\u0627\u062f \u0627\u0644\u0627\u0646\u062a\u0628\u0627\u0647 \u0625\u0644\u0649 \u0627\u0644\u0639\u0646\u0627\u064a\u0629 \u0628\u0627\u0644\u0641\u0645 \u0648\u0627\u0644\u0623\u0633\u0646\u0627\u0646. \u0641\u064a \u0647\u0630\u0647 \u0627\u0644\u0645\u0631\u062d\u0644\u0629 \u060c \u0645\u0646 \u0627\u0644\u0623\u0647\u0645\u064a\u0629 \u0628\u0645\u0643\u0627\u0646 \u0627\u062a\u0628\u0627\u0639 \u062a\u0648\u0635\u064a\u0627\u062a \u0627\u0644\u0637\u0628\u064a\u0628. \u0648\u0628\u0627\u0644\u062a\u0627\u0644\u064a \u060c \u0644\u0627 \u064a\u062d\u062a\u0627\u062c \u0627\u0644\u0625\u062c\u0631\u0627\u0621 \u0625\u0644\u0649 \u0627\u0644\u062a\u0643\u0631\u0627\u0631 \u0641\u064a \u0648\u0642\u062a \u0642\u0635\u064a\u0631.<\/p>\n\n\t\t<\/div>\n\t<\/div>\n<\/div><\/div><\/div><div class=\"sticky_form_content lead-form wpb_column vc_column_container vc_col-sm-4\" id=\"lead-form\"><div class=\"vc_column-inner\"><div class=\"wpb_wrapper\">\n<div class=\"wpcf7 no-js\" id=\"wpcf7-f1555-o1\" lang=\"en-US\" dir=\"ltr\" data-wpcf7-id=\"1555\">\n<div class=\"screen-reader-response\"><p role=\"status\" aria-live=\"polite\" aria-atomic=\"true\"><\/p> <ul><\/ul><\/div>\n<form action=\"\/ar\/wp-json\/wp\/v2\/pages\/12724#wpcf7-f1555-o1\" method=\"post\" class=\"wpcf7-form init\" aria-label=\"Contact form\" novalidate=\"novalidate\" data-status=\"init\" data-trp-original-action=\"\/ar\/wp-json\/wp\/v2\/pages\/12724#wpcf7-f1555-o1\">\n<fieldset class=\"hidden-fields-container\"><input type=\"hidden\" name=\"_wpcf7\" value=\"1555\" \/><input type=\"hidden\" name=\"_wpcf7_version\" value=\"6.1.5\" \/><input type=\"hidden\" name=\"_wpcf7_locale\" value=\"en_US\" \/><input type=\"hidden\" name=\"_wpcf7_unit_tag\" value=\"wpcf7-f1555-o1\" \/><input type=\"hidden\" name=\"_wpcf7_container_post\" value=\"0\" \/><input type=\"hidden\" name=\"_wpcf7_posted_data_hash\" value=\"\" \/>\n<\/fieldset>\n<div class=\"row\">\n\t<div class=\"col-lg-12\">\n\t\t<p><span class=\"wpcf7-form-control-wrap\" data-name=\"field-header\"><input size=\"40\" maxlength=\"400\" class=\"wpcf7-form-control wpcf7-text wpcf7-validates-as-required\" aria-required=\"true\" aria-invalid=\"false\" placeholder=\"\u0627\u0633\u0645\u0643 \u0648\u0644\u0642\u0628\u0643\" value=\"\" type=\"text\" name=\"field-header\" \/><\/span>\n\t\t<\/p>\n\t<\/div>\n\t<div class=\"col-lg-12\">\n\t\t<p><span class=\"wpcf7-form-control-wrap\" data-name=\"phonetext-206\"><input size=\"40\" class=\"wpcf7-form-control wpcf7-phonetext wpcf7-validates-as-required wpcf7-text wpcf7-validates-as-phonetext\" aria-required=\"true\" aria-invalid=\"false\" placeholder=\"\" value=\"\" type=\"text\" name=\"phonetext-206\" \/><input type=\"hidden\" name=\"phonetext-206-country-code\" class=\"wpcf7-phonetext-country-code\" \/><\/span>\n\t\t<\/p>\n\t<\/div>\n\t<div class=\"col-lg-12\">\n\t\t<p><span class=\"wpcf7-form-control-wrap\" data-name=\"field-header3\"><input size=\"40\" maxlength=\"400\" class=\"wpcf7-form-control wpcf7-text wpcf7-validates-as-required\" aria-required=\"true\" aria-invalid=\"false\" placeholder=\"\u0628\u0631\u064a\u062f \u0625\u0644\u0643\u062a\u0631\u0648\u0646\u064a\" value=\"\" type=\"text\" name=\"field-header3\" \/><\/span>\n\t\t<\/p>\n\t<\/div>\n\t<div class=\"col-lg-12\">\n\t\t<p><span class=\"wpcf7-form-control-wrap\" data-name=\"field-header4\"><textarea cols=\"40\" rows=\"10\" maxlength=\"2000\" class=\"wpcf7-form-control wpcf7-textarea\" aria-invalid=\"false\" placeholder=\"\u0631\u0633\u0627\u0644\u062a\u0643\" name=\"field-header4\"><\/textarea><\/span>\n\t\t<\/p>\n\t<\/div>\n\t<div class=\"col-lg-12\">\n\t\t<p><input class=\"wpcf7-form-control wpcf7-submit has-spinner\" type=\"submit\" value=\"\u064a\u0631\u0633\u0644\" \/>\n\t\t<\/p>\n\t<\/div>\n<\/div><div class=\"wpcf7-response-output\" aria-hidden=\"true\"><\/div>\n<input type=\"hidden\" name=\"trp-form-language\" value=\"ar\"\/><\/form>\n<\/div>\n<\/div><\/div><\/div><\/div>\n<\/div>","protected":false},"excerpt":{"rendered":"Di\u015f f\u0131r\u00e7alama al\u0131\u015fkanl\u0131\u011f\u0131n\u0131n olmamas\u0131 ba\u015fta olmak \u00fczere t\u00fcketilen besinler, ya\u015fl\u0131l\u0131k ve daha pek \u00e7ok sebep di\u015flerin lekelenmesine ve beyazl\u0131\u011f\u0131n\u0131 kaybetmesine neden olur. Ki\u015filer di\u015flerini yeniden beyazlatmak i\u00e7in her ne kadar ki\u015fisel bir \u00e7aba uygulasa da, bu \u00e7abalar genellikle sonu\u00e7 vermez. Bu y\u00fczden di\u015f beyazlatma i\u015flemlerinden bir hekim kontrol\u00fcnde ve hastalara \u00f6zel olarak planlanmas\u0131 gerekir. Di\u015flerde Leke Olu\u015fmas\u0131n\u0131n Nedenleri Nelerdir? Di\u015flerde leke olu\u015fumu di\u015fin i\u00e7 ya da d\u0131\u015f yap\u0131s\u0131ndan kaynaklanabilece\u011fi gibi, ya\u015fl\u0131l\u0131k gibi nedenlere ba\u011fl\u0131 olarak da geli\u015febilir. Di\u015flerde lekelenme en s\u0131k \u015fu nedenlerle olu\u015fur: Florid ya da tetrasiklin i\u00e7eren ila\u00e7lar\u0131n \u00e7ocukluk d\u00f6neminde a\u015f\u0131r\u0131 kullan\u0131lm\u0131\u015f olmas\u0131, Di\u015flerin geli\u015fme ve oturma d\u00f6neminde ate\u015fli hastal\u0131klar ya\u015fanmas\u0131, Hamilelik d\u00f6neminde kullan\u0131lan antibiyotikler, Di\u015flerde travmaya ba\u011fl\u0131 olarak olu\u015fan k\u0131r\u0131klar, Di\u015f \u00e7\u00fcr\u00fcmesi ya da di\u015f enfeksiyonlar\u0131, \u00c7ay, kahve, \u015farap, kola, koyu renkli meyve sular\u0131 ve benzeri di\u015f boyayan i\u00e7ecekler. Di\u015f beyazlatma i\u015flemi di\u015flerdeki lekelenmenin boyutlar\u0131na da ba\u011fl\u0131 olarak farkl\u0131 y\u00f6ntemlerle ger\u00e7ekle\u015ftirilebilir. Kullan\u0131lan y\u00f6nteme hekiminiz karar verecektir. Di\u015f [...]","protected":false},"author":1,"featured_media":13013,"parent":0,"menu_order":0,"comment_status":"closed","ping_status":"closed","template":"page-templates\/full-width.php","meta":{"footnotes":""},"_links":{"self":[{"href":"https:\/\/www.beyazkose.com\/ar\/wp-json\/wp\/v2\/pages\/12724"}],"collection":[{"href":"https:\/\/www.beyazkose.com\/ar\/wp-json\/wp\/v2\/pages"}],"about":[{"href":"https:\/\/www.beyazkose.com\/ar\/wp-json\/wp\/v2\/types\/page"}],"author":[{"embeddable":true,"href":"https:\/\/www.beyazkose.com\/ar\/wp-json\/wp\/v2\/users\/1"}],"replies":[{"embeddable":true,"href":"https:\/\/www.beyazkose.com\/ar\/wp-json\/wp\/v2\/comments?post=12724"}],"version-history":[{"count":3,"href":"https:\/\/www.beyazkose.com\/ar\/wp-json\/wp\/v2\/pages\/12724\/revisions"}],"predecessor-version":[{"id":12842,"href":"https:\/\/www.beyazkose.com\/ar\/wp-json\/wp\/v2\/pages\/12724\/revisions\/12842"}],"wp:featuredmedia":[{"embeddable":true,"href":"https:\/\/www.beyazkose.com\/ar\/wp-json\/wp\/v2\/media\/13013"}],"wp:attachment":[{"href":"https:\/\/www.beyazkose.com\/ar\/wp-json\/wp\/v2\/media?parent=12724"}],"curies":[{"name":"wp","href":"https:\/\/api.w.org\/{rel}","templated":true}]}}