{"id":12725,"date":"2023-04-26T19:10:37","date_gmt":"2023-04-26T19:10:37","guid":{"rendered":"https:\/\/www.beyazkose.com\/?page_id=12725"},"modified":"2023-05-01T08:02:31","modified_gmt":"2023-05-01T08:02:31","slug":"estetik-dis-dolgusu","status":"publish","type":"page","link":"https:\/\/www.beyazkose.com\/ar\/estetik-dis-dolgusu\/","title":{"rendered":"\u0627\u0644\u062d\u0634\u0648 \u0627\u0644\u062a\u062c\u0645\u064a\u0644\u064a \u0644\u0644\u0623\u0633\u0646\u0627\u0646"},"content":{"rendered":"<div class=\"wpb-content-wrapper\"><div class=\"vc_row wpb_row vc_row-fluid\"><div class=\"wpb_column vc_column_container vc_col-sm-8\"><div class=\"vc_column-inner\"><div class=\"wpb_wrapper\">\n\t<div class=\"wpb_text_column wpb_content_element\" >\n\t\t<div class=\"wpb_wrapper\">\n\t\t\t<p>\u062d\u062a\u0649 \u0627\u0644\u0633\u0646\u0648\u0627\u062a \u0627\u0644\u0645\u0627\u0636\u064a\u0629 \u0643\u0627\u0646 \u064a\u062a\u0645 \u0625\u062c\u0631\u0627\u0621 \u062a\u0637\u0628\u064a\u0642\u0627\u062a \u0627\u0644\u062d\u0634\u0648 \u0627\u0644\u0623\u0633\u0648\u062f \u0639\u0644\u0649 \u0627\u0644\u0623\u0633\u0646\u0627\u0646 \u0645\u0645\u0627 \u0623\u062f\u0649 \u0625\u0644\u0649 \u0638\u0647\u0648\u0631\u0647\u0627 \u0628\u0634\u0643\u0644 \u0633\u064a\u0621 \u062e\u0627\u0635\u0629 \u0639\u0644\u0649 \u0627\u0644\u0623\u0633\u0646\u0627\u0646 \u0627\u0644\u0623\u0645\u0627\u0645\u064a\u0629. \u0648\u0645\u0639 \u0630\u0644\u0643 \u060c \u0627\u0644\u064a\u0648\u0645 \u060c \u0628\u0641\u0636\u0644 \u0627\u0644\u062d\u0634\u0648\u0627\u062a \u0627\u0644\u062a\u062c\u0645\u064a\u0644\u064a\u0629 \u0644\u0644\u0623\u0633\u0646\u0627\u0646 \u060c \u064a\u0645\u0643\u0646 \u0625\u062c\u0631\u0627\u0621 \u0627\u0644\u0625\u062c\u0631\u0627\u0621 \u0627\u0644\u0645\u0639\u0646\u064a \u0645\u0639 \u0627\u0644\u062d\u0641\u0627\u0638 \u0639\u0644\u0649 \u0627\u0644\u0628\u0646\u064a\u0629 \u0627\u0644\u0637\u0628\u064a\u0639\u064a\u0629 \u0648\u0627\u0644\u062c\u0645\u0627\u0644\u064a\u0629 \u0644\u0644\u0623\u0633\u0646\u0627\u0646.<\/p>\n<h2>\u0645\u0627 \u0647\u0648 \u062d\u0634\u0648 \u0627\u0644\u0623\u0633\u0646\u0627\u0646 \u0627\u0644\u062a\u062c\u0645\u064a\u0644\u064a\u061f \u0644\u0645\u0627\u0630\u0627 \u064a\u062a\u0645 \u062a\u0637\u0628\u064a\u0642\u0647\u061f<\/h2>\n<p>\u0627\u0644\u062d\u0634\u0648 \u0627\u0644\u062a\u062c\u0645\u064a\u0644\u064a \u0644\u0644\u0623\u0633\u0646\u0627\u0646 \u0647\u0648 \u0641\u064a \u0627\u0644\u0623\u0633\u0627\u0633 \u0625\u062c\u0631\u0627\u0621 \u064a\u062a\u0645 \u0625\u062c\u0631\u0627\u0624\u0647 \u0644\u0644\u0642\u0636\u0627\u0621 \u0639\u0644\u0649 \u0627\u0644\u062e\u0633\u0627\u0626\u0631 \u0641\u064a \u0623\u0646\u0633\u062c\u0629 \u0627\u0644\u0623\u0633\u0646\u0627\u0646. \u0641\u064a \u0647\u0630\u0647 \u0627\u0644\u0639\u0645\u0644\u064a\u0629 \u0627\u0644\u062a\u064a \u062a\u062a\u0645 \u0628\u0627\u0633\u062a\u062e\u062f\u0627\u0645 \u0627\u0644\u062d\u0634\u0648 \u0627\u0644\u0645\u0631\u0643\u0628 \u060c \u064a\u062a\u0645 \u062a\u0639\u062f\u064a\u0644 \u0627\u0644\u062d\u0634\u0648\u0629 \u0627\u0644\u0645\u0631\u0627\u062f \u0627\u0633\u062a\u062e\u062f\u0627\u0645\u0647\u0627 \u062d\u0633\u0628 \u0644\u0648\u0646 \u0623\u0633\u0646\u0627\u0646 \u0627\u0644\u0645\u0631\u064a\u0636 \u060c \u0628\u062d\u064a\u062b \u064a\u0643\u0648\u0646 \u0644\u0644\u0623\u0633\u0646\u0627\u0646 \u0645\u0638\u0647\u0631 \u0637\u0628\u064a\u0639\u064a. \u064a\u0645\u0643\u0646 \u0623\u064a\u0636\u064b\u0627 \u0627\u0633\u062a\u062e\u062f\u0627\u0645 \u0645\u0648\u0627\u062f \u0627\u0644\u062d\u0634\u0648 \u0627\u0644\u0631\u0627\u0628\u0637\u0629 \u0628\u062f\u0644\u0627\u064b \u0645\u0646 \u0627\u0644\u0645\u0648\u0627\u062f \u0627\u0644\u0645\u0631\u0643\u0628\u0629 \u0639\u0646\u062f \u0627\u0644\u0636\u0631\u0648\u0631\u0629. \u0623\u063a\u0631\u0627\u0636 \u0627\u0633\u062a\u062e\u062f\u0627\u0645 \u0627\u0644\u062d\u0634\u0648\u0627\u062a \u0627\u0644\u062a\u062c\u0645\u064a\u0644\u064a\u0629 \u0647\u064a \u0643\u0645\u0627 \u064a\u0644\u064a:<\/p>\n<ul>\n<li>\u062a\u0635\u062d\u064a\u062d \u062a\u063a\u064a\u0631 \u0644\u0648\u0646 \u0627\u0644\u0623\u0633\u0646\u0627\u0646 \u0627\u0644\u062f\u0627\u0626\u0645.<\/li>\n<li>\u0625\u0635\u0644\u0627\u062d \u0627\u0644\u0623\u0633\u0646\u0627\u0646 \u0627\u0644\u0645\u0643\u0633\u0648\u0631\u0629 \u0623\u0648 \u0627\u0644\u0645\u0641\u0642\u0648\u062f\u0629 \u0628\u0633\u0628\u0628 \u0627\u0644\u0635\u062f\u0645\u0629 \u0623\u0648 \u0627\u0644\u062a\u0633\u0648\u0633.<\/li>\n<li>\u062a\u062d\u0642\u064a\u0642 \u062a\u0635\u0645\u064a\u0645 \u0627\u0628\u062a\u0633\u0627\u0645\u0629 \u0634\u062e\u0635\u064a \u0639\u0646 \u0637\u0631\u064a\u0642 \u0625\u062c\u0631\u0627\u0621 \u062a\u063a\u064a\u064a\u0631\u0627\u062a \u0641\u064a \u0634\u0643\u0644 \u0627\u0644\u0623\u0633\u0646\u0627\u0646 \u060c<\/li>\n<li>\u0625\u0637\u0627\u0644\u0629 \u0627\u0644\u0623\u0633\u0646\u0627\u0646 \u0623\u0648 \u0633\u062f \u0627\u0644\u0641\u062c\u0648\u0627\u062a \u0628\u064a\u0646 \u0627\u0644\u0623\u0633\u0646\u0627\u0646.<\/li>\n<\/ul>\n<p>\u0628\u0647\u0630\u0647 \u0627\u0644\u0637\u0631\u064a\u0642\u0629 \u060c \u064a\u062a\u0645 \u062a\u0635\u0645\u064a\u0645 \u0627\u0628\u062a\u0633\u0627\u0645\u0629 \u0634\u062e\u0635\u064a\u0629. \u064a\u0634\u0639\u0631 \u0627\u0644\u0623\u0641\u0631\u0627\u062f \u0628\u062a\u062d\u0633\u0646 \u0643\u0628\u064a\u0631 \u0648\u064a\u0633\u062a\u0639\u064a\u062f\u0648\u0646 \u062b\u0642\u062a\u0647\u0645 \u0628\u0623\u0646\u0641\u0633\u0647\u0645 \u0639\u0646\u062f\u0645\u0627 \u064a\u062a\u062e\u0644\u0635\u0648\u0646 \u0645\u0646 \u0645\u0638\u0647\u0631\u0647\u0645 \u0627\u0644\u0633\u064a\u0626.<\/p>\n<h2>\u0643\u064a\u0641 \u064a\u062a\u0645 \u062a\u0637\u0628\u064a\u0642 \u062d\u0634\u0648 \u0627\u0644\u0623\u0633\u0646\u0627\u0646 \u0627\u0644\u062a\u062c\u0645\u064a\u0644\u064a\u061f<\/h2>\n<p>\u0623\u0648\u0644\u0627\u064b \u060c \u064a\u062a\u0645 \u0623\u062e\u0630 \u0639\u064a\u0646\u0627\u062a \u0627\u0644\u0623\u0646\u0633\u062c\u0629 \u0648\u0627\u0644\u0623\u0633\u0646\u0627\u0646 \u0645\u0646 \u0627\u0644\u0645\u0631\u0636\u0649 \u0648\u0625\u062c\u0631\u0627\u0621 \u062f\u0631\u0627\u0633\u0629 \u0623\u0648\u0644\u064a\u0629 \u0644\u0625\u0639\u062f\u0627\u062f \u0645\u0627\u062f\u0629 \u062d\u0634\u0648 \u0645\u0646\u0627\u0633\u0628\u0629 \u0644\u0623\u0633\u0646\u0627\u0646 \u0627\u0644\u0645\u0631\u064a\u0636. \u0627\u0644\u062e\u0637\u0648\u0627\u062a \u0627\u0644\u0645\u062a\u0628\u0639\u0629 \u0628\u0639\u062f \u0630\u0644\u0643 \u0645\u0628\u0627\u0634\u0631\u0629 \u0647\u064a \u0643\u0645\u0627 \u064a\u0644\u064a:<\/p>\n<p>\u064a\u062a\u0645 \u062a\u0637\u0628\u064a\u0642 \u0627\u0644\u062a\u062e\u062f\u064a\u0631 \u0627\u0644\u0645\u0648\u0636\u0639\u064a \u060c<\/p>\n<p>\u064a\u062a\u0645 \u0648\u0636\u0639 \u0627\u0644\u062d\u0634\u0648\u0629 \u0627\u0644\u0645\u0631\u0643\u0628\u0629 \u0641\u064a \u0637\u0628\u0642\u0627\u062a \u0641\u064a \u0627\u0644\u062a\u062c\u0627\u0648\u064a\u0641 \u0627\u0644\u0645\u062a\u0643\u0648\u0646\u0629 \u0639\u0644\u0649 \u0627\u0644\u0633\u0646 \u060c<\/p>\n<p>\u0645\u0627\u062f\u0629 \u0627\u0644\u062d\u0634\u0648 \u0627\u0644\u062a\u064a \u062a\u0635\u0644\u0628 \u0641\u064a \u0636\u0648\u0621 \u0627\u0644\u0647\u0627\u0644\u0648\u062c\u064a\u0646 \u0645\u0631\u062a\u0628\u0637\u0629 \u0643\u064a\u0645\u064a\u0627\u0626\u064a\u0627\u064b \u0628\u0627\u0644\u0623\u0633\u0646\u0627\u0646 \u060c<\/p>\n<p>\u0625\u0630\u0627 \u0644\u0632\u0645 \u0627\u0644\u0623\u0645\u0631 \u060c \u064a\u062a\u0645 \u0625\u062c\u0631\u0627\u0621 \u0627\u0644\u062a\u0644\u0645\u064a\u0639.<\/p>\n<p>\u0641\u064a \u062d\u064a\u0646 \u0623\u0646 \u0627\u0644\u062d\u0634\u0648 \u0627\u0644\u0645\u0631\u0643\u0628 \u0645\u062b\u0627\u0644\u064a \u0644\u0644\u0623\u0633\u0646\u0627\u0646 \u063a\u064a\u0631 \u0627\u0644\u0645\u0631\u0626\u064a\u0629 \u0628\u0634\u0643\u0644 \u0643\u0628\u064a\u0631 \u060c \u0625\u0644\u0627 \u0623\u0646 \u062d\u0634\u0648 \u0627\u0644\u0628\u0648\u0631\u0633\u0644\u064a\u0646 \u0642\u062f \u064a\u0643\u0648\u0646 \u0645\u0641\u0636\u0644\u0627\u064b \u0644\u0644\u0623\u0633\u0646\u0627\u0646 \u0627\u0644\u0623\u0645\u0627\u0645\u064a\u0629. \u0642\u062f \u064a\u0633\u062a\u063a\u0631\u0642 \u0648\u0642\u062a \u0627\u0644\u062a\u0637\u0628\u064a\u0642 \u0645\u0627 \u0628\u064a\u0646 15 \u062f\u0642\u064a\u0642\u0629 \u0648\u0633\u0627\u0639\u0629 \u0648\u0627\u062d\u062f\u0629 \u062d\u0633\u0628 \u0627\u0644\u0645\u0646\u0637\u0642\u0629 \u0627\u0644\u0645\u0631\u0627\u062f \u062a\u0637\u0628\u064a\u0642\u0647\u0627 \u0648\u0639\u062f\u062f \u0627\u0644\u0623\u0633\u0646\u0627\u0646.<\/p>\n<h2>\u0645\u0627 \u0647\u064a \u0645\u0645\u064a\u0632\u0627\u062a \u0627\u0644\u062d\u0634\u0648 \u0627\u0644\u062a\u062c\u0645\u064a\u0644\u064a \u0644\u0644\u0623\u0633\u0646\u0627\u0646\u061f<\/h2>\n<p>\u0623\u0643\u0628\u0631 \u0645\u064a\u0632\u0629 \u0644\u0644\u062d\u0634\u0648\u0627\u062a \u0627\u0644\u062a\u062c\u0645\u064a\u0644\u064a\u0629 \u0644\u0644\u0623\u0633\u0646\u0627\u0646 \u0647\u064a \u0623\u0646\u0647\u0627 \u062a\u062a\u0645\u062a\u0639 \u0628\u0645\u0638\u0647\u0631 \u0623\u0643\u062b\u0631 \u062c\u0645\u0627\u0644\u0627\u064b \u0648\u062c\u0645\u0627\u0644\u0627\u064b \u062d\u064a\u062b \u0644\u0646 \u064a\u0643\u0648\u0646 \u0644\u0647\u0627 \u0645\u0638\u0647\u0631 \u0645\u062e\u062a\u0644\u0641 \u0639\u0646 \u0644\u0648\u0646 \u0627\u0644\u0623\u0633\u0646\u0627\u0646.<\/p>\n<p>\u064a\u062a\u0645 \u062a\u0637\u0628\u064a\u0642\u0647\u0627 \u0644\u064a\u0633 \u0641\u0642\u0637 \u0644\u062d\u0644 \u0627\u0644\u0645\u0634\u0643\u0644\u0627\u062a \u0627\u0644\u0648\u0638\u064a\u0641\u064a\u0629 \u0648\u0644\u0643\u0646 \u0623\u064a\u0636\u064b\u0627 \u0644\u062d\u0644 \u0627\u0644\u0645\u0634\u0643\u0644\u0627\u062a \u0627\u0644\u062c\u0645\u0627\u0644\u064a\u0629. \u0627\u0644\u0645\u0632\u0627\u064a\u0627 \u0627\u0644\u0628\u0627\u0631\u0632\u0629 \u0627\u0644\u0623\u062e\u0631\u0649 \u0644\u062d\u0634\u0648\u0627\u062a \u0627\u0644\u0623\u0633\u0646\u0627\u0646 \u0627\u0644\u062a\u062c\u0645\u064a\u0644\u064a\u0629 \u0647\u064a \u0643\u0645\u0627 \u064a\u0644\u064a:<\/p>\n<ul>\n<li>\u0644\u0627 \u064a\u0645\u0643\u0646 \u0644\u0644\u063a\u0631\u064a\u0628 \u0623\u0646 \u064a\u0641\u0647\u0645 \u0623\u0646 \u0647\u0646\u0627\u0643 \u062d\u0634\u0648\u0629 \u0639\u0644\u0649 \u0627\u0644\u0633\u0646 \u060c<\/li>\n<li>\u0644\u0627 \u064a\u0639\u0627\u0646\u064a \u0627\u0644\u0645\u0631\u0636\u0649 \u0645\u0646 \u0623\u064a \u0631\u062f \u0641\u0639\u0644 \u062a\u062d\u0633\u0633\u064a.<\/li>\n<li>\u064a\u062a\u0645 \u0625\u0639\u0637\u0627\u0621 \u0628\u0646\u064a\u0629 \u0627\u0644\u0623\u0633\u0646\u0627\u0646 \u0627\u0644\u0645\u0638\u0647\u0631 \u0627\u0644\u0637\u0628\u064a\u0639\u064a \u0648\u0627\u0644\u062c\u0645\u0627\u0644 \u060c<\/li>\n<li>\u064a\u0635\u0644\u062d \u0644\u0644\u0645\u0631\u0636\u0649 \u0645\u0646 \u062c\u0645\u064a\u0639 \u0627\u0644\u0623\u0639\u0645\u0627\u0631 \u0645\u0627 \u0644\u0645 \u064a\u0643\u0646 \u0647\u0646\u0627\u0643 \u0625\u0639\u0627\u0642\u0629 \u060c<\/li>\n<li>\u0644\u0627 \u062d\u0633\u0627\u0633\u064a\u0629 \u0644\u0644\u0623\u0637\u0639\u0645\u0629 \u0648\u0627\u0644\u0645\u0634\u0631\u0648\u0628\u0627\u062a \u0627\u0644\u0633\u0627\u062e\u0646\u0629 \u0648\u0627\u0644\u0628\u0627\u0631\u062f\u0629 \u060c<\/li>\n<li>\u0645\u062a\u0648\u0627\u0641\u0642 \u0645\u0639 \u0623\u0646\u0633\u062c\u0629 \u0627\u0644\u0641\u0645 \u060c<\/li>\n<li>\u0644\u0627 \u064a\u0633\u0628\u0628 \u0623\u064a \u0645\u0634\u0627\u0643\u0644 \u0648\u0638\u064a\u0641\u064a\u0629 \u0648\u0644\u0647 \u0639\u0645\u0631 \u062e\u062f\u0645\u0629 \u0637\u0648\u064a\u0644.<\/li>\n<\/ul>\n<p>\u0644\u0646 \u062a\u062a\u0633\u0627\u0642\u0637 \u0627\u0644\u062d\u0634\u0648\u0629 \u0627\u0644\u062a\u062c\u0645\u064a\u0644\u064a\u0629 \u0644\u0644\u0623\u0633\u0646\u0627\u0646 \u062d\u062a\u0649 \u0625\u0630\u0627 \u0643\u0646\u062a \u062a\u0633\u062a\u0647\u0644\u0643 \u0623\u0637\u0639\u0645\u0629 \u0642\u0627\u0633\u064a\u0629 \u062c\u062f\u064b\u0627 \u060c \u0625\u0630\u0627 \u062a\u0645 \u062a\u0646\u0641\u064a\u0630 \u0627\u0644\u0637\u0644\u0628 \u0628\u0634\u0643\u0644 \u0635\u062d\u064a\u062d \u0645\u0646 \u0642\u0628\u0644 \u0637\u0628\u064a\u0628 \u0645\u062a\u062e\u0635\u0635 \u0648\u0630\u0648 \u062e\u0628\u0631\u0629. \u0648\u0628\u0627\u0644\u0645\u062b\u0644 \u060c \u0637\u0627\u0644\u0645\u0627 \u0623\u0646\u0643 \u062a\u0648\u0644\u064a \u0627\u0647\u062a\u0645\u0627\u0645\u064b\u0627 \u062e\u0627\u0635\u064b\u0627 \u0644\u0635\u062d\u0629 \u0627\u0644\u0641\u0645 \u0648\u0627\u0644\u0623\u0633\u0646\u0627\u0646 \u060c \u0641\u0625\u0646 \u0639\u0645\u0631 \u062d\u0634\u0648\u0627\u062a \u0627\u0644\u0623\u0633\u0646\u0627\u0646 \u0627\u0644\u062a\u062c\u0645\u064a\u0644\u064a\u0629 \u0633\u064a\u0643\u0648\u0646 \u0639\u0644\u0649 \u0627\u0644\u0623\u0642\u0644 \u0645\u0646 5 \u0625\u0644\u0649 10 \u0633\u0646\u0648\u0627\u062a.<\/p>\n\n\t\t<\/div>\n\t<\/div>\n<\/div><\/div><\/div><div class=\"sticky_form_content lead-form wpb_column vc_column_container vc_col-sm-4\" id=\"lead-form\"><div class=\"vc_column-inner\"><div class=\"wpb_wrapper\">\n<div class=\"wpcf7 no-js\" id=\"wpcf7-f1555-o1\" lang=\"en-US\" dir=\"ltr\" data-wpcf7-id=\"1555\">\n<div class=\"screen-reader-response\"><p role=\"status\" aria-live=\"polite\" aria-atomic=\"true\"><\/p> <ul><\/ul><\/div>\n<form action=\"\/ar\/wp-json\/wp\/v2\/pages\/12725#wpcf7-f1555-o1\" method=\"post\" class=\"wpcf7-form init\" aria-label=\"Contact form\" novalidate=\"novalidate\" data-status=\"init\" data-trp-original-action=\"\/ar\/wp-json\/wp\/v2\/pages\/12725#wpcf7-f1555-o1\">\n<fieldset class=\"hidden-fields-container\"><input type=\"hidden\" name=\"_wpcf7\" value=\"1555\" \/><input type=\"hidden\" name=\"_wpcf7_version\" value=\"6.1.5\" \/><input type=\"hidden\" name=\"_wpcf7_locale\" value=\"en_US\" \/><input type=\"hidden\" name=\"_wpcf7_unit_tag\" value=\"wpcf7-f1555-o1\" \/><input type=\"hidden\" name=\"_wpcf7_container_post\" value=\"0\" \/><input type=\"hidden\" name=\"_wpcf7_posted_data_hash\" value=\"\" \/>\n<\/fieldset>\n<div class=\"row\">\n\t<div class=\"col-lg-12\">\n\t\t<p><span class=\"wpcf7-form-control-wrap\" data-name=\"field-header\"><input size=\"40\" maxlength=\"400\" class=\"wpcf7-form-control wpcf7-text wpcf7-validates-as-required\" aria-required=\"true\" aria-invalid=\"false\" placeholder=\"\u0627\u0633\u0645\u0643 \u0648\u0644\u0642\u0628\u0643\" value=\"\" type=\"text\" name=\"field-header\" \/><\/span>\n\t\t<\/p>\n\t<\/div>\n\t<div class=\"col-lg-12\">\n\t\t<p><span class=\"wpcf7-form-control-wrap\" data-name=\"phonetext-206\"><input size=\"40\" class=\"wpcf7-form-control wpcf7-phonetext wpcf7-validates-as-required wpcf7-text wpcf7-validates-as-phonetext\" aria-required=\"true\" aria-invalid=\"false\" placeholder=\"\" value=\"\" type=\"text\" name=\"phonetext-206\" \/><input type=\"hidden\" name=\"phonetext-206-country-code\" class=\"wpcf7-phonetext-country-code\" \/><\/span>\n\t\t<\/p>\n\t<\/div>\n\t<div class=\"col-lg-12\">\n\t\t<p><span class=\"wpcf7-form-control-wrap\" data-name=\"field-header3\"><input size=\"40\" maxlength=\"400\" class=\"wpcf7-form-control wpcf7-text wpcf7-validates-as-required\" aria-required=\"true\" aria-invalid=\"false\" placeholder=\"\u0628\u0631\u064a\u062f \u0625\u0644\u0643\u062a\u0631\u0648\u0646\u064a\" value=\"\" type=\"text\" name=\"field-header3\" \/><\/span>\n\t\t<\/p>\n\t<\/div>\n\t<div class=\"col-lg-12\">\n\t\t<p><span class=\"wpcf7-form-control-wrap\" data-name=\"field-header4\"><textarea cols=\"40\" rows=\"10\" maxlength=\"2000\" class=\"wpcf7-form-control wpcf7-textarea\" aria-invalid=\"false\" placeholder=\"\u0631\u0633\u0627\u0644\u062a\u0643\" name=\"field-header4\"><\/textarea><\/span>\n\t\t<\/p>\n\t<\/div>\n\t<div class=\"col-lg-12\">\n\t\t<p><input class=\"wpcf7-form-control wpcf7-submit has-spinner\" type=\"submit\" value=\"\u064a\u0631\u0633\u0644\" \/>\n\t\t<\/p>\n\t<\/div>\n<\/div><div class=\"wpcf7-response-output\" aria-hidden=\"true\"><\/div>\n<input type=\"hidden\" name=\"trp-form-language\" value=\"ar\"\/><\/form>\n<\/div>\n<\/div><\/div><\/div><\/div>\n<\/div>","protected":false},"excerpt":{"rendered":"Di\u015flerde ge\u00e7ti\u011fimiz y\u0131llara kadar siyah dolgu uygulamalar\u0131 ger\u00e7ekle\u015ftiriliyordu ve bu durum \u00f6zellikle \u00f6n di\u015flerde k\u00f6t\u00fc bir g\u00f6r\u00fcnt\u00fc olu\u015fmas\u0131na neden oluyordu. Oysa g\u00fcn\u00fcm\u00fczde estetik di\u015f dolgular\u0131 sayesinde s\u00f6z konusu i\u015flem di\u015flerin do\u011fal ve estetik yap\u0131s\u0131 korunarak ger\u00e7ekle\u015ftirilebiliyor. Estetik Di\u015f Dolgusu Nedir? Neden Uygulan\u0131r? Estetik di\u015f dolgusu, en temelde di\u015f dokular\u0131nda meydana gelen kay\u0131plar\u0131n giderilmesi ad\u0131na ger\u00e7ekle\u015ftirilen bir i\u015flemdir. Kompozit dolgu kullan\u0131larak ger\u00e7ekle\u015ftirilen bu i\u015flemde, kullan\u0131lacak olan dolgu hastan\u0131n di\u015f rengine g\u00f6re ayarland\u0131\u011f\u0131 i\u00e7in di\u015flerin do\u011fal bir g\u00f6r\u00fcn\u00fcme kavu\u015fmas\u0131 sa\u011flan\u0131r. Gerekli g\u00f6r\u00fcld\u00fc\u011f\u00fc durumlarda kompozit yerine bonding dolgu materyalleri de kullan\u0131labilir. Estetik dolgular\u0131n kullan\u0131m ama\u00e7lar\u0131 \u015funlard\u0131r: Di\u015flerde meydana gelen kal\u0131c\u0131 renk bozuklu\u011funun d\u00fczeltilmesi, Travmaya ya da \u00e7\u00fcr\u00fcklere ba\u011fl\u0131 olarak k\u0131r\u0131lm\u0131\u015f ya da eksilmi\u015f di\u015flerin onar\u0131lmas\u0131, Di\u015flerde \u015fekil de\u011fi\u015fiklikleri yaparak ki\u015fiye \u00f6zel bir g\u00fcl\u00fc\u015f tasar\u0131m\u0131 ger\u00e7ekle\u015ftirilmesi, Di\u015f boyunun uzat\u0131lmas\u0131 ya da di\u015fler aras\u0131nda olu\u015fan bo\u015fluklar\u0131n kapat\u0131lmas\u0131. B\u00f6ylelikle ki\u015fiye \u00f6zel olarak bir g\u00fcl\u00fc\u015f tasar\u0131m\u0131 yap\u0131lm\u0131\u015f olur. Bireyler k\u00f6t\u00fc g\u00f6r\u00fcnt\u00fcden kurtulduklar\u0131 i\u00e7in kendilerini \u00e7ok daha iyi [...]","protected":false},"author":1,"featured_media":13015,"parent":0,"menu_order":0,"comment_status":"closed","ping_status":"closed","template":"page-templates\/full-width.php","meta":{"footnotes":""},"_links":{"self":[{"href":"https:\/\/www.beyazkose.com\/ar\/wp-json\/wp\/v2\/pages\/12725"}],"collection":[{"href":"https:\/\/www.beyazkose.com\/ar\/wp-json\/wp\/v2\/pages"}],"about":[{"href":"https:\/\/www.beyazkose.com\/ar\/wp-json\/wp\/v2\/types\/page"}],"author":[{"embeddable":true,"href":"https:\/\/www.beyazkose.com\/ar\/wp-json\/wp\/v2\/users\/1"}],"replies":[{"embeddable":true,"href":"https:\/\/www.beyazkose.com\/ar\/wp-json\/wp\/v2\/comments?post=12725"}],"version-history":[{"count":2,"href":"https:\/\/www.beyazkose.com\/ar\/wp-json\/wp\/v2\/pages\/12725\/revisions"}],"predecessor-version":[{"id":12843,"href":"https:\/\/www.beyazkose.com\/ar\/wp-json\/wp\/v2\/pages\/12725\/revisions\/12843"}],"wp:featuredmedia":[{"embeddable":true,"href":"https:\/\/www.beyazkose.com\/ar\/wp-json\/wp\/v2\/media\/13015"}],"wp:attachment":[{"href":"https:\/\/www.beyazkose.com\/ar\/wp-json\/wp\/v2\/media?parent=12725"}],"curies":[{"name":"wp","href":"https:\/\/api.w.org\/{rel}","templated":true}]}}