{"id":12726,"date":"2023-04-26T19:10:42","date_gmt":"2023-04-26T19:10:42","guid":{"rendered":"https:\/\/www.beyazkose.com\/?page_id=12726"},"modified":"2023-05-01T08:02:57","modified_gmt":"2023-05-01T08:02:57","slug":"seramik-dis-dolgusu","status":"publish","type":"page","link":"https:\/\/www.beyazkose.com\/ar\/seramik-dis-dolgusu\/","title":{"rendered":"\u062d\u0634\u0648\u0629 \u0627\u0644\u0623\u0633\u0646\u0627\u0646 \u0645\u0646 \u0627\u0644\u0633\u064a\u0631\u0627\u0645\u064a\u0643"},"content":{"rendered":"<div class=\"wpb-content-wrapper\"><div class=\"vc_row wpb_row vc_row-fluid\"><div class=\"wpb_column vc_column_container vc_col-sm-8\"><div class=\"vc_column-inner\"><div class=\"wpb_wrapper\">\n\t<div class=\"wpb_text_column wpb_content_element\" >\n\t\t<div class=\"wpb_wrapper\">\n\t\t\t<p>\u0625\u0630\u0627 \u0644\u0645 \u062a\u062a\u0636\u0631\u0631 \u0627\u0644\u0623\u0633\u0646\u0627\u0646 \u0628\u0645\u0627 \u064a\u0643\u0641\u064a \u0644\u062a\u063a\u0637\u064a\u062a\u0647\u0627 \u0628\u0627\u0644\u062a\u0627\u062c \u060c \u0641\u064a\u0645\u0643\u0646 \u0627\u0644\u0642\u0636\u0627\u0621 \u0639\u0644\u0649 \u0623\u0648\u062c\u0647 \u0627\u0644\u0642\u0635\u0648\u0631 \u0623\u0648 \u0641\u0642\u062f\u0627\u0646 \u0627\u0644\u0645\u0648\u0627\u062f \u0641\u064a \u0627\u0644\u0623\u0633\u0646\u0627\u0646 \u0628\u062d\u0634\u0648\u0627\u062a \u0627\u0644\u0633\u064a\u0631\u0627\u0645\u064a\u0643. \u0639\u0644\u0627\u0648\u0629 \u0639\u0644\u0649 \u0630\u0644\u0643 \u060c \u064a\u0641\u0636\u0644 \u0627\u0644\u0623\u0641\u0631\u0627\u062f \u0627\u0644\u0630\u064a\u0646 \u064a\u0631\u063a\u0628\u0648\u0646 \u0641\u064a \u062a\u0643\u0648\u064a\u0646 \u0645\u0638\u0647\u0631 \u062c\u0645\u0627\u0644\u064a \u0648\u062c\u0648\u062f \u0628\u0646\u064a\u0629 \u0637\u0628\u064a\u0639\u064a\u0629.<\/p>\n<h2>\u0645\u0627 \u0647\u0648 \u062d\u0634\u0648 \u0627\u0644\u0623\u0633\u0646\u0627\u0646 \u0628\u0627\u0644\u0633\u064a\u0631\u0627\u0645\u064a\u0643\u061f<\/h2>\n<p>\u062a\u0633\u062a\u062e\u062f\u0645 \u062d\u0634\u0648\u0627\u062a \u0627\u0644\u0633\u064a\u0631\u0627\u0645\u064a\u0643 \u0644\u0644\u062a\u062e\u0644\u0635 \u0645\u0646 \u0641\u0642\u062f\u0627\u0646 \u0627\u0644\u0645\u0648\u0627\u062f \u0641\u064a \u0627\u0644\u0623\u0633\u0646\u0627\u0646 \u0628\u0633\u0628\u0628 \u0639\u0648\u0627\u0645\u0644 \u0645\u062b\u0644 \u0627\u0644\u0635\u062f\u0645\u0629 \u060c \u0627\u0644\u062a\u0633\u0648\u0633 \u0623\u0648 \u0639\u0644\u0627\u062c \u0642\u0646\u0627\u0629 \u0627\u0644\u062c\u0630\u0631 \u0648\u0625\u0643\u0645\u0627\u0644 \u0627\u0644\u0623\u062c\u0632\u0627\u0621 \u0627\u0644\u0645\u0641\u0642\u0648\u062f\u0629. \u064a\u062a\u0645 \u062a\u062d\u0636\u064a\u0631 \u062d\u0634\u0648\u0627\u062a \u0627\u0644\u0633\u064a\u0631\u0627\u0645\u064a\u0643 \u0627\u0644\u0645\u0633\u062a\u062e\u062f\u0645\u0629 \u0641\u064a \u0627\u0644\u062a\u0631\u0645\u064a\u0645 \u0641\u064a \u0628\u064a\u0626\u0629 \u0645\u0639\u0645\u0644\u064a\u0629 \u0648\u0639\u0627\u062f\u0629 \u0645\u0627 \u062a\u0643\u0648\u0646 \u0645\u0635\u0646\u0648\u0639\u0629 \u0645\u0646 \u062e\u0644\u064a\u0637 \u0645\u0646 \u0627\u0644\u0628\u0648\u0631\u0633\u0644\u064a\u0646 \u0648\u0627\u0644\u0645\u0631\u0643\u0628\u0627\u062a. \u0628\u0627\u0644\u0645\u0642\u0627\u0631\u0646\u0629 \u0645\u0639 \u0627\u0644\u062d\u0634\u0648\u0627\u062a \u0627\u0644\u0645\u0635\u0646\u0648\u0639\u0629 \u0645\u0646 \u0645\u0627\u062f\u0629 \u0645\u0631\u0643\u0628\u0629 \u0641\u0642\u0637 \u060c \u0641\u0647\u064a \u0645\u062a\u0648\u0627\u0641\u0642\u0629 \u0628\u0633\u0647\u0648\u0644\u0629 \u0623\u0643\u0628\u0631 \u0645\u0639 \u0643\u0644 \u0645\u0646 \u0627\u0644\u0623\u0633\u0646\u0627\u0646 \u0627\u0644\u062a\u064a \u064a\u062a\u0645 \u0648\u0636\u0639\u0647\u0627 \u0639\u0644\u064a\u0647\u0627 \u0648\u0627\u0644\u0623\u0633\u0646\u0627\u0646 \u0627\u0644\u0645\u062d\u064a\u0637\u0629 \u0648\u062a\u062f\u0648\u0645 \u0644\u0641\u062a\u0631\u0629 \u0623\u0637\u0648\u0644.<\/p>\n<p>\u0628\u0641\u0636\u0644 \u062d\u0634\u0648\u0627\u062a \u0627\u0644\u0633\u064a\u0631\u0627\u0645\u064a\u0643 \u060c \u0633\u062a\u062a\u0645\u062a\u0639 \u0627\u0644\u0623\u0633\u0646\u0627\u0646 \u0628\u0646\u0641\u0633 \u0635\u0644\u0627\u0628\u0629 \u0627\u0644\u0633\u0646 \u0627\u0644\u0623\u0635\u0644\u064a\u0629 \u0648\u0633\u062a\u0635\u0628\u062d \u0623\u0643\u062b\u0631 \u0635\u062d\u0629 \u0645\u0646 \u0630\u064a \u0642\u0628\u0644 \u060c \u0644\u0630\u0644\u0643 \u0644\u0646 \u062a\u0643\u0648\u0646 \u0647\u0646\u0627\u0643 \u0643\u0633\u0648\u0631 \u0646\u0627\u062a\u062c\u0629 \u0639\u0646 \u0642\u0648\u0629 \u0627\u0644\u0639\u0636. \u0641\u064a \u0646\u0641\u0633 \u0627\u0644\u0648\u0642\u062a \u060c \u0644\u062f\u064a\u0647\u0645 \u0645\u0638\u0647\u0631 \u0637\u0628\u064a\u0639\u064a \u0644\u0627 \u064a\u0631\u0627\u0647 \u0627\u0644\u0634\u062e\u0635 \u0627\u0644\u062e\u0627\u0631\u062c\u064a.<\/p>\n<h2>\u0643\u064a\u0641 \u064a\u062a\u0645 \u062d\u0634\u0648 \u0627\u0644\u0623\u0633\u0646\u0627\u0646 \u0628\u0627\u0644\u0633\u064a\u0631\u0627\u0645\u064a\u0643\u061f<\/h2>\n<p>\u064a\u0645\u0643\u0646 \u062a\u0646\u0641\u064a\u0630 \u0639\u0645\u0644\u064a\u0629 \u062a\u0639\u0628\u0626\u0629 \u0627\u0644\u0633\u064a\u0631\u0627\u0645\u064a\u0643 \u0628\u0633\u0631\u0639\u0629. \u064a\u0645\u0643\u0646 \u0625\u0643\u0645\u0627\u0644\u0647 \u0641\u064a \u062c\u0644\u0633\u062a\u064a\u0646 \u060c \u0627\u0644\u0623\u0648\u0644\u0649 \u0647\u064a \u0623\u062e\u0630 \u0627\u0644\u0627\u0646\u0637\u0628\u0627\u0639 \u0648\u0627\u0644\u062a\u062d\u0636\u064a\u0631 \u0648\u0627\u0644\u062b\u0627\u0646\u064a\u0629 \u0647\u064a \u0627\u0644\u062a\u0637\u0628\u064a\u0642. \u0641\u064a \u0627\u0644\u0648\u0642\u062a \u0646\u0641\u0633\u0647 \u060c \u064a\u062a\u0645 \u062a\u062d\u0636\u064a\u0631 \u062d\u0634\u0648\u0627\u062a \u0627\u0644\u0633\u064a\u0631\u0627\u0645\u064a\u0643 \u0641\u064a \u0628\u064a\u0626\u0629 \u0645\u0639\u0645\u0644\u064a\u0629 \u060c \u0648\u0644\u064a\u0633 \u0641\u064a \u0627\u0644\u0641\u0645 \u0645\u062b\u0644 \u0627\u0644\u062d\u0634\u0648\u0627\u062a \u0627\u0644\u062a\u0642\u0644\u064a\u062f\u064a\u0629. \u0644\u0630\u0644\u0643 \u060c \u0644\u0627 \u062a\u0648\u062c\u062f \u0645\u0634\u0627\u0643\u0644 \u0645\u062b\u0644 \u0645\u0634\u0627\u0643\u0644 \u0627\u0644\u062a\u0648\u0627\u0641\u0642. \u0645\u0631\u0627\u062d\u0644 \u0627\u0644\u062a\u0637\u0628\u064a\u0642 \u0644\u0644\u0625\u062c\u0631\u0627\u0621 \u0647\u064a \u0643\u0645\u0627 \u064a\u0644\u064a:<\/p>\n<ul>\n<li>\u0627\u0644\u0625\u062c\u0631\u0627\u0621\u0627\u062a \u0627\u0644\u0645\u062a\u0628\u0639\u0629 \u0641\u064a \u0627\u0644\u062c\u0644\u0633\u0629 \u0627\u0644\u0623\u0648\u0644\u0649 \u0647\u064a \u062a\u0646\u0638\u064a\u0641 \u0627\u0644\u062a\u0633\u0648\u0633 \u0648\u0623\u062e\u0630 \u0642\u064a\u0627\u0633\u0627\u062a \u0627\u0644\u0623\u0633\u0646\u0627\u0646 \u0627\u0644\u0645\u062c\u0627\u0648\u0631\u0629 \u0645\u0639 \u0627\u0644\u0623\u0633\u0646\u0627\u0646 \u0627\u0644\u0645\u0631\u0627\u062f \u0639\u0644\u0627\u062c\u0647\u0627.<\/li>\n<li>\u0628\u0639\u062f \u0627\u0644\u0627\u0646\u062a\u0647\u0627\u0621 \u0645\u0646 \u0647\u0630\u0647 \u0627\u0644\u0625\u062c\u0631\u0627\u0621\u0627\u062a \u060c \u064a\u062a\u0645 \u062a\u063a\u0637\u064a\u0629 \u0627\u0644\u0633\u0646 \u0628\u062d\u0634\u0648 \u0645\u0624\u0642\u062a \u060c<\/li>\n<li>\u064a\u062a\u0645 \u0625\u0646\u0647\u0627\u0621 \u0627\u0644\u062c\u0644\u0633\u0629 \u0627\u0644\u0623\u0648\u0644\u0649 \u0648\u0625\u0631\u0633\u0627\u0644 \u0627\u0644\u0637\u0628\u0639\u0629 \u0625\u0644\u0649 \u0627\u0644\u0645\u062e\u062a\u0628\u0631 \u060c<\/li>\n<li>\u0628\u0639\u062f \u062a\u062d\u0636\u064a\u0631 \u062d\u0634\u0648\u0627\u062a \u0627\u0644\u0628\u0637\u0627\u0646\u0629 \u0648\u0627\u0644\u0628\u0637\u0627\u0646\u0629 \u060c \u062a\u062a\u0645 \u0625\u0632\u0627\u0644\u0629 \u0627\u0644\u062d\u0634\u0648\u0629 \u0627\u0644\u0645\u0624\u0642\u062a\u0629 \u0641\u064a \u0628\u062f\u0627\u064a\u0629 \u0627\u0644\u062c\u0644\u0633\u0629 \u0627\u0644\u062b\u0627\u0646\u064a\u0629 \u060c<\/li>\n<li>\u064a\u062a\u0645 \u0627\u062e\u062a\u0628\u0627\u0631 \u0627\u0644\u062d\u0634\u0648\u0627\u062a \u0648\u0635\u0642\u0644\u0647\u0627 \u0648\u062a\u062b\u0628\u064a\u062a\u0647\u0627 \u0639\u0644\u0649 \u0627\u0644\u0633\u0646 \u0628\u0645\u0627\u062f\u0629 \u0644\u0627\u0635\u0642\u0629 \u062e\u0627\u0635\u0629 \u060c<\/li>\n<li>\u064a\u062a\u0645 \u0627\u0644\u062a\u0623\u0643\u062f \u0645\u0646 \u0623\u0646 \u0627\u0644\u0623\u0633\u0646\u0627\u0646 \u0645\u063a\u0644\u0642\u0629 \u062a\u0645\u0627\u0645\u064b\u0627 \u060c \u0648\u0623\u0646\u0647 \u0644\u0627 \u064a\u0648\u062c\u062f \u0627\u0631\u062a\u0641\u0627\u0639 \u0645\u0646\u062e\u0641\u0636 \u0648\u0644\u0627 \u0627\u0631\u062a\u0641\u0627\u0639 \u0628\u064a\u0646 \u0627\u0644\u0623\u0633\u0646\u0627\u0646 \u0648\u064a\u062a\u0645 \u0627\u0644\u0627\u0646\u062a\u0647\u0627\u0621 \u0645\u0646 \u0627\u0644\u0639\u0645\u0644\u064a\u0629 \u0645\u0639 \u0639\u0645\u0644\u064a\u0629 \u0627\u0644\u062a\u0644\u0645\u064a\u0639 \u0627\u0644\u0646\u0647\u0627\u0626\u064a\u0629.<\/li>\n<\/ul>\n<p>\u0642\u062f \u062a\u0643\u0648\u0646 \u0647\u0646\u0627\u0643 \u062d\u0627\u062c\u0629 \u0644\u062c\u0644\u0633\u0627\u062a \u0625\u0636\u0627\u0641\u064a\u0629 \u0641\u064a \u0627\u0644\u062d\u0627\u0644\u0627\u062a \u0627\u0644\u062a\u064a \u0633\u064a\u062a\u0645 \u0641\u064a\u0647\u0627 \u0625\u062c\u0631\u0627\u0621 \u0623\u0643\u062b\u0631 \u0645\u0646 \u062a\u0637\u0628\u064a\u0642 \u062d\u0634\u0648 \u0633\u064a\u0631\u0627\u0645\u064a\u0643 \u0648\u0627\u062d\u062f \u0623\u0648 \u0639\u0646\u062f\u0645\u0627 \u064a\u0637\u0644\u0628 \u0627\u0644\u0637\u0628\u064a\u0628 \u0630\u0644\u0643.<\/p>\n<h2>\u0645\u0627 \u0647\u064a \u0645\u0645\u064a\u0632\u0627\u062a \u062d\u0634\u0648\u0627\u062a \u0627\u0644\u0623\u0633\u0646\u0627\u0646 \u0627\u0644\u062e\u0632\u0641\u064a\u0629\u061f<\/h2>\n<p>\u0623\u0643\u0628\u0631 \u0645\u064a\u0632\u0629 \u0644\u062d\u0634\u0648\u0627\u062a \u0627\u0644\u0633\u064a\u0631\u0627\u0645\u064a\u0643 \u0647\u064a \u0627\u0644\u0645\u0638\u0647\u0631 \u0627\u0644\u062c\u0645\u0627\u0644\u064a \u0648\u0627\u0644\u0637\u0628\u064a\u0639\u064a. \u0641\u064a \u0627\u0644\u0648\u0642\u062a \u0646\u0641\u0633\u0647 \u060c \u0646\u0638\u0631\u064b\u0627 \u0644\u0623\u0646\u0647 \u064a\u0648\u0641\u0631 \u0627\u0633\u062a\u062e\u062f\u0627\u0645\u064b\u0627 \u0637\u0648\u064a\u0644 \u0627\u0644\u0623\u0645\u062f \u060c \u0641\u0625\u0646 \u0627\u0644\u062a\u0637\u0628\u064a\u0642 \u0627\u0644\u0645\u062a\u0643\u0631\u0631 \u063a\u064a\u0631 \u0645\u0637\u0644\u0648\u0628. \u0627\u0644\u0645\u0632\u0627\u064a\u0627 \u0627\u0644\u0628\u0627\u0631\u0632\u0629 \u0627\u0644\u0623\u062e\u0631\u0649 \u0644\u062d\u0634\u0648\u0627\u062a \u0627\u0644\u0623\u0633\u0646\u0627\u0646 \u0627\u0644\u062e\u0632\u0641\u064a\u0629 \u0647\u064a \u0643\u0645\u0627 \u064a\u0644\u064a:<\/p>\n<ul>\n<li>\u064a\u062a\u0645 \u0627\u0644\u062d\u0641\u0627\u0638 \u0639\u0644\u0649 \u0627\u0644\u0623\u0646\u0633\u062c\u0629 \u0627\u0644\u0633\u0644\u064a\u0645\u0629 \u0644\u0644\u0623\u0633\u0646\u0627\u0646 \u0627\u0644\u0645\u0639\u0627\u0644\u062c\u0629 \u0648\u062a\u0642\u0644\u064a\u0644 \u0645\u062e\u0627\u0637\u0631 \u062a\u0633\u0631\u0628 \u0627\u0644\u062d\u0627\u0641\u0629 \u0623\u0648 \u062a\u0643\u0648\u0646 \u062a\u0633\u0648\u0633 \u0627\u0644\u0623\u0633\u0646\u0627\u0646 \u060c<\/li>\n<li>\u0644\u0627 \u064a\u062a\u0645 \u0642\u0637\u0639 \u0627\u0644\u0623\u0633\u0646\u0627\u0646 \u0625\u0644\u0627 \u0639\u0646\u062f \u0627\u0644\u0636\u0631\u0648\u0631\u0629.<\/li>\n<li>\u0644\u0647 \u0646\u0641\u0633 \u0635\u0644\u0627\u0628\u0629 \u0627\u0644\u0633\u0646 \u0627\u0644\u062d\u0642\u064a\u0642\u064a \u0648\u0644\u0646 \u064a\u0646\u0643\u0633\u0631 \u0628\u0636\u063a\u0637 \u0627\u0644\u0645\u0636\u063a \u060c<\/li>\n<li>\u0645\u0646\u0630 \u0627\u0633\u062a\u062e\u062f\u0627\u0645 \u0645\u0627\u062f\u0629 \u0627\u0644\u062e\u0632\u0641 \u060c \u0644\u0627 \u064a\u0648\u062c\u062f \u062a\u063a\u064a\u064a\u0631 \u0641\u064a \u0627\u0644\u0644\u0648\u0646 \u0628\u0645\u0631\u0648\u0631 \u0627\u0644\u0648\u0642\u062a \u060c<\/li>\n<li>\u062a\u0648\u0627\u0641\u0642\u0647 \u0627\u0644\u0628\u064a\u0648\u0644\u0648\u062c\u064a \u0642\u0648\u064a \u0648\u0644\u0627 \u062a\u062d\u062f\u062b \u062a\u0641\u0627\u0639\u0644\u0627\u062a \u062d\u0633\u0627\u0633\u064a\u0629.<\/li>\n<\/ul>\n<p>\u0628\u0641\u0636\u0644 \u0643\u0644 \u0647\u0630\u0647 \u0627\u0644\u0645\u0632\u0627\u064a\u0627 \u060c \u064a\u062a\u0645 \u0627\u0633\u062a\u062e\u062f\u0627\u0645 \u062d\u0634\u0648\u0627\u062a \u0627\u0644\u0633\u064a\u0631\u0627\u0645\u064a\u0643 \u0628\u0634\u0643\u0644 \u0645\u062a\u0643\u0631\u0631 \u0623\u0643\u062b\u0631 \u0645\u0646 \u0637\u0631\u0642 \u0627\u0644\u062a\u0639\u0628\u0626\u0629 \u0627\u0644\u0623\u062e\u0631\u0649. \u062a\u0643\u0648\u0646 \u0627\u0644\u0646\u062a\u064a\u062c\u0629 \u0645\u0631\u0636\u064a\u0629 \u0645\u0639 \u0627\u062e\u062a\u064a\u0627\u0631 \u0627\u0644\u0637\u0628\u064a\u0628 \u0627\u0644\u0645\u062e\u062a\u0635 \u0648\u0627\u0644\u062a\u0637\u0628\u064a\u0642 \u0627\u0644\u0635\u062d\u064a\u062d.<\/p>\n\n\t\t<\/div>\n\t<\/div>\n<\/div><\/div><\/div><div class=\"sticky_form_content lead-form wpb_column vc_column_container vc_col-sm-4\" id=\"lead-form\"><div class=\"vc_column-inner\"><div class=\"wpb_wrapper\">\n<div class=\"wpcf7 no-js\" id=\"wpcf7-f1555-o1\" lang=\"en-US\" dir=\"ltr\" data-wpcf7-id=\"1555\">\n<div class=\"screen-reader-response\"><p role=\"status\" aria-live=\"polite\" aria-atomic=\"true\"><\/p> <ul><\/ul><\/div>\n<form action=\"\/ar\/wp-json\/wp\/v2\/pages\/12726#wpcf7-f1555-o1\" method=\"post\" class=\"wpcf7-form init\" aria-label=\"Contact form\" novalidate=\"novalidate\" data-status=\"init\" data-trp-original-action=\"\/ar\/wp-json\/wp\/v2\/pages\/12726#wpcf7-f1555-o1\">\n<fieldset class=\"hidden-fields-container\"><input type=\"hidden\" name=\"_wpcf7\" value=\"1555\" \/><input type=\"hidden\" name=\"_wpcf7_version\" value=\"6.1.5\" \/><input type=\"hidden\" name=\"_wpcf7_locale\" value=\"en_US\" \/><input type=\"hidden\" name=\"_wpcf7_unit_tag\" value=\"wpcf7-f1555-o1\" \/><input type=\"hidden\" name=\"_wpcf7_container_post\" value=\"0\" \/><input type=\"hidden\" name=\"_wpcf7_posted_data_hash\" value=\"\" \/>\n<\/fieldset>\n<div class=\"row\">\n\t<div class=\"col-lg-12\">\n\t\t<p><span class=\"wpcf7-form-control-wrap\" data-name=\"field-header\"><input size=\"40\" maxlength=\"400\" class=\"wpcf7-form-control wpcf7-text wpcf7-validates-as-required\" aria-required=\"true\" aria-invalid=\"false\" placeholder=\"\u0627\u0633\u0645\u0643 \u0648\u0644\u0642\u0628\u0643\" value=\"\" type=\"text\" name=\"field-header\" \/><\/span>\n\t\t<\/p>\n\t<\/div>\n\t<div class=\"col-lg-12\">\n\t\t<p><span class=\"wpcf7-form-control-wrap\" data-name=\"phonetext-206\"><input size=\"40\" class=\"wpcf7-form-control wpcf7-phonetext wpcf7-validates-as-required wpcf7-text wpcf7-validates-as-phonetext\" aria-required=\"true\" aria-invalid=\"false\" placeholder=\"\" value=\"\" type=\"text\" name=\"phonetext-206\" \/><input type=\"hidden\" name=\"phonetext-206-country-code\" class=\"wpcf7-phonetext-country-code\" \/><\/span>\n\t\t<\/p>\n\t<\/div>\n\t<div class=\"col-lg-12\">\n\t\t<p><span class=\"wpcf7-form-control-wrap\" data-name=\"field-header3\"><input size=\"40\" maxlength=\"400\" class=\"wpcf7-form-control wpcf7-text wpcf7-validates-as-required\" aria-required=\"true\" aria-invalid=\"false\" placeholder=\"\u0628\u0631\u064a\u062f \u0625\u0644\u0643\u062a\u0631\u0648\u0646\u064a\" value=\"\" type=\"text\" name=\"field-header3\" \/><\/span>\n\t\t<\/p>\n\t<\/div>\n\t<div class=\"col-lg-12\">\n\t\t<p><span class=\"wpcf7-form-control-wrap\" data-name=\"field-header4\"><textarea cols=\"40\" rows=\"10\" maxlength=\"2000\" class=\"wpcf7-form-control wpcf7-textarea\" aria-invalid=\"false\" placeholder=\"\u0631\u0633\u0627\u0644\u062a\u0643\" name=\"field-header4\"><\/textarea><\/span>\n\t\t<\/p>\n\t<\/div>\n\t<div class=\"col-lg-12\">\n\t\t<p><input class=\"wpcf7-form-control wpcf7-submit has-spinner\" type=\"submit\" value=\"\u064a\u0631\u0633\u0644\" \/>\n\t\t<\/p>\n\t<\/div>\n<\/div><div class=\"wpcf7-response-output\" aria-hidden=\"true\"><\/div>\n<input type=\"hidden\" name=\"trp-form-language\" value=\"ar\"\/><\/form>\n<\/div>\n<\/div><\/div><\/div><\/div>\n<\/div>","protected":false},"excerpt":{"rendered":"E\u011fer di\u015fler kuron ile kaplanacak derecede zarar g\u00f6rmediyse, di\u015flerde meydana gelen eksiklikler ya da madde kayb\u0131 seramik dolgular ile giderilebilir. \u00dcstelik do\u011fal bir yap\u0131ya sahip olmas\u0131, estetik bir g\u00f6r\u00fcnt\u00fc yaratmak isteyen bireyler taraf\u0131ndan tercih sebebidir. Seramik Di\u015f Dolgusu Nedir? Seramik dolgular travmaya ba\u011fl\u0131 nedenler, \u00e7\u00fcr\u00fck ya da kanal tedavisi gibi fakt\u00f6rler nedeniyle di\u015flerde olu\u015fan madde kayb\u0131n\u0131n giderilmesi ve eksik k\u0131s\u0131mlar\u0131n tamamlanmas\u0131 amac\u0131yla kullan\u0131l\u0131r. Restorasyon amac\u0131yla kullan\u0131lan seramik dolgular laboratuvar ortam\u0131nda haz\u0131rlan\u0131r ve genellikle porselen ve kompozit kar\u0131\u015f\u0131mdan olu\u015fturulur. Yaln\u0131zca kompozit malzemeden olu\u015fturulmu\u015f olan dolgular ile mukayese edildi\u011finde hem uyguland\u0131\u011f\u0131 di\u015f ile, hem de \u00e7evredeki di\u015fler ile \u00e7ok daha kolay uyum sa\u011flar ve \u00e7ok daha uzun \u00f6m\u00fcrl\u00fcd\u00fcr. Di\u015f seramik dolgular sayesinde orjinal di\u015f ile ayn\u0131 sertli\u011fe ve eskisinden \u00e7ok daha sa\u011fl\u0131kl\u0131 bir hale gelece\u011fi i\u00e7in \u0131s\u0131rma kuvvetinden kaynaklanan k\u0131r\u0131lmalar meydana gelmez. Ayn\u0131 zamanda d\u0131\u015far\u0131dan bakan birinin g\u00f6remeyece\u011fi kadar do\u011fal bir g\u00f6r\u00fcn\u00fcme sahiptirler. Seramik Di\u015f Dolgusu Nas\u0131l Yap\u0131l\u0131r? Seramik dolgu uygulamas\u0131 h\u0131zl\u0131 [...]","protected":false},"author":1,"featured_media":13010,"parent":0,"menu_order":0,"comment_status":"closed","ping_status":"closed","template":"page-templates\/full-width.php","meta":{"footnotes":""},"_links":{"self":[{"href":"https:\/\/www.beyazkose.com\/ar\/wp-json\/wp\/v2\/pages\/12726"}],"collection":[{"href":"https:\/\/www.beyazkose.com\/ar\/wp-json\/wp\/v2\/pages"}],"about":[{"href":"https:\/\/www.beyazkose.com\/ar\/wp-json\/wp\/v2\/types\/page"}],"author":[{"embeddable":true,"href":"https:\/\/www.beyazkose.com\/ar\/wp-json\/wp\/v2\/users\/1"}],"replies":[{"embeddable":true,"href":"https:\/\/www.beyazkose.com\/ar\/wp-json\/wp\/v2\/comments?post=12726"}],"version-history":[{"count":2,"href":"https:\/\/www.beyazkose.com\/ar\/wp-json\/wp\/v2\/pages\/12726\/revisions"}],"predecessor-version":[{"id":12844,"href":"https:\/\/www.beyazkose.com\/ar\/wp-json\/wp\/v2\/pages\/12726\/revisions\/12844"}],"wp:featuredmedia":[{"embeddable":true,"href":"https:\/\/www.beyazkose.com\/ar\/wp-json\/wp\/v2\/media\/13010"}],"wp:attachment":[{"href":"https:\/\/www.beyazkose.com\/ar\/wp-json\/wp\/v2\/media?parent=12726"}],"curies":[{"name":"wp","href":"https:\/\/api.w.org\/{rel}","templated":true}]}}