{"id":12727,"date":"2023-04-26T19:10:45","date_gmt":"2023-04-26T19:10:45","guid":{"rendered":"https:\/\/www.beyazkose.com\/?page_id=12727"},"modified":"2023-05-01T08:03:27","modified_gmt":"2023-05-01T08:03:27","slug":"gulus-tasarimi","status":"publish","type":"page","link":"https:\/\/www.beyazkose.com\/ar\/gulus-tasarimi\/","title":{"rendered":"\u062a\u0635\u0645\u064a\u0645 \u0627\u0644\u0627\u0628\u062a\u0633\u0627\u0645\u0629"},"content":{"rendered":"<div class=\"wpb-content-wrapper\"><div class=\"vc_row wpb_row vc_row-fluid\"><div class=\"wpb_column vc_column_container vc_col-sm-8\"><div class=\"vc_column-inner\"><div class=\"wpb_wrapper\">\n\t<div class=\"wpb_text_column wpb_content_element\" >\n\t\t<div class=\"wpb_wrapper\">\n\t\t\t<p>\u0642\u062f \u064a\u0643\u0648\u0646 \u0628\u0639\u0636 \u0627\u0644\u0646\u0627\u0633 \u063a\u064a\u0631 \u0631\u0627\u0636\u064a\u0646 \u0639\u0646 \u062a\u0631\u0643\u064a\u0628 \u0627\u0644\u0641\u0645 \u0644\u062f\u064a\u0647\u0645 \u0628\u0633\u0628\u0628 \u0645\u0634\u0627\u0643\u0644 \u062e\u0644\u0642\u064a\u0629 \u0623\u0648 \u0645\u0643\u062a\u0633\u0628\u0629. \u0644\u0627 \u062a\u0642\u062f\u0645 \u0627\u0644\u0623\u0633\u0646\u0627\u0646 \u0627\u0644\u0645\u0641\u0642\u0648\u062f\u0629 \u0623\u0648 \u0627\u0644\u0628\u0642\u0639 \u0639\u0644\u0649 \u0627\u0644\u0623\u0633\u0646\u0627\u0646 \u0623\u0648 \u0627\u0644\u0645\u0634\u0627\u0643\u0644 \u0627\u0644\u062a\u064a \u062a\u062d\u062f\u062b \u0641\u064a \u0637\u064a\u0627\u062a \u0627\u0644\u0634\u0641\u0627\u0647 \u0627\u0628\u062a\u0633\u0627\u0645\u0629 \u062c\u0645\u064a\u0644\u0629. \u0641\u064a \u0645\u062b\u0644 \u0647\u0630\u0647 \u0627\u0644\u062d\u0627\u0644\u0627\u062a \u060c \u064a\u0645\u0643\u0646 \u0644\u0644\u0623\u0634\u062e\u0627\u0635 \u0627\u0644\u062a\u0642\u062f\u0645 \u0628\u0637\u0644\u0628 \u0644\u0644\u062d\u0635\u0648\u0644 \u0639\u0644\u0649 \u062a\u0637\u0628\u064a\u0642\u0627\u062a \u062a\u0635\u0645\u064a\u0645 \u0627\u0644\u0627\u0628\u062a\u0633\u0627\u0645\u0629 \u0645\u0646 \u0623\u062c\u0644 \u0627\u0644\u062d\u0635\u0648\u0644 \u0639\u0644\u0649 \u0627\u0644\u0645\u0638\u0647\u0631 \u0627\u0644\u0630\u064a \u064a\u0631\u064a\u062f\u0648\u0646\u0647.<\/p>\n<h2>\u0645\u0627 \u0647\u0648 \u062a\u0635\u0645\u064a\u0645 \u0627\u0644\u0627\u0628\u062a\u0633\u0627\u0645\u0629\u061f \u0644\u0645\u0627\u0630\u0627 \u064a\u062a\u0645 \u0630\u0644\u0643\u061f<\/h2>\n<p>\u062a\u0635\u0645\u064a\u0645 \u0627\u0644\u0627\u0628\u062a\u0633\u0627\u0645\u0629 \u0647\u0648 \u0625\u062c\u0631\u0627\u0621 \u064a\u062a\u0645 \u0625\u062c\u0631\u0627\u0624\u0647 \u0645\u0646 \u062e\u0644\u0627\u0644 \u0627\u0647\u062a\u0645\u0627\u0645\u0627\u062a \u062c\u0645\u0627\u0644\u064a\u0629 \u0628\u062d\u062a\u0629 \u060c \u0648\u0644\u064a\u0633 \u0644\u0625\u0632\u0627\u0644\u0629 \u0627\u0644\u0639\u064a\u0648\u0628 \u0627\u0644\u0648\u0638\u064a\u0641\u064a\u0629.<\/p>\n<p>\u064a\u062a\u0643\u0648\u0646 \u062a\u0635\u0645\u064a\u0645 \u0627\u0644\u0627\u0628\u062a\u0633\u0627\u0645\u0629 \u060c \u0627\u0644\u0645\u0639\u0631\u0648\u0641 \u0623\u064a\u0636\u064b\u0627 \u0628\u0627\u0633\u0645 \u0627\u0628\u062a\u0633\u0627\u0645\u0629 \u0647\u0648\u0644\u064a\u0648\u0648\u062f \u060c \u0645\u0646 \u0633\u0644\u0633\u0644\u0629 \u0645\u0646 \u0627\u0644\u0625\u062c\u0631\u0627\u0621\u0627\u062a \u0627\u0644\u0645\u0637\u0628\u0642\u0629 \u0645\u0646 \u0623\u062c\u0644 \u0627\u0644\u0642\u0636\u0627\u0621 \u0639\u0644\u0649 \u0627\u0644\u0645\u0638\u0647\u0631 \u0627\u0644\u0630\u064a \u0644\u0627 \u064a\u0631\u062a\u0627\u062d \u0625\u0644\u064a\u0647 \u0627\u0644\u0646\u0627\u0633 \u0648\u062e\u0644\u0642 \u0645\u0638\u0647\u0631 \u0643\u0645\u0627 \u064a\u0637\u0644\u0628\u0648\u0646.<\/p>\n<p>\u064a\u0645\u0643\u0646 \u0633\u0631\u062f \u0627\u0644\u0645\u0648\u0627\u0642\u0641 \u0627\u0644\u062a\u064a \u062a\u062c\u0639\u0644 \u062a\u0635\u0645\u064a\u0645 \u0627\u0644\u0627\u0628\u062a\u0633\u0627\u0645\u0629 \u0636\u0631\u0648\u0631\u064a\u064b\u0627 \u0639\u0644\u0649 \u0627\u0644\u0646\u062d\u0648 \u0627\u0644\u062a\u0627\u0644\u064a:<\/p>\n<ul>\n<li>\u0645\u0638\u0647\u0631 \u0645\u0639\u0648\u062c \u0641\u064a \u0645\u062d\u0627\u0630\u0627\u0629 \u0627\u0644\u0623\u0633\u0646\u0627\u0646 \u060c<\/li>\n<li>\u0623\u0633\u0648\u0623 \u0645\u0646 \u062a\u0644\u0648\u0646 \u0627\u0644\u0623\u0633\u0646\u0627\u0646 \u0627\u0644\u0637\u0628\u064a\u0639\u064a \u0623\u0648 \u062a\u0644\u0637\u064a\u062e\u0647\u0627 \u060c<\/li>\n<li>\u0631\u0643\u0648\u062f \u0627\u0644\u0644\u062b\u0629<\/li>\n<li>\u0627\u0644\u0623\u0633\u0646\u0627\u0646 \u0627\u0644\u0645\u0641\u0642\u0648\u062f\u0629<\/li>\n<li>\u0639\u062f\u0645 \u0627\u0644\u062a\u0646\u0627\u0633\u0628 \u0628\u064a\u0646 \u0627\u0644\u0623\u0633\u0646\u0627\u0646 \u0648\u0627\u0644\u0644\u062b\u0629 \u060c<\/li>\n<li>\u0645\u0634\u0627\u0643\u0644 \u0627\u0644\u0644\u062b\u0629.<\/li>\n<\/ul>\n<p>\u0643\u0644 \u0647\u0630\u0647 \u0627\u0644\u0645\u0634\u0627\u0643\u0644 \u064a\u0645\u0643\u0646 \u062d\u0644\u0647\u0627 \u0628\u0633\u0647\u0648\u0644\u0629 \u062a\u0645\u0627\u0634\u064a\u0627\u064b \u0645\u0639 \u0645\u062a\u0637\u0644\u0628\u0627\u062a \u0627\u0644\u0645\u0631\u064a\u0636 \u0628\u0641\u0636\u0644 \u062a\u0635\u0645\u064a\u0645 \u0627\u0644\u0627\u0628\u062a\u0633\u0627\u0645\u0629.<\/p>\n<h2>\u0645\u0627\u0630\u0627 \u064a\u0645\u0646\u062d\u0643 \u062a\u0635\u0645\u064a\u0645 \u0627\u0644\u0627\u0628\u062a\u0633\u0627\u0645\u0629\u061f<\/h2>\n<p>\u064a\u0645\u0643\u0646 \u0644\u0644\u0623\u0641\u0631\u0627\u062f \u0645\u0646 \u0623\u064a \u0639\u0645\u0631 \u0637\u0644\u0628 \u062a\u0635\u0645\u064a\u0645 \u0627\u0644\u0627\u0628\u062a\u0633\u0627\u0645\u0629. \u0628\u0627\u0644\u0637\u0628\u0639 \u060c \u0641\u0625\u0646 \u0627\u0644\u0645\u0643\u0633\u0628 \u0627\u0644\u0623\u0633\u0627\u0633\u064a \u0647\u0648 \u0627\u0644\u062d\u0635\u0648\u0644 \u0639\u0644\u0649 \u0627\u0628\u062a\u0633\u0627\u0645\u0629 \u0623\u062c\u0645\u0644 \u0628\u0643\u062b\u064a\u0631. \u0627\u0644\u0645\u0632\u0627\u064a\u0627 \u0627\u0644\u0628\u0627\u0631\u0632\u0629 \u0627\u0644\u0623\u062e\u0631\u0649 \u0644\u062a\u0635\u0645\u064a\u0645 \u0627\u0644\u0627\u0628\u062a\u0633\u0627\u0645\u0629 \u0647\u064a \u0643\u0645\u0627 \u064a\u0644\u064a:<\/p>\n<ul>\n<li>\u064a\u062a\u0645\u062a\u0639 \u0627\u0644\u0623\u0641\u0631\u0627\u062f \u0628\u0645\u0638\u0647\u0631 \u0623\u0643\u062b\u0631 \u062f\u064a\u0646\u0627\u0645\u064a\u0643\u064a\u0629 \u0648\u0634\u0628\u0627\u0628\u064b\u0627 \u060c<\/li>\n<li>\u062a\u0635\u0628\u062d \u0643\u0644 \u0645\u0646 \u0627\u0644\u0623\u0633\u0646\u0627\u0646 \u0648\u0627\u0644\u0623\u0646\u0633\u062c\u0629 \u0627\u0644\u0645\u062d\u064a\u0637\u0629 \u0628\u0627\u0644\u0623\u0633\u0646\u0627\u0646 \u0623\u0643\u062b\u0631 \u0635\u062d\u0629 \u060c<\/li>\n<li>\u064a\u0633\u062a\u0639\u064a\u062f \u0627\u0644\u0623\u0641\u0631\u0627\u062f \u0627\u0644\u062b\u0642\u0629 \u0628\u0627\u0644\u0646\u0641\u0633 \u0627\u0644\u062a\u064a \u0641\u0642\u062f\u0648\u0647\u0627 \u0644\u0623\u0646 \u0644\u062f\u064a\u0647\u0645 \u0627\u0628\u062a\u0633\u0627\u0645\u0629 \u0623\u062c\u0645\u0644 \u0648\u0645\u0638\u0647\u0631 \u0623\u062c\u0645\u0644 \u060c<\/li>\n<li>\u064a\u062a\u0645 \u0627\u0644\u0642\u0636\u0627\u0621 \u0639\u0644\u0649 \u0627\u0644\u0642\u0644\u0642 \u0641\u064a \u0627\u0644\u062d\u064a\u0627\u0629 \u0627\u0644\u0627\u062c\u062a\u0645\u0627\u0639\u064a\u0629.<\/li>\n<\/ul>\n<p>\u0646\u0638\u0631\u064b\u0627 \u0644\u0623\u0646\u0647 \u0625\u062c\u0631\u0627\u0621 \u064a\u062a\u0645 \u0625\u062c\u0631\u0627\u0624\u0647 \u0644\u0623\u063a\u0631\u0627\u0636 \u062c\u0645\u0627\u0644\u064a\u0629 \u060c \u064a\u0645\u0643\u0646 \u0623\u0646 \u062a\u0643\u0648\u0646 \u062a\u0643\u0644\u0641\u062a\u0647 \u0623\u0639\u0644\u0649 \u0628\u0643\u062b\u064a\u0631 \u0645\u0646 \u0639\u0644\u0627\u062c\u0627\u062a \u0627\u0644\u0623\u0633\u0646\u0627\u0646 \u0627\u0644\u0639\u0627\u062f\u064a\u0629. \u064a\u0645\u0643\u0646 \u0623\u0646 \u064a\u0633\u062a\u0645\u0631 \u062a\u0635\u0645\u064a\u0645 \u0627\u0644\u0627\u0628\u062a\u0633\u0627\u0645\u0629 \u0645\u0627 \u0628\u064a\u0646 5 \u0648 15 \u0639\u0627\u0645\u064b\u0627 \u060c \u0627\u0639\u062a\u0645\u0627\u062f\u064b\u0627 \u0639\u0644\u0649 \u0627\u0644\u0631\u0639\u0627\u064a\u0629 \u0627\u0644\u0630\u0627\u062a\u064a\u0629 \u0644\u0644\u0645\u0631\u064a\u0636.<\/p>\n\n\t\t<\/div>\n\t<\/div>\n<\/div><\/div><\/div><div class=\"sticky_form_content lead-form wpb_column vc_column_container vc_col-sm-4\" id=\"lead-form\"><div class=\"vc_column-inner\"><div class=\"wpb_wrapper\">\n<div class=\"wpcf7 no-js\" id=\"wpcf7-f1555-o1\" lang=\"en-US\" dir=\"ltr\" data-wpcf7-id=\"1555\">\n<div class=\"screen-reader-response\"><p role=\"status\" aria-live=\"polite\" aria-atomic=\"true\"><\/p> <ul><\/ul><\/div>\n<form action=\"\/ar\/wp-json\/wp\/v2\/pages\/12727#wpcf7-f1555-o1\" method=\"post\" class=\"wpcf7-form init\" aria-label=\"Contact form\" novalidate=\"novalidate\" data-status=\"init\" data-trp-original-action=\"\/ar\/wp-json\/wp\/v2\/pages\/12727#wpcf7-f1555-o1\">\n<fieldset class=\"hidden-fields-container\"><input type=\"hidden\" name=\"_wpcf7\" value=\"1555\" \/><input type=\"hidden\" name=\"_wpcf7_version\" value=\"6.1.5\" \/><input type=\"hidden\" name=\"_wpcf7_locale\" value=\"en_US\" \/><input type=\"hidden\" name=\"_wpcf7_unit_tag\" value=\"wpcf7-f1555-o1\" \/><input type=\"hidden\" name=\"_wpcf7_container_post\" value=\"0\" \/><input type=\"hidden\" name=\"_wpcf7_posted_data_hash\" value=\"\" \/>\n<\/fieldset>\n<div class=\"row\">\n\t<div class=\"col-lg-12\">\n\t\t<p><span class=\"wpcf7-form-control-wrap\" data-name=\"field-header\"><input size=\"40\" maxlength=\"400\" class=\"wpcf7-form-control wpcf7-text wpcf7-validates-as-required\" aria-required=\"true\" aria-invalid=\"false\" placeholder=\"\u0627\u0633\u0645\u0643 \u0648\u0644\u0642\u0628\u0643\" value=\"\" type=\"text\" name=\"field-header\" \/><\/span>\n\t\t<\/p>\n\t<\/div>\n\t<div class=\"col-lg-12\">\n\t\t<p><span class=\"wpcf7-form-control-wrap\" data-name=\"phonetext-206\"><input size=\"40\" class=\"wpcf7-form-control wpcf7-phonetext wpcf7-validates-as-required wpcf7-text wpcf7-validates-as-phonetext\" aria-required=\"true\" aria-invalid=\"false\" placeholder=\"\" value=\"\" type=\"text\" name=\"phonetext-206\" \/><input type=\"hidden\" name=\"phonetext-206-country-code\" class=\"wpcf7-phonetext-country-code\" \/><\/span>\n\t\t<\/p>\n\t<\/div>\n\t<div class=\"col-lg-12\">\n\t\t<p><span class=\"wpcf7-form-control-wrap\" data-name=\"field-header3\"><input size=\"40\" maxlength=\"400\" class=\"wpcf7-form-control wpcf7-text wpcf7-validates-as-required\" aria-required=\"true\" aria-invalid=\"false\" placeholder=\"\u0628\u0631\u064a\u062f \u0625\u0644\u0643\u062a\u0631\u0648\u0646\u064a\" value=\"\" type=\"text\" name=\"field-header3\" \/><\/span>\n\t\t<\/p>\n\t<\/div>\n\t<div class=\"col-lg-12\">\n\t\t<p><span class=\"wpcf7-form-control-wrap\" data-name=\"field-header4\"><textarea cols=\"40\" rows=\"10\" maxlength=\"2000\" class=\"wpcf7-form-control wpcf7-textarea\" aria-invalid=\"false\" placeholder=\"\u0631\u0633\u0627\u0644\u062a\u0643\" name=\"field-header4\"><\/textarea><\/span>\n\t\t<\/p>\n\t<\/div>\n\t<div class=\"col-lg-12\">\n\t\t<p><input class=\"wpcf7-form-control wpcf7-submit has-spinner\" type=\"submit\" value=\"\u064a\u0631\u0633\u0644\" \/>\n\t\t<\/p>\n\t<\/div>\n<\/div><div class=\"wpcf7-response-output\" aria-hidden=\"true\"><\/div>\n<input type=\"hidden\" name=\"trp-form-language\" value=\"ar\"\/><\/form>\n<\/div>\n<\/div><\/div><\/div><\/div>\n<\/div>","protected":false},"excerpt":{"rendered":"Baz\u0131 insanlar a\u011f\u0131z yap\u0131s\u0131nda do\u011fu\u015ftan olu\u015fan ya da sonradan meydana gelen problemler nedeniyle memnuniyetsiz olabilir. Eksik di\u015fler, di\u015flerde meydana gelen lekelenmeler ya da dudak k\u0131vr\u0131mlar\u0131nda meydana gelen problemler g\u00fczel bir g\u00fcl\u00fc\u015f imkan\u0131 sunmaz. B\u00f6yle durumlarda ki\u015filerin istedikleri g\u00f6r\u00fcn\u00fcme sahip olabilmeleri ad\u0131nda g\u00fcl\u00fc\u015f tasar\u0131m\u0131 uygulamalar\u0131na ba\u015fvurmas\u0131 m\u00fcmk\u00fcnd\u00fcr. G\u00fcl\u00fc\u015f Tasar\u0131m\u0131 Nedir? Neden Yap\u0131l\u0131r? G\u00fcl\u00fc\u015f tasar\u0131m\u0131 i\u015flevsel kusurlar\u0131n giderilmesi amac\u0131yla de\u011fil, tamamen estetik kayg\u0131lar ile ger\u00e7ekle\u015ftirilen bir i\u015flemdir. Hollywood g\u00fcl\u00fc\u015f\u00fc olarak da adland\u0131r\u0131lan g\u00fcl\u00fc\u015f tasar\u0131m\u0131, ki\u015filerin rahats\u0131z olduklar\u0131 g\u00f6r\u00fcnt\u00fcn\u00fcn ortadan kald\u0131r\u0131lmas\u0131 ve talep ettikleri gibi bir g\u00f6r\u00fcn\u00fcm yarat\u0131lmas\u0131 ad\u0131na uygulanan bir dizi i\u015flemden olu\u015fur. G\u00fcl\u00fc\u015f tasar\u0131m\u0131n\u0131 gerekli k\u0131lacak durumlar \u015fu \u015fekilde listelenebilir: Di\u015f diziliminde \u00e7apra\u015f\u0131k bir g\u00f6r\u00fcn\u00fcm, Di\u015flerde normalden daha k\u00f6t\u00fc bir renklenme ya da lekelenme, Di\u015f etlerinde \u00e7ekilme, Eksik di\u015fler, Di\u015f ve di\u015f etleri aras\u0131nda orant\u0131s\u0131zl\u0131k, Di\u015f eti problemleri. T\u00fcm bu problemler g\u00fcl\u00fc\u015f tasar\u0131m\u0131 sayesinde hastan\u0131n talepleri do\u011frultusunda rahatl\u0131kla giderilebilir. G\u00fcl\u00fc\u015f Tasar\u0131m\u0131 Yapt\u0131rmak Size Ne Kazand\u0131r\u0131r? G\u00fcl\u00fc\u015f tasar\u0131m\u0131 hemen hemen her ya\u015ftaki [...]","protected":false},"author":1,"featured_media":13005,"parent":0,"menu_order":0,"comment_status":"closed","ping_status":"closed","template":"page-templates\/full-width.php","meta":{"footnotes":""},"_links":{"self":[{"href":"https:\/\/www.beyazkose.com\/ar\/wp-json\/wp\/v2\/pages\/12727"}],"collection":[{"href":"https:\/\/www.beyazkose.com\/ar\/wp-json\/wp\/v2\/pages"}],"about":[{"href":"https:\/\/www.beyazkose.com\/ar\/wp-json\/wp\/v2\/types\/page"}],"author":[{"embeddable":true,"href":"https:\/\/www.beyazkose.com\/ar\/wp-json\/wp\/v2\/users\/1"}],"replies":[{"embeddable":true,"href":"https:\/\/www.beyazkose.com\/ar\/wp-json\/wp\/v2\/comments?post=12727"}],"version-history":[{"count":2,"href":"https:\/\/www.beyazkose.com\/ar\/wp-json\/wp\/v2\/pages\/12727\/revisions"}],"predecessor-version":[{"id":12845,"href":"https:\/\/www.beyazkose.com\/ar\/wp-json\/wp\/v2\/pages\/12727\/revisions\/12845"}],"wp:featuredmedia":[{"embeddable":true,"href":"https:\/\/www.beyazkose.com\/ar\/wp-json\/wp\/v2\/media\/13005"}],"wp:attachment":[{"href":"https:\/\/www.beyazkose.com\/ar\/wp-json\/wp\/v2\/media?parent=12727"}],"curies":[{"name":"wp","href":"https:\/\/api.w.org\/{rel}","templated":true}]}}