{"id":12728,"date":"2023-04-26T19:10:49","date_gmt":"2023-04-26T19:10:49","guid":{"rendered":"https:\/\/www.beyazkose.com\/?page_id=12728"},"modified":"2023-05-01T08:03:48","modified_gmt":"2023-05-01T08:03:48","slug":"bonding-uygulamasi","status":"publish","type":"page","link":"https:\/\/www.beyazkose.com\/ar\/bonding-uygulamasi\/","title":{"rendered":"\u062a\u0637\u0628\u064a\u0642 \u0627\u0644\u062a\u0631\u0627\u0628\u0637"},"content":{"rendered":"<div class=\"wpb-content-wrapper\"><div class=\"vc_row wpb_row vc_row-fluid\"><div class=\"wpb_column vc_column_container vc_col-sm-8\"><div class=\"vc_column-inner\"><div class=\"wpb_wrapper\">\n\t<div class=\"wpb_text_column wpb_content_element\" >\n\t\t<div class=\"wpb_wrapper\">\n\t\t\t<p>\u064a\u0645\u0643\u0646 \u0623\u0646 \u062a\u062a\u0643\u0633\u0631 \u0627\u0644\u0623\u0633\u0646\u0627\u0646 \u0623\u0648 \u062a\u062a\u062d\u0644\u0644 \u0623\u0648 \u062a\u0644\u0637\u062e \u0644\u0623\u0633\u0628\u0627\u0628 \u0645\u062e\u062a\u0644\u0641\u0629. \u0641\u064a \u0645\u062b\u0644 \u0647\u0630\u0647 \u0627\u0644\u062d\u0627\u0644\u0627\u062a \u060c \u0642\u062f \u062a\u0646\u0634\u0623 \u0645\u0634\u0627\u0643\u0644 \u0648\u0638\u064a\u0641\u064a\u0629 \u0628\u0627\u0644\u0625\u0636\u0627\u0641\u0629 \u0625\u0644\u0649 \u0645\u0634\u0627\u0643\u0644 \u062c\u0645\u0627\u0644\u064a\u0629 \u0648\u0642\u062f \u062a\u0624\u062b\u0631 \u0647\u0630\u0647 \u0627\u0644\u0645\u0634\u0627\u0643\u0644 \u0633\u0644\u0628\u064b\u0627 \u0639\u0644\u0649 \u062b\u0642\u0629 \u0627\u0644\u0646\u0627\u0633 \u0628\u0623\u0646\u0641\u0633\u0647\u0645.<\/p>\n<p>\u0627\u0644\u064a\u0648\u0645 \u060c \u0627\u0644\u062a\u0631\u0627\u0628\u0637 \u0647\u0648 \u062a\u0637\u0628\u064a\u0642 \u064a\u0641\u0636\u0644\u0647 \u0627\u0644\u0643\u062b\u064a\u0631 \u0645\u0646 \u0627\u0644\u0646\u0627\u0633 \u0645\u0646 \u0623\u062c\u0644 \u0627\u0644\u0642\u0636\u0627\u0621 \u0639\u0644\u0649 \u0643\u0644 \u0645\u0646 \u0627\u0644\u0639\u064a\u0648\u0628 \u0627\u0644\u0648\u0638\u064a\u0641\u064a\u0629 \u0648\u0627\u0644\u062c\u0645\u0627\u0644\u064a\u0629 \u0648\u0627\u0644\u062d\u0635\u0648\u0644 \u0639\u0644\u0649 \u0627\u0628\u062a\u0633\u0627\u0645\u0629 \u0623\u062c\u0645\u0644 \u0628\u0643\u062b\u064a\u0631. \u064a\u0641\u0636\u0644 \u0644\u0644\u0639\u062f\u064a\u062f \u0645\u0646 \u0627\u0644\u0623\u0641\u0631\u0627\u062f \u0644\u0623\u0646\u0647\u0627 \u0639\u0645\u0644\u064a\u0629 \u0645\u0631\u064a\u062d\u0629 \u0648\u0645\u0646\u062e\u0641\u0636\u0629 \u0627\u0644\u062a\u0643\u0644\u0641\u0629.<\/p>\n<h2>\u0645\u0627 \u0647\u0648 \u062a\u0637\u0628\u064a\u0642 \u0627\u0644\u0644\u0635\u0642\u061f<\/h2>\n<p>\u0627\u0644\u062a\u0631\u0627\u0628\u0637 \u0647\u0648 \u062a\u0637\u0628\u064a\u0642 \u062a\u062c\u0645\u064a\u0644\u064a \u064a\u062a\u0645 \u0625\u062c\u0631\u0627\u0624\u0647 \u0641\u064a \u062d\u0627\u0644\u0627\u062a \u0645\u062b\u0644 \u062a\u0633\u0648\u0633 \u0627\u0644\u0623\u0633\u0646\u0627\u0646 \u0623\u0648 \u0643\u0633\u0631\u0647\u0627 \u0623\u0648 \u062a\u063a\u064a\u0631 \u0644\u0648\u0646\u0647\u0627. \u0641\u064a \u0647\u0630\u0627 \u0627\u0644\u062a\u0637\u0628\u064a\u0642 \u060c \u0627\u0644\u0630\u064a \u064a\u062a\u0645 \u0625\u062c\u0631\u0627\u0624\u0647 \u0623\u064a\u0636\u064b\u0627 \u0644\u062a\u0635\u062d\u064a\u062d \u0627\u0644\u0623\u0633\u0646\u0627\u0646 \u0627\u0644\u0645\u062d\u0632\u0632\u0629 \u060c \u064a\u0645\u0643\u0646 \u0625\u063a\u0644\u0627\u0642 \u0627\u0644\u0641\u062c\u0648\u0627\u062a \u0628\u064a\u0646 \u0627\u0644\u0623\u0633\u0646\u0627\u0646 \u0648\u0641\u064a \u0646\u0641\u0633 \u0627\u0644\u0648\u0642\u062a \u064a\u0645\u0643\u0646 \u062a\u063a\u064a\u064a\u0631 \u0634\u0643\u0644 \u0623\u0648 \u0644\u0648\u0646 \u0627\u0644\u0623\u0633\u0646\u0627\u0646.<\/p>\n<p>\u0644\u0627 \u064a\u062a\u0637\u0644\u0628 \u0627\u0644\u062a\u0631\u0627\u0628\u0637 \u060c \u0627\u0644\u0630\u064a \u064a\u0639\u062a\u0628\u0631 \u0645\u0646\u062e\u0641\u0636 \u0627\u0644\u062a\u0643\u0644\u0641\u0629 \u0648\u0633\u0647\u0644\u064b\u0627 \u0648\u0645\u0631\u064a\u062d\u064b\u0627 \u0644\u0644\u0645\u0631\u0636\u0649 \u060c \u0623\u064a \u062a\u0622\u0643\u0644 \u0639\u0644\u0649 \u0627\u0644\u0623\u0633\u0646\u0627\u0646 \u0648\u0628\u0627\u0644\u062a\u0627\u0644\u064a \u0644\u0627 \u064a\u062d\u062f\u062b \u0623\u064a \u0636\u0631\u0631 \u0644\u0644\u0623\u0633\u0646\u0627\u0646.<\/p>\n<p>\u064a\u062a\u0645 \u062a\u0646\u0641\u064a\u0630 \u0627\u0644\u0625\u062c\u0631\u0627\u0621 \u0639\u0646 \u0637\u0631\u064a\u0642 \u0644\u0635\u0642 \u0645\u0648\u0627\u062f \u0627\u0644\u062d\u0634\u0648 \u0627\u0644\u0645\u0631\u0643\u0628\u0629 \u0628\u0627\u0644\u0623\u0633\u0646\u0627\u0646. \u0627\u0644\u062a\u0631\u0627\u0628\u0637 \u0647\u0648 \u062a\u0637\u0628\u064a\u0642 \u064a\u0633\u062a\u062e\u062f\u0645 \u0628\u0643\u062b\u0631\u0629 \u0627\u0644\u064a\u0648\u0645 \u0645\u0646 \u0623\u062c\u0644 \u0627\u0644\u0642\u0636\u0627\u0621 \u0639\u0644\u0649 \u062a\u0634\u0648\u0647\u0627\u062a \u0627\u0644\u0623\u0633\u0646\u0627\u0646 \u0648\u062e\u0644\u0642 \u0645\u0638\u0647\u0631 \u0623\u0643\u062b\u0631 \u062c\u0645\u0627\u0644\u064a\u0629.<\/p>\n<h2>\u0643\u064a\u0641 \u064a\u062a\u0645 \u062a\u0646\u0641\u064a\u0630 \u0637\u0644\u0628 \u0627\u0644\u0631\u0628\u0637\u061f<\/h2>\n<p>\u0627\u0644\u062e\u0637\u0648\u0627\u062a \u0627\u0644\u0645\u062a\u0628\u0639\u0629 \u0641\u064a \u062a\u0637\u0628\u064a\u0642 \u0627\u0644\u062a\u0631\u0627\u0628\u0637 \u060c \u0648\u0647\u0648 \u062a\u0637\u0628\u064a\u0642 \u0645\u0631\u064a\u062d \u0644\u0644\u0645\u0631\u0636\u0649 \u060c \u0647\u064a \u0643\u0645\u0627 \u064a\u0644\u064a \u0639\u0644\u0649 \u0627\u0644\u062a\u0648\u0627\u0644\u064a:<\/p>\n<ul>\n<li>\u0627\u0648\u0644\u0627 \u062a\u0646\u0638\u064a\u0641 \u0627\u0644\u0627\u0633\u0646\u0627\u0646<\/li>\n<li>\u0628\u0639\u062f \u062a\u0646\u0638\u064a\u0641 \u0627\u0644\u062a\u0633\u0648\u0633 \u060c \u064a\u062a\u0645 \u0625\u062c\u0631\u0627\u0621 \u0627\u0644\u062a\u062e\u0634\u064a\u0646 \u0644\u0632\u064a\u0627\u062f\u0629 \u0627\u0644\u062a\u0635\u0627\u0642 \u0627\u0644\u0633\u0637\u062d. \u0647\u0630\u0627 \u064a\u062c\u0639\u0644 \u0645\u0646 \u0627\u0644\u0623\u0633\u0647\u0644 \u0628\u0643\u062b\u064a\u0631 \u0631\u0628\u0637 \u0639\u0627\u0645\u0644 \u0627\u0644\u0627\u062d\u062a\u0641\u0627\u0638 \u0627\u0644\u0645\u0633\u0645\u0649 \u0627\u0644\u062a\u0631\u0627\u0628\u0637 \u0628\u0627\u0644\u0633\u0646.<\/li>\n<li>\u064a\u062a\u0645 \u062a\u0637\u0628\u064a\u0642 \u0627\u0644\u062d\u0645\u0636 \u0644\u062a\u0639\u0645\u064a\u0642 \u0627\u0644\u0633\u0637\u062d \u0627\u0644\u062e\u0634\u0646 \u0648\u062c\u0639\u0644 \u0627\u0644\u0627\u062d\u062a\u0641\u0627\u0638 \u0623\u0642\u0648\u0649. \u0628\u0639\u062f \u0623\u0646 \u064a\u062c\u0644\u0628 \u0627\u0644\u062d\u0645\u0636 \u0627\u0644\u0633\u0637\u062d \u0625\u0644\u0649 \u0627\u0644\u0646\u0642\u0637\u0629 \u0627\u0644\u0645\u0631\u063a\u0648\u0628\u0629 \u060c \u064a\u062a\u0645 \u063a\u0633\u0644\u0647 \u0628\u0627\u0644\u0645\u0627\u0621 \u060c \u0648\u062a\u062c\u0641\u064a\u0641 \u0627\u0644\u0623\u0633\u0646\u0627\u0646 \u0648\u062c\u0639\u0644\u0647\u0627 \u062c\u0627\u0647\u0632\u0629 \u0644\u062a\u0637\u0628\u064a\u0642 \u0627\u0644\u062a\u0631\u0627\u0628\u0637.<\/li>\n<li>\u064a\u062a\u0645 \u062a\u0637\u0628\u064a\u0642 \u0627\u0644\u062a\u0631\u0627\u0628\u0637 \u0628\u0645\u0633\u0627\u0639\u062f\u0629 \u0641\u0631\u0634\u0627\u0629 \u062f\u0642\u064a\u0642\u0629 \u0648\u064a\u062a\u0645 \u0627\u0633\u062a\u062e\u062f\u0627\u0645 \u0636\u0648\u0621 \u062e\u0627\u0635 \u0644\u062a\u0642\u0648\u064a\u0629 \u0627\u0644\u0645\u0627\u062f\u0629 \u0627\u0644\u0645\u0637\u0628\u0642\u0629.<\/li>\n<\/ul>\n<p>\u0628\u0639\u062f \u0627\u0644\u0627\u0646\u062a\u0647\u0627\u0621 \u0645\u0646 \u0643\u0644 \u0647\u0630\u0647 \u0627\u0644\u0625\u062c\u0631\u0627\u0621\u0627\u062a \u060c \u064a\u062a\u0645 \u0625\u062c\u0631\u0627\u0621 \u0627\u0644\u062a\u0644\u0645\u064a\u0639 \u0644\u0625\u0636\u0641\u0627\u0621 \u0645\u0638\u0647\u0631 \u062c\u0645\u0627\u0644\u064a \u0639\u0644\u0649 \u0627\u0644\u0623\u0633\u0646\u0627\u0646. \u062a\u0639\u062a\u0628\u0631 \u0639\u0645\u0644\u064a\u0629 \u0627\u0644\u062a\u0644\u0645\u064a\u0639 \u0630\u0627\u062a \u0623\u0647\u0645\u064a\u0629 \u0643\u0628\u064a\u0631\u0629 \u0645\u0646 \u0623\u062c\u0644 \u0627\u0644\u062d\u0635\u0648\u0644 \u0639\u0644\u0649 \u0645\u0638\u0647\u0631 \u0646\u0627\u0639\u0645 \u0648\u0644\u062c\u0639\u0644 \u0627\u0644\u0623\u0633\u0646\u0627\u0646 \u0623\u0643\u062b\u0631 \u0645\u0642\u0627\u0648\u0645\u0629 \u0644\u0644\u062a\u0644\u0637\u064a\u062e. \u0625\u0630\u0627 \u0644\u0632\u0645 \u0627\u0644\u0623\u0645\u0631 \u060c \u064a\u0645\u0643\u0646 \u062a\u0643\u0631\u0627\u0631 \u0627\u0644\u062a\u0644\u0645\u064a\u0639 \u0628\u0639\u062f \u0623\u0633\u0628\u0648\u0639 \u0648\u0627\u062d\u062f. \u0623\u062b\u0646\u0627\u0621 \u0627\u0644\u062a\u0637\u0628\u064a\u0642 \u060c \u0644\u0627 \u064a\u0634\u0639\u0631 \u0627\u0644\u0645\u0631\u0636\u0649 \u0628\u0623\u064a \u0623\u0644\u0645 \u0623\u0648 \u0648\u062c\u0639 \u062d\u064a\u062b \u0644\u0627 \u064a\u062a\u0645 \u0625\u062c\u0631\u0627\u0621 \u0623\u064a \u062e\u062f\u0634. \u0644\u0647\u0630\u0627 \u0627\u0644\u0633\u0628\u0628 \u060c \u0644\u0627 \u064a\u062a\u0645 \u062a\u0637\u0628\u064a\u0642 \u0623\u064a \u062a\u062e\u062f\u064a\u0631 \u0623\u062b\u0646\u0627\u0621 \u0627\u0644\u062a\u0637\u0628\u064a\u0642 \u0645\u0627 \u0644\u0645 \u064a\u0643\u0646 \u0630\u0644\u0643 \u0636\u0631\u0648\u0631\u064a\u064b\u0627.<\/p>\n<h2>\u0645\u0627 \u0647\u064a \u0645\u0632\u0627\u064a\u0627 \u062a\u0637\u0628\u064a\u0642 \u0627\u0644\u0631\u0628\u0637\u061f<\/h2>\n<p>\u064a\u0639\u062a\u0628\u0631 \u0627\u0644\u062a\u0631\u0627\u0628\u0637 \u0637\u0631\u064a\u0642\u0629 \u0641\u0639\u0627\u0644\u0629 \u0644\u0644\u063a\u0627\u064a\u0629 \u0644\u0625\u0632\u0627\u0644\u0629 \u0643\u0633\u0648\u0631 \u0627\u0644\u0623\u0633\u0646\u0627\u0646 \u060c \u0648\u0647\u0648 \u0623\u064a\u0636\u064b\u0627 \u0625\u062c\u0631\u0627\u0621 \u064a\u062a\u0645 \u062a\u0637\u0628\u064a\u0642\u0647 \u0623\u062b\u0646\u0627\u0621 \u062a\u0635\u0645\u064a\u0645 \u0627\u0644\u0627\u0628\u062a\u0633\u0627\u0645\u0629. \u0628\u0645\u0639\u0646\u0649 \u0622\u062e\u0631 \u060c \u0628\u0627\u0644\u0625\u0636\u0627\u0641\u0629 \u0625\u0644\u0649 \u0627\u0644\u0642\u0636\u0627\u0621 \u0639\u0644\u0649 \u0627\u0644\u0639\u064a\u0648\u0628 \u0627\u0644\u0648\u0638\u064a\u0641\u064a\u0629 \u060c \u0645\u0646 \u0627\u0644\u0645\u0647\u0645 \u0623\u064a\u0636\u064b\u0627 \u0645\u0646 \u062d\u064a\u062b \u062a\u062d\u0642\u064a\u0642 \u0627\u0644\u0645\u0638\u0647\u0631 \u0627\u0644\u062c\u0645\u0627\u0644\u064a. \u0627\u0644\u0645\u0632\u0627\u064a\u0627 \u0627\u0644\u0628\u0627\u0631\u0632\u0629 \u0644\u062a\u0637\u0628\u064a\u0642 \u0627\u0644\u062a\u0631\u0627\u0628\u0637 \u0647\u064a \u0643\u0645\u0627 \u064a\u0644\u064a:<\/p>\n<ul>\n<li>\u0644\u0627 \u064a\u0648\u062c\u062f \u0642\u0637\u0639 \u0627\u0648 \u062a\u0622\u0643\u0644 \u0627\u062b\u0646\u0627\u0621 \u062a\u0634\u0643\u064a\u0644 \u0627\u0644\u0627\u0633\u0646\u0627\u0646.<\/li>\n<li>\u064a\u0645\u0643\u0646 \u0633\u062f \u0627\u0644\u0641\u062c\u0648\u0627\u062a \u0628\u064a\u0646 \u0627\u0644\u0623\u0633\u0646\u0627\u0646 \u062f\u0648\u0646 \u0627\u0644\u062d\u0627\u062c\u0629 \u0625\u0644\u0649 \u0642\u0637\u0639 \u0627\u0644\u0623\u0633\u0646\u0627\u0646 \u060c<\/li>\n<li>\u0628\u0625\u0637\u0627\u0644\u0629 \u0637\u0648\u0644 \u0627\u0644\u0633\u0646 \u062a\u062c\u0639\u0644 \u0627\u0644\u0623\u0633\u0646\u0627\u0646 \u062a\u0628\u062f\u0648 \u062c\u0645\u0627\u0644\u064a\u0629 \u0623\u062b\u0646\u0627\u0621 \u0627\u0644\u062a\u062d\u062f\u062b \u0623\u0648 \u0627\u0644\u0636\u062d\u0643 \u060c<\/li>\n<li>\u0625\u0646\u0647\u0627 \u0623\u0642\u0644 \u062a\u0643\u0644\u0641\u0629 \u0628\u0643\u062b\u064a\u0631 \u0645\u0646 \u062a\u0637\u0628\u064a\u0642\u0627\u062a \u0627\u0644\u0623\u0633\u0646\u0627\u0646 \u0627\u0644\u062e\u0632\u0641\u064a\u0629 \u060c<\/li>\n<li>\u0642\u0628\u0644 \u062a\u0637\u0628\u064a\u0642 \u0627\u0644\u0628\u0648\u0631\u0633\u0644\u064a\u0646 \u060c \u064a\u0645\u0643\u0646 \u0627\u0633\u062a\u062e\u062f\u0627\u0645\u0647 \u0644\u0623\u063a\u0631\u0627\u0636 \u0627\u0644\u062a\u062f\u0631\u064a\u0628 \u062d\u062a\u0649 \u064a\u062a\u0645\u0643\u0646 \u0627\u0644\u0645\u0631\u0636\u0649 \u0645\u0646 \u0645\u0639\u0631\u0641\u0629 \u0646\u0648\u0639 \u0627\u0644\u0645\u0638\u0647\u0631 \u0627\u0644\u0630\u064a \u0633\u064a\u062d\u0635\u0644\u0648\u0646 \u0639\u0644\u064a\u0647 \u060c<\/li>\n<li>\u0644\u0627 \u062d\u0627\u062c\u0629 \u0644\u0644\u062a\u062e\u062f\u064a\u0631.<\/li>\n<li>\u0625\u0646\u0647 \u0623\u062d\u062f \u0623\u0633\u0631\u0639 \u0627\u0644\u062d\u0644\u0648\u0644 \u0627\u0644\u0645\u0637\u0628\u0642\u0629 \u0644\u0644\u0642\u0636\u0627\u0621 \u0639\u0644\u0649 \u0645\u0634\u0627\u0643\u0644 \u0627\u0644\u0623\u0633\u0646\u0627\u0646.<\/li>\n<\/ul>\n<p>\u0627\u0644\u0639\u064a\u0628 \u0627\u0644\u0648\u062d\u064a\u062f \u0644\u0644\u0631\u0628\u0637 \u0647\u0648 \u0623\u0646 \u0627\u0644\u0645\u0627\u062f\u0629 \u0627\u0644\u0645\u0637\u0628\u0642\u0629 \u0644\u064a\u0633\u062a \u0635\u0644\u0628\u0629 \u0645\u062b\u0644 \u0627\u0644\u0628\u0646\u064a\u0629 \u0627\u0644\u0637\u0628\u064a\u0639\u064a\u0629 \u0644\u0644\u0633\u0646. \u0644\u0630\u0644\u0643 \u060c \u0642\u062f \u064a\u062d\u062f\u062b \u0627\u0644\u0627\u0646\u0647\u064a\u0627\u0631 \u0639\u0646\u062f\u0645\u0627 \u064a\u062a\u0645 \u0639\u0636 \u0627\u0644\u0623\u0634\u064a\u0627\u0621 \u0627\u0644\u0635\u0639\u0628\u0629. \u0644\u0630\u0644\u0643 \u060c \u0639\u0627\u062f\u0629 \u0645\u0627 \u062a\u0643\u0648\u0646 \u0645\u062f\u0629 \u0627\u0644\u062a\u0637\u0628\u064a\u0642 \u0628\u0636\u0639 \u0633\u0646\u0648\u0627\u062a. \u0628\u0627\u0644\u0637\u0628\u0639 \u060c \u062a\u0639\u062a\u0628\u0631 \u0627\u0644\u0639\u0646\u0627\u064a\u0629 \u0628\u0627\u0644\u0641\u0645 \u0648\u0645\u0642\u062f\u0627\u0631 \u0627\u0644\u062a\u0631\u0627\u0628\u0637 \u0623\u064a\u0636\u064b\u0627 \u0645\u0646 \u0627\u0644\u0639\u0648\u0627\u0645\u0644 \u0627\u0644\u062d\u0627\u0633\u0645\u0629 \u0637\u0648\u0627\u0644 \u0639\u0645\u0631 \u0627\u0644\u062a\u0637\u0628\u064a\u0642. \u0641\u064a \u0627\u0644\u0648\u0642\u062a \u0646\u0641\u0633\u0647 \u060c \u064a\u064f\u0646\u0635\u062d \u0627\u0644\u0623\u0634\u062e\u0627\u0635 \u0627\u0644\u0630\u064a\u0646 \u0644\u062f\u064a\u0647\u0645 \u0637\u0644\u0628 \u0631\u0628\u0637 \u0628\u0625\u062c\u0631\u0627\u0621 \u0641\u062d\u0648\u0635\u0627\u062a \u0623\u0633\u0646\u0627\u0646 \u0645\u0646\u062a\u0638\u0645\u0629 \u0644\u0645\u0631\u0627\u0642\u0628\u0629 \u062d\u0627\u0644\u0629 \u0627\u0644\u062d\u0634\u0648\u0627\u062a.<\/p>\n\n\t\t<\/div>\n\t<\/div>\n<\/div><\/div><\/div><div class=\"sticky_form_content lead-form wpb_column vc_column_container vc_col-sm-4\" id=\"lead-form\"><div class=\"vc_column-inner\"><div class=\"wpb_wrapper\">\n<div class=\"wpcf7 no-js\" id=\"wpcf7-f1555-o1\" lang=\"en-US\" dir=\"ltr\" data-wpcf7-id=\"1555\">\n<div class=\"screen-reader-response\"><p role=\"status\" aria-live=\"polite\" aria-atomic=\"true\"><\/p> <ul><\/ul><\/div>\n<form action=\"\/ar\/wp-json\/wp\/v2\/pages\/12728#wpcf7-f1555-o1\" method=\"post\" class=\"wpcf7-form init\" aria-label=\"Contact form\" novalidate=\"novalidate\" data-status=\"init\" data-trp-original-action=\"\/ar\/wp-json\/wp\/v2\/pages\/12728#wpcf7-f1555-o1\">\n<fieldset class=\"hidden-fields-container\"><input type=\"hidden\" name=\"_wpcf7\" value=\"1555\" \/><input type=\"hidden\" name=\"_wpcf7_version\" value=\"6.1.5\" \/><input type=\"hidden\" name=\"_wpcf7_locale\" value=\"en_US\" \/><input type=\"hidden\" name=\"_wpcf7_unit_tag\" value=\"wpcf7-f1555-o1\" \/><input type=\"hidden\" name=\"_wpcf7_container_post\" value=\"0\" \/><input type=\"hidden\" name=\"_wpcf7_posted_data_hash\" value=\"\" \/>\n<\/fieldset>\n<div class=\"row\">\n\t<div class=\"col-lg-12\">\n\t\t<p><span class=\"wpcf7-form-control-wrap\" data-name=\"field-header\"><input size=\"40\" maxlength=\"400\" class=\"wpcf7-form-control wpcf7-text wpcf7-validates-as-required\" aria-required=\"true\" aria-invalid=\"false\" placeholder=\"\u0627\u0633\u0645\u0643 \u0648\u0644\u0642\u0628\u0643\" value=\"\" type=\"text\" name=\"field-header\" \/><\/span>\n\t\t<\/p>\n\t<\/div>\n\t<div class=\"col-lg-12\">\n\t\t<p><span class=\"wpcf7-form-control-wrap\" data-name=\"phonetext-206\"><input size=\"40\" class=\"wpcf7-form-control wpcf7-phonetext wpcf7-validates-as-required wpcf7-text wpcf7-validates-as-phonetext\" aria-required=\"true\" aria-invalid=\"false\" placeholder=\"\" value=\"\" type=\"text\" name=\"phonetext-206\" \/><input type=\"hidden\" name=\"phonetext-206-country-code\" class=\"wpcf7-phonetext-country-code\" \/><\/span>\n\t\t<\/p>\n\t<\/div>\n\t<div class=\"col-lg-12\">\n\t\t<p><span class=\"wpcf7-form-control-wrap\" data-name=\"field-header3\"><input size=\"40\" maxlength=\"400\" class=\"wpcf7-form-control wpcf7-text wpcf7-validates-as-required\" aria-required=\"true\" aria-invalid=\"false\" placeholder=\"\u0628\u0631\u064a\u062f \u0625\u0644\u0643\u062a\u0631\u0648\u0646\u064a\" value=\"\" type=\"text\" name=\"field-header3\" \/><\/span>\n\t\t<\/p>\n\t<\/div>\n\t<div class=\"col-lg-12\">\n\t\t<p><span class=\"wpcf7-form-control-wrap\" data-name=\"field-header4\"><textarea cols=\"40\" rows=\"10\" maxlength=\"2000\" class=\"wpcf7-form-control wpcf7-textarea\" aria-invalid=\"false\" placeholder=\"\u0631\u0633\u0627\u0644\u062a\u0643\" name=\"field-header4\"><\/textarea><\/span>\n\t\t<\/p>\n\t<\/div>\n\t<div class=\"col-lg-12\">\n\t\t<p><input class=\"wpcf7-form-control wpcf7-submit has-spinner\" type=\"submit\" value=\"\u064a\u0631\u0633\u0644\" \/>\n\t\t<\/p>\n\t<\/div>\n<\/div><div class=\"wpcf7-response-output\" aria-hidden=\"true\"><\/div>\n<input type=\"hidden\" name=\"trp-form-language\" value=\"ar\"\/><\/form>\n<\/div>\n<\/div><\/div><\/div><\/div>\n<\/div>","protected":false},"excerpt":{"rendered":"Di\u015fler \u00e7e\u015fitli nedenlere ba\u011fl\u0131 olarak k\u0131r\u0131labilir, \u00e7\u00fcr\u00fcyebilir ya da lekelenebilir. B\u00f6yle durumlarda i\u015flevsel problemler ortaya \u00e7\u0131kabilece\u011fi gibi estetik problemler de ortaya \u00e7\u0131kar ve bu problemler ki\u015filerin \u00f6zg\u00fcvenlerini olumsuz etkileyebilir. G\u00fcn\u00fcm\u00fczde hem i\u015flevsel hem de estetik kusurlar\u0131n giderilmesi, bireylerin \u00e7ok daha g\u00fczel bir g\u00fcl\u00fc\u015fe sahip olmas\u0131 ad\u0131na bonding pek \u00e7ok ki\u015fi taraf\u0131ndan tercih edilen bir uygulamad\u0131r. Pek \u00e7ok birey i\u00e7in hem konforlu bir s\u00fcre\u00e7 olmas\u0131 hem de d\u00fc\u015f\u00fck maliyetli olmas\u0131 nedeniyle tercih sebebidir. Bonding Uygulamas\u0131 Nedir? Bonding, di\u015flerde meydana gelen \u00e7\u00fcr\u00fck, k\u0131r\u0131k ya da renk de\u011fi\u015fimi gibi durumlarda ger\u00e7ekle\u015ftiren kozmetik bir uygulamad\u0131r. \u00c7entikli di\u015fleri d\u00fczeltmek i\u00e7in de ger\u00e7ekle\u015ftirilen bu uygulamada di\u015fler aras\u0131ndaki bo\u015fluklar kapat\u0131labilir ve ayn\u0131 zamanda di\u015flerin \u015fekli ya da rengi de\u011fi\u015ftirilebilir. Hem d\u00fc\u015f\u00fck maliyetli, hem kolay, hem de hastalar a\u00e7\u0131s\u0131ndan konforlu bir uygulama olan bonding, di\u015f \u00fczerinde herhangi bir a\u015f\u0131nd\u0131rma yap\u0131lmas\u0131n\u0131 gerektirmiyor ve bu y\u00fczden de herhangi bir di\u015f hasar\u0131 olu\u015fmuyor. \u0130\u015flem kompozit dolgu malzemelerinin di\u015fe yap\u0131\u015ft\u0131r\u0131lmas\u0131 ile ger\u00e7ekle\u015ftiriliyor. [...]","protected":false},"author":1,"featured_media":13012,"parent":0,"menu_order":0,"comment_status":"closed","ping_status":"closed","template":"page-templates\/full-width.php","meta":{"footnotes":""},"_links":{"self":[{"href":"https:\/\/www.beyazkose.com\/ar\/wp-json\/wp\/v2\/pages\/12728"}],"collection":[{"href":"https:\/\/www.beyazkose.com\/ar\/wp-json\/wp\/v2\/pages"}],"about":[{"href":"https:\/\/www.beyazkose.com\/ar\/wp-json\/wp\/v2\/types\/page"}],"author":[{"embeddable":true,"href":"https:\/\/www.beyazkose.com\/ar\/wp-json\/wp\/v2\/users\/1"}],"replies":[{"embeddable":true,"href":"https:\/\/www.beyazkose.com\/ar\/wp-json\/wp\/v2\/comments?post=12728"}],"version-history":[{"count":2,"href":"https:\/\/www.beyazkose.com\/ar\/wp-json\/wp\/v2\/pages\/12728\/revisions"}],"predecessor-version":[{"id":12846,"href":"https:\/\/www.beyazkose.com\/ar\/wp-json\/wp\/v2\/pages\/12728\/revisions\/12846"}],"wp:featuredmedia":[{"embeddable":true,"href":"https:\/\/www.beyazkose.com\/ar\/wp-json\/wp\/v2\/media\/13012"}],"wp:attachment":[{"href":"https:\/\/www.beyazkose.com\/ar\/wp-json\/wp\/v2\/media?parent=12728"}],"curies":[{"name":"wp","href":"https:\/\/api.w.org\/{rel}","templated":true}]}}