{"id":12730,"date":"2023-04-26T19:10:56","date_gmt":"2023-04-26T19:10:56","guid":{"rendered":"https:\/\/www.beyazkose.com\/?page_id=12730"},"modified":"2023-05-01T08:04:30","modified_gmt":"2023-05-01T08:04:30","slug":"zirkonyum-dis-kaplama","status":"publish","type":"page","link":"https:\/\/www.beyazkose.com\/ar\/zirkonyum-dis-kaplama\/","title":{"rendered":"\u0642\u0634\u0648\u0631 \u0627\u0644\u0623\u0633\u0646\u0627\u0646 \u0627\u0644\u0632\u0631\u0643\u0648\u0646\u064a\u0648\u0645"},"content":{"rendered":"<div class=\"wpb-content-wrapper\"><div class=\"vc_row wpb_row vc_row-fluid\"><div class=\"wpb_column vc_column_container vc_col-sm-8\"><div class=\"vc_column-inner\"><div class=\"wpb_wrapper\">\n\t<div class=\"wpb_text_column wpb_content_element\" >\n\t\t<div class=\"wpb_wrapper\">\n\t\t\t<p>\u064a\u0645\u0643\u0646 \u0627\u0644\u0642\u0636\u0627\u0621 \u0639\u0644\u0649 \u0641\u0642\u062f\u0627\u0646 \u0627\u0644\u0623\u0633\u0646\u0627\u0646 \u0623\u0648 \u0627\u0644\u0645\u0634\u0627\u0643\u0644 \u0627\u0644\u062c\u0645\u0627\u0644\u064a\u0629 \u0628\u0637\u0631\u0642 \u0637\u0644\u0627\u0621 \u0645\u062e\u062a\u0644\u0641\u0629. \u062a\u0633\u0627\u0639\u062f \u0642\u0634\u0648\u0631 \u0627\u0644\u0623\u0633\u0646\u0627\u0646 \u0628\u0634\u0643\u0644 \u0643\u0628\u064a\u0631 \u0641\u064a \u0627\u0644\u0642\u0636\u0627\u0621 \u0639\u0644\u0649 \u0627\u0644\u0645\u0634\u0627\u0643\u0644 \u0627\u0644\u0648\u0638\u064a\u0641\u064a\u0629. \u0628\u0627\u0644\u0637\u0628\u0639 \u060c \u0628\u0627\u0644\u0625\u0636\u0627\u0641\u0629 \u0625\u0644\u0649 \u0627\u0644\u0642\u0636\u0627\u0621 \u0639\u0644\u0649 \u0627\u0644\u0645\u0634\u0627\u0643\u0644 \u0627\u0644\u0648\u0638\u064a\u0641\u064a\u0629 \u060c \u0641\u0625\u0646 \u0627\u0644\u0645\u0638\u0647\u0631 \u0627\u0644\u062c\u0645\u0627\u0644\u064a \u0645\u0647\u0645. \u0627\u0644\u0637\u0631\u064a\u0642\u0629 \u0627\u0644\u0623\u0643\u062b\u0631 \u0627\u0633\u062a\u062e\u062f\u0627\u0645\u064b\u0627 \u0644\u0647\u0630\u0627 \u0627\u0644\u063a\u0631\u0636 \u0647\u064a \u0642\u0634\u0631\u0629 \u0627\u0644\u0632\u0631\u0643\u0648\u0646\u064a\u0648\u0645.<\/p>\n<h2>\u0645\u0627 \u0647\u0648 \u0627\u0644\u0632\u0631\u0643\u0648\u0646\u064a\u0648\u0645 \u0644\u0644\u0623\u0633\u0646\u0627\u0646 \u0627\u0644\u0641\u064a\u0646\u064a\u0631\u061f<\/h2>\n<p>\u0627\u0644\u0632\u0631\u0643\u0648\u0646\u064a\u0648\u0645 \u0639\u0628\u0627\u0631\u0629 \u0639\u0646 \u0633\u0628\u064a\u0643\u0629 \u0628\u064a\u0636\u0627\u0621 \u0645\u0641\u0636\u0644\u0629 \u0628\u062f\u0644\u0627\u064b \u0645\u0646 \u0627\u0644\u062f\u0639\u0627\u0645\u0627\u062a \u0627\u0644\u0645\u0639\u062f\u0646\u064a\u0629 \u0627\u0644\u0631\u0645\u0627\u062f\u064a\u0629 \u0627\u0644\u0645\u0633\u062a\u062e\u062f\u0645\u0629 \u0623\u062b\u0646\u0627\u0621 \u0627\u0644\u062c\u0633\u0648\u0631 \u0623\u0648 \u0627\u0644\u0625\u062c\u0631\u0627\u0621\u0627\u062a \u0627\u0644\u062a\u0639\u0648\u064a\u0636\u064a\u0629. \u0644\u0647\u0627 \u0645\u0638\u0647\u0631 \u0642\u0648\u064a \u0648\u0637\u0628\u064a\u0639\u064a.<\/p>\n<p>\u0633\u0628\u0628 \u062a\u0641\u0636\u064a\u0644\u0647 \u0647\u0648 \u0623\u0646\u0647 \u0644\u0627 \u064a\u0645\u0643\u0646 \u062a\u0645\u064a\u064a\u0632 \u0645\u0638\u0647\u0631\u0647 \u0639\u0646 \u0627\u0644\u0623\u0633\u0646\u0627\u0646 \u0627\u0644\u0637\u0628\u064a\u0639\u064a\u0629.<\/p>\n<p>\u0647\u0646\u0627\u0643 \u0637\u0631\u064a\u0642\u062a\u0627\u0646 \u0645\u062e\u062a\u0644\u0641\u062a\u0627\u0646 \u0644\u0642\u0634\u0631\u0629 \u0627\u0644\u0632\u0631\u0643\u0648\u0646\u064a\u0648\u0645 \u060c \u0627\u0644\u0645\u062f\u0639\u0645\u0629 \u0628\u0627\u0644\u0645\u0639\u062f\u0646 \u0623\u0648 \u063a\u064a\u0631 \u0627\u0644\u0645\u062f\u0639\u0645\u0629 \u0628\u0627\u0644\u0645\u0639\u062f\u0646 \u060c \u0648\u0627\u0644\u062a\u064a \u062a\u062c\u0639\u0644 \u0648\u0638\u0627\u0626\u0641 \u0627\u0644\u0641\u0645 \u0648\u0627\u0644\u0623\u0633\u0646\u0627\u0646 \u0623\u0643\u062b\u0631 \u0641\u0627\u0626\u062f\u0629. \u0627\u0644\u062d\u0627\u0644\u0627\u062a \u0627\u0644\u062a\u064a \u0642\u062f \u064a\u0643\u0648\u0646 \u0641\u064a\u0647\u0627 \u0637\u0644\u0627\u0621 \u0627\u0644\u0632\u0631\u0643\u0648\u0646\u064a\u0648\u0645 \u0636\u0631\u0648\u0631\u064a\u064b\u0627 \u0647\u064a \u0643\u0645\u0627 \u064a\u0644\u064a:<\/p>\n<ul>\n<li>\u0627\u0646\u0641\u0635\u0627\u0644 \u0643\u0628\u064a\u0631 \u0628\u064a\u0646 \u0627\u0644\u0623\u0633\u0646\u0627\u0646 \u060c<\/li>\n<li>\u0639\u062f\u0645 \u0625\u0632\u0627\u0644\u0629 \u062a\u0644\u0648\u0646 \u0627\u0644\u0623\u0633\u0646\u0627\u0646 \u0627\u0644\u062f\u0627\u0626\u0645 \u0628\u062a\u0628\u064a\u064a\u0636 \u0627\u0644\u0623\u0633\u0646\u0627\u0646.<\/li>\n<li>\u0625\u0635\u0644\u0627\u062d \u0627\u0644\u0623\u0633\u0646\u0627\u0646 \u0627\u0644\u0645\u0643\u0633\u0648\u0631\u0629 \u0648\u0627\u0644\u062a\u0633\u0648\u0633.<\/li>\n<li>\u0627\u0644\u0642\u0636\u0627\u0621 \u0639\u0644\u0649 \u0641\u0642\u062f\u0627\u0646 \u0627\u0644\u0623\u0633\u0646\u0627\u0646.<\/li>\n<li>\u0627\u0644\u0642\u0636\u0627\u0621 \u0639\u0644\u0649 \u0627\u0644\u0645\u0638\u0647\u0631 \u0627\u0644\u0633\u064a\u0626 \u0644\u0644\u0623\u0633\u0646\u0627\u0646 \u0646\u062a\u064a\u062c\u0629 \u062a\u0631\u0627\u062c\u0639 \u0627\u0644\u0644\u062b\u0629.<\/li>\n<\/ul>\n<p>\u0646\u0638\u0631\u064b\u0627 \u0644\u0623\u0646 \u0637\u0644\u0627\u0621 \u0627\u0644\u0632\u0631\u0643\u0648\u0646\u064a\u0648\u0645 \u0645\u0627\u062f\u0629 \u0635\u0644\u0628\u0629 \u0645\u062b\u0644 \u0628\u0646\u064a\u0629 \u0627\u0644\u0623\u0633\u0646\u0627\u0646 \u0627\u0644\u0637\u0628\u064a\u0639\u064a\u0629 \u060c \u0641\u064a\u0645\u0643\u0646 \u0623\u064a\u0636\u064b\u0627 \u062a\u0637\u0628\u064a\u0642\u0647\u0627 \u0639\u0644\u0649 \u0627\u0644\u0623\u0636\u0631\u0627\u0633 \u062d\u064a\u062b \u064a\u062a\u0645 \u0627\u0644\u0645\u0636\u063a.<\/p>\n<h2>\u0643\u064a\u0641 \u064a\u062a\u0645 \u0635\u0646\u0639 \u0642\u0634\u0631\u0629 \u0627\u0644\u0632\u0631\u0643\u0648\u0646\u064a\u0648\u0645\u061f<\/h2>\n<p>\u0642\u0628\u0644 \u062a\u0637\u0628\u064a\u0642 \u0637\u0644\u0627\u0621 \u0627\u0644\u0632\u0631\u0643\u0648\u0646\u064a\u0648\u0645 \u060c \u0648\u0647\u064a \u0637\u0631\u064a\u0642\u0629 \u0627\u0644\u0637\u0644\u0627\u0621 \u0627\u0644\u0623\u0643\u062b\u0631 \u0627\u0633\u062a\u062e\u062f\u0627\u0645\u064b\u0627 \u0641\u064a \u0627\u0644\u0633\u0646\u0648\u0627\u062a \u0627\u0644\u0623\u062e\u064a\u0631\u0629 \u060c \u064a\u062a\u0645 \u062a\u062d\u062f\u064a\u062f \u0627\u0644\u0623\u0636\u0631\u0627\u0631 \u0627\u0644\u062a\u064a \u0644\u062d\u0642\u062a \u0628\u0627\u0644\u0633\u0646 \u0648\u064a\u062a\u0645 \u062a\u062d\u062f\u064a\u062f \u0637\u0644\u0627\u0621 \u0627\u0644\u0632\u0631\u0643\u0648\u0646\u064a\u0648\u0645 \u0645\u0646 \u062e\u0644\u0627\u0644 \u0645\u0642\u0627\u0631\u0646\u062a\u0647 \u0628\u0627\u0644\u0645\u0631\u064a\u0636. \u0627\u0644\u062e\u0637\u0648\u0627\u062a \u0627\u0644\u0645\u062a\u0628\u0639\u0629 \u0623\u062b\u0646\u0627\u0621 \u0627\u0644\u062a\u0637\u0628\u064a\u0642 \u0647\u064a \u0643\u0645\u0627 \u064a\u0644\u064a:<\/p>\n<ul>\n<li>\u062a\u062d\u062a \u0627\u0644\u062a\u062e\u062f\u064a\u0631 \u0627\u0644\u0645\u0648\u0636\u0639\u064a \u060c \u064a\u062a\u0645 \u062a\u062e\u0641\u064a\u0641 \u0627\u0644\u0623\u0633\u0646\u0627\u0646 \u0627\u0644\u062a\u064a \u0633\u064a\u062a\u0645 \u0648\u0636\u0639 \u0627\u0644\u0642\u0634\u0631\u0629 \u0639\u0644\u064a\u0647\u0627 \u0628\u062d\u064a\u062b \u0644\u0627 \u062a\u0628\u062f\u0648 \u0627\u0644\u0642\u0634\u0631\u0629 \u062e\u0634\u0646\u0629 \u0648\u062a\u062a\u0646\u0627\u0633\u0628 \u0645\u0639 \u0628\u0646\u064a\u0629 \u0627\u0644\u0641\u0645 \u060c<\/li>\n<li>\u064a\u062a\u0645 \u062a\u0646\u0638\u064a\u0641 \u0648\u062a\u0637\u0647\u064a\u0631 \u0627\u0644\u0641\u0645 \u0645\u0646 \u0627\u0644\u062f\u0627\u062e\u0644 \u060c<\/li>\n<li>\u064a\u062a\u0645 \u0623\u062e\u0630 \u0642\u064a\u0627\u0633\u0627\u062a \u0627\u0644\u0633\u0646 (\u0627\u0644\u0623\u0633\u0646\u0627\u0646) \u0627\u0644\u0645\u0631\u0627\u062f \u0639\u0644\u0627\u062c\u0647\u0627 \u060c<\/li>\n<li>\u064a\u0645\u0643\u0646 \u0639\u0645\u0644 \u062a\u0637\u0628\u064a\u0642 \u0645\u0624\u0642\u062a \u0644\u0644\u0623\u0633\u0646\u0627\u0646 \u062d\u062a\u0649 \u064a\u062a\u0645 \u062a\u062d\u0636\u064a\u0631 \u062a\u064a\u062c\u0627\u0646 \u0627\u0644\u0632\u0631\u0643\u0648\u0646\u064a\u0648\u0645 \u060c<\/li>\n<li>\u064a\u0633\u062a\u063a\u0631\u0642 \u0627\u0644\u0623\u0645\u0631 \u062d\u0648\u0627\u0644\u064a \u0623\u0633\u0628\u0648\u0639 \u062d\u062a\u0649 \u062a\u0635\u0628\u062d \u0642\u0634\u0631\u0629 \u0627\u0644\u0632\u0631\u0643\u0648\u0646\u064a\u0648\u0645 \u062c\u0627\u0647\u0632\u0629 \u060c<\/li>\n<li>\u064a\u062a\u0645 \u0648\u0636\u0639 \u0642\u0634\u0648\u0631 \u0627\u0644\u0632\u0631\u0643\u0648\u0646\u064a\u0648\u0645 \u0627\u0644\u062c\u0627\u0647\u0632\u0629 \u0639\u0644\u0649 \u0623\u0633\u0646\u0627\u0646 \u0627\u0644\u0645\u0631\u064a\u0636 \u0648\u062c\u0639\u0644\u0647\u0627 \u062f\u0627\u0626\u0645\u0629.<\/li>\n<\/ul>\n<p>\u0642\u062f \u062a\u0643\u0648\u0646 \u0647\u0646\u0627\u0643 \u062d\u0627\u062c\u0629 \u0644\u0641\u062d\u0635 \u0627\u0644\u0623\u0633\u0646\u0627\u0646 \u0641\u064a \u063a\u0636\u0648\u0646 7 \u0625\u0644\u0649 10 \u0623\u064a\u0627\u0645 \u0628\u0639\u062f \u0625\u062c\u0631\u0627\u0621 \u0627\u0644\u0642\u0634\u0631\u0629 \u0644\u0644\u062a\u062d\u0642\u0642 \u0645\u0646 \u062d\u0627\u0644\u0629 \u0627\u0644\u0642\u0634\u0631\u0629. \u0625\u0630\u0627 \u0643\u0646\u062a \u062a\u0647\u062a\u0645 \u0628\u0635\u062d\u0629 \u0627\u0644\u0641\u0645 \u0648\u0627\u0644\u0623\u0633\u0646\u0627\u0646 \u060c \u0641\u064a\u0645\u0643\u0646 \u0627\u0633\u062a\u062e\u062f\u0627\u0645 \u0642\u0634\u0631\u0629 \u0627\u0644\u0632\u0631\u0643\u0648\u0646\u064a\u0648\u0645 \u0644\u0633\u0646\u0648\u0627\u062a \u0639\u062f\u064a\u062f\u0629.<\/p>\n<h2>\u0645\u0627 \u0647\u064a \u0645\u0632\u0627\u064a\u0627 \u0642\u0634\u0648\u0631 \u0627\u0644\u0632\u0631\u0643\u0648\u0646\u064a\u0648\u0645\u061f<\/h2>\n<p>\u062a\u0633\u0627\u0639\u062f\u0643 \u0642\u0634\u0648\u0631 \u0627\u0644\u0632\u0631\u0643\u0648\u0646\u064a\u0648\u0645 \u0641\u064a \u0627\u0644\u062d\u0635\u0648\u0644 \u0639\u0644\u0649 \u0645\u0638\u0647\u0631 \u062c\u0645\u0627\u0644\u064a \u0645\u0639 \u0627\u0644\u062a\u062e\u0644\u0635 \u0645\u0646 \u0627\u0644\u0645\u0634\u0627\u0643\u0644 \u0627\u0644\u0648\u0638\u064a\u0641\u064a\u0629 \u0644\u0644\u0623\u0633\u0646\u0627\u0646. \u0627\u0644\u0645\u0632\u0627\u064a\u0627 \u0627\u0644\u0628\u0627\u0631\u0632\u0629 \u0644\u062a\u0637\u0628\u064a\u0642 \u0637\u0644\u0627\u0621 \u0627\u0644\u0632\u0631\u0643\u0648\u0646\u064a\u0648\u0645 \u0647\u064a \u0643\u0645\u0627 \u064a\u0644\u064a:<\/p>\n<ul>\n<li>\u0644\u0627 \u064a\u062d\u062f\u062b \u062a\u0643\u0648\u0651\u0646 \u0644\u0644\u0648\u0646 \u0627\u0644\u062f\u0627\u0643\u0646 \u0641\u064a \u0627\u0644\u0644\u062b\u0629.<\/li>\n<li>\u0628\u0641\u0636\u0644 \u0642\u062f\u0631\u062a\u0647 \u0639\u0644\u0649 \u0639\u0643\u0633 \u0627\u0644\u0636\u0648\u0621 \u060c \u0644\u0627 \u064a\u0645\u0643\u0646 \u062a\u0645\u064a\u064a\u0632\u0647 \u0639\u0646 \u0627\u0644\u0623\u0633\u0646\u0627\u0646 \u0627\u0644\u062d\u0642\u064a\u0642\u064a\u0629 \u060c<\/li>\n<li>\u064a\u0648\u0641\u0631 \u0627\u0633\u062a\u062e\u062f\u0627\u0645\u064b\u0627 \u0637\u0648\u064a\u0644 \u0627\u0644\u0623\u0645\u062f \u0645\u0639 \u0627\u0644\u0635\u064a\u0627\u0646\u0629 \u0627\u0644\u0645\u0646\u0627\u0633\u0628\u0629 \u060c<\/li>\n<li>\u064a\u0633\u0627\u0639\u062f \u0639\u0644\u0649 \u062d\u0645\u0627\u064a\u0629 \u0635\u062d\u0629 \u0627\u0644\u0644\u062b\u0629 \u062d\u064a\u062b \u062a\u062a\u0643\u064a\u0641 \u0627\u0644\u0644\u062b\u0629 \u060c<\/li>\n<li>\u0644\u0627 \u062d\u0633\u0627\u0633\u064a\u0629 \u0644\u0644\u062d\u0631\u0627\u0631\u0629 \u0648\u0627\u0644\u0628\u0631\u0648\u062f\u0629 \u060c<\/li>\n<li>\u062a\u0644\u0637\u064a\u062e \u0623\u0648 \u0627\u0635\u0641\u0631\u0627\u0631 \u0627\u0644\u0623\u0633\u0646\u0627\u0646 \u0636\u0626\u064a\u0644 \u060c<\/li>\n<li>\u064a\u0633\u0627\u0639\u062f \u0641\u064a \u0645\u0646\u0639 \u0631\u0627\u0626\u062d\u0629 \u0627\u0644\u0641\u0645 \u0627\u0644\u0643\u0631\u064a\u0647\u0629.<\/li>\n<\/ul>\n<p>\u064a\u0645\u0643\u0646 \u0627\u0633\u062a\u062e\u062f\u0627\u0645 \u0642\u0634\u0648\u0631 \u0627\u0644\u0632\u0631\u0643\u0648\u0646\u064a\u0648\u0645 \u0644\u0641\u062a\u0631\u0629 \u0637\u0648\u064a\u0644\u0629 \u0643\u0637\u0631\u064a\u0642\u0629 \u0637\u0644\u0627\u0621 \u0634\u0627\u0626\u0639\u0629 \u0627\u0644\u0627\u0633\u062a\u062e\u062f\u0627\u0645 \u0627\u0644\u064a\u0648\u0645. \u0648\u0645\u0639 \u0630\u0644\u0643 \u060c \u0645\u0646 \u0627\u0644\u0645\u0647\u0645 \u0625\u062c\u0631\u0627\u0621 \u0641\u062d\u0648\u0635\u0627\u062a \u0623\u0633\u0646\u0627\u0646 \u0645\u0646\u062a\u0638\u0645\u0629 \u0644\u0644\u062a\u062d\u0642\u0642 \u0645\u0646 \u062d\u0627\u0644\u0629 \u0627\u0644\u0641\u064a\u0646\u064a\u0631 \u0648\u0645\u0631\u0627\u0642\u0628\u0629 \u0635\u062d\u0629 \u0627\u0644\u0641\u0645 \u0648\u0627\u0644\u0623\u0633\u0646\u0627\u0646 \u0628\u0634\u0643\u0644 \u0639\u0627\u0645.<\/p>\n\n\t\t<\/div>\n\t<\/div>\n<\/div><\/div><\/div><div class=\"sticky_form_content lead-form wpb_column vc_column_container vc_col-sm-4\" id=\"lead-form\"><div class=\"vc_column-inner\"><div class=\"wpb_wrapper\">\n<div class=\"wpcf7 no-js\" id=\"wpcf7-f1555-o1\" lang=\"en-US\" dir=\"ltr\" data-wpcf7-id=\"1555\">\n<div class=\"screen-reader-response\"><p role=\"status\" aria-live=\"polite\" aria-atomic=\"true\"><\/p> <ul><\/ul><\/div>\n<form action=\"\/ar\/wp-json\/wp\/v2\/pages\/12730#wpcf7-f1555-o1\" method=\"post\" class=\"wpcf7-form init\" aria-label=\"Contact form\" novalidate=\"novalidate\" data-status=\"init\" data-trp-original-action=\"\/ar\/wp-json\/wp\/v2\/pages\/12730#wpcf7-f1555-o1\">\n<fieldset class=\"hidden-fields-container\"><input type=\"hidden\" name=\"_wpcf7\" value=\"1555\" \/><input type=\"hidden\" name=\"_wpcf7_version\" value=\"6.1.5\" \/><input type=\"hidden\" name=\"_wpcf7_locale\" value=\"en_US\" \/><input type=\"hidden\" name=\"_wpcf7_unit_tag\" value=\"wpcf7-f1555-o1\" \/><input type=\"hidden\" name=\"_wpcf7_container_post\" value=\"0\" \/><input type=\"hidden\" name=\"_wpcf7_posted_data_hash\" value=\"\" \/>\n<\/fieldset>\n<div class=\"row\">\n\t<div class=\"col-lg-12\">\n\t\t<p><span class=\"wpcf7-form-control-wrap\" data-name=\"field-header\"><input size=\"40\" maxlength=\"400\" class=\"wpcf7-form-control wpcf7-text wpcf7-validates-as-required\" aria-required=\"true\" aria-invalid=\"false\" placeholder=\"\u0627\u0633\u0645\u0643 \u0648\u0644\u0642\u0628\u0643\" value=\"\" type=\"text\" name=\"field-header\" \/><\/span>\n\t\t<\/p>\n\t<\/div>\n\t<div class=\"col-lg-12\">\n\t\t<p><span class=\"wpcf7-form-control-wrap\" data-name=\"phonetext-206\"><input size=\"40\" class=\"wpcf7-form-control wpcf7-phonetext wpcf7-validates-as-required wpcf7-text wpcf7-validates-as-phonetext\" aria-required=\"true\" aria-invalid=\"false\" placeholder=\"\" value=\"\" type=\"text\" name=\"phonetext-206\" \/><input type=\"hidden\" name=\"phonetext-206-country-code\" class=\"wpcf7-phonetext-country-code\" \/><\/span>\n\t\t<\/p>\n\t<\/div>\n\t<div class=\"col-lg-12\">\n\t\t<p><span class=\"wpcf7-form-control-wrap\" data-name=\"field-header3\"><input size=\"40\" maxlength=\"400\" class=\"wpcf7-form-control wpcf7-text wpcf7-validates-as-required\" aria-required=\"true\" aria-invalid=\"false\" placeholder=\"\u0628\u0631\u064a\u062f \u0625\u0644\u0643\u062a\u0631\u0648\u0646\u064a\" value=\"\" type=\"text\" name=\"field-header3\" \/><\/span>\n\t\t<\/p>\n\t<\/div>\n\t<div class=\"col-lg-12\">\n\t\t<p><span class=\"wpcf7-form-control-wrap\" data-name=\"field-header4\"><textarea cols=\"40\" rows=\"10\" maxlength=\"2000\" class=\"wpcf7-form-control wpcf7-textarea\" aria-invalid=\"false\" placeholder=\"\u0631\u0633\u0627\u0644\u062a\u0643\" name=\"field-header4\"><\/textarea><\/span>\n\t\t<\/p>\n\t<\/div>\n\t<div class=\"col-lg-12\">\n\t\t<p><input class=\"wpcf7-form-control wpcf7-submit has-spinner\" type=\"submit\" value=\"\u064a\u0631\u0633\u0644\" \/>\n\t\t<\/p>\n\t<\/div>\n<\/div><div class=\"wpcf7-response-output\" aria-hidden=\"true\"><\/div>\n<input type=\"hidden\" name=\"trp-form-language\" value=\"ar\"\/><\/form>\n<\/div>\n<\/div><\/div><\/div><\/div>\n<\/div>","protected":false},"excerpt":{"rendered":"Di\u015flerde ya\u015fanan kay\u0131plar ya da estetik sorunlar \u00e7e\u015fitli kaplama y\u00f6ntemleri ile giderilebiliyor. Di\u015f kaplamas\u0131 i\u015flevsel sorunlar\u0131n giderilmesine b\u00fcy\u00fck \u00f6l\u00e7\u00fcde yard\u0131mc\u0131 oluyor. Elbette i\u015flevsel sorunlar\u0131n giderilmesinin yan\u0131 s\u0131ra estetik bir g\u00f6r\u00fcn\u00fcm \u00f6nem ta\u015f\u0131r. Bunun i\u00e7in de en s\u0131k ba\u015fvurulan y\u00f6ntem zirkonyum kaplamalard\u0131r. Zirkonyum Di\u015f Kaplama Nedir? Zirkonyum, k\u00f6pr\u00fc ya da protez i\u015flemleri s\u0131ras\u0131nda kullan\u0131lan gri metal destekler yerine tercih edilen beyaz bir ala\u015f\u0131md\u0131r. Hem sa\u011flam, hem de do\u011fal bir g\u00f6r\u00fcn\u00fcme sahiptir. En \u00e7ok tercih edilmesinin neden g\u00f6r\u00fcnt\u00fcs\u00fcn\u00fcn do\u011fal di\u015ften ay\u0131rt edilememesidir. A\u011f\u0131z ve di\u015f fonksiyonlar\u0131n\u0131n \u00e7ok daha kullan\u0131\u015fl\u0131 hale gelmesini sa\u011flayan zirkonyum kaplamada metal destekli ya da metal desteksiz olmak \u00fczere iki farkl\u0131 y\u00f6ntem bulunur. Zirkonyum kaplaman\u0131n gerekli olabilece\u011fi durumlar ise \u015funlard\u0131r: Di\u015fler aras\u0131nda belirgin ayr\u0131l\u0131klar\u0131n bulunmas\u0131, Di\u015flerde meydana gelen kal\u0131c\u0131 renk de\u011fi\u015fimlerinin di\u015f beyazlatma uygulamas\u0131 ile giderilememesi, K\u0131r\u0131k ve \u00e7\u00fcr\u00fck di\u015flerin onar\u0131lmas\u0131, Di\u015f kay\u0131plar\u0131n\u0131n giderilmesi, Di\u015f eti \u00e7ekilmesine ba\u011fl\u0131 olarak di\u015flerde olu\u015fan k\u00f6t\u00fc g\u00f6r\u00fcnt\u00fcn\u00fcn giderilmesi. Zirkonyum kaplama do\u011fal di\u015f yap\u0131s\u0131 [...]","protected":false},"author":1,"featured_media":13011,"parent":0,"menu_order":0,"comment_status":"closed","ping_status":"closed","template":"page-templates\/full-width.php","meta":{"footnotes":""},"_links":{"self":[{"href":"https:\/\/www.beyazkose.com\/ar\/wp-json\/wp\/v2\/pages\/12730"}],"collection":[{"href":"https:\/\/www.beyazkose.com\/ar\/wp-json\/wp\/v2\/pages"}],"about":[{"href":"https:\/\/www.beyazkose.com\/ar\/wp-json\/wp\/v2\/types\/page"}],"author":[{"embeddable":true,"href":"https:\/\/www.beyazkose.com\/ar\/wp-json\/wp\/v2\/users\/1"}],"replies":[{"embeddable":true,"href":"https:\/\/www.beyazkose.com\/ar\/wp-json\/wp\/v2\/comments?post=12730"}],"version-history":[{"count":3,"href":"https:\/\/www.beyazkose.com\/ar\/wp-json\/wp\/v2\/pages\/12730\/revisions"}],"predecessor-version":[{"id":12849,"href":"https:\/\/www.beyazkose.com\/ar\/wp-json\/wp\/v2\/pages\/12730\/revisions\/12849"}],"wp:featuredmedia":[{"embeddable":true,"href":"https:\/\/www.beyazkose.com\/ar\/wp-json\/wp\/v2\/media\/13011"}],"wp:attachment":[{"href":"https:\/\/www.beyazkose.com\/ar\/wp-json\/wp\/v2\/media?parent=12730"}],"curies":[{"name":"wp","href":"https:\/\/api.w.org\/{rel}","templated":true}]}}