{"id":12731,"date":"2023-04-26T19:10:59","date_gmt":"2023-04-26T19:10:59","guid":{"rendered":"https:\/\/www.beyazkose.com\/?page_id=12731"},"modified":"2023-05-01T08:04:46","modified_gmt":"2023-05-01T08:04:46","slug":"e-max-dis-kaplama","status":"publish","type":"page","link":"https:\/\/www.beyazkose.com\/ar\/e-max-dis-kaplama\/","title":{"rendered":"\u0642\u0634\u0648\u0631 \u0627\u0644\u0623\u0633\u0646\u0627\u0646 E-MAX"},"content":{"rendered":"<div class=\"wpb-content-wrapper\"><div class=\"vc_row wpb_row vc_row-fluid\"><div class=\"wpb_column vc_column_container vc_col-sm-8\"><div class=\"vc_column-inner\"><div class=\"wpb_wrapper\">\n\t<div class=\"wpb_text_column wpb_content_element\" >\n\t\t<div class=\"wpb_wrapper\">\n\t\t\t<p>\u0628\u064a\u0646\u0645\u0627 \u062a\u0633\u062a\u062e\u062f\u0645 \u0642\u0634\u0648\u0631 \u0627\u0644\u0632\u0631\u0643\u0648\u0646\u064a\u0648\u0645 \u0648\u0627\u0644\u0628\u0648\u0631\u0633\u0644\u064a\u0646 \u0648\u0627\u0644\u0633\u064a\u0631\u0627\u0645\u064a\u0643 \u0628\u0634\u0643\u0644 \u0634\u0627\u0626\u0639 \u0637\u0631\u0642 \u0637\u0644\u0627\u0621 \u0627\u0644\u0623\u0633\u0646\u0627\u0646 \u060c \u0623\u0635\u0628\u062d \u0637\u0644\u0627\u0621 E-MAX \u0623\u064a\u0636\u064b\u0627 \u0634\u0627\u0626\u0639\u064b\u0627 \u062c\u062f\u064b\u0627 \u0641\u064a \u0627\u0644\u0633\u0646\u0648\u0627\u062a \u0627\u0644\u0623\u062e\u064a\u0631\u0629. \u0644\u0627 \u064a\u0645\u0643\u0646 \u062a\u0645\u064a\u064a\u0632 \u0627\u0644\u0623\u0633\u0646\u0627\u0646 \u0627\u0644\u0645\u0637\u0644\u064a\u0629 \u0628\u0640 E-MAX \u0639\u0646 \u0627\u0644\u0623\u0633\u0646\u0627\u0646 \u0627\u0644\u0637\u0628\u064a\u0639\u064a\u0629 \u060c \u0648\u0628\u0627\u0644\u062a\u0627\u0644\u064a \u062e\u0644\u0642 \u0645\u0638\u0647\u0631 \u0623\u0643\u062b\u0631 \u0637\u0628\u064a\u0639\u064a\u0629.<\/p>\n<h2>\u0645\u0627 \u0647\u064a \u0642\u0634\u0648\u0631 \u0627\u0644\u0623\u0633\u0646\u0627\u0646 E-MAX\u061f<\/h2>\n<p>E-MAX \u0639\u0628\u0627\u0631\u0629 \u0639\u0646 \u0645\u0627\u062f\u0629 \u062e\u0632\u0641\u064a\u0629 \u0630\u0627\u062a \u0645\u062a\u0627\u0646\u0629 \u0645\u062a\u0632\u0627\u064a\u062f\u0629. \u0644\u0627 \u064a\u062a\u0645 \u0627\u0633\u062a\u062e\u062f\u0627\u0645 \u0628\u0646\u064a\u0629 \u062a\u062d\u062a\u064a\u0629 \u0645\u0639\u062f\u0646\u064a\u0629 \u0641\u064a \u0637\u0631\u064a\u0642\u0629 \u0637\u0644\u0627\u0621 \u0627\u0644\u0623\u0633\u0646\u0627\u0646 E-MAX. \u0625\u0646\u0647\u0627 \u0648\u0627\u062d\u062f\u0629 \u0645\u0646 \u0623\u0643\u062b\u0631 \u0627\u0644\u0637\u0631\u0642 \u0627\u0644\u0645\u0633\u062a\u062e\u062f\u0645\u0629 \u0639\u0644\u0649 \u0646\u0637\u0627\u0642 \u0648\u0627\u0633\u0639 \u0641\u064a \u062a\u0637\u0628\u064a\u0642\u0627\u062a \u0637\u0628 \u0627\u0644\u0623\u0633\u0646\u0627\u0646 \u0627\u0644\u062a\u062c\u0645\u064a\u0644\u064a\u0629 \u0628\u0633\u0628\u0628 \u0646\u0641\u0627\u0630\u064a\u0629 \u0627\u0644\u0636\u0648\u0621 \u0627\u0644\u0639\u0627\u0644\u064a\u0629 \u0648\u062e\u0627\u0644\u064a\u0629 \u0645\u0646 \u0627\u0644\u0645\u0639\u0627\u062f\u0646. \u064a\u0645\u0643\u0646 \u0627\u0633\u062a\u062e\u062f\u0627\u0645 \u0637\u0631\u064a\u0642\u0629 \u0637\u0644\u0627\u0621 \u0627\u0644\u0623\u0633\u0646\u0627\u0646 E-MAX \u0644\u062a\u062d\u0642\u064a\u0642 \u0645\u0638\u0647\u0631 \u0623\u0643\u062b\u0631 \u062c\u0645\u0627\u0644\u064a\u0629 \u0644\u0644\u0623\u0633\u0646\u0627\u0646 \u0627\u0644\u0645\u0635\u0641\u0631\u0629 \u0623\u0648 \u0627\u0644\u0645\u0646\u062d\u0646\u064a\u0629 \u0623\u0648 \u0627\u0644\u0645\u0643\u0633\u0648\u0631\u0629 \u0623\u0648 \u0627\u0644\u0645\u0639\u0627\u0644\u062c\u0629 \u0628\u0627\u0644\u0642\u0646\u0627\u0629.<\/p>\n<h2>\u0643\u064a\u0641 \u064a\u062a\u0645 \u062a\u0637\u0628\u064a\u0642 \u0642\u0634\u0648\u0631 \u0627\u0644\u0623\u0633\u0646\u0627\u0646 E-MAX\u061f<\/h2>\n<p>\u064a\u062a\u0645 \u062a\u0637\u0628\u064a\u0642 E-MAX \u0628\u0646\u0641\u0633 \u0627\u0644\u0637\u0631\u064a\u0642\u0629 \u0627\u0644\u062a\u064a \u064a\u062a\u0645 \u0628\u0647\u0627 \u062a\u0637\u0628\u064a\u0642 \u0627\u0644\u0639\u062f\u064a\u062f \u0645\u0646 \u0637\u0631\u0642 \u0637\u0644\u0627\u0621 \u0627\u0644\u0623\u0633\u0646\u0627\u0646 \u0627\u0644\u0645\u0637\u0628\u0642\u0629 \u0627\u0644\u064a\u0648\u0645. \u0628\u0639\u062f \u062a\u062d\u062f\u064a\u062f \u062a\u0637\u0628\u064a\u0642 \u0642\u0634\u0631\u0629 \u0627\u0644\u0623\u0633\u0646\u0627\u0646 E-MAX \u060c \u064a\u062a\u0645 \u0623\u062e\u0630 \u0627\u0644\u0627\u0646\u0637\u0628\u0627\u0639 \u0628\u062f\u0642\u0629 \u0643\u062e\u0637\u0648\u0629 \u0623\u0648\u0644\u0649. \u064a\u0645\u0643\u0646 \u0627\u0633\u062a\u062e\u062f\u0627\u0645 \u0627\u0644\u0623\u062f\u0648\u0627\u062a \u0627\u0644\u0631\u0642\u0645\u064a\u0629 \u0623\u062b\u0646\u0627\u0621 \u0639\u0645\u0644\u064a\u0629 \u0623\u062e\u0630 \u0627\u0644\u0627\u0646\u0637\u0628\u0627\u0639.<\/p>\n<p>\u0628\u0639\u062f \u0623\u062e\u0630 \u0627\u0644\u0627\u0646\u0637\u0628\u0627\u0639\u0627\u062a \u060c \u064a\u062a\u0645 \u0625\u0631\u0633\u0627\u0644\u0647\u0627 \u0625\u0644\u0649 \u0627\u0644\u0645\u062e\u062a\u0628\u0631 \u0648\u064a\u062a\u0645 \u062a\u062d\u0636\u064a\u0631 \u0642\u0634\u0648\u0631 \u0627\u0644\u0623\u0633\u0646\u0627\u0646 E-MAX \u0641\u064a \u062d\u0648\u0627\u0644\u064a 3 \u0625\u0644\u0649 5 \u0623\u064a\u0627\u0645.<\/p>\n<p>\u0642\u0628\u0644 \u0625\u0635\u0644\u0627\u062d \u0627\u0644\u0623\u0633\u0646\u0627\u0646 \u060c \u0645\u0646 \u0627\u0644\u0645\u0647\u0645 \u0627\u0644\u062a\u062f\u0631\u0628 \u0639\u0644\u064a\u0647\u0627 \u0639\u0644\u0649 \u0627\u0644\u0645\u0631\u064a\u0636 \u0644\u062a\u062c\u0646\u0628 \u0623\u064a \u0645\u0634\u0627\u0643\u0644. \u0628\u0639\u062f \u0625\u062c\u0631\u0627\u0621 \u0627\u0644\u062a\u0631\u062a\u064a\u0628\u0627\u062a \u0627\u0644\u0644\u0627\u0632\u0645\u0629 \u0648\u0625\u062a\u0645\u0627\u0645 \u0627\u0644\u062a\u0631\u0643\u064a\u0628 \u060c \u064a\u062a\u0645 \u0625\u0635\u0644\u0627\u062d \u0642\u0634\u0648\u0631 \u0627\u0644\u0623\u0633\u0646\u0627\u0646 E-MAX.<\/p>\n<h2>\u0645\u0627 \u0647\u064a \u0645\u0632\u0627\u064a\u0627 \u0642\u0634\u0648\u0631 \u0627\u0644\u0623\u0633\u0646\u0627\u0646 E-MAX\u061f<\/h2>\n<p>\u062a\u0648\u0641\u0631 \u0642\u0634\u0648\u0631 \u0627\u0644\u0623\u0633\u0646\u0627\u0646 E-MAX \u0645\u0638\u0647\u0631\u064b\u0627 \u062c\u0645\u0627\u0644\u064a\u064b\u0627 \u0644\u0644\u063a\u0627\u064a\u0629 \u0644\u0623\u0646\u0647\u0627 \u062a\u0632\u064a\u0644 \u062a\u0645\u0627\u0645\u064b\u0627 \u0627\u0644\u0639\u064a\u0648\u0628 \u0627\u0644\u062a\u062c\u0645\u064a\u0644\u064a\u0629 \u0639\u0644\u0649 \u0627\u0644\u0623\u0633\u0646\u0627\u0646. \u0627\u0644\u0645\u0632\u0627\u064a\u0627 \u0627\u0644\u0628\u0627\u0631\u0632\u0629 \u0627\u0644\u0623\u062e\u0631\u0649 \u0647\u064a \u0643\u0645\u0627 \u064a\u0644\u064a:<\/p>\n<ul>\n<li>\u0628\u0645\u0638\u0647\u0631\u0647\u0627 \u0627\u0644\u0648\u0627\u0642\u0639\u064a \u0648\u0627\u0644\u0634\u0641\u0627\u0641 \u060c \u0644\u0627 \u064a\u0645\u0643\u0646 \u062a\u0645\u064a\u064a\u0632 \u0642\u0634\u0648\u0631 \u0627\u0644\u0623\u0633\u0646\u0627\u0646 E-MAX \u0639\u0646 \u0627\u0644\u0623\u0633\u0646\u0627\u0646 \u0627\u0644\u0637\u0628\u064a\u0639\u064a\u0629 \u060c<\/li>\n<li>\u0644\u0627 \u062a\u062e\u062a\u0644\u0641 \u0627\u0646\u0639\u0643\u0627\u0633\u0627\u062a \u0627\u0644\u0636\u0648\u0621 \u0639\u0646 \u0627\u0644\u0623\u0633\u0646\u0627\u0646 \u0627\u0644\u0637\u0628\u064a\u0639\u064a\u0629 \u060c<\/li>\n<li>\u0644\u0627 \u064a\u0648\u062c\u062f \u062f\u0639\u0645 \u0645\u0639\u062f\u0646\u064a \u062a\u062d\u062a \u0627\u0644\u0642\u0634\u0631\u0629 \u060c \u064a\u062a\u0645 \u062a\u0637\u0628\u064a\u0642\u0647 \u0628\u0627\u0644\u0643\u0627\u0645\u0644 \u0645\u0646 \u0627\u0644\u0633\u064a\u0631\u0627\u0645\u064a\u0643 \u0628\u062d\u064a\u062b \u0644\u0627 \u064a\u0646\u0639\u0643\u0633 \u0644\u0648\u0646 \u0627\u0644\u0645\u0639\u062f\u0646 \u0627\u0644\u0623\u0633\u0627\u0633\u064a \u0639\u0644\u0649 \u0627\u0644\u0623\u0633\u0646\u0627\u0646 \u060c<\/li>\n<li>\u0645\u0635\u0646\u0648\u0639\u0629 \u0627\u0644\u0623\u0633\u0646\u0627\u0646 \u0644\u062a\u0628\u062f\u0648 \u0623\u0643\u062b\u0631 \u062d\u064a\u0648\u064a\u0629 \u060c<\/li>\n<li>\u0628\u0641\u0636\u0644 \u0647\u064a\u0643\u0644\u0647\u0627 \u0627\u0644\u0645\u062a\u064a\u0646 \u060c \u0641\u0647\u064a \u0645\u0642\u0627\u0648\u0645\u0629 \u0644\u0636\u063a\u0637 \u0627\u0644\u0645\u0636\u063a \u060c \u0644\u0630\u0644\u0643 \u0645\u0646 \u0627\u0644\u0645\u0633\u062a\u0628\u0639\u062f \u062c\u062f\u064b\u0627 \u062d\u062f\u0648\u062b \u062d\u0627\u0644\u0627\u062a \u0645\u062b\u0644 \u0627\u0644\u0643\u0633\u0631 \u0623\u0648 \u0627\u0644\u062a\u0635\u062f\u0639 \u060c<\/li>\n<li>\u064a\u0633\u0627\u0639\u062f \u0639\u0644\u0649 \u062d\u0645\u0627\u064a\u0629 \u0628\u0646\u064a\u0629 \u0627\u0644\u0633\u0646.<\/li>\n<\/ul>\n<p>\u0628\u0641\u0636\u0644 \u0643\u0644 \u0647\u0630\u0647 \u0627\u0644\u0645\u0632\u0627\u064a\u0627 \u060c \u0623\u0635\u0628\u062d\u062a \u0642\u0634\u0648\u0631 \u0627\u0644\u0623\u0633\u0646\u0627\u0646 E-MAX \u0625\u062d\u062f\u0649 \u0637\u0631\u0642 \u0627\u0644\u0637\u0644\u0627\u0621 \u0627\u0644\u0623\u0643\u062b\u0631 \u0627\u0633\u062a\u062e\u062f\u0627\u0645\u064b\u0627 \u0641\u064a \u0627\u0644\u0633\u0646\u0648\u0627\u062a \u0627\u0644\u0623\u062e\u064a\u0631\u0629. \u0625\u0646\u0647\u0627 \u0645\u062a\u064a\u0646\u0629 \u0648\u062a\u062a\u0643\u064a\u0641 \u0645\u0639 \u0628\u0646\u064a\u0629 \u0627\u0644\u0633\u0646 \u060c \u0645\u0645\u0627 \u064a\u0633\u0645\u062d \u0628\u0627\u0633\u062a\u062e\u062f\u0627\u0645\u0647\u0627 \u0644\u0641\u062a\u0631\u0629 \u0637\u0648\u064a\u0644\u0629.<\/p>\n\n\t\t<\/div>\n\t<\/div>\n<\/div><\/div><\/div><div class=\"sticky_form_content lead-form wpb_column vc_column_container vc_col-sm-4\" id=\"lead-form\"><div class=\"vc_column-inner\"><div class=\"wpb_wrapper\">\n<div class=\"wpcf7 no-js\" id=\"wpcf7-f1555-o1\" lang=\"en-US\" dir=\"ltr\" data-wpcf7-id=\"1555\">\n<div class=\"screen-reader-response\"><p role=\"status\" aria-live=\"polite\" aria-atomic=\"true\"><\/p> <ul><\/ul><\/div>\n<form action=\"\/ar\/wp-json\/wp\/v2\/pages\/12731#wpcf7-f1555-o1\" method=\"post\" class=\"wpcf7-form init\" aria-label=\"Contact form\" novalidate=\"novalidate\" data-status=\"init\" data-trp-original-action=\"\/ar\/wp-json\/wp\/v2\/pages\/12731#wpcf7-f1555-o1\">\n<fieldset class=\"hidden-fields-container\"><input type=\"hidden\" name=\"_wpcf7\" value=\"1555\" \/><input type=\"hidden\" name=\"_wpcf7_version\" value=\"6.1.5\" \/><input type=\"hidden\" name=\"_wpcf7_locale\" value=\"en_US\" \/><input type=\"hidden\" name=\"_wpcf7_unit_tag\" value=\"wpcf7-f1555-o1\" \/><input type=\"hidden\" name=\"_wpcf7_container_post\" value=\"0\" \/><input type=\"hidden\" name=\"_wpcf7_posted_data_hash\" value=\"\" \/>\n<\/fieldset>\n<div class=\"row\">\n\t<div class=\"col-lg-12\">\n\t\t<p><span class=\"wpcf7-form-control-wrap\" data-name=\"field-header\"><input size=\"40\" maxlength=\"400\" class=\"wpcf7-form-control wpcf7-text wpcf7-validates-as-required\" aria-required=\"true\" aria-invalid=\"false\" placeholder=\"\u0627\u0633\u0645\u0643 \u0648\u0644\u0642\u0628\u0643\" value=\"\" type=\"text\" name=\"field-header\" \/><\/span>\n\t\t<\/p>\n\t<\/div>\n\t<div class=\"col-lg-12\">\n\t\t<p><span class=\"wpcf7-form-control-wrap\" data-name=\"phonetext-206\"><input size=\"40\" class=\"wpcf7-form-control wpcf7-phonetext wpcf7-validates-as-required wpcf7-text wpcf7-validates-as-phonetext\" aria-required=\"true\" aria-invalid=\"false\" placeholder=\"\" value=\"\" type=\"text\" name=\"phonetext-206\" \/><input type=\"hidden\" name=\"phonetext-206-country-code\" class=\"wpcf7-phonetext-country-code\" \/><\/span>\n\t\t<\/p>\n\t<\/div>\n\t<div class=\"col-lg-12\">\n\t\t<p><span class=\"wpcf7-form-control-wrap\" data-name=\"field-header3\"><input size=\"40\" maxlength=\"400\" class=\"wpcf7-form-control wpcf7-text wpcf7-validates-as-required\" aria-required=\"true\" aria-invalid=\"false\" placeholder=\"\u0628\u0631\u064a\u062f \u0625\u0644\u0643\u062a\u0631\u0648\u0646\u064a\" value=\"\" type=\"text\" name=\"field-header3\" \/><\/span>\n\t\t<\/p>\n\t<\/div>\n\t<div class=\"col-lg-12\">\n\t\t<p><span class=\"wpcf7-form-control-wrap\" data-name=\"field-header4\"><textarea cols=\"40\" rows=\"10\" maxlength=\"2000\" class=\"wpcf7-form-control wpcf7-textarea\" aria-invalid=\"false\" placeholder=\"\u0631\u0633\u0627\u0644\u062a\u0643\" name=\"field-header4\"><\/textarea><\/span>\n\t\t<\/p>\n\t<\/div>\n\t<div class=\"col-lg-12\">\n\t\t<p><input class=\"wpcf7-form-control wpcf7-submit has-spinner\" type=\"submit\" value=\"\u064a\u0631\u0633\u0644\" \/>\n\t\t<\/p>\n\t<\/div>\n<\/div><div class=\"wpcf7-response-output\" aria-hidden=\"true\"><\/div>\n<input type=\"hidden\" name=\"trp-form-language\" value=\"ar\"\/><\/form>\n<\/div>\n<\/div><\/div><\/div><\/div>\n<\/div>","protected":false},"excerpt":{"rendered":"Zirkonyum, porselen ve seramik kaplamalar s\u0131k kullan\u0131lan di\u015f kaplama y\u00f6ntemleri olmakla birlikte, son y\u0131llarda E-MAX kaplama da olduk\u00e7a pop\u00fcler bir hale geldi. E-MAX ile kaplanan di\u015fler normal di\u015flerden ay\u0131rt edilemiyor bu sayede \u00e7ok daha do\u011fal bir g\u00f6r\u00fcn\u00fcm yarat\u0131labiliyor. E-MAX Di\u015f Kaplama Nedir? E-MAX dayan\u0131kl\u0131l\u0131\u011f\u0131 artt\u0131r\u0131lm\u0131\u015f porselen bir malzemedir. E-MAX di\u015f kaplama y\u00f6nteminde herhangi bir metal altyap\u0131 kullan\u0131lmaz. I\u015f\u0131k ge\u00e7irgenli\u011finin y\u00fcksek olmas\u0131 ve metal i\u00e7ermemesi sebebiyle kozmetik di\u015f uygulamalar\u0131nda en \u00e7ok kullan\u0131lan y\u00f6ntemlerden biridir. Sararm\u0131\u015f, e\u011fri, k\u0131r\u0131k ya da kanal tedavisi g\u00f6rm\u00fc\u015f di\u015flerin \u00e7ok daha estetik bir g\u00f6r\u00fcn\u00fcme kavu\u015fmas\u0131 amac\u0131yla E-MAX di\u015f kaplama y\u00f6ntemine ba\u015fvurulabilir. E-MAX Di\u015f Kaplama Nas\u0131l Yap\u0131l\u0131r? E-MAX g\u00fcn\u00fcm\u00fczde uygulanan pek \u00e7ok di\u015f kaplama y\u00f6ntemi ile ayn\u0131 \u015fekilde uygulan\u0131r. E-MAX di\u015f kaplama uygulamas\u0131na karar verildikten sonra ilk ad\u0131m olarak hassas bir \u015fekilde \u00f6l\u00e7\u00fc al\u0131n\u0131r. \u00d6l\u00e7\u00fc alma i\u015flemi s\u0131ras\u0131nda dijital ara\u00e7lardan faydalan\u0131labilir. \u00d6l\u00e7\u00fcler al\u0131nd\u0131ktan sonra laboratuvara g\u00f6nderilir ve yakla\u015f\u0131k olarak 3 ila 5 g\u00fcn i\u00e7erisinde E-MAX di\u015f kaplamalar\u0131 haz\u0131rlan\u0131r. [...]","protected":false},"author":1,"featured_media":13014,"parent":0,"menu_order":0,"comment_status":"closed","ping_status":"closed","template":"page-templates\/full-width.php","meta":{"footnotes":""},"_links":{"self":[{"href":"https:\/\/www.beyazkose.com\/ar\/wp-json\/wp\/v2\/pages\/12731"}],"collection":[{"href":"https:\/\/www.beyazkose.com\/ar\/wp-json\/wp\/v2\/pages"}],"about":[{"href":"https:\/\/www.beyazkose.com\/ar\/wp-json\/wp\/v2\/types\/page"}],"author":[{"embeddable":true,"href":"https:\/\/www.beyazkose.com\/ar\/wp-json\/wp\/v2\/users\/1"}],"replies":[{"embeddable":true,"href":"https:\/\/www.beyazkose.com\/ar\/wp-json\/wp\/v2\/comments?post=12731"}],"version-history":[{"count":2,"href":"https:\/\/www.beyazkose.com\/ar\/wp-json\/wp\/v2\/pages\/12731\/revisions"}],"predecessor-version":[{"id":12850,"href":"https:\/\/www.beyazkose.com\/ar\/wp-json\/wp\/v2\/pages\/12731\/revisions\/12850"}],"wp:featuredmedia":[{"embeddable":true,"href":"https:\/\/www.beyazkose.com\/ar\/wp-json\/wp\/v2\/media\/13014"}],"wp:attachment":[{"href":"https:\/\/www.beyazkose.com\/ar\/wp-json\/wp\/v2\/media?parent=12731"}],"curies":[{"name":"wp","href":"https:\/\/api.w.org\/{rel}","templated":true}]}}