{"id":12732,"date":"2023-04-26T19:11:03","date_gmt":"2023-04-26T19:11:03","guid":{"rendered":"https:\/\/www.beyazkose.com\/?page_id=12732"},"modified":"2023-05-01T08:05:29","modified_gmt":"2023-05-01T08:05:29","slug":"seramik-kaplama","status":"publish","type":"page","link":"https:\/\/www.beyazkose.com\/ar\/seramik-kaplama\/","title":{"rendered":"\u0637\u0644\u0627\u0621 \u0627\u0644\u0633\u064a\u0631\u0627\u0645\u064a\u0643"},"content":{"rendered":"<div class=\"wpb-content-wrapper\"><div class=\"vc_row wpb_row vc_row-fluid\"><div class=\"wpb_column vc_column_container vc_col-sm-8\"><div class=\"vc_column-inner\"><div class=\"wpb_wrapper\">\n\t<div class=\"wpb_text_column wpb_content_element\" >\n\t\t<div class=\"wpb_wrapper\">\n\t\t\t<p>\u064a\u0648\u0641\u0631 \u0637\u0644\u0627\u0621 \u0627\u0644\u0633\u064a\u0631\u0627\u0645\u064a\u0643 \u060c \u0627\u0644\u0630\u064a \u064a\u062a\u0645 \u062a\u0637\u0628\u064a\u0642\u0647 \u0628\u0634\u0643\u0644 \u062e\u0627\u0635 \u0641\u064a \u0627\u0644\u062d\u0627\u0644\u0627\u062a \u0627\u0644\u062a\u064a \u062a\u0643\u0648\u0646 \u0641\u064a\u0647\u0627 \u0627\u0644\u062c\u0645\u0627\u0644\u064a\u0627\u062a \u062f\u0627\u062e\u0644 \u0627\u0644\u0641\u0645 \u0641\u064a \u0627\u0644\u0645\u0642\u062f\u0645\u0629 \u060c \u0627\u0633\u062a\u062e\u062f\u0627\u0645\u064b\u0627 \u0637\u0648\u064a\u0644 \u0627\u0644\u0623\u0645\u062f \u0628\u0641\u0636\u0644 \u0647\u064a\u0643\u0644\u0647 \u0627\u0644\u0630\u064a \u0644\u0627 \u064a\u062a\u063a\u064a\u0631 \u0644\u0648\u0646\u0647. \u064a\u0639\u062f \u0637\u0644\u0627\u0621 \u0627\u0644\u0633\u064a\u0631\u0627\u0645\u064a\u0643 \u060c \u0627\u0644\u0630\u064a \u064a\u0646\u062c\u062d \u062c\u062f\u064b\u0627 \u0641\u064a \u0627\u0644\u0642\u0636\u0627\u0621 \u0639\u0644\u0649 \u0627\u0644\u0639\u064a\u0648\u0628 \u062f\u0627\u062e\u0644 \u0627\u0644\u0641\u0645 \u0648\u062a\u0648\u0641\u064a\u0631 \u0642\u0648\u0629 \u0639\u0627\u0644\u064a\u0629 \u0644\u0644\u0623\u0633\u0646\u0627\u0646 \u060c \u0623\u062d\u062f \u0623\u0643\u062b\u0631 \u0627\u0644\u0637\u0631\u0642 \u0627\u0644\u0645\u0641\u0636\u0644\u0629 \u0641\u064a \u062a\u0635\u0645\u064a\u0645 \u0627\u0644\u0627\u0628\u062a\u0633\u0627\u0645\u0629.<\/p>\n<p>\u0628\u0627\u0644\u0625\u0636\u0627\u0641\u0629 \u0625\u0644\u0649 \u0627\u0644\u0645\u0638\u0647\u0631 \u0627\u0644\u062c\u0645\u064a\u0644 \u060c \u0641\u0625\u0646\u0647 \u064a\u0648\u0641\u0631 \u0623\u064a\u0636\u064b\u0627 \u0627\u0633\u062a\u0639\u0627\u062f\u0629 \u0648\u0638\u0627\u0626\u0641 \u0627\u0644\u0641\u0645 \u0627\u0644\u0645\u0641\u0642\u0648\u062f\u0629 \u0627\u0644\u0646\u0627\u062a\u062c\u0629 \u0639\u0646 \u0642\u0635\u0648\u0631 \u0627\u0644\u0623\u0633\u0646\u0627\u0646.<\/p>\n<h2>\u0645\u0627 \u0647\u0648 \u0637\u0644\u0627\u0621 \u0627\u0644\u0633\u064a\u0631\u0627\u0645\u064a\u0643\u061f<\/h2>\n<p>\u0627\u0644\u0641\u064a\u0646\u064a\u0631 \u0627\u0644\u062e\u0632\u0641\u064a \u0639\u0628\u0627\u0631\u0629 \u0639\u0646 \u0642\u0634\u0648\u0631 \u0623\u0633\u0646\u0627\u0646 \u0630\u0627\u062a \u0645\u0638\u0647\u0631 \u0637\u0628\u064a\u0639\u064a \u0628\u0627\u0644\u0642\u0631\u0628 \u0645\u0646 \u0627\u0644\u0633\u0646 \u0628\u0634\u0643\u0644 \u062e\u0627\u0635 \u060c \u0648\u0628\u0627\u0644\u062a\u0627\u0644\u064a \u0641\u0647\u064a \u0645\u0641\u0636\u0644\u0629 \u0641\u064a \u0627\u0644\u062d\u0627\u0644\u0627\u062a \u0627\u0644\u062a\u064a \u062a\u0643\u0648\u0646 \u0641\u064a\u0647\u0627 \u0627\u0644\u0645\u062e\u0627\u0648\u0641 \u0627\u0644\u062c\u0645\u0627\u0644\u064a\u0629 \u0630\u0627\u062a \u0623\u0648\u0644\u0648\u064a\u0629. \u064a\u064f\u0637\u0644\u0642 \u0639\u0644\u0649 \u0642\u0634\u0648\u0631 \u0627\u0644\u0633\u064a\u0631\u0627\u0645\u064a\u0643 \u060c \u0627\u0644\u062a\u064a \u064a\u062a\u0645 \u062a\u0637\u0628\u064a\u0642\u0647\u0627 \u0628\u0634\u0643\u0644 \u062e\u0627\u0635 \u0639\u0644\u0649 \u0627\u0644\u0623\u0633\u0646\u0627\u0646 \u0627\u0644\u0623\u0645\u0627\u0645\u064a\u0629 \u060c \u0627\u0633\u0645 \"\u0642\u0634\u0631\u0629 \u0627\u0644\u0628\u0648\u0631\u0633\u0644\u064a\u0646\" \u0648\u062a\u0646\u0642\u0633\u0645 \u0625\u0644\u0649 \u0623\u0646\u0648\u0627\u0639 \u0645\u062e\u062a\u0644\u0641\u0629 \u0648\u0641\u0642\u064b\u0627 \u0644\u0645\u0627 \u0625\u0630\u0627 \u0643\u0627\u0646\u062a \u0627\u0644\u0645\u0627\u062f\u0629 \u0627\u0644\u0645\u0633\u062a\u062e\u062f\u0645\u0629 \u062a\u062d\u062a\u0648\u064a \u0639\u0644\u0649 \u0646\u0648\u0639 \u0648\u0627\u062d\u062f \u0645\u0646 \u0627\u0644\u0645\u0648\u0627\u062f \u0623\u0648 \u0645\u0648\u0627\u062f \u0627\u0644\u0628\u0646\u064a\u0629 \u0627\u0644\u062a\u062d\u062a\u064a\u0629:<\/p>\n<h2>\u062a\u0635\u0641\u064a\u062d \u0627\u0644\u0628\u0648\u0631\u0633\u0644\u064a\u0646<\/h2>\n<p>\u064a\u0645\u0643\u0646 \u062a\u062d\u0636\u064a\u0631 \u0647\u0630\u0647 \u0627\u0644\u0642\u0634\u0631\u0629 \u060c \u0627\u0644\u062a\u064a \u062a\u0648\u0636\u0639 \u0643\u0637\u0628\u0642\u0629 \u0631\u0642\u064a\u0642\u0629 \u062c\u062f\u064b\u0627 \u0639\u0644\u0649 \u0627\u0644\u0633\u0646 \u0648\u062a\u0633\u0645\u0649 \u0623\u064a\u0636\u064b\u0627 \u0642\u0634\u0631\u0629 \u0627\u0644\u0623\u0648\u0631\u0627\u0642 \u060c \u0628\u0627\u0644\u0644\u0648\u0646 \u0627\u0644\u0645\u0637\u0644\u0648\u0628. \u064a\u062a\u0645 \u062a\u0637\u0628\u064a\u0642\u0647 \u0628\u0634\u0643\u0644 \u062e\u0627\u0635 \u0639\u0644\u0649 \u0627\u0644\u0623\u0633\u0646\u0627\u0646 \u0627\u0644\u0623\u0645\u0627\u0645\u064a\u0629 \u0648\u064a\u0633\u062a\u062e\u062f\u0645 \u0641\u064a \u062a\u0635\u0645\u064a\u0645 \u0627\u0644\u0627\u0628\u062a\u0633\u0627\u0645\u0629 \u0627\u0644\u062c\u0645\u0627\u0644\u064a\u0629. \u0644\u0627 \u064a\u062d\u062a\u0648\u064a \u0639\u0644\u0649 \u0645\u0639\u062f\u0646 \u0648\u064a\u0638\u0647\u0631 \u0645\u0642\u0627\u0648\u0645\u0629 \u0639\u0627\u0644\u064a\u0629 \u0644\u0644\u0643\u0633\u0631. \u0644\u0647\u0630\u0627 \u0627\u0644\u0633\u0628\u0628 \u060c \u0641\u0647\u0648 \u0646\u0627\u062c\u062d \u062c\u062f\u064b\u0627 \u062d\u062a\u0649 \u0641\u064a \u062a\u0635\u062d\u064a\u062d \u0627\u0644\u0623\u0633\u0646\u0627\u0646 \u0627\u0644\u0645\u0634\u0648\u0647\u0629 \u0623\u0648 \u0627\u0644\u0645\u0643\u0633\u0648\u0631\u0629.<\/p>\n<h2>\u0642\u0634\u0631\u0629 \u0627\u0644\u0632\u0631\u0643\u0648\u0646\u064a\u0648\u0645<\/h2>\n<p>\u0647\u0630\u0647 \u0627\u0644\u0642\u0634\u0631\u0629 \u0645\u0635\u0646\u0648\u0639\u0629 \u0645\u0646 \u0645\u0639\u062f\u0646 \u0627\u0644\u0632\u0631\u0643\u0648\u0646\u064a\u0648\u0645 \u0627\u0644\u0623\u0628\u064a\u0636 \u0627\u0644\u0645\u0648\u062c\u0648\u062f \u0641\u064a \u0627\u0644\u0637\u0628\u064a\u0639\u0629 \u0648\u064a\u062a\u0645 \u062a\u0637\u0628\u064a\u0642\u0647 \u0639\u0644\u0649 \u0627\u0644\u0623\u0633\u0646\u0627\u0646 \u0627\u0644\u0623\u0645\u0627\u0645\u064a\u0629 \u0648\u0627\u0644\u062e\u0644\u0641\u064a\u0629. \u062a\u062a\u0645\u064a\u0632 \u0642\u0634\u0631\u0629 \u0627\u0644\u0632\u0631\u0643\u0648\u0646\u064a\u0648\u0645 \u0627\u0644\u0642\u0648\u064a\u0629 \u0644\u0644\u063a\u0627\u064a\u0629 \u0628\u0645\u0638\u0647\u0631 \u062c\u0645\u0627\u0644\u064a \u0648\u062a\u0646\u0627\u063a\u0645 \u062c\u064a\u062f \u062c\u062f\u064b\u0627 \u062f\u0627\u062e\u0644 \u0627\u0644\u0641\u0645.<\/p>\n<h2>\u0637\u0644\u0627\u0621 \u0645\u0639\u062f\u0646\u064a \u0645\u062f\u0639\u0648\u0645<\/h2>\n<p>\u064a\u062a\u0645 \u0627\u0633\u062a\u062e\u062f\u0627\u0645 \u0647\u0630\u0647 \u0627\u0644\u0642\u0634\u0631\u0629 \u060c \u0627\u0644\u0645\u062f\u0639\u0648\u0645\u0629 \u0628\u0645\u0639\u0627\u062f\u0646 \u0645\u062e\u062a\u0644\u0641\u0629 \u0648\u0643\u0630\u0644\u0643 \u0627\u0644\u062e\u0632\u0641 \u0623\u062b\u0646\u0627\u0621 \u0645\u0631\u062d\u0644\u0629 \u0627\u0644\u0628\u0646\u0627\u0621 \u060c \u0644\u0627\u0633\u062a\u0639\u0627\u062f\u0629 \u0627\u0644\u0645\u062a\u0627\u0646\u0629 \u0648\u0627\u0644\u0648\u0638\u064a\u0641\u0629 \u0627\u0644\u0644\u0627\u0632\u0645\u0629 \u0644\u0644\u0623\u0633\u0646\u0627\u0646. \u0627\u0644\u0642\u0634\u0631\u0629 \u0627\u0644\u0645\u062f\u0639\u0645\u0629 \u0628\u0627\u0644\u0645\u0639\u062f\u0646 \u060c \u0648\u0627\u0644\u062a\u064a \u062a\u062a\u0648\u0627\u0641\u0642 \u0628\u0634\u0643\u0644 \u0643\u0628\u064a\u0631 \u0645\u0639 \u0623\u0646\u0633\u062c\u0629 \u0627\u0644\u0623\u0633\u0646\u0627\u0646 \u060c \u0644\u0647\u0627 \u0644\u0648\u0646 \u063a\u064a\u0631 \u0644\u0627\u0645\u0639 \u0648\u063a\u064a\u0631 \u0646\u0627\u0641\u0630 \u0644\u0644\u0636\u0648\u0621. \u0644\u0647\u0630\u0627 \u0627\u0644\u0633\u0628\u0628 \u0641\u0647\u064a \u063a\u064a\u0631 \u0645\u0646\u0627\u0633\u0628\u0629 \u0644\u0644\u0623\u0633\u0646\u0627\u0646 \u0627\u0644\u0623\u0645\u0627\u0645\u064a\u0629 \u062d\u064a\u062b \u064a\u0643\u0648\u0646 \u0627\u0644\u062c\u0645\u0627\u0644 \u0627\u0644\u062c\u0645\u0627\u0644\u064a \u0641\u064a \u0627\u0644\u0645\u0642\u062f\u0645\u0629 \u0648\u0644\u0643\u0646 \u064a\u0645\u0643\u0646 \u062a\u0641\u0636\u064a\u0644\u0647\u0627 \u0639\u0646\u062f \u0627\u0644\u0637\u0644\u0628.<\/p>\n<h2>\u0642\u0634\u0631\u0629 \u0628\u0648\u0631\u0633\u0644\u064a\u0646 \u0643\u0627\u0645\u0644\u0629<\/h2>\n<p>\u0642\u0634\u0631\u0629 \u0627\u0644\u0628\u0648\u0631\u0633\u0644\u064a\u0646 \u0627\u0644\u0643\u0627\u0645\u0644\u0629 \u060c \u0648\u0627\u0644\u0645\u0639\u0631\u0648\u0641\u0629 \u0623\u064a\u0636\u064b\u0627 \u0628\u0627\u0633\u0645 \u0627\u0644\u0625\u0645\u0628\u0631\u0627\u0637\u0648\u0631\u0629 \u0623\u0648 \u0627\u0644\u0642\u0634\u0631\u0629 \u0627\u0644\u062e\u0632\u0641\u064a\u0629 \u0627\u0644\u0643\u0627\u0645\u0644\u0629 \u060c \u0647\u064a \u0646\u0648\u0639 \u0642\u0634\u0631\u0629 \u0645\u062a\u064a\u0646\u0629 \u0648\u0637\u0628\u064a\u0639\u064a\u0629 \u0627\u0644\u0645\u0638\u0647\u0631 \u062a\u0633\u062a\u062e\u062f\u0645 \u0641\u0642\u0637 \u0627\u0644\u0628\u0648\u0631\u0633\u0644\u064a\u0646 \u0641\u064a \u0628\u0646\u0627\u0626\u0647\u0627. \u064a\u062a\u0645 \u0627\u0644\u062d\u0635\u0648\u0644 \u0639\u0644\u064a\u0647\u0627 \u0646\u062a\u064a\u062c\u0629 \u0644\u0625\u0639\u0637\u0627\u0621 \u0642\u0648\u0629 \u0639\u0627\u0644\u064a\u0629 \u0644\u0645\u0627\u062f\u0629 \u0627\u0644\u0628\u0648\u0631\u0633\u0644\u064a\u0646 \u0627\u0644\u0645\u0646\u0627\u0633\u0628\u0629 \u0644\u0628\u0646\u064a\u0629 \u0627\u0644\u0623\u0633\u0646\u0627\u0646 \u0627\u0644\u0637\u0628\u064a\u0639\u064a\u0629 \u0648\u0628\u0627\u0644\u062a\u0627\u0644\u064a \u0641\u0647\u064a \u0637\u0648\u064a\u0644\u0629 \u0627\u0644\u0623\u0645\u062f.<\/p>\n<p>\u0627\u0644\u062a\u0648\u0627\u0641\u0642 \u0627\u0644\u062d\u064a\u0648\u064a \u062f\u0627\u062e\u0644 \u0627\u0644\u0641\u0645 \u0644\u0644\u062a\u0627\u062c \u0627\u0644\u062e\u0632\u0641\u064a \u060c \u0648\u0627\u0644\u0630\u064a \u064a\u062a\u0645 \u062a\u0637\u0628\u064a\u0642\u0647 \u0628\u0633\u0647\u0648\u0644\u0629 \u0639\u0644\u0649 \u0627\u0644\u0623\u0633\u0646\u0627\u0646 \u0627\u0644\u0645\u0644\u062a\u0648\u064a\u0629 \u0623\u0648 \u0627\u0644\u0645\u0643\u0633\u0648\u0631\u0629 \u0623\u0648 \u0627\u0644\u0645\u0634\u0648\u0647\u0629 \u060c \u0645\u0631\u062a\u0641\u0639 \u0644\u0644\u063a\u0627\u064a\u0629.<\/p>\n<p>\u064a\u0645\u0643\u0646 \u0627\u0633\u062a\u062e\u062f\u0627\u0645 \u0647\u0630\u0627 \u0627\u0644\u062a\u0637\u0628\u064a\u0642 \u0623\u064a\u0636\u064b\u0627 \u0641\u064a \u062a\u0633\u0648\u0633 \u0627\u0644\u0623\u0633\u0646\u0627\u0646 \u0648\u0646\u0642\u0635 \u0627\u0644\u0623\u0633\u0646\u0627\u0646 \u0627\u0644\u062a\u064a \u0644\u0627 \u064a\u0645\u0643\u0646 \u0645\u0639\u0627\u0644\u062c\u062a\u0647\u0627 \u0628\u0637\u0631\u0642 \u0627\u0644\u062d\u0634\u0648 \u0627\u0644\u062a\u0642\u0644\u064a\u062f\u064a\u0629. \u0642\u0634\u0648\u0631 \u0627\u0644\u0633\u064a\u0631\u0627\u0645\u064a\u0643 \u0647\u064a \u0646\u0648\u0639 \u0645\u062a\u064a\u0646 \u0645\u0646 \u0642\u0634\u0631\u0629 \u0627\u0644\u0623\u0633\u0646\u0627\u0646 \u0645\u0641\u0636\u0644 \u0644\u0627\u0633\u062a\u0639\u0627\u062f\u0629 \u0648\u0638\u0627\u0626\u0641 \u0627\u0644\u0641\u0645 \u0627\u0644\u0645\u0641\u0642\u0648\u062f\u0629 \u0648\u0644\u062a\u0635\u0645\u064a\u0645 \u0627\u0644\u0627\u0628\u062a\u0633\u0627\u0645\u0629 \u0627\u0644\u062c\u0645\u0627\u0644\u064a\u0629. \u064a\u062a\u0645 \u062a\u0637\u0628\u064a\u0642\u0647 \u0639\u0627\u062f\u0629 \u0639\u0644\u0649 \u0627\u0644\u0645\u0631\u0636\u0649 \u0627\u0644\u0630\u064a\u0646 \u064a\u0631\u063a\u0628\u0648\u0646 \u0641\u064a \u0627\u0644\u062d\u0635\u0648\u0644 \u0639\u0644\u0649 \u062a\u0627\u062c \u0623\u0642\u0631\u0628 \u0625\u0644\u0649 \u0623\u0633\u0646\u0627\u0646\u0647\u0645.<\/p>\n\n\t\t<\/div>\n\t<\/div>\n<\/div><\/div><\/div><div class=\"sticky_form_content lead-form wpb_column vc_column_container vc_col-sm-4\" id=\"lead-form\"><div class=\"vc_column-inner\"><div class=\"wpb_wrapper\">\n<div class=\"wpcf7 no-js\" id=\"wpcf7-f1555-o1\" lang=\"en-US\" dir=\"ltr\" data-wpcf7-id=\"1555\">\n<div class=\"screen-reader-response\"><p role=\"status\" aria-live=\"polite\" aria-atomic=\"true\"><\/p> <ul><\/ul><\/div>\n<form action=\"\/ar\/wp-json\/wp\/v2\/pages\/12732#wpcf7-f1555-o1\" method=\"post\" class=\"wpcf7-form init\" aria-label=\"Contact form\" novalidate=\"novalidate\" data-status=\"init\" data-trp-original-action=\"\/ar\/wp-json\/wp\/v2\/pages\/12732#wpcf7-f1555-o1\">\n<fieldset class=\"hidden-fields-container\"><input type=\"hidden\" name=\"_wpcf7\" value=\"1555\" \/><input type=\"hidden\" name=\"_wpcf7_version\" value=\"6.1.5\" \/><input type=\"hidden\" name=\"_wpcf7_locale\" value=\"en_US\" \/><input type=\"hidden\" name=\"_wpcf7_unit_tag\" value=\"wpcf7-f1555-o1\" \/><input type=\"hidden\" name=\"_wpcf7_container_post\" value=\"0\" \/><input type=\"hidden\" name=\"_wpcf7_posted_data_hash\" value=\"\" \/>\n<\/fieldset>\n<div class=\"row\">\n\t<div class=\"col-lg-12\">\n\t\t<p><span class=\"wpcf7-form-control-wrap\" data-name=\"field-header\"><input size=\"40\" maxlength=\"400\" class=\"wpcf7-form-control wpcf7-text wpcf7-validates-as-required\" aria-required=\"true\" aria-invalid=\"false\" placeholder=\"\u0627\u0633\u0645\u0643 \u0648\u0644\u0642\u0628\u0643\" value=\"\" type=\"text\" name=\"field-header\" \/><\/span>\n\t\t<\/p>\n\t<\/div>\n\t<div class=\"col-lg-12\">\n\t\t<p><span class=\"wpcf7-form-control-wrap\" data-name=\"phonetext-206\"><input size=\"40\" class=\"wpcf7-form-control wpcf7-phonetext wpcf7-validates-as-required wpcf7-text wpcf7-validates-as-phonetext\" aria-required=\"true\" aria-invalid=\"false\" placeholder=\"\" value=\"\" type=\"text\" name=\"phonetext-206\" \/><input type=\"hidden\" name=\"phonetext-206-country-code\" class=\"wpcf7-phonetext-country-code\" \/><\/span>\n\t\t<\/p>\n\t<\/div>\n\t<div class=\"col-lg-12\">\n\t\t<p><span class=\"wpcf7-form-control-wrap\" data-name=\"field-header3\"><input size=\"40\" maxlength=\"400\" class=\"wpcf7-form-control wpcf7-text wpcf7-validates-as-required\" aria-required=\"true\" aria-invalid=\"false\" placeholder=\"\u0628\u0631\u064a\u062f \u0625\u0644\u0643\u062a\u0631\u0648\u0646\u064a\" value=\"\" type=\"text\" name=\"field-header3\" \/><\/span>\n\t\t<\/p>\n\t<\/div>\n\t<div class=\"col-lg-12\">\n\t\t<p><span class=\"wpcf7-form-control-wrap\" data-name=\"field-header4\"><textarea cols=\"40\" rows=\"10\" maxlength=\"2000\" class=\"wpcf7-form-control wpcf7-textarea\" aria-invalid=\"false\" placeholder=\"\u0631\u0633\u0627\u0644\u062a\u0643\" name=\"field-header4\"><\/textarea><\/span>\n\t\t<\/p>\n\t<\/div>\n\t<div class=\"col-lg-12\">\n\t\t<p><input class=\"wpcf7-form-control wpcf7-submit has-spinner\" type=\"submit\" value=\"\u064a\u0631\u0633\u0644\" \/>\n\t\t<\/p>\n\t<\/div>\n<\/div><div class=\"wpcf7-response-output\" aria-hidden=\"true\"><\/div>\n<input type=\"hidden\" name=\"trp-form-language\" value=\"ar\"\/><\/form>\n<\/div>\n<\/div><\/div><\/div><\/div>\n<\/div>","protected":false},"excerpt":{"rendered":"\u00d6zellikle a\u011f\u0131z i\u00e7i esteti\u011fin \u00f6n planda oldu\u011fu durumlarda uygulanan seramik kaplama, renk de\u011fi\u015ftirmeyen yap\u0131s\u0131 sayesinde uzun s\u00fcreli bir kullan\u0131m sa\u011flar. A\u011f\u0131z i\u00e7i kusurlar\u0131n giderilmesi ve di\u015flere y\u00fcksek dayan\u0131m kazand\u0131r\u0131lmas\u0131 ad\u0131na olduk\u00e7a ba\u015far\u0131l\u0131 olan seramik kaplama, g\u00fcl\u00fc\u015f tasar\u0131m\u0131nda en \u00e7ok tercih edilen y\u00f6ntemlerdendir. G\u00fczel g\u00f6r\u00fcnt\u00fcn\u00fcn yan\u0131 s\u0131ra di\u015f eksikliklerinden kaynaklanan a\u011f\u0131z i\u00e7i i\u015flev kay\u0131plar\u0131n\u0131n da yeniden kazand\u0131r\u0131lmas\u0131n\u0131 sa\u011flar. Seramik Kaplama Nedir? Seramik kaplamalar, \u00f6zellikle di\u015fe yak\u0131n do\u011fal g\u00f6r\u00fcn\u00fcme sahip olan di\u015f kaplamalar\u0131d\u0131r ve bu nedenle estetik kayg\u0131n\u0131n \u00f6ncelikli oldu\u011fu durumlarda tercih edilir. \u00d6zellikle \u00f6n di\u015flere uygulanan seramik kaplamalar halk aras\u0131nda \u201cporselen kaplama\u201d olarak adland\u0131r\u0131l\u0131r ve kendi i\u00e7inde kullan\u0131lan malzemenin tek tip veya altyap\u0131 materyali i\u00e7ermesine g\u00f6re farkl\u0131 \u00e7e\u015fitlere ayr\u0131l\u0131r: Porselen Laminate Di\u015fin \u00fczerine olduk\u00e7a ince bir tabaka halinde yerle\u015ftirilen ve yaprak kaplama olarak da adland\u0131r\u0131lan bu kaplamalar istenilen renkte haz\u0131rlanabilir. \u00d6zellikl \u00f6n di\u015flerde uygulan\u0131r ve estetik g\u00fcl\u00fc\u015f tasar\u0131m\u0131nda kullan\u0131l\u0131r. Metal bar\u0131nd\u0131rmaz ve k\u0131r\u0131lmalara kar\u015f\u0131 y\u00fcksek dayan\u0131m g\u00f6sterir. Bu nedenle renk de\u011fi\u015fimine [...]","protected":false},"author":1,"featured_media":13009,"parent":0,"menu_order":0,"comment_status":"closed","ping_status":"closed","template":"page-templates\/full-width.php","meta":{"footnotes":""},"_links":{"self":[{"href":"https:\/\/www.beyazkose.com\/ar\/wp-json\/wp\/v2\/pages\/12732"}],"collection":[{"href":"https:\/\/www.beyazkose.com\/ar\/wp-json\/wp\/v2\/pages"}],"about":[{"href":"https:\/\/www.beyazkose.com\/ar\/wp-json\/wp\/v2\/types\/page"}],"author":[{"embeddable":true,"href":"https:\/\/www.beyazkose.com\/ar\/wp-json\/wp\/v2\/users\/1"}],"replies":[{"embeddable":true,"href":"https:\/\/www.beyazkose.com\/ar\/wp-json\/wp\/v2\/comments?post=12732"}],"version-history":[{"count":2,"href":"https:\/\/www.beyazkose.com\/ar\/wp-json\/wp\/v2\/pages\/12732\/revisions"}],"predecessor-version":[{"id":12851,"href":"https:\/\/www.beyazkose.com\/ar\/wp-json\/wp\/v2\/pages\/12732\/revisions\/12851"}],"wp:featuredmedia":[{"embeddable":true,"href":"https:\/\/www.beyazkose.com\/ar\/wp-json\/wp\/v2\/media\/13009"}],"wp:attachment":[{"href":"https:\/\/www.beyazkose.com\/ar\/wp-json\/wp\/v2\/media?parent=12732"}],"curies":[{"name":"wp","href":"https:\/\/api.w.org\/{rel}","templated":true}]}}