{"id":12733,"date":"2023-04-26T19:11:06","date_gmt":"2023-04-26T19:11:06","guid":{"rendered":"https:\/\/www.beyazkose.com\/?page_id=12733"},"modified":"2023-05-01T08:06:29","modified_gmt":"2023-05-01T08:06:29","slug":"porselen-dis-kaplama","status":"publish","type":"page","link":"https:\/\/www.beyazkose.com\/ar\/porselen-dis-kaplama\/","title":{"rendered":"\u0642\u0634\u0648\u0631 \u0627\u0644\u0623\u0633\u0646\u0627\u0646 \u0627\u0644\u062e\u0632\u0641\u064a\u0629"},"content":{"rendered":"<div class=\"wpb-content-wrapper\"><div class=\"vc_row wpb_row vc_row-fluid\"><div class=\"wpb_column vc_column_container vc_col-sm-8\"><div class=\"vc_column-inner\"><div class=\"wpb_wrapper\">\n\t<div class=\"wpb_text_column wpb_content_element\" >\n\t\t<div class=\"wpb_wrapper\">\n\t\t\t<div class=\"wpb_text_column wpb_content_element\">\n<div class=\"wpb_wrapper\">\n<p>\u062a\u0639\u062a\u0628\u0631 \u0639\u0627\u062f\u0627\u062a \u0627\u0644\u0623\u0643\u0644 \u063a\u064a\u0631 \u0627\u0644\u0635\u062d\u064a\u0629 \u0648\u0642\u0644\u0629 \u0627\u0644\u0627\u0647\u062a\u0645\u0627\u0645 \u0628\u0646\u0638\u0627\u0641\u0629 \u0627\u0644\u0641\u0645 \u0648\u0627\u0644\u0639\u0648\u0627\u0645\u0644 \u0627\u0644\u0648\u0631\u0627\u062b\u064a\u0629 \u0645\u0646 \u0628\u064a\u0646 \u0627\u0644\u0639\u0648\u0627\u0645\u0644 \u0627\u0644\u062a\u064a \u062a\u0624\u062b\u0631 \u0639\u0644\u0649 \u0635\u062d\u0629 \u0627\u0644\u0623\u0633\u0646\u0627\u0646. \u062e\u0627\u0635\u0629 \u0641\u064a \u062d\u0627\u0644\u0629 \u0639\u062f\u0645 \u0648\u062c\u0648\u062f \u0639\u0627\u062f\u0627\u062a \u062a\u0646\u0638\u064a\u0641 \u0645\u0646\u062a\u0638\u0645\u0629 \u060c \u0642\u062f \u062a\u062d\u062f\u062b \u0627\u0644\u0639\u062f\u064a\u062f \u0645\u0646 \u0627\u0644\u0645\u0634\u0627\u0643\u0644 \u0645\u062b\u0644 \u062a\u0633\u0648\u0633 \u0627\u0644\u0623\u0633\u0646\u0627\u0646 \u060c \u0648\u0627\u0644\u0627\u0635\u0641\u0631\u0627\u0631 \u060c \u0648\u0627\u0644\u0627\u0644\u062a\u0648\u0627\u0621.<\/p>\n<p>\u0643\u0644 \u0647\u0630\u0647 \u0627\u0644\u0645\u0648\u0627\u0642\u0641 \u0627\u0644\u062a\u064a \u062a\u0633\u0628\u0628 \u062c\u0645\u0627\u0644\u064a\u0627\u064b \u0635\u0648\u0631\u064b\u0627 \u0645\u0632\u0639\u062c\u0629 \u0644\u0644\u063a\u0627\u064a\u0629 \u060c \u064a\u0645\u0643\u0646 \u0627\u0644\u062a\u062e\u0644\u0635 \u0645\u0646\u0647\u0627 \u0628\u0627\u0633\u062a\u062e\u062f\u0627\u0645 \u062a\u0637\u0628\u064a\u0642\u0627\u062a \u0637\u0628 \u0627\u0644\u0623\u0633\u0646\u0627\u0646 \u0627\u0644\u0645\u0635\u0646\u0648\u0639\u0629 \u0645\u0646 \u0627\u0644\u0628\u0648\u0631\u0633\u0644\u064a\u0646 \u060c \u0648\u0647\u064a \u0637\u0631\u064a\u0642\u0629 \u0639\u0644\u0627\u062c \u0641\u0639\u0627\u0644\u0629. \u062a\u0648\u0641\u0631 \u0642\u0634\u0648\u0631 \u0627\u0644\u0623\u0633\u0646\u0627\u0646 \u0627\u0644\u0634\u062e\u0635\u064a\u0629 \u0646\u062c\u0627\u062d\u064b\u0627 \u0643\u0628\u064a\u0631\u064b\u0627 \u0645\u0646 \u062d\u064a\u062b \u062d\u0645\u0627\u064a\u0629 \u0635\u062d\u0629 \u0627\u0644\u0623\u0633\u0646\u0627\u0646 \u0648\u062a\u062d\u0633\u064a\u0646 \u0627\u0644\u0645\u0638\u0647\u0631 \u0627\u0644\u062c\u0645\u0627\u0644\u064a.<\/p>\n<h2>\u0645\u0627 \u0647\u064a \u0642\u0634\u0648\u0631 \u0627\u0644\u0628\u0648\u0631\u0633\u0644\u064a\u0646 \u0644\u0644\u0623\u0633\u0646\u0627\u0646\u061f<\/h2>\n<p>\u0642\u0634\u0648\u0631 \u0627\u0644\u0623\u0633\u0646\u0627\u0646 \u0647\u064a \u062a\u0637\u0628\u064a\u0642\u0627\u062a \u062a\u0648\u0636\u0639 \u0639\u0644\u0649 \u0627\u0644\u062c\u0632\u0621 \u0627\u0644\u0623\u0645\u0627\u0645\u064a \u0645\u0646 \u0627\u0644\u0623\u0633\u0646\u0627\u0646 \u0648\u062a\u0639\u0645\u0644 \u0639\u0644\u0649 \u0625\u0632\u0627\u0644\u0629 \u0627\u0644\u0627\u0635\u0641\u0631\u0627\u0631 \u0648\u0627\u0644\u062a\u0644\u0641 \u0648\u062a\u062f\u0647\u0648\u0631 \u0644\u0648\u0646 \u0627\u0644\u0623\u0633\u0646\u0627\u0646. \u0639\u0627\u062f\u0629 \u0645\u0627 \u064a\u062a\u0645 \u062a\u0646\u0641\u064a\u0630 \u0647\u0630\u0647 \u0627\u0644\u062a\u0637\u0628\u064a\u0642\u0627\u062a \u0628\u0645\u0648\u0627\u062f \u0645\u062e\u062a\u0644\u0641\u0629 \u062a\u0633\u0645\u0649 \u0627\u0644\u0628\u0648\u0631\u0633\u0644\u064a\u0646 \u0648\u0627\u0644\u0645\u0631\u0643\u0628 \u060c \u0648\u064a\u0645\u0643\u0646 \u0648\u0636\u0639\u0647\u0627 \u0639\u0644\u0649 \u0623\u0633\u0646\u0627\u0646 \u0645\u0641\u0631\u062f\u0629 \u0623\u0648 \u0645\u062a\u0639\u062f\u062f\u0629 \u062d\u0633\u0628 \u0627\u0644\u0631\u063a\u0628\u0629.<\/p>\n<h2>\u0645\u0627\u0630\u0627 \u062a\u0641\u0639\u0644 \u0642\u0634\u0648\u0631 \u0627\u0644\u0628\u0648\u0631\u0633\u0644\u064a\u0646 \u0644\u0644\u0623\u0633\u0646\u0627\u0646\u061f<\/h2>\n<p>\u0642\u0634\u0631\u0629 \u0627\u0644\u0628\u0648\u0631\u0633\u0644\u064a\u0646 \u0647\u064a \u0646\u0648\u0639 \u0645\u0646 \u0627\u0644\u0642\u0634\u0631\u0629 \u0627\u0644\u062a\u064a \u062a\u0633\u062a\u062e\u062f\u0645 \u0641\u064a\u0647\u0627 \u0645\u0627\u062f\u0629 \u0627\u0644\u0628\u0648\u0631\u0633\u0644\u064a\u0646 \u0641\u064a \u0627\u0644\u0625\u0646\u062a\u0627\u062c \u0648\u0647\u064a \u0623\u0643\u062b\u0631 \u0645\u062a\u0627\u0646\u0629 \u0648\u0623\u0643\u062b\u0631 \u0637\u0628\u064a\u0639\u064a\u0629 \u0627\u0644\u0645\u0638\u0647\u0631 \u0645\u0646 \u0627\u0644\u0642\u0634\u0631\u0629 \u0627\u0644\u0645\u0631\u0643\u0628\u0629. \u0642\u0634\u0648\u0631 \u0627\u0644\u0628\u0648\u0631\u0633\u0644\u064a\u0646 \u060c \u0627\u0644\u062a\u064a \u064a\u0641\u0636\u0644\u0647\u0627 \u0628\u0634\u0643\u0644 \u062e\u0627\u0635 \u0644\u0645\u0627 \u062a\u0648\u0641\u0631\u0647 \u0645\u0646 \u0631\u0627\u062d\u0629 \u0639\u0627\u0644\u064a\u0629 \u0645\u0646 \u0627\u0644\u0646\u0627\u062d\u064a\u0629 \u0627\u0644\u062c\u0645\u0627\u0644\u064a\u0629 \u060c \u0647\u064a \u0645\u0648\u0627\u062f \u062a\u062d\u0627\u0643\u064a \u0627\u0644\u0623\u0633\u0646\u0627\u0646 \u0627\u0644\u0637\u0628\u064a\u0639\u064a\u0629 \u0628\u0623\u0641\u0636\u0644 \u0637\u0631\u064a\u0642\u0629.<\/p>\n<p>\u0628\u0641\u0636\u0644 \u0645\u064a\u0632\u0629 \u0627\u0644\u062a\u0648\u0627\u0641\u0642 \u0627\u0644\u062d\u064a\u0648\u064a \u060c \u0641\u0625\u0646 \u0627\u0644\u0627\u0646\u0633\u062c\u0627\u0645 \u062f\u0627\u062e\u0644 \u0627\u0644\u0641\u0645 \u0645\u0631\u062a\u0641\u0639 \u0623\u064a\u0636\u064b\u0627. \u0642\u0634\u0648\u0631 \u0627\u0644\u0628\u0648\u0631\u0633\u0644\u064a\u0646 \u060c \u0627\u0644\u062a\u064a \u0644\u0627 \u062a\u062d\u062a\u0648\u064a \u0639\u0644\u0649 \u0645\u0648\u0627\u062f \u0633\u0627\u0645\u0629 \u0644\u0623\u0646\u0647\u0627 \u0644\u0627 \u062a\u062d\u062a\u0648\u064a \u0639\u0644\u0649 \u0645\u0639\u062f\u0646 \u060c \u0646\u0627\u062c\u062d\u0629 \u062c\u062f\u064b\u0627 \u0641\u064a \u0645\u0648\u0627\u0632\u0646\u0629 \u0634\u0643\u0644 \u0627\u0644\u0623\u0633\u0646\u0627\u0646 \u0648\u062d\u062c\u0645\u0647\u0627 \u0648\u0644\u0648\u0646\u0647\u0627.<\/p>\n<p>\u0627\u0644\u062d\u0627\u0644\u0627\u062a \u0627\u0644\u062a\u064a \u064a\u064f\u0641\u0636\u0644 \u0641\u064a\u0647\u0627 \u0647\u0630\u0627 \u0627\u0644\u062a\u0637\u0628\u064a\u0642 \u0647\u064a \u0643\u0645\u0627 \u064a\u0644\u064a:<\/p>\n<ul>\n<li>\u0627\u0632\u062f\u062d\u0627\u0645 \u0627\u0644\u0623\u0633\u0646\u0627\u0646 \u0627\u0644\u062e\u0641\u064a\u0641 \u0623\u0648 \u0627\u0644\u0645\u0639\u062a\u062f\u0644<\/li>\n<li>\u0642\u0635\u0648\u0631 \u0627\u0644\u0623\u0633\u0646\u0627\u0646 \u062f\u0627\u062e\u0644 \u0627\u0644\u0641\u0645<\/li>\n<li>\u062a\u0633\u0648\u0633 \u0627\u0644\u0623\u0633\u0646\u0627\u0646 \u0627\u0644\u0630\u064a \u0644\u0627 \u064a\u0645\u0643\u0646 \u0639\u0644\u0627\u062c\u0647 \u0628\u0627\u0644\u062d\u0634\u0648 \u0627\u0644\u0639\u0627\u062f\u064a<\/li>\n<li>\u0643\u0633\u0648\u0631 \u0643\u0628\u064a\u0631\u0629 \u0641\u064a \u0627\u0644\u0623\u0633\u0646\u0627\u0646<\/li>\n<li>\u062a\u0634\u0648\u0647\u0627\u062a \u0627\u0644\u0623\u0633\u0646\u0627\u0646 \u0627\u0644\u0645\u0643\u0633\u0648\u0631\u0629 \u060c \u0627\u0644\u0645\u0634\u0648\u0647\u0629 \u060c \u0627\u0644\u0645\u0635\u0641\u0631\u0629<\/li>\n<\/ul>\n<p>\u0627\u0644\u0623\u0641\u0631\u0627\u062f \u0627\u0644\u0630\u064a\u0646 \u064a\u0639\u0627\u0646\u0648\u0646 \u0645\u0646 \u0627\u0644\u0645\u0634\u0627\u0643\u0644 \u0627\u0644\u0645\u0630\u0643\u0648\u0631\u0629 \u0623\u0639\u0644\u0627\u0647 \u0642\u062f \u064a\u0642\u0631\u0631\u0648\u0646 \u0627\u0644\u062d\u0635\u0648\u0644 \u0639\u0644\u0649 \u0642\u0634\u0631\u0629 \u0627\u0644\u0628\u0648\u0631\u0633\u0644\u064a\u0646 \u0628\u062a\u0648\u0635\u064a\u0629 \u0645\u0646 \u0637\u0628\u064a\u0628 \u0627\u0644\u0623\u0633\u0646\u0627\u0646. \u0648\u0645\u0639 \u0630\u0644\u0643 \u060c \u0644\u0627 \u064a\u0646\u0635\u062d \u0628\u0627\u0633\u062a\u062e\u062f\u0627\u0645 \u0642\u0634\u0648\u0631 \u0627\u0644\u0628\u0648\u0631\u0633\u0644\u064a\u0646 \u0644\u0644\u0623\u0634\u062e\u0627\u0635 \u0627\u0644\u0630\u064a\u0646 \u064a\u0639\u0627\u0646\u0648\u0646 \u0645\u0646 \u0627\u0644\u062a\u0647\u0627\u0628 \u0623\u0648 \u064a\u062d\u062a\u0627\u062c\u0648\u0646 \u0625\u0644\u0649 \u0639\u0644\u0627\u062c \u0642\u0646\u0627\u0629 \u0627\u0644\u062c\u0630\u0631.<\/p>\n<h2>\u0643\u064a\u0641 \u064a\u062a\u0645 \u0635\u0646\u0639 \u0642\u0634\u0631\u0629 \u0627\u0644\u0623\u0633\u0646\u0627\u0646 \u0627\u0644\u062e\u0632\u0641\u064a\u0629\u061f<\/h2>\n<p>\u0645\u0631\u0627\u062d\u0644 \u0628\u0646\u0627\u0621 \u0637\u0644\u0627\u0621 \u0627\u0644\u0628\u0648\u0631\u0633\u0644\u064a\u0646 \u0647\u064a \u0643\u0645\u0627 \u064a\u0644\u064a:<\/p>\n<ul>\n<li>\u0623\u0648\u0644\u0627\u064b \u060c \u064a\u062a\u0645 \u062a\u0646\u0638\u064a\u0641 \u0627\u0644\u0623\u0633\u0646\u0627\u0646 \u0627\u0644\u0645\u0631\u0627\u062f \u062a\u063a\u0637\u064a\u062a\u0647\u0627 \u0628\u0623\u062f\u0627\u0629 \u062e\u0627\u0635\u0629.<\/li>\n<li>\u0628\u0639\u062f \u0630\u0644\u0643 \u060c \u064a\u062a\u0645 \u062a\u0637\u0628\u064a\u0642 \u0627\u0644\u062a\u062e\u0641\u064a\u0641 \u0644\u0644\u062a\u0623\u0643\u062f \u0645\u0646 \u0623\u0646 \u0627\u0644\u0642\u0634\u0631\u0629 \u062a\u062a\u0644\u0627\u0621\u0645 \u0628\u0634\u0643\u0644 \u0635\u062d\u064a\u062d \u0645\u0639 \u0627\u0644\u0633\u0646. \u062e\u0644\u0627\u0644 \u0647\u0630\u0647 \u0627\u0644\u0639\u0645\u0644\u064a\u0629 \u060c \u064a\u062a\u0645 \u062d\u0634\u0648 \u0627\u0644\u0623\u0633\u0646\u0627\u0646 \u0627\u0644\u0645\u0648\u062c\u0648\u062f\u0629 \u0648\u0641\u0642\u064b\u0627 \u0644\u0644\u0642\u0634\u0631\u0629.<\/li>\n<li>\u064a\u062a\u0645 \u0623\u062e\u0630 \u0642\u0627\u0644\u0628 \u0644\u0644\u0623\u0633\u0646\u0627\u0646 \u0648\u0625\u0646\u0634\u0627\u0621 \u0646\u0645\u0648\u0630\u062c \u0643\u0627\u0645\u0644 \u0644\u062f\u0627\u062e\u0644 \u0627\u0644\u0641\u0645 \u0628\u0627\u0633\u062a\u062e\u062f\u0627\u0645 \u062a\u0642\u0646\u064a\u0627\u062a \u0627\u0644\u062a\u0635\u0648\u064a\u0631 \u062b\u0644\u0627\u062b\u064a \u0627\u0644\u0623\u0628\u0639\u0627\u062f.<\/li>\n<li>\u064a\u062a\u0645 \u062a\u062d\u062f\u064a\u062f \u0646\u0645\u0648\u0630\u062c \u0627\u0644\u0642\u0634\u0631\u0629 \u0627\u0644\u0634\u062e\u0635\u064a\u0629 \u0628\u0627\u0633\u062a\u062e\u062f\u0627\u0645 \u0645\u0632\u064a\u062c \u0645\u0646 \u062a\u0642\u0646\u064a\u0627\u062a \u0623\u062e\u0630 \u0627\u0644\u0642\u0627\u0644\u0628 \u0648\u0627\u0644\u062a\u0635\u0648\u064a\u0631. \u0647\u0630\u0647 \u0627\u0644\u0642\u0634\u0631\u0629 \u0645\u0635\u0646\u0648\u0639\u0629 \u0641\u064a \u0628\u064a\u0626\u0629 \u0645\u0639\u0645\u0644\u064a\u0629 \u0648\u062a\u0633\u062a\u063a\u0631\u0642 \u0623\u0633\u0628\u0648\u0639\u064a\u0646 \u0641\u064a \u0627\u0644\u0645\u062a\u0648\u0633\u0637.<\/li>\n<li>\u0633\u064a\u062d\u0635\u0644 \u0627\u0644\u0623\u0634\u062e\u0627\u0635 \u0627\u0644\u0630\u064a\u0646 \u062a\u0645 \u062a\u0646\u0638\u064a\u0641 \u0623\u0633\u0646\u0627\u0646\u0647\u0645 \u0648\u062a\u0642\u0644\u064a\u0644\u0647\u0627 \u0639\u0644\u0649 \u0642\u0634\u0631\u0629 \u0645\u0624\u0642\u062a\u0629 \u0644\u0627\u0633\u062a\u062e\u062f\u0627\u0645\u0647\u0627 \u062d\u062a\u0649 \u064a\u062a\u0645 \u062a\u062d\u0636\u064a\u0631 \u0627\u0644\u0642\u0634\u0631\u0629 \u0627\u0644\u0641\u0639\u0644\u064a\u0629.<\/li>\n<li>\u0628\u0645\u062c\u0631\u062f \u0627\u0644\u0627\u0646\u062a\u0647\u0627\u0621 \u0645\u0646 \u0642\u0634\u0631\u0629 \u0627\u0644\u0628\u0648\u0631\u0633\u0644\u064a\u0646 \u060c \u064a\u062a\u0645 \u062a\u0646\u0638\u064a\u0645 \u062c\u0644\u0633\u0629 \u062b\u0627\u0646\u064a\u0629 \u0648\u0627\u0633\u062a\u0628\u062f\u0627\u0644 \u0627\u0644\u0642\u0634\u0631\u0629 \u0627\u0644\u0645\u0624\u0642\u062a\u0629 \u0628\u0627\u0644\u0642\u0634\u0631\u0629 \u0627\u0644\u0641\u0639\u0644\u064a\u0629.<\/li>\n<li>\u0643\u0639\u0645\u0644\u064a\u0629 \u0646\u0647\u0627\u0626\u064a\u0629 \u060c \u064a\u062a\u0645 \u0635\u0642\u0644 \u0627\u0644\u0637\u0644\u0627\u0621 \u0648\u0635\u0642\u0644\u0647.<\/li>\n<\/ul>\n<h2>\u0627\u0644\u0639\u0646\u0627\u064a\u0629 \u0628\u0627\u0644\u0623\u0633\u0646\u0627\u0646 \u0628\u0639\u062f \u0642\u0634\u0648\u0631 \u0627\u0644\u0628\u0648\u0631\u0633\u0644\u064a\u0646<\/h2>\n<p>\u0628\u0645\u0627 \u0623\u0646 \u0639\u0645\u0644\u064a\u0629 \u0627\u0644\u0642\u0634\u0631\u0629 \u064a\u062a\u0645 \u0625\u062c\u0631\u0627\u0624\u0647\u0627 \u062a\u062d\u062a \u0627\u0644\u062a\u062e\u062f\u064a\u0631 \u0641\u0625\u0646\u0647\u0627 \u0644\u0627 \u062a\u0633\u0628\u0628 \u0623\u064a \u0645\u0634\u0627\u0643\u0644 \u0644\u0644\u0645\u0631\u064a\u0636. \u0628\u0639\u062f \u0627\u0644\u0627\u0646\u062a\u0647\u0627\u0621 \u0645\u0646 \u062a\u0637\u0628\u064a\u0642 \u0627\u0644\u0642\u0634\u0631\u0629 \u060c \u064a\u0645\u0643\u0646 \u0627\u0644\u0634\u0639\u0648\u0631 \u0628\u0627\u0644\u062a\u0635\u0644\u0628 \u0641\u064a \u0646\u0642\u0627\u0637 \u0645\u0639\u064a\u0646\u0629 \u0645\u0646 \u0627\u0644\u0641\u0645 \u060c \u0648\u0644\u0643\u0646 \u0647\u0630\u0627 \u0627\u0644\u0634\u0639\u0648\u0631 \u064a\u0632\u0648\u0644 \u0641\u064a \u063a\u0636\u0648\u0646 \u0623\u064a\u0627\u0645 \u0642\u0644\u064a\u0644\u0629. \u0628\u0639\u062f \u0627\u0644\u0639\u0645\u0644\u064a\u0629 \u0628\u0641\u062a\u0631\u0629 \u0648\u062c\u064a\u0632\u0629 \u060c \u064a\u0645\u0643\u0646 \u0644\u0644\u0645\u0631\u064a\u0636 \u0627\u0644\u0639\u0648\u062f\u0629 \u0625\u0644\u0649 \u0639\u0627\u062f\u0627\u062a \u0627\u0644\u0623\u0643\u0644 \u0627\u0644\u0637\u0628\u064a\u0639\u064a\u0629 \u060c \u0648\u0644\u0643\u0646 \u062e\u0644\u0627\u0644 \u0647\u0630\u0647 \u0627\u0644\u0641\u062a\u0631\u0629 \u0645\u0646 \u0627\u0644\u0636\u0631\u0648\u0631\u064a \u0639\u062f\u0645 \u062a\u0646\u0627\u0648\u0644 \u0627\u0644\u0623\u0637\u0639\u0645\u0629 \u0627\u0644\u0642\u0627\u0633\u064a\u0629 \u060c \u0648\u0645\u0636\u063a \u0627\u0644\u0637\u0639\u0627\u0645 \u0628\u0642\u0648\u0629 \u060c \u0648\u0642\u0636\u064a\u0628 \u0627\u0644\u0623\u0633\u0646\u0627\u0646 \u0623\u0648 \u0637\u062d\u0646\u0647\u0627 \u060c \u0648\u0627\u0644\u0642\u064a\u0627\u0645 \u0628\u062d\u0631\u0643\u0627\u062a \u0635\u0639\u0628\u0629 \u062a\u0636\u0631 \u0628\u0627\u0644\u0623\u0633\u0646\u0627\u0646. \u064a\u0633\u0627\u0639\u062f \u062a\u062c\u0646\u0628 \u0645\u062b\u0644 \u0647\u0630\u0647 \u0627\u0644\u062d\u0631\u0643\u0627\u062a \u0642\u0634\u0648\u0631 \u0627\u0644\u0628\u0648\u0631\u0633\u0644\u064a\u0646 \u0627\u0644\u0645\u0648\u0636\u0648\u0639\u0629 \u062d\u062f\u064a\u062b\u064b\u0627 \u0639\u0644\u0649 \u062a\u062d\u0642\u064a\u0642 \u0645\u0633\u062a\u0648\u0649 \u0639\u0627\u0644\u064d \u0645\u0646 \u0627\u0644\u0631\u0627\u062d\u0629 \u062f\u0627\u062e\u0644 \u0627\u0644\u0641\u0645 \u0641\u064a \u0648\u0642\u062a \u0642\u0635\u064a\u0631 \u0648\u064a\u0636\u0645\u0646 \u0639\u062f\u0645 \u062a\u0644\u0641\u0647\u0627 \u060c \u062e\u0627\u0635\u0629 \u0641\u064a \u0627\u0644\u0645\u0631\u062d\u0644\u0629 \u0627\u0644\u0623\u0648\u0644\u0649 \u0639\u0646\u062f\u0645\u0627 \u062a\u0643\u0648\u0646 \u062d\u0633\u0627\u0633\u0629. \u0628\u0639\u062f \u0627\u0644\u062d\u0635\u0648\u0644 \u0639\u0644\u0649 \u0642\u0648\u0629 \u0627\u0644\u0642\u0634\u0631\u0629 \u060c \u064a\u0645\u0643\u0646 \u0645\u0645\u0627\u0631\u0633\u0629 \u0623\u0646\u0634\u0637\u0629 \u0627\u0644\u0645\u0636\u063a \u0648\u0627\u0644\u062a\u063a\u0630\u064a\u0629 \u0627\u0644\u0639\u0627\u062f\u064a\u0629 \u0628\u0646\u0641\u0633 \u0627\u0644\u0637\u0631\u064a\u0642\u0629.<\/p>\n<\/div>\n<\/div>\n\n\t\t<\/div>\n\t<\/div>\n<\/div><\/div><\/div><div class=\"sticky_form_content lead-form wpb_column vc_column_container vc_col-sm-4\" id=\"lead-form\"><div class=\"vc_column-inner\"><div class=\"wpb_wrapper\">\n<div class=\"wpcf7 no-js\" id=\"wpcf7-f1555-o1\" lang=\"en-US\" dir=\"ltr\" data-wpcf7-id=\"1555\">\n<div class=\"screen-reader-response\"><p role=\"status\" aria-live=\"polite\" aria-atomic=\"true\"><\/p> <ul><\/ul><\/div>\n<form action=\"\/ar\/wp-json\/wp\/v2\/pages\/12733#wpcf7-f1555-o1\" method=\"post\" class=\"wpcf7-form init\" aria-label=\"Contact form\" novalidate=\"novalidate\" data-status=\"init\" data-trp-original-action=\"\/ar\/wp-json\/wp\/v2\/pages\/12733#wpcf7-f1555-o1\">\n<fieldset class=\"hidden-fields-container\"><input type=\"hidden\" name=\"_wpcf7\" value=\"1555\" \/><input type=\"hidden\" name=\"_wpcf7_version\" value=\"6.1.5\" \/><input type=\"hidden\" name=\"_wpcf7_locale\" value=\"en_US\" \/><input type=\"hidden\" name=\"_wpcf7_unit_tag\" value=\"wpcf7-f1555-o1\" \/><input type=\"hidden\" name=\"_wpcf7_container_post\" value=\"0\" \/><input type=\"hidden\" name=\"_wpcf7_posted_data_hash\" value=\"\" \/>\n<\/fieldset>\n<div class=\"row\">\n\t<div class=\"col-lg-12\">\n\t\t<p><span class=\"wpcf7-form-control-wrap\" data-name=\"field-header\"><input size=\"40\" maxlength=\"400\" class=\"wpcf7-form-control wpcf7-text wpcf7-validates-as-required\" aria-required=\"true\" aria-invalid=\"false\" placeholder=\"\u0627\u0633\u0645\u0643 \u0648\u0644\u0642\u0628\u0643\" value=\"\" type=\"text\" name=\"field-header\" \/><\/span>\n\t\t<\/p>\n\t<\/div>\n\t<div class=\"col-lg-12\">\n\t\t<p><span class=\"wpcf7-form-control-wrap\" data-name=\"phonetext-206\"><input size=\"40\" class=\"wpcf7-form-control wpcf7-phonetext wpcf7-validates-as-required wpcf7-text wpcf7-validates-as-phonetext\" aria-required=\"true\" aria-invalid=\"false\" placeholder=\"\" value=\"\" type=\"text\" name=\"phonetext-206\" \/><input type=\"hidden\" name=\"phonetext-206-country-code\" class=\"wpcf7-phonetext-country-code\" \/><\/span>\n\t\t<\/p>\n\t<\/div>\n\t<div class=\"col-lg-12\">\n\t\t<p><span class=\"wpcf7-form-control-wrap\" data-name=\"field-header3\"><input size=\"40\" maxlength=\"400\" class=\"wpcf7-form-control wpcf7-text wpcf7-validates-as-required\" aria-required=\"true\" aria-invalid=\"false\" placeholder=\"\u0628\u0631\u064a\u062f \u0625\u0644\u0643\u062a\u0631\u0648\u0646\u064a\" value=\"\" type=\"text\" name=\"field-header3\" \/><\/span>\n\t\t<\/p>\n\t<\/div>\n\t<div class=\"col-lg-12\">\n\t\t<p><span class=\"wpcf7-form-control-wrap\" data-name=\"field-header4\"><textarea cols=\"40\" rows=\"10\" maxlength=\"2000\" class=\"wpcf7-form-control wpcf7-textarea\" aria-invalid=\"false\" placeholder=\"\u0631\u0633\u0627\u0644\u062a\u0643\" name=\"field-header4\"><\/textarea><\/span>\n\t\t<\/p>\n\t<\/div>\n\t<div class=\"col-lg-12\">\n\t\t<p><input class=\"wpcf7-form-control wpcf7-submit has-spinner\" type=\"submit\" value=\"\u064a\u0631\u0633\u0644\" \/>\n\t\t<\/p>\n\t<\/div>\n<\/div><div class=\"wpcf7-response-output\" aria-hidden=\"true\"><\/div>\n<input type=\"hidden\" name=\"trp-form-language\" value=\"ar\"\/><\/form>\n<\/div>\n<\/div><\/div><\/div><\/div>\n<\/div>","protected":false},"excerpt":{"rendered":"Sa\u011fl\u0131ks\u0131z beslenme al\u0131\u015fkanl\u0131klar\u0131, a\u011f\u0131z hijyenine yeterince \u00f6nem verilmemesi ve genetik fakt\u00f6rler di\u015f sa\u011fl\u0131\u011f\u0131n\u0131 etkileyen fakt\u00f6rlerden. \u00d6zellikle d\u00fczenli temizlik al\u0131\u015fkanl\u0131\u011f\u0131n\u0131n olmamas\u0131 durumunda di\u015flerde \u00e7\u00fcr\u00fcme, sararma, \u00e7arp\u0131kla\u015fma gibi pek \u00e7ok sorun ortaya \u00e7\u0131kabilir. Estetik a\u00e7\u0131dan olduk\u00e7a ho\u015fnutsuz g\u00f6r\u00fcnt\u00fclerin olu\u015fmas\u0131na neden olan bu durumlar\u0131n tamam\u0131, etkili bir tedavi y\u00f6ntemi olan porselen di\u015f uygulamalar\u0131 ile ortadan kald\u0131r\u0131labilir. Ki\u015fiye \u00f6zel uygulanan di\u015f kaplamalar\u0131 di\u015f sa\u011fl\u0131\u011f\u0131n\u0131 korumak ve estetik g\u00f6r\u00fcn\u00fc\u015f\u00fc iyile\u015ftirmek a\u00e7\u0131s\u0131ndan b\u00fcy\u00fck ba\u015far\u0131 sa\u011flar. Porselen Di\u015f Kaplama Nedir? Di\u015f kaplamas\u0131; di\u015flerin \u00f6n k\u0131sm\u0131na yerle\u015ftirilen ve di\u015f renginde olu\u015fan sararmalar\u0131n, hasarlar\u0131n, bozulmalar\u0131n giderilmesini sa\u011flayan uygulamalard\u0131r. Bu uygulamalar genellikle porselen ve kompozit ad\u0131 verilen farkl\u0131 materyallerle ger\u00e7ekle\u015ftirilir, tercihe g\u00f6re tekli ya da \u00e7oklu di\u015fler \u00fczerine yerle\u015ftirilebilir. Porselen Di\u015f Kaplama Ne \u0130\u015fe Yarar? Porselen kaplama, \u00fcretiminde porselen materyalinin kullan\u0131ld\u0131\u011f\u0131 bir kaplama t\u00fcr\u00fcd\u00fcr ve kompozit kaplamalara g\u00f6re hem daha dayan\u0131kl\u0131 hem de daha do\u011fal g\u00f6r\u00fcn\u00fcml\u00fcd\u00fcr. \u00d6zellikle estetik a\u00e7\u0131dan sundu\u011fu y\u00fcksek konfor nedeniyle tercih edilen porselen kaplamalar, do\u011fal di\u015fi en [...]","protected":false},"author":1,"featured_media":13008,"parent":0,"menu_order":0,"comment_status":"closed","ping_status":"closed","template":"page-templates\/full-width.php","meta":{"footnotes":""},"_links":{"self":[{"href":"https:\/\/www.beyazkose.com\/ar\/wp-json\/wp\/v2\/pages\/12733"}],"collection":[{"href":"https:\/\/www.beyazkose.com\/ar\/wp-json\/wp\/v2\/pages"}],"about":[{"href":"https:\/\/www.beyazkose.com\/ar\/wp-json\/wp\/v2\/types\/page"}],"author":[{"embeddable":true,"href":"https:\/\/www.beyazkose.com\/ar\/wp-json\/wp\/v2\/users\/1"}],"replies":[{"embeddable":true,"href":"https:\/\/www.beyazkose.com\/ar\/wp-json\/wp\/v2\/comments?post=12733"}],"version-history":[{"count":2,"href":"https:\/\/www.beyazkose.com\/ar\/wp-json\/wp\/v2\/pages\/12733\/revisions"}],"predecessor-version":[{"id":12852,"href":"https:\/\/www.beyazkose.com\/ar\/wp-json\/wp\/v2\/pages\/12733\/revisions\/12852"}],"wp:featuredmedia":[{"embeddable":true,"href":"https:\/\/www.beyazkose.com\/ar\/wp-json\/wp\/v2\/media\/13008"}],"wp:attachment":[{"href":"https:\/\/www.beyazkose.com\/ar\/wp-json\/wp\/v2\/media?parent=12733"}],"curies":[{"name":"wp","href":"https:\/\/api.w.org\/{rel}","templated":true}]}}