{"id":12734,"date":"2023-04-26T19:11:10","date_gmt":"2023-04-26T19:11:10","guid":{"rendered":"https:\/\/www.beyazkose.com\/?page_id=12734"},"modified":"2023-05-01T08:07:53","modified_gmt":"2023-05-01T08:07:53","slug":"implant-tedavileri","status":"publish","type":"page","link":"https:\/\/www.beyazkose.com\/ar\/implant-tedavileri\/","title":{"rendered":"\u0639\u0644\u0627\u062c\u0627\u062a \u0627\u0644\u0632\u0631\u0639"},"content":{"rendered":"<div class=\"wpb-content-wrapper\"><div class=\"vc_row wpb_row vc_row-fluid\"><div class=\"wpb_column vc_column_container vc_col-sm-8\"><div class=\"vc_column-inner\"><div class=\"wpb_wrapper\">\n\t<div class=\"wpb_text_column wpb_content_element\" >\n\t\t<div class=\"wpb_wrapper\">\n\t\t\t<p>\u0627\u0644\u0632\u0631\u0639 \u0647\u0648 \u0639\u0644\u0627\u062c \u0627\u0644\u0623\u0633\u0646\u0627\u0646 \u0627\u0644\u0630\u064a \u0638\u0647\u0631 \u0646\u062a\u064a\u062c\u0629 \u0627\u0644\u062a\u0637\u0648\u0631 \u0627\u0644\u0633\u0631\u064a\u0639 \u0644\u0644\u0637\u0631\u0642 \u0627\u0644\u0637\u0628\u064a\u0629 \u0627\u0644\u062d\u062f\u064a\u062b\u0629. \u0641\u064a \u0627\u0644\u0633\u0646\u0648\u0627\u062a \u0627\u0644\u0623\u062e\u064a\u0631\u0629 \u0639\u0644\u0649 \u0648\u062c\u0647 \u0627\u0644\u062e\u0635\u0648\u0635 \u060c \u064a\u062a\u0645 \u0627\u0633\u062a\u062e\u062f\u0627\u0645 \u0639\u0644\u0627\u062c \u0627\u0644\u0632\u0631\u0639 \u060c \u0627\u0644\u0630\u064a \u064a\u0628\u0631\u0632 \u0628\u0633\u0628\u0628 \u0646\u062c\u0627\u062d\u0647 \u0641\u064a \u062a\u0648\u0641\u064a\u0631 \u0627\u0644\u0631\u0627\u062d\u0629 \u062f\u0627\u062e\u0644 \u0627\u0644\u0641\u0645 \u0648\u0627\u0644\u0645\u064a\u0632\u0627\u062a \u0627\u0644\u062c\u0645\u0627\u0644\u064a\u0629 \u060c \u0643\u0628\u062f\u064a\u0644 \u0644\u0637\u0631\u0642 \u0645\u062b\u0644 \u0627\u0644\u062c\u0633\u0648\u0631 \u0648\u0627\u0644\u0623\u0637\u0631\u0627\u0641 \u0627\u0644\u0627\u0635\u0637\u0646\u0627\u0639\u064a\u0629.<\/p>\n<h2>\u0645\u0627 \u0647\u0648 \u0627\u0644\u0632\u0631\u0639\u061f<\/h2>\n<p>\u0627\u0644\u0632\u0631\u0639 \u0647\u0648 \u0637\u0631\u064a\u0642\u0629 \u064a\u062a\u0645 \u062a\u0637\u0628\u064a\u0642\u0647\u0627 \u0644\u0644\u0642\u0636\u0627\u0621 \u0639\u0644\u0649 \u0639\u064a\u0648\u0628 \u0627\u0644\u0623\u0633\u0646\u0627\u0646 \u0641\u064a \u0627\u0644\u0641\u0645. \u0641\u064a \u0647\u0630\u0627 \u0627\u0644\u0625\u062c\u0631\u0627\u0621 \u060c \u064a\u062a\u0645 \u0625\u062f\u062e\u0627\u0644 \u0645\u0633\u0627\u0645\u064a\u0631 \u0627\u0644\u062a\u064a\u062a\u0627\u0646\u064a\u0648\u0645 \u0641\u064a \u0639\u0638\u0645 \u0627\u0644\u0641\u0643 \u0648\u064a\u062a\u0645 \u062a\u0648\u0635\u064a\u0644 \u0637\u0631\u0641 \u0627\u0635\u0637\u0646\u0627\u0639\u064a \u0628\u0627\u0644\u0645\u0633\u0627\u0645\u064a\u0631. \u0627\u0644\u0645\u064a\u0632\u0629 \u0639\u0646 \u0627\u0644\u0637\u0631\u0642 \u0627\u0644\u0628\u062f\u064a\u0644\u0629 \u0627\u0644\u0623\u062e\u0631\u0649 \u0647\u064a \u0623\u0646\u0647\u0627 \u0644\u0627 \u062a\u0633\u0628\u0628 \u0623\u064a \u0636\u0631\u0631 \u0644\u0644\u0623\u0633\u0646\u0627\u0646 \u0627\u0644\u0645\u062c\u0627\u0648\u0631\u0629 \u060c \u0644\u0630\u0644\u0643 \u0644\u0627 \u062a\u062d\u062a\u0627\u062c \u0627\u0644\u0623\u0633\u0646\u0627\u0646 \u0627\u0644\u062c\u0627\u0646\u0628\u064a\u0629 \u0625\u0644\u0649 \u0627\u0644\u0642\u0637\u0639 \u0623\u0648 \u0627\u0644\u062d\u0634\u0648 \u0641\u064a \u062a\u0637\u0628\u064a\u0642 \u0627\u0644\u0632\u0631\u0639.<\/p>\n<p>\u062a\u062a\u0648\u0644\u0649 \u0627\u0644\u0632\u0631\u0639\u0629 \u062f\u0648\u0631 \u062c\u0630\u0631 \u0627\u0644\u0633\u0646 \u0648\u062a\u0633\u0645\u062d \u0644\u0644\u0634\u062e\u0635 \u0628\u062a\u0646\u0627\u0648\u0644 \u0627\u0644\u0637\u0639\u0627\u0645 \u0648\u0627\u0644\u0636\u062d\u0643 \u0648\u0627\u0644\u062a\u062d\u062f\u062b \u0628\u0637\u0631\u064a\u0642\u0629 \u0635\u062d\u064a\u0629 \u0637\u0628\u064a\u0639\u064a\u0629.<\/p>\n<p>\u064a\u0648\u0641\u0631 \u062a\u0637\u0628\u064a\u0642 \u0627\u0644\u0632\u0631\u0639 \u0627\u0644\u0642\u0636\u0627\u0621 \u0639\u0644\u0649 \u0627\u0644\u0645\u062e\u0627\u0648\u0641 \u0627\u0644\u062c\u0645\u0627\u0644\u064a\u0629 \u0627\u0644\u0646\u0627\u0634\u0626\u0629 \u0639\u0646 \u0642\u0635\u0648\u0631 \u0627\u0644\u0623\u0633\u0646\u0627\u0646 \u062f\u0627\u062e\u0644 \u0627\u0644\u0641\u0645 \u060c \u0648\u0628\u0627\u0644\u062a\u0627\u0644\u064a \u0641\u0647\u0648 \u0645\u0641\u0636\u0644 \u0641\u064a \u0643\u062b\u064a\u0631 \u0645\u0646 \u0627\u0644\u0623\u062d\u064a\u0627\u0646 \u0645\u0646 \u0627\u0644\u0646\u0627\u062d\u064a\u0629 \u0627\u0644\u062a\u062c\u0645\u064a\u0644\u064a\u0629. \u062a\u0639\u062a\u0628\u0631 \u0632\u0631\u0627\u0639\u0629 \u0627\u0644\u0623\u0633\u0646\u0627\u0646 \u0623\u0637\u0648\u0644 \u0623\u0645\u062f\u0627\u064b \u0648\u062f\u0627\u0626\u0645\u0629 \u0645\u0646 \u0623\u0637\u0642\u0645 \u0627\u0644\u0623\u0633\u0646\u0627\u0646. \u064a\u0645\u0643\u0646 \u0627\u0633\u062a\u062e\u062f\u0627\u0645 \u0627\u0644\u063a\u0631\u0633\u0627\u062a \u0627\u0644\u062a\u064a \u064a\u062a\u0645 \u0635\u064a\u0627\u0646\u062a\u0647\u0627 \u0628\u0627\u0646\u062a\u0638\u0627\u0645 \u0644\u0645\u062f\u0649 \u0627\u0644\u062d\u064a\u0627\u0629. \u0646\u0638\u0631\u064b\u0627 \u0644\u0623\u0646\u0647\u0627 \u062a\u062a\u0646\u0627\u0633\u0628 \u062a\u0645\u0627\u0645\u064b\u0627 \u0645\u0639 \u0627\u0644\u0641\u0645 \u060c \u0641\u0625\u0646\u0647\u0627 \u062a\u0639\u0645\u0644 \u0645\u062b\u0644 \u0627\u0644\u0623\u0633\u0646\u0627\u0646 \u0627\u0644\u0637\u0628\u064a\u0639\u064a\u0629 \u0648\u062a\u0645\u0646\u0639 \u0641\u0642\u062f\u0627\u0646 \u0648\u0638\u0627\u0626\u0641 \u0627\u0644\u0641\u0645.<\/p>\n<p>\u0628\u0635\u0631\u0641 \u0627\u0644\u0646\u0638\u0631 \u0639\u0646 \u0647\u0630\u0647 \u0627\u0644\u0641\u0648\u0627\u0626\u062f \u0647\u064a \u0643\u0645\u0627 \u064a\u0644\u064a:<\/p>\n<ul>\n<li>\u064a\u062d\u0645\u064a \u0647\u064a\u0643\u0644 \u0639\u0638\u0645 \u0627\u0644\u0641\u0643.<\/li>\n<li>\u064a\u0633\u0627\u0639\u062f \u0641\u064a \u0627\u0644\u062d\u0641\u0627\u0638 \u0639\u0644\u0649 \u0627\u0644\u0642\u062f\u0631\u0629 \u0639\u0644\u0649 \u0627\u0644\u0643\u0644\u0627\u0645 \u0648\u0627\u0644\u0645\u0636\u063a.<\/li>\n<li>\u064a\u0633\u0627\u0647\u0645 \u0641\u064a \u0627\u0644\u0645\u0638\u0647\u0631 \u0627\u0644\u0637\u0628\u064a\u0639\u064a \u0648\u0627\u0644\u0635\u062d\u064a \u0644\u0644\u0623\u0633\u0646\u0627\u0646.<\/li>\n<li>\u064a\u0624\u062b\u0631 \u0628\u0634\u0643\u0644 \u0625\u064a\u062c\u0627\u0628\u064a \u0639\u0644\u0649 \u0627\u0644\u0645\u0638\u0647\u0631 \u0627\u0644\u062c\u0645\u0627\u0644\u064a \u0644\u0644\u0648\u062c\u0647.<\/li>\n<li>\u064a\u0633\u0627\u0639\u062f \u0641\u064a \u0627\u0644\u0642\u0636\u0627\u0621 \u0639\u0644\u0649 \u0627\u0644\u0645\u0634\u0627\u0643\u0644 \u0627\u0644\u0646\u0641\u0633\u064a\u0629 \u0627\u0644\u0646\u0627\u062a\u062c\u0629 \u0639\u0646 \u0641\u0642\u062f\u0627\u0646 \u0627\u0644\u062b\u0642\u0629 \u0628\u0627\u0644\u0646\u0641\u0633.<\/li>\n<\/ul>\n<h2>\u0645\u062a\u0649 \u064a\u062a\u0645 \u0639\u0645\u0644 \u0627\u0644\u0632\u0631\u0639\u061f<\/h2>\n<p>\u0645\u0646 \u0628\u064a\u0646 \u0627\u0644\u0645\u0648\u0627\u0642\u0641 \u0627\u0644\u062a\u064a \u064a\u0641\u0636\u0644 \u0641\u064a\u0647\u0627 \u062a\u0637\u0628\u064a\u0642 \u0627\u0644\u0632\u0631\u0639 \u0645\u0627 \u064a\u0644\u064a:<\/p>\n<p>\u0628\u0627\u0644\u0646\u0633\u0628\u0629 \u0644\u0644\u0623\u0634\u062e\u0627\u0635 \u0627\u0644\u0630\u064a\u0646 \u0644\u064a\u0633 \u0644\u062f\u064a\u0647\u0645 \u0623\u0633\u0646\u0627\u0646 \u0641\u064a \u0623\u0641\u0648\u0627\u0647\u0647\u0645 \u0648\u0644\u0627 \u064a\u0645\u0643\u0646\u0647\u0645 \u0627\u0633\u062a\u062e\u062f\u0627\u0645 \u0623\u0637\u0642\u0645 \u0627\u0644\u0623\u0633\u0646\u0627\u0646 \u0628\u0633\u0628\u0628 \u0627\u0631\u062a\u0634\u0627\u0641 \u0627\u0644\u0639\u0638\u0627\u0645 \u060c \u064a\u062a\u0645 \u0627\u0633\u062a\u062e\u062f\u0627\u0645 \u0627\u0644\u063a\u0631\u0633\u0627\u062a \u0644\u0632\u064a\u0627\u062f\u0629 \u0627\u062d\u062a\u0628\u0627\u0633 \u0627\u0644\u0623\u0633\u0646\u0627\u0646.<\/p>\n<p>\u0628\u0627\u0644\u0646\u0633\u0628\u0629 \u0644\u0644\u0645\u0631\u0636\u0649 \u0627\u0644\u0630\u064a\u0646 \u0641\u0642\u062f\u0648\u0627 \u0623\u0636\u0631\u0627\u0633\u0647\u0645 \u060c \u0645\u0646 \u0627\u0644\u0623\u0641\u0636\u0644 \u0628\u0646\u0627\u0621 \u062c\u0633\u0631 \u062b\u0627\u0628\u062a \u0641\u0648\u0642 \u0627\u0644\u063a\u0631\u0633\u0629 \u0628\u062f\u0644\u0627\u064b \u0645\u0646 \u0627\u0633\u062a\u062e\u062f\u0627\u0645 \u0627\u0644\u0623\u0637\u0631\u0627\u0641 \u0627\u0644\u0627\u0635\u0637\u0646\u0627\u0639\u064a\u0629 \u0627\u0644\u0642\u0627\u0628\u0644\u0629 \u0644\u0644\u0625\u0632\u0627\u0644\u0629.<\/p>\n<p>\u0628\u0627\u0644\u0646\u0633\u0628\u0629 \u0644\u0644\u0623\u0634\u062e\u0627\u0635 \u0627\u0644\u0630\u064a\u0646 \u064a\u0639\u0627\u0646\u0648\u0646 \u0645\u0646 \u0641\u062c\u0648\u0627\u062a \u0637\u0648\u064a\u0644\u0629 \u0628\u0644\u0627 \u0623\u0633\u0646\u0627\u0646 \u0641\u064a \u0623\u0641\u0648\u0627\u0647\u0647\u0645 \u060c \u064a\u064f\u0641\u0636\u0644 \u0623\u0646 \u062a\u0643\u0648\u0646 \u0627\u0644\u063a\u0631\u0633\u0627\u062a \u0628\u0645\u062b\u0627\u0628\u0629 \u062c\u0633\u0648\u0631. \u0647\u0630\u0627 \u064a\u0648\u0641\u0631 \u0627\u0644\u062f\u0639\u0645 \u0648\u0627\u0644\u0645\u062a\u0627\u0646\u0629 \u0644\u0644\u062c\u0633\u0648\u0631 \u0627\u0644\u0637\u0648\u064a\u0644\u0629.<\/p>\n<p>\u0641\u064a \u062d\u0627\u0644\u0629 \u0641\u0642\u062f\u0627\u0646 \u0633\u0646 \u0648\u0627\u062d\u062f \u060c \u0625\u0630\u0627 \u0643\u0627\u0646 \u0645\u0646 \u0627\u0644\u0645\u0631\u063a\u0648\u0628 \u0641\u064a\u0647 \u0639\u062f\u0645 \u062a\u0642\u0644\u064a\u0644 \u0627\u0644\u0623\u0633\u0646\u0627\u0646 \u0627\u0644\u062c\u0627\u0646\u0628\u064a\u0629 \u060c \u064a\u0645\u0643\u0646 \u0648\u0636\u0639 \u062a\u0627\u062c \u0639\u0644\u0649 \u0627\u0644\u063a\u0631\u0633\u0629.<\/p>\n<h2>\u0643\u064a\u0641 \u064a\u062a\u0645 \u062a\u0637\u0628\u064a\u0642 \u0627\u0644\u0632\u0631\u0639\u061f<\/h2>\n<p>\u0639\u0627\u062f\u0629 \u0645\u0627 \u062a\u0643\u0648\u0646 \u062a\u0637\u0628\u064a\u0642\u0627\u062a \u0627\u0644\u0632\u0631\u0639 \u0639\u0644\u0649 \u0645\u0631\u062d\u0644\u062a\u064a\u0646 \u061b \u0641\u064a \u0627\u0644\u0645\u0631\u062d\u0644\u0629 \u0627\u0644\u0623\u0648\u0644\u0649 \u064a\u062a\u0645 \u0648\u0636\u0639 \u0627\u0644\u0632\u0631\u0639 \u0641\u064a \u0639\u0638\u0645 \u0627\u0644\u0641\u0643 \u0648\u0641\u064a \u0627\u0644\u0645\u0631\u062d\u0644\u0629 \u0627\u0644\u062b\u0627\u0646\u064a\u0629 \u064a\u062a\u0645 \u0648\u0636\u0639 \u0627\u0644\u0633\u0646 \u0627\u0644\u062c\u062f\u064a\u062f \u0639\u0644\u0649 \u0627\u0644\u063a\u0631\u0633\u0629. \u0639\u0627\u062f\u0629 \u0645\u0627 \u062a\u0643\u0648\u0646 \u0647\u0646\u0627\u0643 \u0639\u062f\u0629 \u0623\u0634\u0647\u0631 \u0628\u064a\u0646 \u0627\u0644\u0645\u0631\u062d\u0644\u062a\u064a\u0646 \u0648\u064a\u0645\u0643\u0646 \u0623\u0646 \u064a\u0633\u062a\u063a\u0631\u0642 \u0627\u0644\u0634\u0641\u0627\u0621 \u0627\u0644\u0643\u0627\u0645\u0644 \u0645\u0627 \u064a\u0635\u0644 \u0625\u0644\u0649 5-6 \u0623\u0634\u0647\u0631. \u0648\u0645\u0639 \u0630\u0644\u0643 \u060c \u062e\u0644\u0627\u0644 \u0647\u0630\u0627 \u0627\u0644\u0648\u0642\u062a \u060c \u064a\u0645\u0643\u0646 \u0627\u0633\u062a\u062e\u062f\u0627\u0645 \u0627\u0644\u0623\u0633\u0646\u0627\u0646 \u062f\u0648\u0646 \u0627\u0644\u062a\u062f\u062e\u0644 \u0641\u064a \u0648\u0638\u064a\u0641\u0629 \u0627\u0644\u0641\u0645.<\/p>\n<p>\u0627\u0644\u063a\u0631\u0633\u0627\u062a \u0639\u0628\u0627\u0631\u0629 \u0639\u0646 \u0628\u0631\u0627\u063a\u064a \u062a\u064a\u062a\u0627\u0646\u064a\u0648\u0645 \u062a\u0639\u0645\u0644 \u0643\u062c\u0630\u0648\u0631 \u0644\u0644\u0623\u0633\u0646\u0627\u0646 \u0648\u062a\u0631\u062a\u0628\u0637 \u0628\u0627\u0644\u0639\u0638\u0645 \u0623\u0633\u0641\u0644 \u0627\u0644\u0644\u062b\u0629. \u0648\u0628\u0647\u0630\u0647 \u0627\u0644\u0637\u0631\u064a\u0642\u0629 \u060c \u0641\u0625\u0646\u0647\u0645 \u064a\u062f\u0639\u0645\u0648\u0646 \u0637\u0631\u064a\u0642\u0629 \u0639\u0644\u0627\u062c \u0627\u0644\u0623\u0633\u0646\u0627\u0646 \u0627\u0644\u062a\u064a \u0633\u062a\u0623\u062a\u064a \u0641\u0648\u0642\u0647\u0627 \u0648\u062a\u0648\u0641\u0631 \u0642\u0648\u0629 \u0639\u0627\u0644\u064a\u0629 \u0644\u0644\u0639\u0644\u0627\u062c. \u064a\u0633\u062a\u063a\u0631\u0642 \u0627\u0644\u0623\u0645\u0631 \u0639\u062f\u0629 \u0623\u0634\u0647\u0631 \u062d\u062a\u0649 \u062a\u0646\u062f\u0645\u062c \u0627\u0644\u063a\u0631\u0633\u0629 \u0641\u064a \u0639\u0638\u0645 \u0627\u0644\u0645\u0631\u064a\u0636 \u062b\u0645 \u064a\u0645\u0643\u0646 \u0648\u0636\u0639 \u062c\u0633\u0631 \u062b\u0627\u0628\u062a \u0623\u0648 \u062a\u0627\u062c \u0623\u0648 \u0637\u0631\u0641 \u0635\u0646\u0627\u0639\u064a \u062b\u0627\u0628\u062a \u0623\u0648 \u0637\u0631\u0641 \u0635\u0646\u0627\u0639\u064a \u0642\u0627\u0628\u0644 \u0644\u0644\u0625\u0632\u0627\u0644\u0629 \u0639\u0644\u0649 \u0627\u0644\u0645\u0633\u0645\u0627\u0631.<\/p>\n<p>\u062a\u064f\u0633\u062a\u062e\u062f\u0645 \u0632\u0631\u0627\u0639\u0629 \u0627\u0644\u0623\u0633\u0646\u0627\u0646 \u0643\u0637\u0631\u064a\u0642\u0629 \u0639\u0644\u0627\u062c \u0641\u0639\u0627\u0644\u0629 \u0641\u064a \u0627\u0644\u062d\u0627\u0644\u0627\u062a \u0627\u0644\u062a\u064a \u062a\u0643\u0648\u0646 \u0641\u064a\u0647\u0627 \u062c\u0645\u064a\u0639 \u0627\u0644\u0623\u0633\u0646\u0627\u0646 \u0645\u0641\u0642\u0648\u062f\u0629 \u060c \u0648\u0643\u0630\u0644\u0643 \u0623\u0633\u0646\u0627\u0646 \u0645\u0641\u0631\u062f\u0629 \u0623\u0648 \u0639\u062f\u0629 \u0623\u0633\u0646\u0627\u0646 \u0645\u0641\u0642\u0648\u062f\u0629. \u062d\u062a\u0649 \u0641\u062c\u0648\u0627\u062a \u0627\u0644\u0623\u0633\u0646\u0627\u0646 \u0627\u0644\u0643\u0628\u064a\u0631\u0629 \u0641\u064a \u0627\u0644\u0641\u0645 \u064a\u0645\u0643\u0646 \u062a\u0631\u0645\u064a\u0645\u0647\u0627 \u0628\u0627\u0633\u062a\u062e\u062f\u0627\u0645 \u0627\u0644\u063a\u0631\u0633\u0627\u062a. \u0628\u0627\u0644\u0625\u0636\u0627\u0641\u0629 \u0625\u0644\u0649 \u0630\u0644\u0643 \u060c \u064a\u0645\u0643\u0646 \u062a\u0637\u0628\u064a\u0642 \u0647\u0630\u0647 \u0627\u0644\u0637\u0631\u064a\u0642\u0629 \u0639\u0644\u0649 \u0627\u0644\u0623\u0641\u0631\u0627\u062f \u0645\u0646 \u062c\u0645\u064a\u0639 \u0627\u0644\u0623\u0639\u0645\u0627\u0631.<\/p>\n\n\t\t<\/div>\n\t<\/div>\n<\/div><\/div><\/div><div class=\"sticky_form_content lead-form wpb_column vc_column_container vc_col-sm-4\" id=\"lead-form\"><div class=\"vc_column-inner\"><div class=\"wpb_wrapper\">\n<div class=\"wpcf7 no-js\" id=\"wpcf7-f1555-o1\" lang=\"en-US\" dir=\"ltr\" data-wpcf7-id=\"1555\">\n<div class=\"screen-reader-response\"><p role=\"status\" aria-live=\"polite\" aria-atomic=\"true\"><\/p> <ul><\/ul><\/div>\n<form action=\"\/ar\/wp-json\/wp\/v2\/pages\/12734#wpcf7-f1555-o1\" method=\"post\" class=\"wpcf7-form init\" aria-label=\"Contact form\" novalidate=\"novalidate\" data-status=\"init\" data-trp-original-action=\"\/ar\/wp-json\/wp\/v2\/pages\/12734#wpcf7-f1555-o1\">\n<fieldset class=\"hidden-fields-container\"><input type=\"hidden\" name=\"_wpcf7\" value=\"1555\" \/><input type=\"hidden\" name=\"_wpcf7_version\" value=\"6.1.5\" \/><input type=\"hidden\" name=\"_wpcf7_locale\" value=\"en_US\" \/><input type=\"hidden\" name=\"_wpcf7_unit_tag\" value=\"wpcf7-f1555-o1\" \/><input type=\"hidden\" name=\"_wpcf7_container_post\" value=\"0\" \/><input type=\"hidden\" name=\"_wpcf7_posted_data_hash\" value=\"\" \/>\n<\/fieldset>\n<div class=\"row\">\n\t<div class=\"col-lg-12\">\n\t\t<p><span class=\"wpcf7-form-control-wrap\" data-name=\"field-header\"><input size=\"40\" maxlength=\"400\" class=\"wpcf7-form-control wpcf7-text wpcf7-validates-as-required\" aria-required=\"true\" aria-invalid=\"false\" placeholder=\"\u0627\u0633\u0645\u0643 \u0648\u0644\u0642\u0628\u0643\" value=\"\" type=\"text\" name=\"field-header\" \/><\/span>\n\t\t<\/p>\n\t<\/div>\n\t<div class=\"col-lg-12\">\n\t\t<p><span class=\"wpcf7-form-control-wrap\" data-name=\"phonetext-206\"><input size=\"40\" class=\"wpcf7-form-control wpcf7-phonetext wpcf7-validates-as-required wpcf7-text wpcf7-validates-as-phonetext\" aria-required=\"true\" aria-invalid=\"false\" placeholder=\"\" value=\"\" type=\"text\" name=\"phonetext-206\" \/><input type=\"hidden\" name=\"phonetext-206-country-code\" class=\"wpcf7-phonetext-country-code\" \/><\/span>\n\t\t<\/p>\n\t<\/div>\n\t<div class=\"col-lg-12\">\n\t\t<p><span class=\"wpcf7-form-control-wrap\" data-name=\"field-header3\"><input size=\"40\" maxlength=\"400\" class=\"wpcf7-form-control wpcf7-text wpcf7-validates-as-required\" aria-required=\"true\" aria-invalid=\"false\" placeholder=\"\u0628\u0631\u064a\u062f \u0625\u0644\u0643\u062a\u0631\u0648\u0646\u064a\" value=\"\" type=\"text\" name=\"field-header3\" \/><\/span>\n\t\t<\/p>\n\t<\/div>\n\t<div class=\"col-lg-12\">\n\t\t<p><span class=\"wpcf7-form-control-wrap\" data-name=\"field-header4\"><textarea cols=\"40\" rows=\"10\" maxlength=\"2000\" class=\"wpcf7-form-control wpcf7-textarea\" aria-invalid=\"false\" placeholder=\"\u0631\u0633\u0627\u0644\u062a\u0643\" name=\"field-header4\"><\/textarea><\/span>\n\t\t<\/p>\n\t<\/div>\n\t<div class=\"col-lg-12\">\n\t\t<p><input class=\"wpcf7-form-control wpcf7-submit has-spinner\" type=\"submit\" value=\"\u064a\u0631\u0633\u0644\" \/>\n\t\t<\/p>\n\t<\/div>\n<\/div><div class=\"wpcf7-response-output\" aria-hidden=\"true\"><\/div>\n<input type=\"hidden\" name=\"trp-form-language\" value=\"ar\"\/><\/form>\n<\/div>\n<\/div><\/div><\/div><\/div>\n<\/div>","protected":false},"excerpt":{"rendered":"\u0130mplant, h\u0131zl\u0131 geli\u015fen modern t\u0131p y\u00f6ntemleri sonucu ortaya \u00e7\u0131kan bir di\u015f tedavisidir. \u00d6zellikle son y\u0131llarda a\u011f\u0131z i\u00e7i konforu sa\u011flama ba\u015far\u0131s\u0131 ve estetik \u00f6zellikleri nedeniyle \u00f6ne \u00e7\u0131kan implant tedavisi, k\u00f6pr\u00fc ve protez gibi y\u00f6ntemlere alternatif olarak kullan\u0131l\u0131r. \u0130mplant Nedir? \u0130mplant, a\u011f\u0131z i\u00e7indeki di\u015f eksikliklerini gidermek i\u00e7in uygulanan bir y\u00f6ntemdir. Bu i\u015flemde \u00e7ene kemi\u011finin i\u00e7ine titanyum vidalar yerle\u015ftirilir ve vidalar\u0131n \u00fczerinde protez tak\u0131l\u0131r. Di\u011fer alternatif y\u00f6ntemlerden avantaj\u0131 kom\u015fu di\u015flere herhangi bir zarar vermemesidir, bu nedenle implant uygulamas\u0131nda yan di\u015flerin kesilmesi veya t\u00f6rp\u00fclenmesi gerekmez. Tak\u0131lan implant di\u015f k\u00f6k\u00fc g\u00f6revini \u00fcstlenir ve ki\u015finin do\u011fal sa\u011fl\u0131kl\u0131 \u015fekilde yemek yemesini, g\u00fclmesini, konu\u015fmas\u0131n\u0131 sa\u011flar. \u0130mplant uygulamas\u0131 a\u011f\u0131z i\u00e7i di\u015f eksikliklerinden kaynaklanan estetik kayg\u0131lar\u0131n giderilmesini sa\u011flar ve bu nedenle kozmetik a\u00e7\u0131dan s\u0131kl\u0131kla tercih edilir. Di\u015f implantlar\u0131 protezlerden \u00e7ok daha uzun \u00f6m\u00fcrl\u00fc ve kal\u0131c\u0131d\u0131r. D\u00fczenli \u015fekilde bak\u0131m\u0131 yap\u0131lan implantlar \u00f6m\u00fcr boyu kullan\u0131labilir. A\u011fza tam oturmas\u0131 nedeniyle normal di\u015f gibi \u00e7al\u0131\u015f\u0131r ve a\u011f\u0131z i\u00e7i fonksiyonlardaki kay\u0131plar\u0131n \u00f6n\u00fcne ge\u00e7er. Bunlar d\u0131\u015f\u0131nda [...]","protected":false},"author":1,"featured_media":13006,"parent":0,"menu_order":0,"comment_status":"closed","ping_status":"closed","template":"page-templates\/full-width.php","meta":{"footnotes":""},"_links":{"self":[{"href":"https:\/\/www.beyazkose.com\/ar\/wp-json\/wp\/v2\/pages\/12734"}],"collection":[{"href":"https:\/\/www.beyazkose.com\/ar\/wp-json\/wp\/v2\/pages"}],"about":[{"href":"https:\/\/www.beyazkose.com\/ar\/wp-json\/wp\/v2\/types\/page"}],"author":[{"embeddable":true,"href":"https:\/\/www.beyazkose.com\/ar\/wp-json\/wp\/v2\/users\/1"}],"replies":[{"embeddable":true,"href":"https:\/\/www.beyazkose.com\/ar\/wp-json\/wp\/v2\/comments?post=12734"}],"version-history":[{"count":2,"href":"https:\/\/www.beyazkose.com\/ar\/wp-json\/wp\/v2\/pages\/12734\/revisions"}],"predecessor-version":[{"id":12853,"href":"https:\/\/www.beyazkose.com\/ar\/wp-json\/wp\/v2\/pages\/12734\/revisions\/12853"}],"wp:featuredmedia":[{"embeddable":true,"href":"https:\/\/www.beyazkose.com\/ar\/wp-json\/wp\/v2\/media\/13006"}],"wp:attachment":[{"href":"https:\/\/www.beyazkose.com\/ar\/wp-json\/wp\/v2\/media?parent=12734"}],"curies":[{"name":"wp","href":"https:\/\/api.w.org\/{rel}","templated":true}]}}