{"id":12763,"date":"2023-04-26T21:35:39","date_gmt":"2023-04-26T21:35:39","guid":{"rendered":"https:\/\/www.beyazkose.com\/?page_id=12763"},"modified":"2023-05-01T07:22:53","modified_gmt":"2023-05-01T07:22:53","slug":"cene-cerrahisi","status":"publish","type":"page","link":"https:\/\/www.beyazkose.com\/ar\/cene-cerrahisi\/","title":{"rendered":"\u062c\u0631\u0627\u062d\u0629 \u0627\u0644\u0641\u0643"},"content":{"rendered":"<div class=\"wpb-content-wrapper\"><div class=\"vc_row wpb_row vc_row-fluid\"><div class=\"wpb_column vc_column_container vc_col-sm-8\"><div class=\"vc_column-inner\"><div class=\"wpb_wrapper\">\n\t<div class=\"wpb_text_column wpb_content_element\" >\n\t\t<div class=\"wpb_wrapper\">\n\t\t\t<p>\u064a\u0645\u0643\u0646 \u0623\u0646 \u062a\u0633\u0628\u0628 \u0627\u0644\u0645\u0634\u0627\u0643\u0644 \u0641\u064a \u0628\u0646\u064a\u0629 \u0627\u0644\u0641\u0643 \u0645\u0634\u0627\u0643\u0644 \u062c\u0645\u0627\u0644\u064a\u0629 \u0648\u0648\u0638\u064a\u0641\u064a\u0629. \u0628\u0641\u0636\u0644 \u0637\u0631\u0642 \u062c\u0631\u0627\u062d\u0629 \u0627\u0644\u0641\u0643 \u0627\u0644\u0645\u0637\u0628\u0642\u0629 \u0627\u0644\u064a\u0648\u0645 \u060c \u064a\u0645\u0643\u0646 \u0627\u0644\u062a\u062e\u0644\u0635 \u0645\u0646 \u0627\u0644\u0639\u064a\u0648\u0628 \u0627\u0644\u062c\u0645\u0627\u0644\u064a\u0629 \u0648\u0627\u0644\u0648\u0638\u064a\u0641\u064a\u0629.<\/p>\n<h2>\u0645\u0627 \u0647\u064a \u062c\u0631\u0627\u062d\u0629 \u0627\u0644\u0641\u0643\u061f<\/h2>\n<p>\u0625\u0646\u0647\u0627 \u0637\u0631\u064a\u0642\u0629 \u0639\u0644\u0627\u062c\u064a\u0629 \u0645\u0637\u0628\u0642\u0629 \u0644\u0639\u0644\u0627\u062c \u0645\u0634\u0627\u0643\u0644 \u0627\u0644\u0645\u0636\u063a \u0648\u0627\u0644\u0643\u0644\u0627\u0645 \u0628\u0627\u0644\u0625\u0636\u0627\u0641\u0629 \u0625\u0644\u0649 \u0627\u0644\u0645\u0638\u0647\u0631 \u0627\u0644\u062c\u0645\u0627\u0644\u064a \u0644\u0644\u0645\u0631\u0636\u0649 \u0627\u0644\u0630\u064a\u0646 \u064a\u0639\u0627\u0646\u0648\u0646 \u0645\u0646 \u0627\u0636\u0637\u0631\u0627\u0628\u0627\u062a \u0628\u0646\u064a\u0629 \u0627\u0644\u0641\u0643.<\/p>\n<p>\u064a\u0639\u0645\u0644 \u062c\u0631\u0627\u062d\u0648 \u0627\u0644\u0648\u062c\u0647 \u0648\u0627\u0644\u0641\u0643\u064a\u0646 \u0648\u062a\u0642\u0648\u064a\u0645 \u0627\u0644\u0623\u0633\u0646\u0627\u0646 \u0645\u0639\u064b\u0627 \u0623\u062b\u0646\u0627\u0621 \u0639\u0645\u0644\u064a\u0629 \u0627\u0644\u0639\u0644\u0627\u062c.<\/p>\n<p>\u064a\u0645\u0643\u0646 \u0639\u0644\u0627\u062c \u062d\u0627\u0644\u0627\u062a \u0645\u062b\u0644 \u0627\u0644\u0641\u0643 \u0627\u0644\u0633\u0641\u0644\u064a \u0623\u0648 \u0627\u0644\u0641\u0643 \u0627\u0644\u0639\u0644\u0648\u064a \u0641\u064a \u0627\u0644\u0623\u0645\u0627\u0645 \u0623\u0648 \u0627\u0644\u062e\u0644\u0641 \u0628\u0634\u0643\u0644 \u0637\u0628\u064a\u0639\u064a \u060c \u0648\u0639\u062f\u0645 \u0627\u0644\u062a\u0646\u0627\u0633\u0642 \u0641\u064a \u0648\u0636\u0639 \u0627\u0644\u0641\u0643 \u0627\u0644\u0639\u0644\u0648\u064a \u0648\u0627\u0644\u0633\u0641\u0644\u064a \u0648\u062d\u0627\u0644\u0627\u062a \u0645\u0645\u0627\u062b\u0644\u0629 \u064a\u0645\u0643\u0646 \u0639\u0644\u0627\u062c\u0647\u0627 \u0628\u062c\u0631\u0627\u062d\u0629 \u0627\u0644\u0641\u0643. \u0627\u0644\u062d\u0627\u0644\u0627\u062a \u0627\u0644\u062a\u064a \u062a\u062f\u062e\u0644 \u0641\u064a \u0645\u062c\u0627\u0644 \u062c\u0631\u0627\u062d\u0629 \u0627\u0644\u0648\u062c\u0647 \u0648\u0627\u0644\u0641\u0643\u064a\u0646 \u0648\u0627\u0644\u062a\u064a \u064a\u0645\u0643\u0646 \u0639\u0644\u0627\u062c\u0647\u0627 \u0628\u062a\u0637\u0628\u064a\u0642\u0627\u062a \u062c\u0631\u0627\u062d\u0629 \u0627\u0644\u0648\u062c\u0647 \u0648\u0627\u0644\u0641\u0643\u064a\u0646 \u0647\u064a \u0643\u0645\u0627 \u064a\u0644\u064a:<\/p>\n<p>\u0642\u0644\u0639 \u0627\u0644\u0623\u0633\u0646\u0627\u0646 \u0627\u0644\u0645\u062a\u0636\u0631\u0631\u0629 \u0623\u0648 \u0627\u0644\u0645\u0639\u0642\u062f\u0629 \u060c<br \/>\n\u0622\u0641\u0627\u062a \u0645\u0646 \u0623\u0635\u0644 \u0623\u0633\u0646\u0627\u0646 \u062f\u0627\u062e\u0644 \u0627\u0644\u0639\u0638\u0627\u0645 \u060c<br \/>\n\u0627\u0644\u0634\u0641\u0629 \u0627\u0644\u0645\u0634\u0642\u0648\u0642\u0629 \u0648\u0627\u0644\u062d\u0646\u0643\u060c<br \/>\n\u062a\u0637\u0628\u064a\u0642\u0627\u062a \u0632\u0631\u0627\u0639\u0629 \u0627\u0644\u0623\u0633\u0646\u0627\u0646 \u0627\u0644\u0645\u0641\u0642\u0648\u062f\u0629 \u060c<br \/>\n\u0627\u0644\u062e\u0631\u0627\u062c\u0627\u062a \u0623\u0648 \u062a\u0643\u0648\u064a\u0646\u0627\u062a \u0627\u0644\u0648\u0631\u0645 \u0627\u0644\u062a\u064a \u062a\u062d\u062f\u062b \u0641\u064a \u0627\u0644\u0641\u0643 \u060c<br \/>\n\u0634\u0641\u0627\u0621 \u0627\u0644\u0623\u0646\u0633\u062c\u0629 \u0627\u0644\u0631\u062e\u0648\u0629 \u0648\u0627\u0644\u0635\u0644\u0628\u0629 \u0642\u0628\u0644 \u0627\u0644\u0628\u062f\u0644\u0629 \u060c<br \/>\n\u0643\u0633\u0648\u0631 \u0627\u0644\u0648\u062c\u0647 \u0648\u0627\u0644\u0641\u0643.<br \/>\n\u0627\u0636\u0637\u0631\u0627\u0628\u0627\u062a \u0627\u0644\u063a\u062f\u062f \u0627\u0644\u0644\u0639\u0627\u0628\u064a\u0629.<br \/>\n\u062a\u0634\u0648\u0647\u0627\u062a \u062a\u062c\u0645\u064a\u0644\u064a\u0629 \u0623\u0648 \u0648\u0638\u064a\u0641\u064a\u0629 \u0641\u064a \u0627\u0644\u0641\u0645 \u0623\u0648 \u0627\u0644\u0648\u062c\u0647 \u0623\u0648 \u0645\u0646\u0637\u0642\u0629 \u0627\u0644\u0641\u0643.<br \/>\n\u0646\u062e\u0631 \u0639\u0638\u0645 \u0627\u0644\u0641\u0643 \u0628\u0633\u0628\u0628 \u0639\u0644\u0627\u062c \u0627\u0644\u0633\u0631\u0637\u0627\u0646.<br \/>\n\u064a\u062a\u0645 \u0623\u062e\u0630 \u0627\u0644\u0623\u0634\u0639\u0629 \u0627\u0644\u0633\u064a\u0646\u064a\u0629 \u0623\u0648 \u0627\u0644\u062a\u0635\u0648\u064a\u0631 \u0627\u0644\u0645\u0642\u0637\u0639\u064a \u0644\u0644\u0643\u0634\u0641 \u0639\u0646 \u0627\u0644\u0645\u0634\u0627\u0643\u0644 \u0648\u0645\u0646 \u062b\u0645 \u064a\u062a\u0645 \u0627\u0644\u062a\u062e\u0637\u064a\u0637 \u0644\u0639\u0645\u0644\u064a\u0629 \u0627\u0644\u0639\u0644\u0627\u062c \u0627\u0644\u0644\u0627\u0632\u0645\u0629 \u0648\u0641\u0642\u064b\u0627 \u0644\u062d\u0627\u0644\u0629 \u0627\u0644\u0645\u0631\u064a\u0636.<\/p>\n<h2>\u0643\u064a\u0641 \u064a\u062a\u0645 \u0625\u062c\u0631\u0627\u0621 \u062c\u0631\u0627\u062d\u0629 \u0627\u0644\u0641\u0643\u061f<\/h2>\n<p>\u0641\u064a \u062d\u0627\u0644\u0627\u062a \u0645\u062b\u0644 \u0627\u0644\u0623\u0633\u0646\u0627\u0646 \u063a\u064a\u0631 \u0627\u0644\u0645\u0646\u062a\u0638\u0645\u0629 \u0623\u0648 \u0639\u064a\u0648\u0628 \u0627\u0644\u0639\u0636\u0629 \u060c \u064a\u062a\u0645 \u062a\u0637\u0628\u064a\u0642 \u0639\u0644\u0627\u062c \u062a\u0642\u0648\u064a\u0645 \u0627\u0644\u0623\u0633\u0646\u0627\u0646 \u0642\u0628\u0644 \u0627\u0644\u0639\u0645\u0644\u064a\u0629 \u0627\u0644\u062c\u0631\u0627\u062d\u064a\u0629. \u0628\u064a\u0646\u0645\u0627 \u064a\u0636\u0645\u0646 \u0639\u0644\u0627\u062c \u062a\u0642\u0648\u064a\u0645 \u0627\u0644\u0623\u0633\u0646\u0627\u0646 \u0627\u0644\u0645\u0637\u0628\u0642 \u0641\u064a \u0647\u0630\u0647 \u0627\u0644\u0639\u0645\u0644\u064a\u0629 \u0623\u0646 \u062a\u0635\u0628\u062d \u0627\u0644\u0623\u0633\u0646\u0627\u0646 \u0623\u0643\u062b\u0631 \u0646\u0639\u0648\u0645\u0629 \u060c \u0641\u0625\u0646\u0647 \u064a\u0636\u0645\u0646 \u0623\u064a\u0636\u064b\u0627 \u0623\u0646 \u0627\u0644\u0641\u0643 \u062c\u0627\u0647\u0632 \u0644\u0644\u0625\u062c\u0631\u0627\u0621 \u0627\u0644\u062c\u0631\u0627\u062d\u064a. \u062b\u0645 \u064a\u062a\u0645 \u0627\u0644\u062a\u062e\u0637\u064a\u0637 \u0644\u0639\u0645\u0644\u064a\u0629 \u062c\u0631\u0627\u062d\u0629 \u0627\u0644\u0641\u0643 \u0645\u0646 \u0642\u0628\u0644 \u0627\u0644\u0623\u0637\u0628\u0627\u0621 \u0648\u062c\u0631\u0627\u062d\u064a \u0627\u0644\u062a\u062c\u0645\u064a\u0644. \u0639\u0644\u0649 \u0639\u0643\u0633 \u0639\u0644\u0627\u062c\u0627\u062a \u0635\u062d\u0629 \u0627\u0644\u0641\u0645 \u0648\u0627\u0644\u0623\u0633\u0646\u0627\u0646 \u0627\u0644\u0623\u062e\u0631\u0649 \u060c \u064a\u062a\u0645 \u0625\u062c\u0631\u0627\u0621 \u062c\u0631\u0627\u062d\u0629 \u0627\u0644\u0641\u0643 \u062a\u062d\u062a \u0627\u0644\u062a\u062e\u062f\u064a\u0631 \u0627\u0644\u0639\u0627\u0645 \u0648\u0628\u0627\u0644\u062a\u0627\u0644\u064a \u0644\u0627 \u064a\u0634\u0639\u0631 \u0627\u0644\u0645\u0631\u0636\u0649 \u0628\u0623\u0644\u0645 \u0623\u0648 \u0648\u062c\u0639.<\/p>\n<p>\u0646\u0638\u0631\u064b\u0627 \u0644\u0623\u0646 \u0647\u064a\u0627\u0643\u0644 \u0627\u0644\u0623\u0633\u0646\u0627\u0646 \u0648\u0627\u0644\u0639\u0638\u0627\u0645 \u0644\u0645 \u062a\u062a\u062e\u0630 \u0634\u0643\u0644\u0647\u0627 \u0627\u0644\u0646\u0647\u0627\u0626\u064a \u0628\u0639\u062f \u0639\u0646\u062f \u0627\u0644\u0623\u0637\u0641\u0627\u0644 \u0627\u0644\u0630\u064a\u0646 \u062a\u062a\u0631\u0627\u0648\u062d \u0623\u0639\u0645\u0627\u0631\u0647\u0645 \u0628\u064a\u0646 11 \u0648 15 \u0639\u0627\u0645\u064b\u0627 \u060c \u064a\u0645\u0643\u0646 \u062d\u0644 \u0627\u0644\u0645\u0634\u0643\u0644\u0627\u062a \u0627\u0644\u062a\u064a \u062a\u0638\u0647\u0631 \u0645\u0646 \u062e\u0644\u0627\u0644 \u0639\u0644\u0627\u062c \u062a\u0642\u0648\u064a\u0645 \u0627\u0644\u0623\u0633\u0646\u0627\u0646. \u0648\u0645\u0639 \u0630\u0644\u0643 \u060c \u0642\u062f \u062a\u0643\u0648\u0646 \u062c\u0631\u0627\u062d\u0629 \u0627\u0644\u0641\u0643 \u0636\u0631\u0648\u0631\u064a\u0629 \u0644\u0644\u0645\u0634\u0627\u0643\u0644 \u0627\u0644\u062a\u064a \u062a\u062d\u062f\u062b \u0628\u0639\u062f \u0633\u0646 18.<\/p>\n\n\t\t<\/div>\n\t<\/div>\n<\/div><\/div><\/div><div class=\"sticky_form_content lead-form wpb_column vc_column_container vc_col-sm-4\" id=\"lead-form\"><div class=\"vc_column-inner\"><div class=\"wpb_wrapper\">\n<div class=\"wpcf7 no-js\" id=\"wpcf7-f1555-o1\" lang=\"en-US\" dir=\"ltr\" data-wpcf7-id=\"1555\">\n<div class=\"screen-reader-response\"><p role=\"status\" aria-live=\"polite\" aria-atomic=\"true\"><\/p> <ul><\/ul><\/div>\n<form action=\"\/ar\/wp-json\/wp\/v2\/pages\/12763#wpcf7-f1555-o1\" method=\"post\" class=\"wpcf7-form init\" aria-label=\"Contact form\" novalidate=\"novalidate\" data-status=\"init\" data-trp-original-action=\"\/ar\/wp-json\/wp\/v2\/pages\/12763#wpcf7-f1555-o1\">\n<fieldset class=\"hidden-fields-container\"><input type=\"hidden\" name=\"_wpcf7\" value=\"1555\" \/><input type=\"hidden\" name=\"_wpcf7_version\" value=\"6.1.5\" \/><input type=\"hidden\" name=\"_wpcf7_locale\" value=\"en_US\" \/><input type=\"hidden\" name=\"_wpcf7_unit_tag\" value=\"wpcf7-f1555-o1\" \/><input type=\"hidden\" name=\"_wpcf7_container_post\" value=\"0\" \/><input type=\"hidden\" name=\"_wpcf7_posted_data_hash\" value=\"\" \/>\n<\/fieldset>\n<div class=\"row\">\n\t<div class=\"col-lg-12\">\n\t\t<p><span class=\"wpcf7-form-control-wrap\" data-name=\"field-header\"><input size=\"40\" maxlength=\"400\" class=\"wpcf7-form-control wpcf7-text wpcf7-validates-as-required\" aria-required=\"true\" aria-invalid=\"false\" placeholder=\"\u0627\u0633\u0645\u0643 \u0648\u0644\u0642\u0628\u0643\" value=\"\" type=\"text\" name=\"field-header\" \/><\/span>\n\t\t<\/p>\n\t<\/div>\n\t<div class=\"col-lg-12\">\n\t\t<p><span class=\"wpcf7-form-control-wrap\" data-name=\"phonetext-206\"><input size=\"40\" class=\"wpcf7-form-control wpcf7-phonetext wpcf7-validates-as-required wpcf7-text wpcf7-validates-as-phonetext\" aria-required=\"true\" aria-invalid=\"false\" placeholder=\"\" value=\"\" type=\"text\" name=\"phonetext-206\" \/><input type=\"hidden\" name=\"phonetext-206-country-code\" class=\"wpcf7-phonetext-country-code\" \/><\/span>\n\t\t<\/p>\n\t<\/div>\n\t<div class=\"col-lg-12\">\n\t\t<p><span class=\"wpcf7-form-control-wrap\" data-name=\"field-header3\"><input size=\"40\" maxlength=\"400\" class=\"wpcf7-form-control wpcf7-text wpcf7-validates-as-required\" aria-required=\"true\" aria-invalid=\"false\" placeholder=\"\u0628\u0631\u064a\u062f \u0625\u0644\u0643\u062a\u0631\u0648\u0646\u064a\" value=\"\" type=\"text\" name=\"field-header3\" \/><\/span>\n\t\t<\/p>\n\t<\/div>\n\t<div class=\"col-lg-12\">\n\t\t<p><span class=\"wpcf7-form-control-wrap\" data-name=\"field-header4\"><textarea cols=\"40\" rows=\"10\" maxlength=\"2000\" class=\"wpcf7-form-control wpcf7-textarea\" aria-invalid=\"false\" placeholder=\"\u0631\u0633\u0627\u0644\u062a\u0643\" name=\"field-header4\"><\/textarea><\/span>\n\t\t<\/p>\n\t<\/div>\n\t<div class=\"col-lg-12\">\n\t\t<p><input class=\"wpcf7-form-control wpcf7-submit has-spinner\" type=\"submit\" value=\"\u064a\u0631\u0633\u0644\" \/>\n\t\t<\/p>\n\t<\/div>\n<\/div><div class=\"wpcf7-response-output\" aria-hidden=\"true\"><\/div>\n<input type=\"hidden\" name=\"trp-form-language\" value=\"ar\"\/><\/form>\n<\/div>\n<\/div><\/div><\/div><\/div>\n<\/div>","protected":false},"excerpt":{"rendered":"\u00c7ene yap\u0131s\u0131nda meydana gelen problemler hem estetik hem de fonksiyonel s\u0131k\u0131nt\u0131lara neden olabilir. G\u00fcn\u00fcm\u00fczde uygulanan \u00e7ene cerrahisi y\u00f6ntemleri sayesinde hem estetik hem de fonksiyonel kusurlar giderilebilmektedir. \u00c7ene Cerrahisi Nedir? \u00c7ene yap\u0131s\u0131nda bozukluk olan hastalarda, estetik g\u00f6r\u00fcn\u00fcm\u00fcn yan\u0131 s\u0131ra \u00e7i\u011fneme ve konu\u015fma problemlerinin de tedavi edilmesi amac\u0131yla uygulanan bir tedavi y\u00f6ntemidir. Tedavi s\u00fcrecinde \u00c7ene cerrahisi uzmanlar\u0131 ve ortodontistler bir arada \u00e7al\u0131\u015f\u0131r. Alt \u00e7enenin ya da \u00fcst \u00e7enenin normalden ileride ya da geride olmas\u0131, alt ve \u00fcst \u00e7enenin yerle\u015fiminde meydana gelen asimetriler ve benzeri durumlar \u00e7ene cerrahisi ile tedavi edilebilir. \u00c7ene cerrahisi alan\u0131na giren ve \u00e7ene cerrahisi uygulamalar\u0131 ile tedavi edilebilecek durumlar \u015funlard\u0131r: G\u00f6m\u00fcl\u00fc ya da komplike durumda bulunan di\u015flerin \u00e7ekimi, Kemikler i\u00e7erisinde di\u015f k\u00f6kenli olarak olu\u015fmu\u015f lezyonlar, Dudak ve damak yar\u0131klar\u0131, Kaybedilmi\u015f di\u015fler i\u00e7in implant uygulamalar\u0131, \u00c7enede meydana gelen kistler da t\u00fcm\u00f6r olu\u015fumlar\u0131, Protez i\u015fleminden \u00f6nce yumu\u015fak ve sert dokularda iyile\u015ftirme i\u015flemi, Y\u00fcz ve \u00e7ene k\u0131r\u0131klar\u0131, T\u00fck\u00fcr\u00fck bezi rahats\u0131zl\u0131klar\u0131, A\u011f\u0131z, y\u00fcz [...]","protected":false},"author":1,"featured_media":12993,"parent":0,"menu_order":0,"comment_status":"closed","ping_status":"closed","template":"page-templates\/full-width.php","meta":{"footnotes":""},"_links":{"self":[{"href":"https:\/\/www.beyazkose.com\/ar\/wp-json\/wp\/v2\/pages\/12763"}],"collection":[{"href":"https:\/\/www.beyazkose.com\/ar\/wp-json\/wp\/v2\/pages"}],"about":[{"href":"https:\/\/www.beyazkose.com\/ar\/wp-json\/wp\/v2\/types\/page"}],"author":[{"embeddable":true,"href":"https:\/\/www.beyazkose.com\/ar\/wp-json\/wp\/v2\/users\/1"}],"replies":[{"embeddable":true,"href":"https:\/\/www.beyazkose.com\/ar\/wp-json\/wp\/v2\/comments?post=12763"}],"version-history":[{"count":8,"href":"https:\/\/www.beyazkose.com\/ar\/wp-json\/wp\/v2\/pages\/12763\/revisions"}],"predecessor-version":[{"id":12994,"href":"https:\/\/www.beyazkose.com\/ar\/wp-json\/wp\/v2\/pages\/12763\/revisions\/12994"}],"wp:featuredmedia":[{"embeddable":true,"href":"https:\/\/www.beyazkose.com\/ar\/wp-json\/wp\/v2\/media\/12993"}],"wp:attachment":[{"href":"https:\/\/www.beyazkose.com\/ar\/wp-json\/wp\/v2\/media?parent=12763"}],"curies":[{"name":"wp","href":"https:\/\/api.w.org\/{rel}","templated":true}]}}