{"id":12826,"date":"2023-04-27T11:05:57","date_gmt":"2023-04-27T11:05:57","guid":{"rendered":"https:\/\/www.beyazkose.com\/?page_id=12826"},"modified":"2023-05-01T07:26:17","modified_gmt":"2023-05-01T07:26:17","slug":"dis-muayenesi","status":"publish","type":"page","link":"https:\/\/www.beyazkose.com\/ar\/%d8%aa%d9%81%d8%ad%d8%b5\/","title":{"rendered":"\u0641\u062d\u0635 \u0627\u0644\u0623\u0633\u0646\u0627\u0646"},"content":{"rendered":"<div class=\"wpb-content-wrapper\"><div class=\"vc_row wpb_row vc_row-fluid\"><div class=\"wpb_column vc_column_container vc_col-sm-8\"><div class=\"vc_column-inner\"><div class=\"wpb_wrapper\">\n\t<div class=\"wpb_text_column wpb_content_element\" >\n\t\t<div class=\"wpb_wrapper\">\n\t\t\t<h2><strong>\u0641\u062d\u0635 \u0627\u0644\u0623\u0633\u0646\u0627\u0646<\/strong><\/h2>\n<p>\u0646\u0638\u0631\u064b\u0627 \u0644\u0623\u0646 \u0639\u0645\u0644\u064a\u0629 \u062a\u0646\u0627\u0648\u0644 \u0627\u0644\u0637\u0639\u0627\u0645 \u0648\u0647\u0636\u0645\u0647 \u062a\u0628\u062f\u0623 \u0641\u064a \u0627\u0644\u0641\u0645 \u060c \u0641\u0625\u0646 \u0643\u0644 \u0645\u0627 \u0646\u0633\u062a\u0647\u0644\u0643\u0647 \u064a\u062a\u0633\u0628\u0628 \u0641\u064a \u0628\u0642\u0627\u0621 \u0627\u0644\u0639\u0646\u0627\u0635\u0631 \u0627\u0644\u063a\u0630\u0627\u0626\u064a\u0629 \u0628\u064a\u0646 \u0623\u0633\u0646\u0627\u0646\u0646\u0627 \u060c \u0648\u062a\u062a\u0633\u0628\u0628 \u0647\u0630\u0647 \u0627\u0644\u0639\u0646\u0627\u0635\u0631 \u0627\u0644\u063a\u0630\u0627\u0626\u064a\u0629 \u0641\u064a \u062a\u0643\u0648\u064a\u0646 \u0627\u0644\u0628\u0643\u062a\u064a\u0631\u064a\u0627 \u0628\u0645\u0631\u0648\u0631 \u0627\u0644\u0648\u0642\u062a \u060c \u0645\u0645\u0627 \u064a\u0624\u062f\u064a \u0625\u0644\u0649 \u062a\u062f\u0647\u0648\u0631 \u0635\u062d\u0629 \u0627\u0644\u0641\u0645. \u0647\u0630\u0627 \u0647\u0648 \u0627\u0644\u0633\u0628\u0628 \u0641\u064a \u0636\u0631\u0648\u0631\u0629 \u0625\u062c\u0631\u0627\u0621 \u0641\u062d\u0648\u0635\u0627\u062a \u0627\u0644\u0623\u0633\u0646\u0627\u0646 \u0627\u0644\u0645\u0646\u062a\u0638\u0645\u0629.<\/p>\n<h2><strong>\u0645\u0627 \u0647\u0648 \u0641\u062d\u0635 \u0627\u0644\u0623\u0633\u0646\u0627\u0646\u061f<\/strong><\/h2>\n<p>\u064a\u0633\u0645\u0649 \u0627\u0644\u0641\u062d\u0635 \u0627\u0644\u062a\u0641\u0635\u064a\u0644\u064a \u0644\u0645\u0634\u0627\u0643\u0644 \u0627\u0644\u0623\u0633\u0646\u0627\u0646 \u0623\u0648 \u0627\u0644\u0644\u062b\u0629 \u0645\u0646 \u0642\u0628\u0644 \u0623\u0637\u0628\u0627\u0621 \u0627\u0644\u0623\u0633\u0646\u0627\u0646 \u0628\u0641\u062d\u0635 \u0627\u0644\u0623\u0633\u0646\u0627\u0646. \u0623\u062b\u0646\u0627\u0621 \u0627\u0644\u0641\u062d\u0635 \u060c \u064a\u062a\u0645 \u062a\u062d\u062f\u064a\u062f \u0627\u0644\u0645\u0634\u0627\u0643\u0644 \u0627\u0644\u062d\u0627\u0644\u064a\u0629 \u0623\u0648 \u0627\u0644\u0645\u062d\u062a\u0645\u0644\u0629 \u0648\u064a\u062a\u0645 \u0627\u0644\u062a\u062e\u0637\u064a\u0637 \u0644\u0639\u0645\u0644\u064a\u0629 \u0627\u0644\u0639\u0644\u0627\u062c \u0627\u0644\u0644\u0627\u0632\u0645\u0629 \u0644\u0644\u0642\u0636\u0627\u0621 \u0639\u0644\u064a\u0647\u0627. \u062a\u0639\u062a\u0628\u0631 \u0641\u062d\u0648\u0635\u0627\u062a \u0627\u0644\u0623\u0633\u0646\u0627\u0646 \u0627\u0644\u0645\u0646\u062a\u0638\u0645\u0629 \u0630\u0627\u062a \u0623\u0647\u0645\u064a\u0629 \u0643\u0628\u064a\u0631\u0629 \u0645\u0646 \u062d\u064a\u062b \u0627\u0644\u062a\u062e\u0637\u064a\u0637 \u0627\u0644\u0645\u0628\u0643\u0631 \u0644\u0639\u0645\u0644\u064a\u0629 \u0627\u0644\u0639\u0644\u0627\u062c \u0648\u0645\u0646\u0639 \u0641\u0642\u062f\u0627\u0646 \u0627\u0644\u0623\u0633\u0646\u0627\u0646 \u0623\u0648 \u0645\u0634\u0627\u0643\u0644 \u0645\u0645\u0627\u062b\u0644\u0629 \u0641\u064a \u0627\u0644\u0645\u0633\u062a\u0642\u0628\u0644. \u0627\u0644\u0625\u062c\u0631\u0627\u0621\u0627\u062a \u0627\u0644\u062a\u064a \u064a\u0645\u0643\u0646 \u0623\u0646 \u064a\u0642\u0648\u0645 \u0628\u0647\u0627 \u0637\u0628\u064a\u0628 \u0627\u0644\u0623\u0633\u0646\u0627\u0646 \u0623\u062b\u0646\u0627\u0621 \u0641\u062d\u0635 \u0627\u0644\u0623\u0633\u0646\u0627\u0646 \u0647\u064a \u0643\u0645\u0627 \u064a\u0644\u064a:<\/p>\n<h2><strong>\u062a\u0642\u062a\u064a\u0634<\/strong><\/h2>\n<p>\u062a\u062e\u0636\u0639 \u0627\u0644\u0623\u0633\u0646\u0627\u0646 \u0648\u0627\u0644\u0644\u062b\u0629 \u0644\u0645\u0631\u0627\u0642\u0628\u0629 \u062a\u0641\u0635\u064a\u0644\u064a\u0629 \u0648\u064a\u062a\u0645 \u0627\u0644\u0643\u0634\u0641 \u0639\u0646 \u0627\u0644\u0645\u0634\u0627\u0643\u0644 \u0627\u0644\u0645\u0648\u062c\u0648\u062f\u0629. \u064a\u0645\u0643\u0646 \u0627\u0644\u0643\u0634\u0641 \u0639\u0646 \u0627\u0644\u0645\u0634\u0627\u0643\u0644 \u0627\u0644\u0645\u0648\u062c\u0648\u062f\u0629 \u0625\u0644\u0649 \u062d\u062f \u0643\u0628\u064a\u0631 \u0645\u0646 \u062e\u0644\u0627\u0644 \u0641\u062d\u0635 \u0627\u0644\u0623\u0633\u0646\u0627\u0646 \u0627\u0644\u0645\u0641\u0635\u0644.<\/p>\n<h2><strong>\u0627\u0644\u0623\u0634\u0639\u0629 \u0627\u0644\u0633\u064a\u0646\u064a\u0629<\/strong><\/h2>\n<p>\u063a\u0627\u0644\u0628\u064b\u0627 \u0645\u0627 \u064a\u062a\u0645 \u0637\u0644\u0628 \u0627\u0644\u0623\u0634\u0639\u0629 \u0627\u0644\u0633\u064a\u0646\u064a\u0629 \u0641\u064a \u0641\u062d\u0648\u0635\u0627\u062a \u0627\u0644\u0623\u0633\u0646\u0627\u0646 \u0627\u0644\u064a\u0648\u0645. \u0628\u0641\u0636\u0644 \u0627\u0644\u0623\u0634\u0639\u0629 \u0627\u0644\u0633\u064a\u0646\u064a\u0629 \u060c \u064a\u0645\u0643\u0646 \u0627\u0644\u0643\u0634\u0641 \u0628\u0633\u0647\u0648\u0644\u0629 \u0639\u0646 \u062d\u0627\u0644\u0627\u062a \u0645\u062b\u0644 \u062a\u0644\u0641 \u0639\u0638\u0627\u0645 \u0627\u0644\u0641\u0643 \u0648\u0648\u062c\u0648\u062f \u0627\u0644\u0623\u0633\u0646\u0627\u0646 \u0627\u0644\u0645\u062a\u0636\u0631\u0631\u0629 \u0648\u062d\u0627\u0644\u062a\u0647\u0627 \u0648\u0648\u062c\u0648\u062f \u0627\u0644\u0623\u0643\u064a\u0627\u0633 \u0623\u0648 \u0627\u0644\u062e\u0631\u0627\u062c\u0627\u062a \u0623\u0648 \u0627\u0644\u0623\u0648\u0631\u0627\u0645 \u0623\u0648 \u062a\u0633\u0648\u0633 \u0627\u0644\u0623\u0633\u0646\u0627\u0646 \u063a\u064a\u0631 \u0627\u0644\u0645\u0631\u0626\u064a. \u0628\u0627\u0644\u0625\u0636\u0627\u0641\u0629 \u0625\u0644\u0649 \u0627\u0644\u0623\u0634\u0639\u0629 \u0627\u0644\u0633\u064a\u0646\u064a\u0629 \u0627\u0644\u0639\u0627\u062f\u064a\u0629 \u060c \u0642\u062f \u064a\u0637\u0644\u0628 \u0623\u0637\u0628\u0627\u0621 \u0627\u0644\u0623\u0633\u0646\u0627\u0646 \u0623\u064a\u0636\u064b\u0627 \u0623\u0634\u0639\u0629 \u0633\u064a\u0646\u064a\u0629 \u0628\u0627\u0646\u0648\u0631\u0627\u0645\u064a\u0629 \u0644\u062a\u0635\u0648\u0631 \u0639\u0638\u0627\u0645 \u0627\u0644\u0641\u0643 \u0627\u0644\u0639\u0644\u0648\u064a \u0648\u0627\u0644\u0633\u0641\u0644\u064a \u0645\u0639\u064b\u0627.<\/p>\n<h2><strong>\u062a\u064a\u0645\u064a\u0632\u0644\u064a\u0643<\/strong><\/h2>\n<p>\u0623\u062b\u0646\u0627\u0621 \u0627\u0644\u0641\u062d\u0635 \u060c \u0642\u062f \u064a\u0642\u0648\u0645 \u0627\u0644\u0637\u0628\u064a\u0628 \u0628\u0639\u0645\u0644\u064a\u0629 \u062a\u0646\u0638\u064a\u0641 \u0627\u062d\u062a\u0631\u0627\u0641\u064a\u0629 \u0644\u0645\u0639\u0631\u0641\u0629 \u0627\u0644\u0645\u0634\u0627\u0643\u0644 \u0627\u0644\u0623\u0633\u0627\u0633\u064a\u0629 \u0648\u0644\u0636\u0645\u0627\u0646 \u0635\u062d\u0629 \u0627\u0644\u0641\u0645. \u064a\u062a\u0645 \u0627\u0633\u062a\u062e\u062f\u0627\u0645 \u0627\u0644\u0628\u062e\u0627\u062e\u0627\u062a \u0627\u0644\u062e\u0627\u0635\u0629 \u0623\u062b\u0646\u0627\u0621 \u0639\u0645\u0644\u064a\u0629 \u0627\u0644\u062a\u0646\u0638\u064a\u0641 \u0648\u064a\u062a\u0645 \u062a\u0646\u0638\u064a\u0641 \u0627\u0644\u062c\u0627\u0646\u0628 \u0627\u0644\u0633\u0641\u0644\u064a \u0645\u0646 \u062e\u0637 \u0627\u0644\u0644\u062b\u0629. \u0628\u0647\u0630\u0647 \u0627\u0644\u0637\u0631\u064a\u0642\u0629 \u060c \u064a\u062a\u0645 \u0625\u0632\u0627\u0644\u0629 \u0627\u0644\u062c\u064a\u0631 \u0648\u0627\u0644\u0644\u0648\u064a\u062d\u0627\u062a \u0627\u0644\u062a\u064a \u064a\u0645\u0643\u0646 \u0623\u0646 \u062a\u0633\u0628\u0628 \u0631\u0627\u0626\u062d\u0629 \u0627\u0644\u0641\u0645 \u0627\u0644\u0643\u0631\u064a\u0647\u0629 \u0623\u0648 \u062a\u0633\u0648\u0633 \u0627\u0644\u0623\u0633\u0646\u0627\u0646 \u0623\u0648 \u0645\u0634\u0627\u0643\u0644 \u0623\u0643\u0628\u0631. \u0628\u0639\u062f \u0639\u0645\u0644\u064a\u0629 \u0627\u0644\u062a\u0646\u0638\u064a\u0641 \u064a\u0645\u0643\u0646 \u062a\u0644\u0645\u064a\u0639 \u0627\u0644\u0623\u0633\u0646\u0627\u0646 \u0625\u0630\u0627 \u0644\u0632\u0645 \u0627\u0644\u0623\u0645\u0631.<\/p>\n<h2><strong>\u0643\u0645 \u0645\u0631\u0629 \u064a\u062a\u0645 \u0625\u062c\u0631\u0627\u0621 \u0641\u062d\u0635 \u0627\u0644\u0623\u0633\u0646\u0627\u0646\u061f<\/strong><\/h2>\n<p>\u0625\u0630\u0627 \u0644\u0645 \u062a\u0643\u0646 \u0647\u0646\u0627\u0643 \u0645\u0634\u0627\u0643\u0644 \u0641\u064a \u0623\u0633\u0646\u0627\u0646\u0643 \u0623\u0648 \u0644\u062b\u062a\u0643 \u064a\u0645\u0643\u0646\u0643 \u0631\u0624\u064a\u062a\u0647\u0627 \u0623\u0648 \u0627\u0644\u0634\u0639\u0648\u0631 \u0628\u0647\u0627 \u060c \u0641\u0625\u0646 \u0641\u062d\u0635 \u0627\u0644\u0623\u0633\u0646\u0627\u0646 \u0628\u064a\u0646 3 \u0648 6 \u0623\u0634\u0647\u0631 \u064a\u0639\u062a\u0628\u0631 \u0645\u062b\u0627\u0644\u064a\u064b\u0627. \u0648\u0645\u0639 \u0630\u0644\u0643 \u060c \u0625\u0630\u0627 \u0643\u0627\u0646\u062a \u0644\u062f\u064a\u0643 \u0623\u064a \u0645\u0634\u0627\u0643\u0644 \u0641\u064a \u0623\u0633\u0646\u0627\u0646\u0643 \u0623\u0648 \u062e\u0636\u0639\u062a \u0644\u0625\u062c\u0631\u0627\u0621\u0627\u062a \u0645\u062b\u0644 \u0627\u0644\u062d\u0634\u0648\u0627\u062a \u0623\u0648 \u0639\u0644\u0627\u062c \u0642\u0646\u0627\u0629 \u0627\u0644\u062c\u0630\u0631 \u060c \u0641\u064a\u0645\u0643\u0646\u0643 \u062d\u064a\u0646\u0626\u0630\u064d \u062a\u0642\u0644\u064a\u0644 \u0627\u0644\u0648\u0642\u062a \u0628\u064a\u0646 \u0632\u064a\u0627\u0631\u0627\u062a \u0637\u0628\u064a\u0628 \u0627\u0644\u0623\u0633\u0646\u0627\u0646.<\/p>\n\n\t\t<\/div>\n\t<\/div>\n<\/div><\/div><\/div><div class=\"sticky_form_content lead-form wpb_column vc_column_container vc_col-sm-4\" id=\"lead-form\"><div class=\"vc_column-inner\"><div class=\"wpb_wrapper\">\n<div class=\"wpcf7 no-js\" id=\"wpcf7-f1555-o1\" lang=\"en-US\" dir=\"ltr\" data-wpcf7-id=\"1555\">\n<div class=\"screen-reader-response\"><p role=\"status\" aria-live=\"polite\" aria-atomic=\"true\"><\/p> <ul><\/ul><\/div>\n<form action=\"\/ar\/wp-json\/wp\/v2\/pages\/12826#wpcf7-f1555-o1\" method=\"post\" class=\"wpcf7-form init\" aria-label=\"Contact form\" novalidate=\"novalidate\" data-status=\"init\" data-trp-original-action=\"\/ar\/wp-json\/wp\/v2\/pages\/12826#wpcf7-f1555-o1\">\n<fieldset class=\"hidden-fields-container\"><input type=\"hidden\" name=\"_wpcf7\" value=\"1555\" \/><input type=\"hidden\" name=\"_wpcf7_version\" value=\"6.1.5\" \/><input type=\"hidden\" name=\"_wpcf7_locale\" value=\"en_US\" \/><input type=\"hidden\" name=\"_wpcf7_unit_tag\" value=\"wpcf7-f1555-o1\" \/><input type=\"hidden\" name=\"_wpcf7_container_post\" value=\"0\" \/><input type=\"hidden\" name=\"_wpcf7_posted_data_hash\" value=\"\" \/>\n<\/fieldset>\n<div class=\"row\">\n\t<div class=\"col-lg-12\">\n\t\t<p><span class=\"wpcf7-form-control-wrap\" data-name=\"field-header\"><input size=\"40\" maxlength=\"400\" class=\"wpcf7-form-control wpcf7-text wpcf7-validates-as-required\" aria-required=\"true\" aria-invalid=\"false\" placeholder=\"\u0627\u0633\u0645\u0643 \u0648\u0644\u0642\u0628\u0643\" value=\"\" type=\"text\" name=\"field-header\" \/><\/span>\n\t\t<\/p>\n\t<\/div>\n\t<div class=\"col-lg-12\">\n\t\t<p><span class=\"wpcf7-form-control-wrap\" data-name=\"phonetext-206\"><input size=\"40\" class=\"wpcf7-form-control wpcf7-phonetext wpcf7-validates-as-required wpcf7-text wpcf7-validates-as-phonetext\" aria-required=\"true\" aria-invalid=\"false\" placeholder=\"\" value=\"\" type=\"text\" name=\"phonetext-206\" \/><input type=\"hidden\" name=\"phonetext-206-country-code\" class=\"wpcf7-phonetext-country-code\" \/><\/span>\n\t\t<\/p>\n\t<\/div>\n\t<div class=\"col-lg-12\">\n\t\t<p><span class=\"wpcf7-form-control-wrap\" data-name=\"field-header3\"><input size=\"40\" maxlength=\"400\" class=\"wpcf7-form-control wpcf7-text wpcf7-validates-as-required\" aria-required=\"true\" aria-invalid=\"false\" placeholder=\"\u0628\u0631\u064a\u062f \u0625\u0644\u0643\u062a\u0631\u0648\u0646\u064a\" value=\"\" type=\"text\" name=\"field-header3\" \/><\/span>\n\t\t<\/p>\n\t<\/div>\n\t<div class=\"col-lg-12\">\n\t\t<p><span class=\"wpcf7-form-control-wrap\" data-name=\"field-header4\"><textarea cols=\"40\" rows=\"10\" maxlength=\"2000\" class=\"wpcf7-form-control wpcf7-textarea\" aria-invalid=\"false\" placeholder=\"\u0631\u0633\u0627\u0644\u062a\u0643\" name=\"field-header4\"><\/textarea><\/span>\n\t\t<\/p>\n\t<\/div>\n\t<div class=\"col-lg-12\">\n\t\t<p><input class=\"wpcf7-form-control wpcf7-submit has-spinner\" type=\"submit\" value=\"\u064a\u0631\u0633\u0644\" \/>\n\t\t<\/p>\n\t<\/div>\n<\/div><div class=\"wpcf7-response-output\" aria-hidden=\"true\"><\/div>\n<input type=\"hidden\" name=\"trp-form-language\" value=\"ar\"\/><\/form>\n<\/div>\n<\/div><\/div><\/div><\/div>\n<\/div>","protected":false},"excerpt":{"rendered":"Di\u015f Muayenesi Besinleri t\u00fcketme ve sindirim s\u00fcreci a\u011f\u0131zda ba\u015flad\u0131\u011f\u0131 i\u00e7in, t\u00fcketti\u011fimiz her \u015fey di\u015flerimizin aras\u0131nda besin kalmas\u0131na neden olur ve bu besinler zaman i\u00e7erisinde bakteri olu\u015fumuna neden olarak a\u011f\u0131z sa\u011fl\u0131\u011f\u0131n\u0131n bozulmas\u0131na neden olur. Bu y\u00fczden d\u00fczenli olarak di\u015f muayenesi gerekir. Di\u015f Muayenesi Nedir? Di\u015f hekimleri taraf\u0131ndan di\u015flerde ya da di\u015f etlerindeki problemlerin detayl\u0131 bir \u015fekilde kontrolden ge\u00e7irilmesi di\u015f muayenesi olarak adland\u0131r\u0131l\u0131r. Muayene s\u0131ras\u0131nda mevcut ya da olas\u0131 sorunlar tespit edilerek giderilmesi ad\u0131na gerekli tedavi s\u00fcreci planlan\u0131r. D\u00fczenli olarak di\u015f muayenesi yap\u0131lmas\u0131; tedavi s\u00fcrecinin erken planlanmas\u0131 ve ileride di\u015f kayb\u0131 ya da benzer problemlerin \u00f6n\u00fcne ge\u00e7ilmesi a\u00e7\u0131s\u0131ndan b\u00fcy\u00fck \u00f6nem ta\u015f\u0131r. Bir di\u015f muayenesi s\u0131ras\u0131nda di\u015f hekimi taraf\u0131ndan ger\u00e7ekle\u015ftirilebilecek i\u015flemler \u015funlard\u0131r: Muayene Di\u015fler ve di\u015fler etleri detayl\u0131 bir kontrolden ge\u00e7er ve var olan problemler tespit edilir. Detayl\u0131 bir di\u015f muayenesi ile var olan problemler b\u00fcy\u00fck \u00f6l\u00e7\u00fcde tespit edilebilir. R\u00f6ntgen G\u00fcn\u00fcm\u00fcz di\u015f muayenelerinde r\u00f6ntgen genellikle istenir. R\u00f6ntgen sayesinde \u00e7ene kemiklerinde hasar olup olmad\u0131\u011f\u0131, [...]","protected":false},"author":1,"featured_media":12999,"parent":0,"menu_order":0,"comment_status":"closed","ping_status":"closed","template":"page-templates\/full-width.php","meta":{"footnotes":""},"_links":{"self":[{"href":"https:\/\/www.beyazkose.com\/ar\/wp-json\/wp\/v2\/pages\/12826"}],"collection":[{"href":"https:\/\/www.beyazkose.com\/ar\/wp-json\/wp\/v2\/pages"}],"about":[{"href":"https:\/\/www.beyazkose.com\/ar\/wp-json\/wp\/v2\/types\/page"}],"author":[{"embeddable":true,"href":"https:\/\/www.beyazkose.com\/ar\/wp-json\/wp\/v2\/users\/1"}],"replies":[{"embeddable":true,"href":"https:\/\/www.beyazkose.com\/ar\/wp-json\/wp\/v2\/comments?post=12826"}],"version-history":[{"count":3,"href":"https:\/\/www.beyazkose.com\/ar\/wp-json\/wp\/v2\/pages\/12826\/revisions"}],"predecessor-version":[{"id":12830,"href":"https:\/\/www.beyazkose.com\/ar\/wp-json\/wp\/v2\/pages\/12826\/revisions\/12830"}],"wp:featuredmedia":[{"embeddable":true,"href":"https:\/\/www.beyazkose.com\/ar\/wp-json\/wp\/v2\/media\/12999"}],"wp:attachment":[{"href":"https:\/\/www.beyazkose.com\/ar\/wp-json\/wp\/v2\/media?parent=12826"}],"curies":[{"name":"wp","href":"https:\/\/api.w.org\/{rel}","templated":true}]}}