{"id":13053,"date":"2023-05-02T19:40:42","date_gmt":"2023-05-02T19:40:42","guid":{"rendered":"https:\/\/www.beyazkose.com\/?page_id=13053"},"modified":"2023-08-29T16:16:36","modified_gmt":"2023-08-29T16:16:36","slug":"ekibimiz","status":"publish","type":"page","link":"https:\/\/www.beyazkose.com\/ar\/%d9%81%d8%b1%d9%8a%d9%82%d9%86%d8%a7\/","title":{"rendered":"\u0641\u0631\u064a\u0642\u0646\u0627"},"content":{"rendered":"<div class=\"wpb-content-wrapper\"><section data-vc-full-width=\"true\" data-vc-full-width-init=\"false\" class=\"vc_section\"><div class=\"vc_row wpb_row vc_row-fluid\"><div class=\"wpb_column vc_column_container vc_col-sm-12\"><div class=\"vc_column-inner vc_custom_1682889399755\"><div class=\"wpb_wrapper\"><div class=\"team-sc  row centered\"  id=\"like_sc_team_slider_720274524\"><div class=\"col-lg-3 col-md-6 col-sm-6\t col-ms-12\"><div class=\"team-item item item-type-static\"><a href=\"https:\/\/www.beyazkose.com\/ar\/team\/hamza-guvener\/\" class=\"image\"><img loading=\"lazy\" decoding=\"async\" width=\"568\" height=\"800\" src=\"https:\/\/www.beyazkose.com\/wp-content\/uploads\/2017\/09\/hamza-guvener-dis-hekimi.jpg\" class=\"attachment-full size-full\" alt=\"\" srcset=\"https:\/\/www.beyazkose.com\/wp-content\/uploads\/2017\/09\/hamza-guvener-dis-hekimi.jpg 568w, https:\/\/www.beyazkose.com\/wp-content\/uploads\/2017\/09\/hamza-guvener-dis-hekimi-213x300.jpg 213w, https:\/\/www.beyazkose.com\/wp-content\/uploads\/2017\/09\/hamza-guvener-dis-hekimi-391x550.jpg 391w\" sizes=\"(max-width: 568px) 100vw, 568px\" \/><\/a><div class=\"descr\"><a href=\"https:\/\/www.beyazkose.com\/ar\/team\/hamza-guvener\/\"><h5 class=\"header\">Dr. Hamza G\u00fcvener<\/h5><\/a><p class=\"subheader\">Doktor1<\/p><\/div><\/div><\/div><\/div><\/div><\/div><\/div><\/div><\/section><div class=\"vc_row-full-width vc_clearfix\"><\/div><div class=\"vc_row wpb_row vc_row-fluid\"><div class=\"wpb_column vc_column_container vc_col-sm-12\"><div class=\"vc_column-inner\"><div class=\"wpb_wrapper\"><div class=\"team-sc  row centered\"  id=\"like_sc_team_slider_1013161061\"><div class=\"col-lg-3 col-md-6 col-sm-6\t col-ms-12\"><div class=\"team-item item item-type-static\"><a href=\"https:\/\/www.beyazkose.com\/ar\/team\/feyza-nur-yildiz\/\" class=\"image\"><img loading=\"lazy\" decoding=\"async\" width=\"568\" height=\"800\" src=\"https:\/\/www.beyazkose.com\/wp-content\/uploads\/2023\/05\/feyzanur-yildiz-asistan.jpg\" class=\"attachment-full size-full\" alt=\"\" srcset=\"https:\/\/www.beyazkose.com\/wp-content\/uploads\/2023\/05\/feyzanur-yildiz-asistan.jpg 568w, https:\/\/www.beyazkose.com\/wp-content\/uploads\/2023\/05\/feyzanur-yildiz-asistan-213x300.jpg 213w, https:\/\/www.beyazkose.com\/wp-content\/uploads\/2023\/05\/feyzanur-yildiz-asistan-9x12.jpg 9w, https:\/\/www.beyazkose.com\/wp-content\/uploads\/2023\/05\/feyzanur-yildiz-asistan-391x550.jpg 391w\" sizes=\"(max-width: 568px) 100vw, 568px\" \/><\/a><div class=\"descr\"><a href=\"https:\/\/www.beyazkose.com\/ar\/team\/feyza-nur-yildiz\/\"><h5 class=\"header\">Dr. Feyza Nur Y\u0131ld\u0131z<\/h5><\/a><p class=\"subheader\">Doktor2<\/p><\/div><\/div><\/div><div class=\"col-lg-3 col-md-6 col-sm-6\t col-ms-12\"><div class=\"team-item item item-type-static\"><a href=\"https:\/\/www.beyazkose.com\/ar\/team\/adil-yavuz\/\" class=\"image\"><img loading=\"lazy\" decoding=\"async\" width=\"568\" height=\"800\" src=\"https:\/\/www.beyazkose.com\/wp-content\/uploads\/2017\/09\/adil-yavuz-dis-hekimi.jpg\" class=\"attachment-full size-full\" alt=\"\" srcset=\"https:\/\/www.beyazkose.com\/wp-content\/uploads\/2017\/09\/adil-yavuz-dis-hekimi.jpg 568w, https:\/\/www.beyazkose.com\/wp-content\/uploads\/2017\/09\/adil-yavuz-dis-hekimi-213x300.jpg 213w, https:\/\/www.beyazkose.com\/wp-content\/uploads\/2017\/09\/adil-yavuz-dis-hekimi-391x550.jpg 391w\" sizes=\"(max-width: 568px) 100vw, 568px\" \/><\/a><div class=\"descr\"><a href=\"https:\/\/www.beyazkose.com\/ar\/team\/adil-yavuz\/\"><h5 class=\"header\">Dr. Adil Yavuz<\/h5><\/a><p class=\"subheader\">Doktor2<\/p><\/div><\/div><\/div><div class=\"col-lg-3 col-md-6 col-sm-6\t col-ms-12\"><div class=\"team-item item item-type-static\"><a href=\"https:\/\/www.beyazkose.com\/ar\/team\/mete-yildir\/\" class=\"image\"><img loading=\"lazy\" decoding=\"async\" width=\"568\" height=\"800\" src=\"https:\/\/www.beyazkose.com\/wp-content\/uploads\/2017\/09\/mete-yildir-dis-hekimi.jpg\" class=\"attachment-full size-full\" alt=\"\" srcset=\"https:\/\/www.beyazkose.com\/wp-content\/uploads\/2017\/09\/mete-yildir-dis-hekimi.jpg 568w, https:\/\/www.beyazkose.com\/wp-content\/uploads\/2017\/09\/mete-yildir-dis-hekimi-213x300.jpg 213w, https:\/\/www.beyazkose.com\/wp-content\/uploads\/2017\/09\/mete-yildir-dis-hekimi-391x550.jpg 391w\" sizes=\"(max-width: 568px) 100vw, 568px\" \/><\/a><div class=\"descr\"><a href=\"https:\/\/www.beyazkose.com\/ar\/team\/mete-yildir\/\"><h5 class=\"header\">Dr. Mete Y\u0131ld\u0131r<\/h5><\/a><p class=\"subheader\">Doktor2<\/p><\/div><\/div><\/div><div class=\"col-lg-3 col-md-6 col-sm-6\t col-ms-12\"><div class=\"team-item item item-type-static\"><a href=\"https:\/\/www.beyazkose.com\/ar\/team\/nedim-gursel\/\" class=\"image\"><img loading=\"lazy\" decoding=\"async\" width=\"568\" height=\"800\" src=\"https:\/\/www.beyazkose.com\/wp-content\/uploads\/2017\/09\/nedim-gursel-dis-hekimi.jpg\" class=\"attachment-full size-full\" alt=\"\" srcset=\"https:\/\/www.beyazkose.com\/wp-content\/uploads\/2017\/09\/nedim-gursel-dis-hekimi.jpg 568w, https:\/\/www.beyazkose.com\/wp-content\/uploads\/2017\/09\/nedim-gursel-dis-hekimi-213x300.jpg 213w, https:\/\/www.beyazkose.com\/wp-content\/uploads\/2017\/09\/nedim-gursel-dis-hekimi-391x550.jpg 391w\" sizes=\"(max-width: 568px) 100vw, 568px\" \/><\/a><div class=\"descr\"><a href=\"https:\/\/www.beyazkose.com\/ar\/team\/nedim-gursel\/\"><h5 class=\"header\">Dr. Nedim G\u00fcrsel<\/h5><\/a><p class=\"subheader\">Doktor2<\/p><\/div><\/div><\/div><\/div><\/div><\/div><\/div><\/div><div class=\"vc_row wpb_row vc_row-fluid\"><div class=\"wpb_column vc_column_container vc_col-sm-12\"><div class=\"vc_column-inner\"><div class=\"wpb_wrapper\"><\/div><\/div><\/div><\/div><div class=\"vc_row wpb_row vc_row-fluid\"><div class=\"wpb_column vc_column_container vc_col-sm-12\"><div class=\"vc_column-inner\"><div class=\"wpb_wrapper\"><div class=\"team-sc  row centered\"  id=\"like_sc_team_slider_1817177386\"><div class=\"col-lg-3 col-md-6 col-sm-6\t col-ms-12\"><div class=\"team-item item item-type-static\"><a href=\"https:\/\/www.beyazkose.com\/ar\/team\/melike-unal\/\" class=\"image\"><img loading=\"lazy\" decoding=\"async\" width=\"568\" height=\"800\" src=\"https:\/\/www.beyazkose.com\/wp-content\/uploads\/2023\/06\/melike-unal-asistan.jpg\" class=\"attachment-full size-full\" alt=\"\" srcset=\"https:\/\/www.beyazkose.com\/wp-content\/uploads\/2023\/06\/melike-unal-asistan.jpg 568w, https:\/\/www.beyazkose.com\/wp-content\/uploads\/2023\/06\/melike-unal-asistan-213x300.jpg 213w, https:\/\/www.beyazkose.com\/wp-content\/uploads\/2023\/06\/melike-unal-asistan-9x12.jpg 9w, https:\/\/www.beyazkose.com\/wp-content\/uploads\/2023\/06\/melike-unal-asistan-391x550.jpg 391w\" sizes=\"(max-width: 568px) 100vw, 568px\" \/><\/a><div class=\"descr\"><a href=\"https:\/\/www.beyazkose.com\/ar\/team\/melike-unal\/\"><h5 class=\"header\">Melike \u00dcnal<\/h5><\/a><p class=\"subheader\">\u0645\u0633\u0627\u0639\u062f<\/p><\/div><\/div><\/div><div class=\"col-lg-3 col-md-6 col-sm-6\t col-ms-12\"><div class=\"team-item item item-type-static\"><a href=\"https:\/\/www.beyazkose.com\/ar\/team\/rabia-bas\/\" class=\"image\"><img loading=\"lazy\" decoding=\"async\" width=\"568\" height=\"800\" src=\"https:\/\/www.beyazkose.com\/wp-content\/uploads\/2023\/05\/rabia-bas-asistan.jpg\" class=\"attachment-full size-full\" alt=\"\" srcset=\"https:\/\/www.beyazkose.com\/wp-content\/uploads\/2023\/05\/rabia-bas-asistan.jpg 568w, https:\/\/www.beyazkose.com\/wp-content\/uploads\/2023\/05\/rabia-bas-asistan-213x300.jpg 213w, https:\/\/www.beyazkose.com\/wp-content\/uploads\/2023\/05\/rabia-bas-asistan-9x12.jpg 9w, https:\/\/www.beyazkose.com\/wp-content\/uploads\/2023\/05\/rabia-bas-asistan-391x550.jpg 391w\" sizes=\"(max-width: 568px) 100vw, 568px\" \/><\/a><div class=\"descr\"><a href=\"https:\/\/www.beyazkose.com\/ar\/team\/rabia-bas\/\"><h5 class=\"header\">Rabia Ba\u015f<\/h5><\/a><p class=\"subheader\">\u0645\u0633\u0627\u0639\u062f<\/p><\/div><\/div><\/div><div class=\"col-lg-3 col-md-6 col-sm-6\t col-ms-12\"><div class=\"team-item item item-type-static\"><a href=\"https:\/\/www.beyazkose.com\/ar\/team\/feyza-nur-balta\/\" class=\"image\"><img loading=\"lazy\" decoding=\"async\" width=\"568\" height=\"800\" src=\"https:\/\/www.beyazkose.com\/wp-content\/uploads\/2023\/05\/feyza-Nur-balta-asistan.jpg\" class=\"attachment-full size-full\" alt=\"\" srcset=\"https:\/\/www.beyazkose.com\/wp-content\/uploads\/2023\/05\/feyza-Nur-balta-asistan.jpg 568w, https:\/\/www.beyazkose.com\/wp-content\/uploads\/2023\/05\/feyza-Nur-balta-asistan-213x300.jpg 213w, https:\/\/www.beyazkose.com\/wp-content\/uploads\/2023\/05\/feyza-Nur-balta-asistan-9x12.jpg 9w, https:\/\/www.beyazkose.com\/wp-content\/uploads\/2023\/05\/feyza-Nur-balta-asistan-391x550.jpg 391w\" sizes=\"(max-width: 568px) 100vw, 568px\" \/><\/a><div class=\"descr\"><a href=\"https:\/\/www.beyazkose.com\/ar\/team\/feyza-nur-balta\/\"><h5 class=\"header\">Feyza Nur Balta<\/h5><\/a><p class=\"subheader\">\u0645\u0633\u0627\u0639\u062f<\/p><\/div><\/div><\/div><div class=\"col-lg-3 col-md-6 col-sm-6\t col-ms-12\"><div class=\"team-item item item-type-static\"><a href=\"https:\/\/www.beyazkose.com\/ar\/team\/meltem-keskin\/\" class=\"image\"><img loading=\"lazy\" decoding=\"async\" width=\"568\" height=\"800\" src=\"https:\/\/www.beyazkose.com\/wp-content\/uploads\/2023\/05\/meltem-keskin-asistan.jpg\" class=\"attachment-full size-full\" alt=\"\" srcset=\"https:\/\/www.beyazkose.com\/wp-content\/uploads\/2023\/05\/meltem-keskin-asistan.jpg 568w, https:\/\/www.beyazkose.com\/wp-content\/uploads\/2023\/05\/meltem-keskin-asistan-213x300.jpg 213w, https:\/\/www.beyazkose.com\/wp-content\/uploads\/2023\/05\/meltem-keskin-asistan-9x12.jpg 9w, https:\/\/www.beyazkose.com\/wp-content\/uploads\/2023\/05\/meltem-keskin-asistan-391x550.jpg 391w\" sizes=\"(max-width: 568px) 100vw, 568px\" \/><\/a><div class=\"descr\"><a href=\"https:\/\/www.beyazkose.com\/ar\/team\/meltem-keskin\/\"><h5 class=\"header\">Meltem Keskin<\/h5><\/a><p class=\"subheader\">\u0645\u0633\u0627\u0639\u062f<\/p><\/div><\/div><\/div><div class=\"col-lg-3 col-md-6 col-sm-6\t col-ms-12\"><div class=\"team-item item item-type-static\"><a href=\"https:\/\/www.beyazkose.com\/ar\/team\/hatice-ozcan\/\" class=\"image\"><img loading=\"lazy\" decoding=\"async\" width=\"568\" height=\"800\" src=\"https:\/\/www.beyazkose.com\/wp-content\/uploads\/2017\/09\/hatice-ozcan-asisstan.jpg\" class=\"attachment-full size-full\" alt=\"\" srcset=\"https:\/\/www.beyazkose.com\/wp-content\/uploads\/2017\/09\/hatice-ozcan-asisstan.jpg 568w, https:\/\/www.beyazkose.com\/wp-content\/uploads\/2017\/09\/hatice-ozcan-asisstan-213x300.jpg 213w, https:\/\/www.beyazkose.com\/wp-content\/uploads\/2017\/09\/hatice-ozcan-asisstan-9x12.jpg 9w, https:\/\/www.beyazkose.com\/wp-content\/uploads\/2017\/09\/hatice-ozcan-asisstan-391x550.jpg 391w\" sizes=\"(max-width: 568px) 100vw, 568px\" \/><\/a><div class=\"descr\"><a href=\"https:\/\/www.beyazkose.com\/ar\/team\/hatice-ozcan\/\"><h5 class=\"header\">Hatice \u00d6zcan<\/h5><\/a><p class=\"subheader\">\u0645\u0633\u0627\u0639\u062f<\/p><\/div><\/div><\/div><div class=\"col-lg-3 col-md-6 col-sm-6\t col-ms-12\"><div class=\"team-item item item-type-static\"><a href=\"https:\/\/www.beyazkose.com\/ar\/team\/semina-guzel\/\" class=\"image\"><img loading=\"lazy\" decoding=\"async\" width=\"568\" height=\"800\" src=\"https:\/\/www.beyazkose.com\/wp-content\/uploads\/2016\/10\/semina-guzel-asistan.jpg\" class=\"attachment-full size-full\" alt=\"\" srcset=\"https:\/\/www.beyazkose.com\/wp-content\/uploads\/2016\/10\/semina-guzel-asistan.jpg 568w, https:\/\/www.beyazkose.com\/wp-content\/uploads\/2016\/10\/semina-guzel-asistan-213x300.jpg 213w, https:\/\/www.beyazkose.com\/wp-content\/uploads\/2016\/10\/semina-guzel-asistan-9x12.jpg 9w, https:\/\/www.beyazkose.com\/wp-content\/uploads\/2016\/10\/semina-guzel-asistan-391x550.jpg 391w\" sizes=\"(max-width: 568px) 100vw, 568px\" \/><\/a><div class=\"descr\"><a href=\"https:\/\/www.beyazkose.com\/ar\/team\/semina-guzel\/\"><h5 class=\"header\">Semina G\u00fczel<\/h5><\/a><p class=\"subheader\">\u0645\u0633\u0627\u0639\u062f<\/p><\/div><\/div><\/div><\/div><\/div><\/div><\/div><\/div><div class=\"vc_row wpb_row vc_row-fluid\"><div class=\"wpb_column vc_column_container vc_col-sm-12\"><div class=\"vc_column-inner\"><div class=\"wpb_wrapper\"><div class=\"team-sc  row centered\"  id=\"like_sc_team_slider_2113331384\"><div class=\"col-lg-3 col-md-6 col-sm-6\t col-ms-12\"><div class=\"team-item item item-type-static\"><a href=\"https:\/\/www.beyazkose.com\/ar\/team\/huseyin-guvener\/\" class=\"image\"><img loading=\"lazy\" decoding=\"async\" width=\"568\" height=\"800\" src=\"https:\/\/www.beyazkose.com\/wp-content\/uploads\/2023\/05\/huseyin-guvener-tibbi-sekreter.jpg\" class=\"attachment-full size-full\" alt=\"\" srcset=\"https:\/\/www.beyazkose.com\/wp-content\/uploads\/2023\/05\/huseyin-guvener-tibbi-sekreter.jpg 568w, https:\/\/www.beyazkose.com\/wp-content\/uploads\/2023\/05\/huseyin-guvener-tibbi-sekreter-213x300.jpg 213w, https:\/\/www.beyazkose.com\/wp-content\/uploads\/2023\/05\/huseyin-guvener-tibbi-sekreter-9x12.jpg 9w, https:\/\/www.beyazkose.com\/wp-content\/uploads\/2023\/05\/huseyin-guvener-tibbi-sekreter-391x550.jpg 391w\" sizes=\"(max-width: 568px) 100vw, 568px\" \/><\/a><div class=\"descr\"><a href=\"https:\/\/www.beyazkose.com\/ar\/team\/huseyin-guvener\/\"><h5 class=\"header\">H\u00fcseyin G\u00fcvener<\/h5><\/a><p class=\"subheader\">\u0633\u0643\u0631\u062a\u064a\u0631\u0629 \u0637\u0628\u064a\u0629<\/p><\/div><\/div><\/div><\/div><\/div><\/div><\/div><\/div>\n<\/div>","protected":false},"excerpt":{"rendered":"H\u00fcseyin G\u00fcvener \u0130stanbul Sa\u011fl\u0131k Bilimleri T\u0131bbi G\u00f6r\u00fcnt\u00fcleme mezunudur. Kurum i\u00e7indeki Di\u015f hekimi hocalar\u0131n\u0131n y\u00f6nlendirmesi ile mesleki geli\u015fimini s\u00fcrd\u00fcrebilir k\u0131lm\u0131\u015ft\u0131r. T\u0131bbi Sekreter ve Dan\u0131\u015fman olarak g\u00f6revine devam etmektedir. E\u011e\u0130T\u0130M N\u00fczhet Usta Bilgincan Ortaokulu Bah\u00e7e\u015fehir Atat\u00fcrk Anadolu Lisesi \u0130stanbul Sa\u011fl\u0131k Bilimleri \u00dcniversitesi T\u0131bbi G\u00f6r\u00fcnt\u00fcleme DENEY\u0130MLER Ba\u011fc\u0131lar A\u011f\u0131z ve Di\u015f Sa\u011fl\u0131\u011f\u0131 radyoloji teknikerli\u011fi Bak\u0131rk\u00f6y Sadi Konuk Devlet Hastanesi radyoloji teknikerli\u011fi SERT\u0130F\u0130KALAR, SEM\u0130NERLER, BELGELER \u0130\u015f sa\u011fl\u0131\u011f\u0131 ve G\u00fcvenli\u011fi\u00a0Belgesi","protected":false},"author":1,"featured_media":0,"parent":0,"menu_order":0,"comment_status":"closed","ping_status":"closed","template":"page-templates\/full-width.php","meta":{"footnotes":""},"_links":{"self":[{"href":"https:\/\/www.beyazkose.com\/ar\/wp-json\/wp\/v2\/pages\/13053"}],"collection":[{"href":"https:\/\/www.beyazkose.com\/ar\/wp-json\/wp\/v2\/pages"}],"about":[{"href":"https:\/\/www.beyazkose.com\/ar\/wp-json\/wp\/v2\/types\/page"}],"author":[{"embeddable":true,"href":"https:\/\/www.beyazkose.com\/ar\/wp-json\/wp\/v2\/users\/1"}],"replies":[{"embeddable":true,"href":"https:\/\/www.beyazkose.com\/ar\/wp-json\/wp\/v2\/comments?post=13053"}],"version-history":[{"count":14,"href":"https:\/\/www.beyazkose.com\/ar\/wp-json\/wp\/v2\/pages\/13053\/revisions"}],"predecessor-version":[{"id":13148,"href":"https:\/\/www.beyazkose.com\/ar\/wp-json\/wp\/v2\/pages\/13053\/revisions\/13148"}],"wp:attachment":[{"href":"https:\/\/www.beyazkose.com\/ar\/wp-json\/wp\/v2\/media?parent=13053"}],"curies":[{"name":"wp","href":"https:\/\/api.w.org\/{rel}","templated":true}]}}