{"id":12693,"date":"2023-04-26T19:02:37","date_gmt":"2023-04-26T19:02:37","guid":{"rendered":"https:\/\/www.beyazkose.com\/?page_id=12693"},"modified":"2023-05-01T07:29:36","modified_gmt":"2023-05-01T07:29:36","slug":"dis-dolgusu","status":"publish","type":"page","link":"https:\/\/www.beyazkose.com\/en\/tooth-filling\/","title":{"rendered":"Tooth Filling"},"content":{"rendered":"<div class=\"wpb-content-wrapper\"><div class=\"vc_row wpb_row vc_row-fluid\"><div class=\"wpb_column vc_column_container vc_col-sm-8\"><div class=\"vc_column-inner\"><div class=\"wpb_wrapper\">\n\t<div class=\"wpb_text_column wpb_content_element\" >\n\t\t<div class=\"wpb_wrapper\">\n\t\t\t<p>Dental fillings are very important to prevent the loss of teeth in the mouth and to ensure the continuity of functions such as chewing, biting and speaking.<\/p>\n<p>The type of fillings applied in the treatment of caries, fractures or cracks varies according to the person's request and allergenicity. Although there may be some regional sensitivity at the end of the procedure, with an effective filling treatment, intraoral problems are eliminated, and the integrity of the mouth is preserved visually.<\/p>\n<h2>Why is Tooth Filling Done?<\/h2>\n<p>The main purpose of dental filling is to restore decayed, broken and cracked teeth in the mouth. Dental fillings applied using various filling materials prevent the deformed tooth tissue from going deeper and causing tooth loss. After dental filling treatment, which is performed by filling the decay and infection in the area after cleaning, the tooth is restored to its former appearance and function. Thus, eating, chewing and speaking problems are eliminated.<\/p>\n<h2>How is Tooth Filling Done?<\/h2>\n<p>In dental filling intervention, the application area must first be thoroughly cleaned. For this purpose, the dentist carves out the tooth decay and cleans the tooth of decay and other residues. Since the patient is given local anesthesia during the procedure, no pain or soreness is felt.<\/p>\n<p>After the cleaning process, the cavity formed in the tooth must be filled with filling material and this filling material is determined according to the patient's preference. The cavity in the mouth is filled using the selected filling material<\/p>\n<p>During this process, the patient is asked to clench his\/her teeth and test the height differences in order to place the filling in the correct position. When necessary, the filling tip is filed down to ensure harmony with intraoral comfort.<\/p>\n<p>After the procedure, eating activities should be restricted for the period recommended by the dentist to alleviate regional sensitivity. It is also recommended not to consume extremely cold and hot foods and drinks, especially in the first few days. The recommendations to be applied at this stage are determined according to the preferred filling and the level of sensitivity in the patient.<\/p>\n<h2>Types of Dental Fillings<\/h2>\n<p>Dental fillings are basically divided into 3 types. It is a great advantage to have different material options, especially for those who are allergic to various substances. Filling types are as follows:<\/p>\n<h2>Amalgam Filling<\/h2>\n<p>Amalgam filling, which is a mixture of mercury, tin, copper and silver, is usually used in the back teeth because of its gray metallic color. Highly resistant to harsh forces such as chewing and pressure, amalgam offers many years of use and is a cost-effective filling type. It is not preferred by people with aesthetic concerns, and is also not recommended for those with mercury allergies.<\/p>\n<h2>Composite Filling<\/h2>\n<p>Composite filling, also known as white filling, is obtained from a plastic mixture of silicone particles. Since it is white in color, it provides visual protection of intraoral harmony and is easily applied to the front and back teeth. Composite fillings, which are more costly than amalgam fillings, are also among the high-strength filling types.<\/p>\n<h2>Porcelain Filling<\/h2>\n<p>Porcelain filling, which has the most aesthetic appearance among all filling types, has a color very close to the natural tooth color. In the porcelain filling process, which is usually completed in 2 sessions, the patient's intraoral measurement is first taken and a personalized porcelain filling is expected to be made in the laboratory environment. At the end of the first session, the patient is fitted with a temporary filling, and in the next session, the prepared porcelain filling is placed in the intraoral position.<\/p>\n\n\t\t<\/div>\n\t<\/div>\n<\/div><\/div><\/div><div class=\"sticky_form_content lead-form wpb_column vc_column_container vc_col-sm-4\" id=\"lead-form\"><div class=\"vc_column-inner\"><div class=\"wpb_wrapper\">\n<div class=\"wpcf7 no-js\" id=\"wpcf7-f1555-o1\" lang=\"en-US\" dir=\"ltr\" data-wpcf7-id=\"1555\">\n<div class=\"screen-reader-response\"><p role=\"status\" aria-live=\"polite\" aria-atomic=\"true\"><\/p> <ul><\/ul><\/div>\n<form action=\"\/en\/wp-json\/wp\/v2\/pages\/12693#wpcf7-f1555-o1\" method=\"post\" class=\"wpcf7-form init\" aria-label=\"Contact form\" novalidate=\"novalidate\" data-status=\"init\" data-trp-original-action=\"\/en\/wp-json\/wp\/v2\/pages\/12693#wpcf7-f1555-o1\">\n<fieldset class=\"hidden-fields-container\"><input type=\"hidden\" name=\"_wpcf7\" value=\"1555\" \/><input type=\"hidden\" name=\"_wpcf7_version\" value=\"6.1.5\" \/><input type=\"hidden\" name=\"_wpcf7_locale\" value=\"en_US\" \/><input type=\"hidden\" name=\"_wpcf7_unit_tag\" value=\"wpcf7-f1555-o1\" \/><input type=\"hidden\" name=\"_wpcf7_container_post\" value=\"0\" \/><input type=\"hidden\" name=\"_wpcf7_posted_data_hash\" value=\"\" \/>\n<\/fieldset>\n<div class=\"row\">\n\t<div class=\"col-lg-12\">\n\t\t<p><span class=\"wpcf7-form-control-wrap\" data-name=\"field-header\"><input size=\"40\" maxlength=\"400\" class=\"wpcf7-form-control wpcf7-text wpcf7-validates-as-required\" aria-required=\"true\" aria-invalid=\"false\" placeholder=\"Your Name and Surname\" value=\"\" type=\"text\" name=\"field-header\" \/><\/span>\n\t\t<\/p>\n\t<\/div>\n\t<div class=\"col-lg-12\">\n\t\t<p><span class=\"wpcf7-form-control-wrap\" data-name=\"phonetext-206\"><input size=\"40\" class=\"wpcf7-form-control wpcf7-phonetext wpcf7-validates-as-required wpcf7-text wpcf7-validates-as-phonetext\" aria-required=\"true\" aria-invalid=\"false\" placeholder=\"\" value=\"\" type=\"text\" name=\"phonetext-206\" \/><input type=\"hidden\" name=\"phonetext-206-country-code\" class=\"wpcf7-phonetext-country-code\" \/><\/span>\n\t\t<\/p>\n\t<\/div>\n\t<div class=\"col-lg-12\">\n\t\t<p><span class=\"wpcf7-form-control-wrap\" data-name=\"field-header3\"><input size=\"40\" maxlength=\"400\" class=\"wpcf7-form-control wpcf7-text wpcf7-validates-as-required\" aria-required=\"true\" aria-invalid=\"false\" placeholder=\"E-Mail\" value=\"\" type=\"text\" name=\"field-header3\" \/><\/span>\n\t\t<\/p>\n\t<\/div>\n\t<div class=\"col-lg-12\">\n\t\t<p><span class=\"wpcf7-form-control-wrap\" data-name=\"field-header4\"><textarea cols=\"40\" rows=\"10\" maxlength=\"2000\" class=\"wpcf7-form-control wpcf7-textarea\" aria-invalid=\"false\" placeholder=\"Your message\" name=\"field-header4\"><\/textarea><\/span>\n\t\t<\/p>\n\t<\/div>\n\t<div class=\"col-lg-12\">\n\t\t<p><input class=\"wpcf7-form-control wpcf7-submit has-spinner\" type=\"submit\" value=\"Send\" \/>\n\t\t<\/p>\n\t<\/div>\n<\/div><div class=\"wpcf7-response-output\" aria-hidden=\"true\"><\/div>\n<input type=\"hidden\" name=\"trp-form-language\" value=\"en\"\/><\/form>\n<\/div>\n<\/div><\/div><\/div><\/div>\n<\/div>","protected":false},"excerpt":{"rendered":"A\u011f\u0131z i\u00e7indeki di\u015flerin kayb\u0131n\u0131 \u00f6nlemek ve \u00e7i\u011fneme, \u0131s\u0131rma, konu\u015fma gibi fonksiyonlar\u0131n devaml\u0131l\u0131\u011f\u0131n\u0131 sa\u011flamak ad\u0131na di\u015f dolgular\u0131n\u0131n \u00f6nemi olduk\u00e7a fazla. \u00c7\u00fcr\u00fck, k\u0131r\u0131k veya \u00e7atlak tedavisinde uygulanan dolgular\u0131n \u00e7e\u015fidi ki\u015finin iste\u011fine ve alerjenlik durumuna g\u00f6re de\u011fi\u015fir. \u0130\u015flem sonunda bir miktar b\u00f6lgesel hassasiyet olsa da etkili bir dolgu tedavisi ile a\u011f\u0131z i\u00e7i sorunlar\u0131n ortadan kald\u0131r\u0131lmas\u0131 sa\u011flan\u0131r, ayr\u0131ca g\u00f6rsel olarak a\u011f\u0131z i\u00e7i b\u00fct\u00fcnl\u00fck korunmu\u015f olur. Di\u015f Dolgusu Neden Yap\u0131l\u0131r? Di\u015f dolgusunun en temel amac\u0131 a\u011f\u0131z i\u00e7indeki \u00e7\u00fcr\u00fck, k\u0131r\u0131k ve \u00e7atlak di\u015flerin restore edilmesidir. \u00c7e\u015fitli dolgu malzemeleri kullan\u0131larak uygulanan di\u015f dolgular\u0131, deformasyona u\u011frayan di\u015f dokusunun daha derinlere inerek di\u015f kayb\u0131na neden olmas\u0131n\u0131 engeller. B\u00f6lgedeki \u00e7\u00fcr\u00fck ve enfeksiyonun temizlenmesinden sonra doldurulmas\u0131 \u015feklinde yap\u0131lan di\u015f dolgusu tedavisi sonras\u0131, di\u015fe eski g\u00f6r\u00fcn\u00fcm\u00fc ve i\u015flevi yeniden kazand\u0131r\u0131l\u0131r. B\u00f6ylece yeme, \u00e7i\u011fneme ve konu\u015fma problemleri giderilir. Di\u015f Dolgusu Nas\u0131l Yap\u0131l\u0131r? Di\u015f dolgusu m\u00fcdahalesinde \u00f6ncelikle uygulama alan\u0131n\u0131n iyice temizlenmesi gerekir. Bunun i\u00e7in di\u015f hekimi di\u015f \u00e7\u00fcr\u00fc\u011f\u00fcn\u00fc oyarak temizler ve di\u015fi \u00e7\u00fcr\u00fck ile [...]","protected":false},"author":1,"featured_media":12996,"parent":0,"menu_order":0,"comment_status":"closed","ping_status":"closed","template":"page-templates\/full-width.php","meta":{"footnotes":""},"_links":{"self":[{"href":"https:\/\/www.beyazkose.com\/en\/wp-json\/wp\/v2\/pages\/12693"}],"collection":[{"href":"https:\/\/www.beyazkose.com\/en\/wp-json\/wp\/v2\/pages"}],"about":[{"href":"https:\/\/www.beyazkose.com\/en\/wp-json\/wp\/v2\/types\/page"}],"author":[{"embeddable":true,"href":"https:\/\/www.beyazkose.com\/en\/wp-json\/wp\/v2\/users\/1"}],"replies":[{"embeddable":true,"href":"https:\/\/www.beyazkose.com\/en\/wp-json\/wp\/v2\/comments?post=12693"}],"version-history":[{"count":3,"href":"https:\/\/www.beyazkose.com\/en\/wp-json\/wp\/v2\/pages\/12693\/revisions"}],"predecessor-version":[{"id":12831,"href":"https:\/\/www.beyazkose.com\/en\/wp-json\/wp\/v2\/pages\/12693\/revisions\/12831"}],"wp:featuredmedia":[{"embeddable":true,"href":"https:\/\/www.beyazkose.com\/en\/wp-json\/wp\/v2\/media\/12996"}],"wp:attachment":[{"href":"https:\/\/www.beyazkose.com\/en\/wp-json\/wp\/v2\/media?parent=12693"}],"curies":[{"name":"wp","href":"https:\/\/api.w.org\/{rel}","templated":true}]}}