{"id":12699,"date":"2023-04-26T19:04:03","date_gmt":"2023-04-26T19:04:03","guid":{"rendered":"https:\/\/www.beyazkose.com\/?page_id=12699"},"modified":"2023-05-01T07:31:54","modified_gmt":"2023-05-01T07:31:54","slug":"dis-teli-tedavisi","status":"publish","type":"page","link":"https:\/\/www.beyazkose.com\/en\/braces-treatment\/","title":{"rendered":"Braces Treatment"},"content":{"rendered":"<div class=\"wpb-content-wrapper\"><div class=\"vc_row wpb_row vc_row-fluid\"><div class=\"wpb_column vc_column_container vc_col-sm-8\"><div class=\"vc_column-inner\"><div class=\"wpb_wrapper\">\n\t<div class=\"wpb_text_column wpb_content_element\" >\n\t\t<div class=\"wpb_wrapper\">\n\t\t\t<p>Braces treatment is a branch of orthodontic dentistry and is used to correct oral facial anomalies caused by teeth and surrounding tissues. With braces treatment, unhealthy dental problems are eliminated and aesthetic incompatibilities are treated.<\/p>\n<p>Braces treatment, which is applied especially at a young age, is a method that is frequently preferred by adults today and has modern options that do not cause cosmetic discomfort during use.<\/p>\n<h2>When to Start Braces Treatment?<\/h2>\n<p>Since braces treatment takes 1-3 years on average, it is a treatment that is recommended to be started at a young age, but there is no age limit for this method. In general, the age range of 11-13 years, when the deciduous teeth have completed falling and permanent teeth have emerged, is ideal for treatment. However, orthodontic treatment is also possible in adults.<\/p>\n<p>Individuals of all ages who want to have a beautiful smile and aesthetic teeth can start braces treatment. Before braces treatment, procedures such as filling, root canal treatment and tooth extraction must be completed.<\/p>\n<p>The type and duration of treatment varies according to the patient. Because additional arrangements or interventions can be applied when necessary.<\/p>\n<h2>How is Braces Treatment Performed?<\/h2>\n<p>Braces treatment can be preferred by every individual with crooked, crooked or curved teeth. Although the presence of visible braces in the mouth during the treatment causes aesthetic concerns, a very pleasant mouth and tooth structure is obtained upon completion of the process. The aim of braces treatment is to eliminate intraoral problems, to ensure upper and lower jaw harmony, and to give the person an aesthetic and healthy smile.<\/p>\n<p>Before the treatment, an examination appointment is made and a plan is made on how to solve the patient's problems. At this stage, one of the materials to be used in braces treatment such as metal brackets, ceramic brackets and invisible braces is decided. During the application, brackets with wires are attached to the teeth. The wires on the brackets apply a certain amount of force to the teeth, which allows the tooth positions to move to the desired position over time.<\/p>\n<p>Braces treatment focuses on moving the teeth within the bone and this movement takes several years to complete. Therefore, in some cases, treatment may proceed in stages<\/p>\n<p>After a while, the person can be fitted with simple elastics that can be changed every day. Especially adult patients who are visually concerned about the appearance of braces can receive a more comfortable treatment with invisible braces. Modern treatment methods allow braces treatment to be scheduled less frequently and for shorter appointments.<\/p>\n<h2>Things to Consider in Braces Treatment<\/h2>\n<p>Orthodontic treatment is a long and patient treatment. During this process, it is important to take care of your teeth and braces and to follow the dentist's recommendations to the letter in order to prevent complications that may occur and to get a more effective treatment. For this reason, there are some points to be considered throughout the treatment:<\/p>\n<ul>\n<li>It is normal to feel pain for a while after braces are fitted, but if the pain is persistent, a dentist should be consulted.<\/li>\n<li>Especially in the early stages of treatment, hard foods such as apples, pears, chips and nuts should be avoided.<\/li>\n<li>Sticky foods such as Turkish delight, jelly beans, chocolate and chewing gum should not be consumed as they make braces difficult to maintain.<\/li>\n<li>Alcoholic and carbonated drinks carry the risk of dislodging the dental brackets and are not recommended during treatment.<\/li>\n<li>Easy to break down and juicy foods that do not damage the strands should be consumed.<\/li>\n<li>The mouth area should be protected against hard impacts.<\/li>\n<li>Those who play sports and exercise outdoors should prefer movements that prevent the possibility of falling.<\/li>\n<\/ul>\n<p>A soft brush should be used during tooth brushing and pressing brushing movements should be avoided.<\/p>\n\n\t\t<\/div>\n\t<\/div>\n<\/div><\/div><\/div><div class=\"sticky_form_content lead-form wpb_column vc_column_container vc_col-sm-4\" id=\"lead-form\"><div class=\"vc_column-inner\"><div class=\"wpb_wrapper\">\n<div class=\"wpcf7 no-js\" id=\"wpcf7-f1555-o1\" lang=\"en-US\" dir=\"ltr\" data-wpcf7-id=\"1555\">\n<div class=\"screen-reader-response\"><p role=\"status\" aria-live=\"polite\" aria-atomic=\"true\"><\/p> <ul><\/ul><\/div>\n<form action=\"\/en\/wp-json\/wp\/v2\/pages\/12699#wpcf7-f1555-o1\" method=\"post\" class=\"wpcf7-form init\" aria-label=\"Contact form\" novalidate=\"novalidate\" data-status=\"init\" data-trp-original-action=\"\/en\/wp-json\/wp\/v2\/pages\/12699#wpcf7-f1555-o1\">\n<fieldset class=\"hidden-fields-container\"><input type=\"hidden\" name=\"_wpcf7\" value=\"1555\" \/><input type=\"hidden\" name=\"_wpcf7_version\" value=\"6.1.5\" \/><input type=\"hidden\" name=\"_wpcf7_locale\" value=\"en_US\" \/><input type=\"hidden\" name=\"_wpcf7_unit_tag\" value=\"wpcf7-f1555-o1\" \/><input type=\"hidden\" name=\"_wpcf7_container_post\" value=\"0\" \/><input type=\"hidden\" name=\"_wpcf7_posted_data_hash\" value=\"\" \/>\n<\/fieldset>\n<div class=\"row\">\n\t<div class=\"col-lg-12\">\n\t\t<p><span class=\"wpcf7-form-control-wrap\" data-name=\"field-header\"><input size=\"40\" maxlength=\"400\" class=\"wpcf7-form-control wpcf7-text wpcf7-validates-as-required\" aria-required=\"true\" aria-invalid=\"false\" placeholder=\"Your Name and Surname\" value=\"\" type=\"text\" name=\"field-header\" \/><\/span>\n\t\t<\/p>\n\t<\/div>\n\t<div class=\"col-lg-12\">\n\t\t<p><span class=\"wpcf7-form-control-wrap\" data-name=\"phonetext-206\"><input size=\"40\" class=\"wpcf7-form-control wpcf7-phonetext wpcf7-validates-as-required wpcf7-text wpcf7-validates-as-phonetext\" aria-required=\"true\" aria-invalid=\"false\" placeholder=\"\" value=\"\" type=\"text\" name=\"phonetext-206\" \/><input type=\"hidden\" name=\"phonetext-206-country-code\" class=\"wpcf7-phonetext-country-code\" \/><\/span>\n\t\t<\/p>\n\t<\/div>\n\t<div class=\"col-lg-12\">\n\t\t<p><span class=\"wpcf7-form-control-wrap\" data-name=\"field-header3\"><input size=\"40\" maxlength=\"400\" class=\"wpcf7-form-control wpcf7-text wpcf7-validates-as-required\" aria-required=\"true\" aria-invalid=\"false\" placeholder=\"E-Mail\" value=\"\" type=\"text\" name=\"field-header3\" \/><\/span>\n\t\t<\/p>\n\t<\/div>\n\t<div class=\"col-lg-12\">\n\t\t<p><span class=\"wpcf7-form-control-wrap\" data-name=\"field-header4\"><textarea cols=\"40\" rows=\"10\" maxlength=\"2000\" class=\"wpcf7-form-control wpcf7-textarea\" aria-invalid=\"false\" placeholder=\"Your message\" name=\"field-header4\"><\/textarea><\/span>\n\t\t<\/p>\n\t<\/div>\n\t<div class=\"col-lg-12\">\n\t\t<p><input class=\"wpcf7-form-control wpcf7-submit has-spinner\" type=\"submit\" value=\"Send\" \/>\n\t\t<\/p>\n\t<\/div>\n<\/div><div class=\"wpcf7-response-output\" aria-hidden=\"true\"><\/div>\n<input type=\"hidden\" name=\"trp-form-language\" value=\"en\"\/><\/form>\n<\/div>\n<\/div><\/div><\/div><\/div>\n<\/div>","protected":false},"excerpt":{"rendered":"Di\u015f teli tedavisi, ortodonti di\u015f hekimli\u011finin bir dal\u0131d\u0131r ve di\u015f ile \u00e7evre dokular\u0131ndan kaynaklanan a\u011f\u0131z y\u00fcz anomalilerinin d\u00fczeltilmesinde kullan\u0131l\u0131r. Di\u015f teli tedavisi ile sa\u011fl\u0131ks\u0131z di\u015f problemleri giderilir ve estetik uyumsuzluklar tedavi edilir. \u00d6zellikle k\u00fc\u00e7\u00fck ya\u015flarda uygulanan di\u015f teli tedavisi g\u00fcn\u00fcm\u00fczde yeti\u015fkinler taraf\u0131ndan da s\u0131kl\u0131kla tercih edilen bir y\u00f6ntemdir ve kullan\u0131m s\u0131ras\u0131nda kozmetik olarak rahats\u0131zl\u0131k vermeyen modern se\u00e7eneklere sahiptir. Di\u015f Teli Tedavisine Ne Zaman Ba\u015flan\u0131r? Di\u015f teli tedavisi, ortalama 1-3 y\u0131l s\u00fcrd\u00fc\u011f\u00fc i\u00e7in \u00f6zellikle k\u00fc\u00e7\u00fck ya\u015flarda ba\u015flat\u0131lmas\u0131 \u00f6nerilen bir tedavidir fakat bu y\u00f6ntemin herhangi bir ya\u015f s\u0131n\u0131r\u0131 bulunmamaktad\u0131r. Genel olarak s\u00fct di\u015flerinin d\u00fc\u015fmesinin tamamland\u0131\u011f\u0131 ve kal\u0131c\u0131 di\u015flerin \u00e7\u0131kt\u0131\u011f\u0131 11-13 ya\u015f aral\u0131\u011f\u0131 tedavi i\u00e7in idealdir. Ancak yeti\u015fkinlerde de ortodontik tedavi m\u00fcmk\u00fcnd\u00fcr. G\u00fczel bir g\u00fcl\u00fc\u015fe ve estetik di\u015flere sahip olmak isteyen her ya\u015ftan birey di\u015f teli tedavisine ba\u015flayabilir. Di\u015f teli tedavisinin \u00f6ncesinde dolgu, kanal tedavisi ve di\u015f \u00e7ekimi gibi i\u015flemlerin tamamlanm\u0131\u015f olmas\u0131 gerekir. Tedavinin \u015fekli ve s\u00fcresi ise hastaya g\u00f6re farkl\u0131l\u0131k g\u00f6sterir. \u00c7\u00fcnk\u00fc [...]","protected":false},"author":1,"featured_media":13000,"parent":0,"menu_order":0,"comment_status":"closed","ping_status":"closed","template":"page-templates\/full-width.php","meta":{"footnotes":""},"_links":{"self":[{"href":"https:\/\/www.beyazkose.com\/en\/wp-json\/wp\/v2\/pages\/12699"}],"collection":[{"href":"https:\/\/www.beyazkose.com\/en\/wp-json\/wp\/v2\/pages"}],"about":[{"href":"https:\/\/www.beyazkose.com\/en\/wp-json\/wp\/v2\/types\/page"}],"author":[{"embeddable":true,"href":"https:\/\/www.beyazkose.com\/en\/wp-json\/wp\/v2\/users\/1"}],"replies":[{"embeddable":true,"href":"https:\/\/www.beyazkose.com\/en\/wp-json\/wp\/v2\/comments?post=12699"}],"version-history":[{"count":2,"href":"https:\/\/www.beyazkose.com\/en\/wp-json\/wp\/v2\/pages\/12699\/revisions"}],"predecessor-version":[{"id":12834,"href":"https:\/\/www.beyazkose.com\/en\/wp-json\/wp\/v2\/pages\/12699\/revisions\/12834"}],"wp:featuredmedia":[{"embeddable":true,"href":"https:\/\/www.beyazkose.com\/en\/wp-json\/wp\/v2\/media\/13000"}],"wp:attachment":[{"href":"https:\/\/www.beyazkose.com\/en\/wp-json\/wp\/v2\/media?parent=12699"}],"curies":[{"name":"wp","href":"https:\/\/api.w.org\/{rel}","templated":true}]}}