{"id":12700,"date":"2023-04-26T19:04:08","date_gmt":"2023-04-26T19:04:08","guid":{"rendered":"https:\/\/www.beyazkose.com\/?page_id=12700"},"modified":"2023-05-01T07:32:15","modified_gmt":"2023-05-01T07:32:15","slug":"kanal-tedavisi","status":"publish","type":"page","link":"https:\/\/www.beyazkose.com\/en\/canal-treatment\/","title":{"rendered":"Root Canal Treatment"},"content":{"rendered":"<div class=\"wpb-content-wrapper\"><div class=\"vc_row wpb_row vc_row-fluid\"><div class=\"wpb_column vc_column_container vc_col-sm-8\"><div class=\"vc_column-inner\"><div class=\"wpb_wrapper\">\n\t<div class=\"wpb_text_column wpb_content_element\" >\n\t\t<div class=\"wpb_wrapper\">\n\t\t\t<p>Root canal treatment is a dental treatment method that usually arouses fear in patients and is thought to be difficult. However, contrary to popular belief, patients do not feel any pain or soreness during the procedure. Root canal treatment applied with modern techniques is preferred to protect oral dental health and ensure patient comfort. Untimely root canal treatment can cause permanent tooth and bone loss.<\/p>\n<h2>What is Root Canal Treatment?<\/h2>\n<p>Root canal treatment is a method used to treat deep tooth decay and fractures that cannot be treated by filling. During this treatment, the damaged part of the inner part of the tooth, called the pulp, is removed and the progression of the tooth infection is prevented.<\/p>\n<p>The pulp, also known as the core of the tooth, contains blood vessels, connective tissue and nerves.<\/p>\n<p>If tooth decay progresses and reaches the pulp, infection begins to develop in the area and this causes severe toothache. If the infected pulp is not treated in time, the infection in the area can progress and cause dental abscesses. In later stages, tooth or bone loss may occur with pulp death. This type of deep cracks and decay in the mouth can be saved by root canal treatment.<\/p>\n<h2>When is root canal treatment performed?<\/h2>\n<p>Root canal treatment is not always a preferred method, but some tooth decay may be too serious to be treated with classical methods. Especially deep fractures and cracks that go deep into the tooth and reach the underlying nerves cannot be treated using fillings. In cases where the pulp is infected, root canal treatment must be performed and the deep-structured damage in the area must be removed. Some of the symptoms that occur in cases requiring root canal treatment are as follows:<\/p>\n<ul>\n<li>Swelling of the face and neck<\/li>\n<li>Cracked teeth<\/li>\n<li>Deep bruises<\/li>\n<li>Swelling of the gums<\/li>\n<li>Pain when chewing and biting<\/li>\n<li>Increased tooth sensitivity to hot and cold<\/li>\n<li>Sores on the gums<\/li>\n<li>Reflected toothache<\/li>\n<li>Dark-colored gums<\/li>\n<\/ul>\n<h2>How is Root Canal Treatment Performed?<\/h2>\n<p>The main purpose of root canal treatment is to save the tooth that is close to dying and to maintain oral comfort in the patient. For this, decay and infections that go down to the core of the tooth must be removed. Operation because there are nerves in the pulp. After the tooth is cleaned of infection, the existing canals are shaped and filled and the tooth is restored to function. The application steps in root canal treatment, which usually lasts for two sessions, vary according to the general condition of the tooth and take place as follows:<\/p>\n<ul>\n<li>First, an X-ray is taken to see the condition of the tooth root and to check for infection.<\/li>\n<li>In cases where the dental pulp is severely damaged, root canal treatment is initiated.<\/li>\n<li>First, the patient is given local anesthesia and the pulp, the core of the tooth, is removed.<\/li>\n<li>Then the root canal is cleaned and organized.<\/li>\n<li>At the end of the first session, which lasts 45 minutes on average, the tooth is x-rayed again and the condition of the canals is observed.<\/li>\n<li>In cases where the application is successful, the second session starts and the canals are filled with permanent material. Usually, there is a period of 4-5 days between the two sessions for the tooth to heal and during this period, the patient is given a temporary filling. Afterwards, it is filled with permanent material.<\/li>\n<li>At the end of the procedure, no pain is felt thanks to regular medication and dental care practices. Therefore, root canal treatment is not as difficult as it is thought to be.<\/li>\n<\/ul>\n\n\t\t<\/div>\n\t<\/div>\n<\/div><\/div><\/div><div class=\"sticky_form_content lead-form wpb_column vc_column_container vc_col-sm-4\" id=\"lead-form\"><div class=\"vc_column-inner\"><div class=\"wpb_wrapper\">\n<div class=\"wpcf7 no-js\" id=\"wpcf7-f1555-o1\" lang=\"en-US\" dir=\"ltr\" data-wpcf7-id=\"1555\">\n<div class=\"screen-reader-response\"><p role=\"status\" aria-live=\"polite\" aria-atomic=\"true\"><\/p> <ul><\/ul><\/div>\n<form action=\"\/en\/wp-json\/wp\/v2\/pages\/12700#wpcf7-f1555-o1\" method=\"post\" class=\"wpcf7-form init\" aria-label=\"Contact form\" novalidate=\"novalidate\" data-status=\"init\" data-trp-original-action=\"\/en\/wp-json\/wp\/v2\/pages\/12700#wpcf7-f1555-o1\">\n<fieldset class=\"hidden-fields-container\"><input type=\"hidden\" name=\"_wpcf7\" value=\"1555\" \/><input type=\"hidden\" name=\"_wpcf7_version\" value=\"6.1.5\" \/><input type=\"hidden\" name=\"_wpcf7_locale\" value=\"en_US\" \/><input type=\"hidden\" name=\"_wpcf7_unit_tag\" value=\"wpcf7-f1555-o1\" \/><input type=\"hidden\" name=\"_wpcf7_container_post\" value=\"0\" \/><input type=\"hidden\" name=\"_wpcf7_posted_data_hash\" value=\"\" \/>\n<\/fieldset>\n<div class=\"row\">\n\t<div class=\"col-lg-12\">\n\t\t<p><span class=\"wpcf7-form-control-wrap\" data-name=\"field-header\"><input size=\"40\" maxlength=\"400\" class=\"wpcf7-form-control wpcf7-text wpcf7-validates-as-required\" aria-required=\"true\" aria-invalid=\"false\" placeholder=\"Your Name and Surname\" value=\"\" type=\"text\" name=\"field-header\" \/><\/span>\n\t\t<\/p>\n\t<\/div>\n\t<div class=\"col-lg-12\">\n\t\t<p><span class=\"wpcf7-form-control-wrap\" data-name=\"phonetext-206\"><input size=\"40\" class=\"wpcf7-form-control wpcf7-phonetext wpcf7-validates-as-required wpcf7-text wpcf7-validates-as-phonetext\" aria-required=\"true\" aria-invalid=\"false\" placeholder=\"\" value=\"\" type=\"text\" name=\"phonetext-206\" \/><input type=\"hidden\" name=\"phonetext-206-country-code\" class=\"wpcf7-phonetext-country-code\" \/><\/span>\n\t\t<\/p>\n\t<\/div>\n\t<div class=\"col-lg-12\">\n\t\t<p><span class=\"wpcf7-form-control-wrap\" data-name=\"field-header3\"><input size=\"40\" maxlength=\"400\" class=\"wpcf7-form-control wpcf7-text wpcf7-validates-as-required\" aria-required=\"true\" aria-invalid=\"false\" placeholder=\"E-Mail\" value=\"\" type=\"text\" name=\"field-header3\" \/><\/span>\n\t\t<\/p>\n\t<\/div>\n\t<div class=\"col-lg-12\">\n\t\t<p><span class=\"wpcf7-form-control-wrap\" data-name=\"field-header4\"><textarea cols=\"40\" rows=\"10\" maxlength=\"2000\" class=\"wpcf7-form-control wpcf7-textarea\" aria-invalid=\"false\" placeholder=\"Your message\" name=\"field-header4\"><\/textarea><\/span>\n\t\t<\/p>\n\t<\/div>\n\t<div class=\"col-lg-12\">\n\t\t<p><input class=\"wpcf7-form-control wpcf7-submit has-spinner\" type=\"submit\" value=\"Send\" \/>\n\t\t<\/p>\n\t<\/div>\n<\/div><div class=\"wpcf7-response-output\" aria-hidden=\"true\"><\/div>\n<input type=\"hidden\" name=\"trp-form-language\" value=\"en\"\/><\/form>\n<\/div>\n<\/div><\/div><\/div><\/div>\n<\/div>","protected":false},"excerpt":{"rendered":"Kanal tedavisi genellikle hastalarda korku uyand\u0131ran ve zor oldu\u011fu d\u00fc\u015f\u00fcn\u00fclen bir di\u015f tedavi y\u00f6ntemidir. Ancak san\u0131lan\u0131n aksine hastalar uygulama s\u0131ras\u0131nda herhangi bir ac\u0131 ya da a\u011fr\u0131 hissetmez. Modern tekniklerle uygulanan kanal tedavisi a\u011f\u0131z i\u00e7i di\u015f sa\u011fl\u0131\u011f\u0131n\u0131 korumak ve hasta konforunu sa\u011flamak i\u00e7in tercih edilir. Zaman\u0131nda yap\u0131lmayan kanal tedavisi ise kal\u0131c\u0131 di\u015f ve kemik kay\u0131plar\u0131na neden olabilir. Kanal Tedavisi Nedir? Kanal tedavisi, dolgu yap\u0131larak tedavi edilemeyen derin di\u015f \u00e7\u00fcr\u00fcklerini ve k\u0131r\u0131klar\u0131n\u0131 tedavi etmek i\u00e7in kullan\u0131lan bir y\u00f6ntemdir. Bu tedavi s\u0131ras\u0131nda di\u015fin i\u00e7 k\u0131sm\u0131ndaki pulpa ad\u0131 verilen hasarl\u0131 k\u0131s\u0131m \u00e7\u0131kar\u0131l\u0131r ve di\u015f enfeksiyonunun ilerlemesi \u00f6nlenir. Di\u015fin \u00f6z\u00fc olarak da bilinen pulpada; kan damarlar\u0131, ba\u011f dokusu ve sinirler bulunur. Di\u015f \u00e7\u00fcr\u00fc\u011f\u00fcn\u00fcn ilerleyerek pulpaya ula\u015fmas\u0131 durumunda b\u00f6lge i\u00e7inde enfeksiyon geli\u015fimi ba\u015flar ve bu durum \u015fiddetli di\u015f a\u011fr\u0131lar\u0131na sebep olur. Enfekte olan pulpaya zaman\u0131nda m\u00fcdahale yap\u0131lmazsa b\u00f6lgedeki enfeksiyon ilerleyebilir ve di\u015f apselerine neden olabilir. Sonraki evrelerde ise pulpa \u00f6l\u00fcm\u00fcyle birlikte di\u015f ya da kemik kay\u0131plar\u0131 [...]","protected":false},"author":1,"featured_media":13002,"parent":0,"menu_order":0,"comment_status":"closed","ping_status":"closed","template":"page-templates\/full-width.php","meta":{"footnotes":""},"_links":{"self":[{"href":"https:\/\/www.beyazkose.com\/en\/wp-json\/wp\/v2\/pages\/12700"}],"collection":[{"href":"https:\/\/www.beyazkose.com\/en\/wp-json\/wp\/v2\/pages"}],"about":[{"href":"https:\/\/www.beyazkose.com\/en\/wp-json\/wp\/v2\/types\/page"}],"author":[{"embeddable":true,"href":"https:\/\/www.beyazkose.com\/en\/wp-json\/wp\/v2\/users\/1"}],"replies":[{"embeddable":true,"href":"https:\/\/www.beyazkose.com\/en\/wp-json\/wp\/v2\/comments?post=12700"}],"version-history":[{"count":2,"href":"https:\/\/www.beyazkose.com\/en\/wp-json\/wp\/v2\/pages\/12700\/revisions"}],"predecessor-version":[{"id":12835,"href":"https:\/\/www.beyazkose.com\/en\/wp-json\/wp\/v2\/pages\/12700\/revisions\/12835"}],"wp:featuredmedia":[{"embeddable":true,"href":"https:\/\/www.beyazkose.com\/en\/wp-json\/wp\/v2\/media\/13002"}],"wp:attachment":[{"href":"https:\/\/www.beyazkose.com\/en\/wp-json\/wp\/v2\/media?parent=12700"}],"curies":[{"name":"wp","href":"https:\/\/api.w.org\/{rel}","templated":true}]}}