{"id":12710,"date":"2023-04-26T19:05:02","date_gmt":"2023-04-26T19:05:02","guid":{"rendered":"https:\/\/www.beyazkose.com\/?page_id=12710"},"modified":"2023-05-01T07:32:59","modified_gmt":"2023-05-01T07:32:59","slug":"periodontoloji","status":"publish","type":"page","link":"https:\/\/www.beyazkose.com\/en\/periodontology\/","title":{"rendered":"Periodontology"},"content":{"rendered":"<div class=\"wpb-content-wrapper\"><div class=\"vc_row wpb_row vc_row-fluid\"><div class=\"wpb_column vc_column_container vc_col-sm-8\"><div class=\"vc_column-inner\"><div class=\"wpb_wrapper\">\n\t<div class=\"wpb_text_column wpb_content_element\" >\n\t\t<div class=\"wpb_wrapper\">\n\t\t\t<p>Periodontology covers a wide range of conditions, from simple gingivitis to serious health problems such as osteoporosis and tooth loss. Gum diseases have symptoms that everyone can recognize, such as bleeding gums or loose teeth<\/p>\n<p>Regular visits to a periodontologist are essential for early diagnosis and easy control of the disease.<\/p>\n<h2>What is Periodontology?<\/h2>\n<p>Periodontology deals with diseases that occur in the gums and the bones surrounding the tooth roots. More specifically, periodontology is the main branch of science that deals with gum diseases. It works to prevent the progression of inflammation and similar problems that occur in the teeth or gums and to prevent them from causing more serious problems, including tooth loss.<\/p>\n<p>Periodontology specialists diagnose and treat diseases and maintain a healthy structure.<\/p>\n<p>Periodontic diseases are gingivitis and periodontitis. Inflammation in the soft tissues surrounding the gums is called gingivitis; the progression of this inflammation, its spread to bone tissue and causing bone destruction is called periodontitis. In this process, periodontology comes into play and the disease is stopped and taken under control. Of course, in this process, in addition to periodontic treatment, it is important that the patient regularly performs oral care and supports the protection of oral health.<\/p>\n<h2>What are the Symptoms of Periodontal Diseases?<\/h2>\n<p>Symptoms that may occur in periodontal diseases may vary depending on the physiological structure of the patient and the severity of the disease. Common symptoms of periodontal diseases are as follows:<\/p>\n<ul>\n<li>Bleeding gums,<\/li>\n<li>The gums become tender, swollen or red in color,<\/li>\n<li>Separation of the gums from the teeth,<\/li>\n<li>Inflammatory discharge between the gums and teeth,<\/li>\n<li>Spontaneous shaking and separation of the teeth,<\/li>\n<li>The upper and lower teeth have a different shape than normal,<\/li>\n<li>Bad breath<\/li>\n<li>Spontaneous bleeding of the gums during the day,<\/li>\n<li>Gum recession.<\/li>\n<\/ul>\n<p>Only one of these symptoms may occur, or several of them may occur together.<\/p>\n<h2>Treatment Process in Periodontology<\/h2>\n<p>Even if individuals do not have any problems with their teeth or gums, a dental examination every 3 to 6 months is of great importance in terms of early diagnosis and easy control of diseases.<\/p>\n<p>First and foremost, diagnosis is essential in periodontology.<\/p>\n<p>The patient's history is listened to, a physical examination is performed and X-rays or radiographic evaluations may be required when deemed necessary. In this process, it is of great importance to inform the patient about the process and to ensure that the patient participates in the treatment process by informing them about protecting their oral health. In this way, the treatment process can be much more successful. After the diagnosis, professional cleaning, antibiotic treatment, surgical treatment when necessary, and finally supportive and complementary treatments are carried out. Details about the process are as follows:<\/p>\n<ul>\n<li>Tartar is removed using special instruments. If necessary, a deep cleaning procedure under local anesthesia may be required to remove stones accumulated in tooth pockets and tooth roots.<\/li>\n<li>In cases of acute gum infections, antibiotic medication and the use of antibacterial mouthwash are recommended.<\/li>\n<li>The gums are surgically removed from the bone tissue to which they are attached and all inflammation is removed. If necessary, bone grafts or bone powder can be used to reattach the gums to the bone tissue. All procedures are performed under local anesthesia.<\/li>\n<li>Patients are advised to have periodic check-ups every 3 to 6 months in case the disease recurs.<\/li>\n<\/ul>\n<p>As a result of this whole treatment process, it is of great importance for the success of the treatment that the patient participates in the treatment by protecting his\/her oral health.<\/p>\n\n\t\t<\/div>\n\t<\/div>\n<\/div><\/div><\/div><div class=\"sticky_form_content lead-form wpb_column vc_column_container vc_col-sm-4\" id=\"lead-form\"><div class=\"vc_column-inner\"><div class=\"wpb_wrapper\">\n<div class=\"wpcf7 no-js\" id=\"wpcf7-f1555-o1\" lang=\"en-US\" dir=\"ltr\" data-wpcf7-id=\"1555\">\n<div class=\"screen-reader-response\"><p role=\"status\" aria-live=\"polite\" aria-atomic=\"true\"><\/p> <ul><\/ul><\/div>\n<form action=\"\/en\/wp-json\/wp\/v2\/pages\/12710#wpcf7-f1555-o1\" method=\"post\" class=\"wpcf7-form init\" aria-label=\"Contact form\" novalidate=\"novalidate\" data-status=\"init\" data-trp-original-action=\"\/en\/wp-json\/wp\/v2\/pages\/12710#wpcf7-f1555-o1\">\n<fieldset class=\"hidden-fields-container\"><input type=\"hidden\" name=\"_wpcf7\" value=\"1555\" \/><input type=\"hidden\" name=\"_wpcf7_version\" value=\"6.1.5\" \/><input type=\"hidden\" name=\"_wpcf7_locale\" value=\"en_US\" \/><input type=\"hidden\" name=\"_wpcf7_unit_tag\" value=\"wpcf7-f1555-o1\" \/><input type=\"hidden\" name=\"_wpcf7_container_post\" value=\"0\" \/><input type=\"hidden\" name=\"_wpcf7_posted_data_hash\" value=\"\" \/>\n<\/fieldset>\n<div class=\"row\">\n\t<div class=\"col-lg-12\">\n\t\t<p><span class=\"wpcf7-form-control-wrap\" data-name=\"field-header\"><input size=\"40\" maxlength=\"400\" class=\"wpcf7-form-control wpcf7-text wpcf7-validates-as-required\" aria-required=\"true\" aria-invalid=\"false\" placeholder=\"Your Name and Surname\" value=\"\" type=\"text\" name=\"field-header\" \/><\/span>\n\t\t<\/p>\n\t<\/div>\n\t<div class=\"col-lg-12\">\n\t\t<p><span class=\"wpcf7-form-control-wrap\" data-name=\"phonetext-206\"><input size=\"40\" class=\"wpcf7-form-control wpcf7-phonetext wpcf7-validates-as-required wpcf7-text wpcf7-validates-as-phonetext\" aria-required=\"true\" aria-invalid=\"false\" placeholder=\"\" value=\"\" type=\"text\" name=\"phonetext-206\" \/><input type=\"hidden\" name=\"phonetext-206-country-code\" class=\"wpcf7-phonetext-country-code\" \/><\/span>\n\t\t<\/p>\n\t<\/div>\n\t<div class=\"col-lg-12\">\n\t\t<p><span class=\"wpcf7-form-control-wrap\" data-name=\"field-header3\"><input size=\"40\" maxlength=\"400\" class=\"wpcf7-form-control wpcf7-text wpcf7-validates-as-required\" aria-required=\"true\" aria-invalid=\"false\" placeholder=\"E-Mail\" value=\"\" type=\"text\" name=\"field-header3\" \/><\/span>\n\t\t<\/p>\n\t<\/div>\n\t<div class=\"col-lg-12\">\n\t\t<p><span class=\"wpcf7-form-control-wrap\" data-name=\"field-header4\"><textarea cols=\"40\" rows=\"10\" maxlength=\"2000\" class=\"wpcf7-form-control wpcf7-textarea\" aria-invalid=\"false\" placeholder=\"Your message\" name=\"field-header4\"><\/textarea><\/span>\n\t\t<\/p>\n\t<\/div>\n\t<div class=\"col-lg-12\">\n\t\t<p><input class=\"wpcf7-form-control wpcf7-submit has-spinner\" type=\"submit\" value=\"Send\" \/>\n\t\t<\/p>\n\t<\/div>\n<\/div><div class=\"wpcf7-response-output\" aria-hidden=\"true\"><\/div>\n<input type=\"hidden\" name=\"trp-form-language\" value=\"en\"\/><\/form>\n<\/div>\n<\/div><\/div><\/div><\/div>\n<\/div>","protected":false},"excerpt":{"rendered":"Periodontoloji, basit di\u015f eti iltihaplar\u0131yla ba\u015flayan, kemik erimesi ve di\u015f kayb\u0131 gibi ciddi sa\u011fl\u0131k sorunlar\u0131na kadar varan \u00e7ok geni\u015f bir alan\u0131 kapsar. Di\u015f eti hastal\u0131klar\u0131n\u0131n di\u015f eti kanamas\u0131 ya da di\u015flerin sallanmaya ba\u015flamas\u0131 gibi herkes taraf\u0131ndan fark edilebilecek belirtileri bulunur Bir periodontoloji uzman\u0131na d\u00fczenli olarak g\u00f6r\u00fcnmek, hastal\u0131\u011f\u0131n erkenden te\u015fhis edilmesi ve kolay bir \u015fekilde kontrol alt\u0131na al\u0131nmas\u0131 a\u00e7\u0131s\u0131ndan b\u00fcy\u00fck \u00f6nem ta\u015f\u0131r. Periodontoloji Nedir? Periodontoloji di\u015f etlerinde ve di\u015f k\u00f6klerini saran kemiklerde meydana gelen hastal\u0131klarla ilgilenir. Periodontoloji daha a\u00e7\u0131k bir tabirle di\u015f eti hastal\u0131klar\u0131 ile ilgilenen ana bilim dal\u0131d\u0131r. Di\u015flerde ya da di\u015f etlerinde meydana gelen iltihaplanma ve benzer problemlerin ilerlemesini engellemek ve di\u015f kayb\u0131 da dahil olmak \u00fczere daha ciddi sorunlara yol a\u00e7mas\u0131n\u0131 \u00f6nlemek ad\u0131na \u00e7al\u0131\u015f\u0131r. Periodontoloji uzmanlar\u0131nca hastal\u0131klar\u0131n te\u015fhisi, tedavisi ve sa\u011fl\u0131kl\u0131 yap\u0131n\u0131n korunmas\u0131 esast\u0131r. Periodontik hastal\u0131klar olarak kar\u015f\u0131m\u0131za gingivitis ve periodontitis \u00e7\u0131kar. Di\u015f etlerini \u00e7evreleyen yumu\u015fak dokularda meydana gelen iltihaplanma gingivitis; bu iltihab\u0131n ilerlemesi, kemik dokuya yay\u0131lmas\u0131 ve [...]","protected":false},"author":1,"featured_media":13004,"parent":0,"menu_order":0,"comment_status":"closed","ping_status":"closed","template":"page-templates\/full-width.php","meta":{"footnotes":""},"_links":{"self":[{"href":"https:\/\/www.beyazkose.com\/en\/wp-json\/wp\/v2\/pages\/12710"}],"collection":[{"href":"https:\/\/www.beyazkose.com\/en\/wp-json\/wp\/v2\/pages"}],"about":[{"href":"https:\/\/www.beyazkose.com\/en\/wp-json\/wp\/v2\/types\/page"}],"author":[{"embeddable":true,"href":"https:\/\/www.beyazkose.com\/en\/wp-json\/wp\/v2\/users\/1"}],"replies":[{"embeddable":true,"href":"https:\/\/www.beyazkose.com\/en\/wp-json\/wp\/v2\/comments?post=12710"}],"version-history":[{"count":3,"href":"https:\/\/www.beyazkose.com\/en\/wp-json\/wp\/v2\/pages\/12710\/revisions"}],"predecessor-version":[{"id":12838,"href":"https:\/\/www.beyazkose.com\/en\/wp-json\/wp\/v2\/pages\/12710\/revisions\/12838"}],"wp:featuredmedia":[{"embeddable":true,"href":"https:\/\/www.beyazkose.com\/en\/wp-json\/wp\/v2\/media\/13004"}],"wp:attachment":[{"href":"https:\/\/www.beyazkose.com\/en\/wp-json\/wp\/v2\/media?parent=12710"}],"curies":[{"name":"wp","href":"https:\/\/api.w.org\/{rel}","templated":true}]}}