{"id":12711,"date":"2023-04-26T19:05:09","date_gmt":"2023-04-26T19:05:09","guid":{"rendered":"https:\/\/www.beyazkose.com\/?page_id=12711"},"modified":"2023-05-01T07:48:49","modified_gmt":"2023-05-01T07:48:49","slug":"hipnoz","status":"publish","type":"page","link":"https:\/\/www.beyazkose.com\/en\/hypnosis\/","title":{"rendered":"Hypnosis"},"content":{"rendered":"<div class=\"wpb-content-wrapper\"><div class=\"vc_row wpb_row vc_row-fluid\"><div class=\"wpb_column vc_column_container vc_col-sm-8\"><div class=\"vc_column-inner\"><div class=\"wpb_wrapper\">\n\t<div class=\"wpb_text_column wpb_content_element\" >\n\t\t<div class=\"wpb_wrapper\">\n\t\t\t<p>Fear of dentists is a very common problem in society. In individuals with excessive fear of dentists, it is not possible to eliminate existing oral and dental problems, and as a result, new aesthetic and functional problems arise due to permanent tooth loss.<\/p>\n<p>In order to treat these problems that seriously reduce the quality of life, the person must first overcome his\/her fear. The hypnosis method, which has recently been applied to patients who are afraid of dentists, allows patients to be treated without the need for anesthesia or sedation.<\/p>\n<h2>What is Hypnosis Dental Treatment?<\/h2>\n<p>The hypnosis method helps to treat teeth in a carefree, painless and painless way. This method, which can be applied by dentists who have received appropriate training, ensures that the necessary dental treatment is performed on time in overly anxious patients. During the treatment applied in a semi-sleep state, the patient is conditioned and put into physical and mental sleep mode.<\/p>\n<p>Hypnosis therapy, which is newly used in Turkey, is an alternative method without side effects. Its features are as follows:<\/p>\n<ul>\n<li>At the beginning of hypnosis, an audible preparation process is started to eliminate dental fear in the patient and the patient is relaxed.<\/li>\n<li>The patient's fear is learned in more detail.<\/li>\n<li>A phase of complete relaxation is entered and phobia-resolving interventions are applied.<\/li>\n<li>The patient is allowed to enter a trance state to relieve fear and anxiety.<\/li>\n<li>Shortly afterwards, conditioning is initiated by hypnosis.<\/li>\n<li>During this time, relaxing and beautiful music is played so that the patient can be operated on.<\/li>\n<li>At the end of the required application, the patient is awakened from hypnosis and can return to his\/her daily life.<\/li>\n<\/ul>\n<h2>Are There Side Effects of Hypnosis Therapy?<\/h2>\n<p>Hypnosis treatment, which is especially preferred for anxious patients in recent times, focuses on relaxing and relaxing people and thus enables them to receive the relevant treatment. Hypnosis is often used as an alternative method in dental treatments and surgical interventions that require the mouth to remain open for a long time.<\/p>\n<p>The fact that the patient is completely relaxed during the procedure reduces the risk of complications in the intervention and ensures a painless and painless treatment.<\/p>\n<p>The absence of the need for injection for numbing helps patients to start treatment more comfortably. This method provides successful results in heart and blood pressure patients who cannot receive anesthesia and in individuals with dental phobia. For this reason, it is preferred as a highly effective and satisfactory treatment method, and no side effects are observed during the procedure.<\/p>\n\n\t\t<\/div>\n\t<\/div>\n<\/div><\/div><\/div><div class=\"sticky_form_content lead-form wpb_column vc_column_container vc_col-sm-4\" id=\"lead-form\"><div class=\"vc_column-inner\"><div class=\"wpb_wrapper\">\n<div class=\"wpcf7 no-js\" id=\"wpcf7-f1555-o1\" lang=\"en-US\" dir=\"ltr\" data-wpcf7-id=\"1555\">\n<div class=\"screen-reader-response\"><p role=\"status\" aria-live=\"polite\" aria-atomic=\"true\"><\/p> <ul><\/ul><\/div>\n<form action=\"\/en\/wp-json\/wp\/v2\/pages\/12711#wpcf7-f1555-o1\" method=\"post\" class=\"wpcf7-form init\" aria-label=\"Contact form\" novalidate=\"novalidate\" data-status=\"init\" data-trp-original-action=\"\/en\/wp-json\/wp\/v2\/pages\/12711#wpcf7-f1555-o1\">\n<fieldset class=\"hidden-fields-container\"><input type=\"hidden\" name=\"_wpcf7\" value=\"1555\" \/><input type=\"hidden\" name=\"_wpcf7_version\" value=\"6.1.5\" \/><input type=\"hidden\" name=\"_wpcf7_locale\" value=\"en_US\" \/><input type=\"hidden\" name=\"_wpcf7_unit_tag\" value=\"wpcf7-f1555-o1\" \/><input type=\"hidden\" name=\"_wpcf7_container_post\" value=\"0\" \/><input type=\"hidden\" name=\"_wpcf7_posted_data_hash\" value=\"\" \/>\n<\/fieldset>\n<div class=\"row\">\n\t<div class=\"col-lg-12\">\n\t\t<p><span class=\"wpcf7-form-control-wrap\" data-name=\"field-header\"><input size=\"40\" maxlength=\"400\" class=\"wpcf7-form-control wpcf7-text wpcf7-validates-as-required\" aria-required=\"true\" aria-invalid=\"false\" placeholder=\"Your Name and Surname\" value=\"\" type=\"text\" name=\"field-header\" \/><\/span>\n\t\t<\/p>\n\t<\/div>\n\t<div class=\"col-lg-12\">\n\t\t<p><span class=\"wpcf7-form-control-wrap\" data-name=\"phonetext-206\"><input size=\"40\" class=\"wpcf7-form-control wpcf7-phonetext wpcf7-validates-as-required wpcf7-text wpcf7-validates-as-phonetext\" aria-required=\"true\" aria-invalid=\"false\" placeholder=\"\" value=\"\" type=\"text\" name=\"phonetext-206\" \/><input type=\"hidden\" name=\"phonetext-206-country-code\" class=\"wpcf7-phonetext-country-code\" \/><\/span>\n\t\t<\/p>\n\t<\/div>\n\t<div class=\"col-lg-12\">\n\t\t<p><span class=\"wpcf7-form-control-wrap\" data-name=\"field-header3\"><input size=\"40\" maxlength=\"400\" class=\"wpcf7-form-control wpcf7-text wpcf7-validates-as-required\" aria-required=\"true\" aria-invalid=\"false\" placeholder=\"E-Mail\" value=\"\" type=\"text\" name=\"field-header3\" \/><\/span>\n\t\t<\/p>\n\t<\/div>\n\t<div class=\"col-lg-12\">\n\t\t<p><span class=\"wpcf7-form-control-wrap\" data-name=\"field-header4\"><textarea cols=\"40\" rows=\"10\" maxlength=\"2000\" class=\"wpcf7-form-control wpcf7-textarea\" aria-invalid=\"false\" placeholder=\"Your message\" name=\"field-header4\"><\/textarea><\/span>\n\t\t<\/p>\n\t<\/div>\n\t<div class=\"col-lg-12\">\n\t\t<p><input class=\"wpcf7-form-control wpcf7-submit has-spinner\" type=\"submit\" value=\"Send\" \/>\n\t\t<\/p>\n\t<\/div>\n<\/div><div class=\"wpcf7-response-output\" aria-hidden=\"true\"><\/div>\n<input type=\"hidden\" name=\"trp-form-language\" value=\"en\"\/><\/form>\n<\/div>\n<\/div><\/div><\/div><\/div>\n<\/div>","protected":false},"excerpt":{"rendered":"Toplumda di\u015f hekimi korkusu olduk\u00e7a yayg\u0131n bir sorundur. A\u015f\u0131r\u0131 di\u015f hekimi korkusu olan bireylerde mevcut a\u011f\u0131z ve di\u015f problemlerini gidermek m\u00fcmk\u00fcn olmaz, sonu\u00e7 olarak kal\u0131c\u0131 di\u015f kayb\u0131na ba\u011fl\u0131 estetik ve fonksiyonel yeni problemler ortaya \u00e7\u0131kar. Ya\u015fam kalitesini ciddi anlamda d\u00fc\u015f\u00fcren bu sorunlar\u0131n tedavi edilebilmesi i\u00e7in ki\u015finin \u00f6ncelikle korkusunu yenmesi gerekir. \u00d6zellikle son d\u00f6nemde di\u015f hekimi korkusu \u00e7eken hastalara uygulanan hipnoz y\u00f6ntemi ise hastalar\u0131n anesteziye veya sedasyona gereksinim duymadan tedavi olmas\u0131n\u0131 sa\u011flar. Hipnozla Di\u015f Tedavisi Nedir? Hipnoz y\u00f6ntemi di\u015flerin kayg\u0131s\u0131z, a\u011fr\u0131s\u0131z, s\u0131z\u0131s\u0131z \u015fekilde tedavi edilmesine yard\u0131mc\u0131 olur. Uygun e\u011fitimi alan di\u015f hekimleri taraf\u0131ndan uygulanabilen bu y\u00f6ntem, a\u015f\u0131r\u0131 endi\u015feli hastalarda gerekli di\u015f tedavisinin zaman\u0131nda ger\u00e7ekle\u015ftirilmesini sa\u011flar. Yar\u0131 uyku halinde uygulanan tedavi boyunca hastan\u0131n \u015fartlanarak bedensel ve zihinsel uyku moduna ge\u00e7mesi sa\u011flan\u0131r. T\u00fcrkiye\u2019de yeni yeni kullan\u0131lan hipnoz tedavisi yan etkisi olmayan alternatif bir y\u00f6ntemdir. \u00d6zellikleri ise \u015fu \u015fekildedir: Hipnoz ba\u015flang\u0131c\u0131nda hastadaki dental korkunun giderilmesi i\u00e7in sesli bir haz\u0131rl\u0131k s\u00fcrecine girilir ve hasta rahatlat\u0131l\u0131r. [...]","protected":false},"author":1,"featured_media":13001,"parent":0,"menu_order":0,"comment_status":"closed","ping_status":"closed","template":"page-templates\/full-width.php","meta":{"footnotes":""},"_links":{"self":[{"href":"https:\/\/www.beyazkose.com\/en\/wp-json\/wp\/v2\/pages\/12711"}],"collection":[{"href":"https:\/\/www.beyazkose.com\/en\/wp-json\/wp\/v2\/pages"}],"about":[{"href":"https:\/\/www.beyazkose.com\/en\/wp-json\/wp\/v2\/types\/page"}],"author":[{"embeddable":true,"href":"https:\/\/www.beyazkose.com\/en\/wp-json\/wp\/v2\/users\/1"}],"replies":[{"embeddable":true,"href":"https:\/\/www.beyazkose.com\/en\/wp-json\/wp\/v2\/comments?post=12711"}],"version-history":[{"count":2,"href":"https:\/\/www.beyazkose.com\/en\/wp-json\/wp\/v2\/pages\/12711\/revisions"}],"predecessor-version":[{"id":12840,"href":"https:\/\/www.beyazkose.com\/en\/wp-json\/wp\/v2\/pages\/12711\/revisions\/12840"}],"wp:featuredmedia":[{"embeddable":true,"href":"https:\/\/www.beyazkose.com\/en\/wp-json\/wp\/v2\/media\/13001"}],"wp:attachment":[{"href":"https:\/\/www.beyazkose.com\/en\/wp-json\/wp\/v2\/media?parent=12711"}],"curies":[{"name":"wp","href":"https:\/\/api.w.org\/{rel}","templated":true}]}}