{"id":12712,"date":"2023-04-26T19:05:14","date_gmt":"2023-04-26T19:05:14","guid":{"rendered":"https:\/\/www.beyazkose.com\/?page_id=12712"},"modified":"2023-05-01T07:56:17","modified_gmt":"2023-05-01T07:56:17","slug":"dis-gicirdatma-tedavisi","status":"publish","type":"page","link":"https:\/\/www.beyazkose.com\/en\/tooth-grinding-treatment\/","title":{"rendered":"Tooth Grinding Treatment"},"content":{"rendered":"<div class=\"wpb-content-wrapper\"><div class=\"vc_row wpb_row vc_row-fluid\"><div class=\"wpb_column vc_column_container vc_col-sm-8\"><div class=\"vc_column-inner\"><div class=\"wpb_wrapper\">\n\t<div class=\"wpb_text_column wpb_content_element\" >\n\t\t<div class=\"wpb_wrapper\">\n\t\t\t<p>Teeth grinding is sometimes extremely annoying both for the people who live with it and for the people who have this problem. The problem of teeth grinding, which can occur due to psychological or dental and jaw structure-related reasons, can lead to serious problems such as tooth wear or tooth loss.<\/p>\n<h2>What are the Causes of Teeth Grinding?<\/h2>\n<p>Teeth grinding is usually caused by teeth, but rarely it can also occur for neurological reasons. In addition to dental problems, psychological problems are also shown as causes of teeth grinding. The most common symptoms of teeth grinding are as follows.<\/p>\n<ul>\n<li>Having the wrong chewing habits,<\/li>\n<li>Disturbances in the way the teeth close, also due to lost teeth,<\/li>\n<li>Antidepressant drug use,<\/li>\n<li>A stressful lifestyle, excessive tension, anxiety and similar psychological problems,<\/li>\n<li>Filling or prosthetic applications are performed lower or higher than normal,<\/li>\n<li>Some lifestyle habits that can affect teeth grinding, such as sedentary lifestyle and wrong eating habits.<\/li>\n<\/ul>\n<p>If these causes are eliminated, the symptoms of teeth grinding may not disappear, so a doctor's check-up is recommended for a permanent solution.<\/p>\n<h2>What are the Symptoms of Tooth Grinding?<\/h2>\n<p>Patients themselves often do not realize that they grind their teeth. It is usually noticed by the people they live with. The symptoms can occur both in sleep and in wakefulness. The prominent symptoms are the following:<\/p>\n<ul>\n<li>Sensitivity of the teeth and wear of the enamel,<\/li>\n<li>Jaw clenching,<\/li>\n<li>Teeth grinding severe enough to disturb people nearby,<\/li>\n<li>Headache that starts at the temples and radiates to the whole head,<\/li>\n<li>Jaw pain<\/li>\n<li>Loose or damaged teeth.<\/li>\n<\/ul>\n<p>In addition to psychological treatments, teeth grinding can also be treated with treatment methods applied by dentists.<\/p>\n<h2>How to Treat External Grinding?<\/h2>\n<p>Protective night trays are the most commonly used method in the treatment of teeth grinding. These protective trays used during sleep prevent damage to the teeth. In other words, it is not a method that completely cures teeth grinding.<\/p>\n<p>Medication or physical therapy can also be used for treatment. If the problem of teeth grinding is caused by various joint problems, various alternative treatment methods, including Botox, are used.<\/p>\n<p>In cases with advanced disorders, the method of eliminating the problem definitively is surgery. The whole process should be planned by specialist physicians in order to protect both the jaw and bone structure and oral and dental health.<\/p>\n\n\t\t<\/div>\n\t<\/div>\n<\/div><\/div><\/div><div class=\"sticky_form_content lead-form wpb_column vc_column_container vc_col-sm-4\" id=\"lead-form\"><div class=\"vc_column-inner\"><div class=\"wpb_wrapper\">\n<div class=\"wpcf7 no-js\" id=\"wpcf7-f1555-o1\" lang=\"en-US\" dir=\"ltr\" data-wpcf7-id=\"1555\">\n<div class=\"screen-reader-response\"><p role=\"status\" aria-live=\"polite\" aria-atomic=\"true\"><\/p> <ul><\/ul><\/div>\n<form action=\"\/en\/wp-json\/wp\/v2\/pages\/12712#wpcf7-f1555-o1\" method=\"post\" class=\"wpcf7-form init\" aria-label=\"Contact form\" novalidate=\"novalidate\" data-status=\"init\" data-trp-original-action=\"\/en\/wp-json\/wp\/v2\/pages\/12712#wpcf7-f1555-o1\">\n<fieldset class=\"hidden-fields-container\"><input type=\"hidden\" name=\"_wpcf7\" value=\"1555\" \/><input type=\"hidden\" name=\"_wpcf7_version\" value=\"6.1.5\" \/><input type=\"hidden\" name=\"_wpcf7_locale\" value=\"en_US\" \/><input type=\"hidden\" name=\"_wpcf7_unit_tag\" value=\"wpcf7-f1555-o1\" \/><input type=\"hidden\" name=\"_wpcf7_container_post\" value=\"0\" \/><input type=\"hidden\" name=\"_wpcf7_posted_data_hash\" value=\"\" \/>\n<\/fieldset>\n<div class=\"row\">\n\t<div class=\"col-lg-12\">\n\t\t<p><span class=\"wpcf7-form-control-wrap\" data-name=\"field-header\"><input size=\"40\" maxlength=\"400\" class=\"wpcf7-form-control wpcf7-text wpcf7-validates-as-required\" aria-required=\"true\" aria-invalid=\"false\" placeholder=\"Your Name and Surname\" value=\"\" type=\"text\" name=\"field-header\" \/><\/span>\n\t\t<\/p>\n\t<\/div>\n\t<div class=\"col-lg-12\">\n\t\t<p><span class=\"wpcf7-form-control-wrap\" data-name=\"phonetext-206\"><input size=\"40\" class=\"wpcf7-form-control wpcf7-phonetext wpcf7-validates-as-required wpcf7-text wpcf7-validates-as-phonetext\" aria-required=\"true\" aria-invalid=\"false\" placeholder=\"\" value=\"\" type=\"text\" name=\"phonetext-206\" \/><input type=\"hidden\" name=\"phonetext-206-country-code\" class=\"wpcf7-phonetext-country-code\" \/><\/span>\n\t\t<\/p>\n\t<\/div>\n\t<div class=\"col-lg-12\">\n\t\t<p><span class=\"wpcf7-form-control-wrap\" data-name=\"field-header3\"><input size=\"40\" maxlength=\"400\" class=\"wpcf7-form-control wpcf7-text wpcf7-validates-as-required\" aria-required=\"true\" aria-invalid=\"false\" placeholder=\"E-Mail\" value=\"\" type=\"text\" name=\"field-header3\" \/><\/span>\n\t\t<\/p>\n\t<\/div>\n\t<div class=\"col-lg-12\">\n\t\t<p><span class=\"wpcf7-form-control-wrap\" data-name=\"field-header4\"><textarea cols=\"40\" rows=\"10\" maxlength=\"2000\" class=\"wpcf7-form-control wpcf7-textarea\" aria-invalid=\"false\" placeholder=\"Your message\" name=\"field-header4\"><\/textarea><\/span>\n\t\t<\/p>\n\t<\/div>\n\t<div class=\"col-lg-12\">\n\t\t<p><input class=\"wpcf7-form-control wpcf7-submit has-spinner\" type=\"submit\" value=\"Send\" \/>\n\t\t<\/p>\n\t<\/div>\n<\/div><div class=\"wpcf7-response-output\" aria-hidden=\"true\"><\/div>\n<input type=\"hidden\" name=\"trp-form-language\" value=\"en\"\/><\/form>\n<\/div>\n<\/div><\/div><\/div><\/div>\n<\/div>","protected":false},"excerpt":{"rendered":"Di\u015f g\u0131c\u0131rdatma bazen birlikte ya\u015fanan insanlar i\u00e7in, hem de bu problemi ya\u015fayan insanlar i\u00e7in son derece can s\u0131k\u0131c\u0131 bir durum yarat\u0131r. Psikolojik ya da di\u015f ve \u00e7ene yap\u0131s\u0131yla ilgili nedenlere ba\u011fl\u0131 olarak ger\u00e7ekle\u015febilecek olan di\u015f g\u0131c\u0131rtdatma problemi, di\u015flerde a\u015f\u0131nma ya da di\u015f kayb\u0131 gibi ciddi sorunlara yol a\u00e7abilir. Di\u015f G\u0131c\u0131rdatman\u0131n Nedenleri Nelerdir? Di\u015f g\u0131c\u0131rdatma genellikle di\u015flerden kaynaklan\u0131r fakat nadir olarak n\u00f6rolojik sebeplerle de ortaya \u00e7\u0131kabilir. Di\u015flerde meydana gelen problemlerin yan\u0131 s\u0131ra psikolojik sorunlar da di\u015f g\u0131c\u0131rdatman\u0131n nedenleri olarak g\u00f6sterilir. Di\u015f g\u0131c\u0131rdatman\u0131n en s\u0131k kar\u015f\u0131la\u015f\u0131lan belirtileri ise \u015funlard\u0131r. Yanl\u0131\u015f \u00e7i\u011fneme al\u0131\u015fkanl\u0131klar\u0131na sahip olmak, Kaybedilmi\u015f olan di\u015flere de ba\u011fl\u0131 olarak di\u015flerin kapanma \u015feklinde ortaya \u00e7\u0131kan bozukluklar, Antidepresan ila\u00e7 kullan\u0131m\u0131, Stresli bir ya\u015fam tarz\u0131, a\u015f\u0131r\u0131 gerginlik, anksiyete ve benzeri psikolojik problemler, Dolgu ya da protez uygulamalar\u0131n normalden daha d\u00fc\u015f\u00fck ya da daha y\u00fcksek \u015fekilde ger\u00e7ekle\u015ftirilmi\u015f olmas\u0131, Hareketsiz ya\u015fam tarz\u0131 ve yanl\u0131\u015f beslenme al\u0131\u015fkanl\u0131klar\u0131 gibi di\u015f g\u0131c\u0131rdatmas\u0131n\u0131 etkileyebilecek baz\u0131 ya\u015fam tarz\u0131 al\u0131\u015fkanl\u0131klar\u0131. S\u00f6z konusu [...]","protected":false},"author":1,"featured_media":12997,"parent":0,"menu_order":0,"comment_status":"closed","ping_status":"closed","template":"page-templates\/full-width.php","meta":{"footnotes":""},"_links":{"self":[{"href":"https:\/\/www.beyazkose.com\/en\/wp-json\/wp\/v2\/pages\/12712"}],"collection":[{"href":"https:\/\/www.beyazkose.com\/en\/wp-json\/wp\/v2\/pages"}],"about":[{"href":"https:\/\/www.beyazkose.com\/en\/wp-json\/wp\/v2\/types\/page"}],"author":[{"embeddable":true,"href":"https:\/\/www.beyazkose.com\/en\/wp-json\/wp\/v2\/users\/1"}],"replies":[{"embeddable":true,"href":"https:\/\/www.beyazkose.com\/en\/wp-json\/wp\/v2\/comments?post=12712"}],"version-history":[{"count":2,"href":"https:\/\/www.beyazkose.com\/en\/wp-json\/wp\/v2\/pages\/12712\/revisions"}],"predecessor-version":[{"id":12839,"href":"https:\/\/www.beyazkose.com\/en\/wp-json\/wp\/v2\/pages\/12712\/revisions\/12839"}],"wp:featuredmedia":[{"embeddable":true,"href":"https:\/\/www.beyazkose.com\/en\/wp-json\/wp\/v2\/media\/12997"}],"wp:attachment":[{"href":"https:\/\/www.beyazkose.com\/en\/wp-json\/wp\/v2\/media?parent=12712"}],"curies":[{"name":"wp","href":"https:\/\/api.w.org\/{rel}","templated":true}]}}