{"id":12725,"date":"2023-04-26T19:10:37","date_gmt":"2023-04-26T19:10:37","guid":{"rendered":"https:\/\/www.beyazkose.com\/?page_id=12725"},"modified":"2023-05-01T08:02:31","modified_gmt":"2023-05-01T08:02:31","slug":"estetik-dis-dolgusu","status":"publish","type":"page","link":"https:\/\/www.beyazkose.com\/en\/aesthetic-dental-filling\/","title":{"rendered":"Aesthetic Tooth Filling"},"content":{"rendered":"<div class=\"wpb-content-wrapper\"><div class=\"vc_row wpb_row vc_row-fluid\"><div class=\"wpb_column vc_column_container vc_col-sm-8\"><div class=\"vc_column-inner\"><div class=\"wpb_wrapper\">\n\t<div class=\"wpb_text_column wpb_content_element\" >\n\t\t<div class=\"wpb_wrapper\">\n\t\t\t<p>Until the past years, black filling applications were performed on the teeth and this caused a bad appearance especially on the front teeth. However, today, thanks to aesthetic dental fillings, the procedure in question can be performed while preserving the natural and aesthetic structure of the teeth.<\/p>\n<h2>What is Aesthetic Tooth Filling? Why is it Applied?<\/h2>\n<p>Aesthetic dental filling is basically a procedure performed to eliminate the losses in dental tissues. In this process, which is performed using composite filling, the filling to be used is adjusted according to the patient's tooth color, so that the teeth have a natural appearance. Bonding filling materials can also be used instead of composite when deemed necessary. The purposes of using aesthetic fillings are as follows:<\/p>\n<ul>\n<li>Correction of permanent discoloration of teeth,<\/li>\n<li>Repair of broken or missing teeth due to trauma or decay,<\/li>\n<li>Realization of a personalized smile design by making shape changes in the teeth,<\/li>\n<li>Lengthening the length of the teeth or closing the gaps between the teeth.<\/li>\n<\/ul>\n<p>In this way, a personalized smile design is made. Individuals feel much better and regain their self-confidence as they get rid of their bad appearance.<\/p>\n<h2>How is Aesthetic Tooth Filling Applied?<\/h2>\n<p>First, tissue and tooth samples are taken from the patients and a preliminary study is carried out to prepare a filling material suitable for the patient's teeth. The steps followed immediately afterwards are as follows:<\/p>\n<p>Local anesthesia is applied,<\/p>\n<p>The prepared composite filling is placed in layers in the cavities formed on the tooth,<\/p>\n<p>The filling material hardened in halogen light is chemically bonded to the tooth,<\/p>\n<p>If necessary, polishing is carried out.<\/p>\n<p>While composite filling is ideal for teeth that are not very visible, porcelain filling may be preferred for front teeth. The application time may take between 15 minutes and 1 hour depending on the area to be applied and the number of teeth.<\/p>\n<h2>What are the Advantages of Aesthetic Dental Filling?<\/h2>\n<p>The biggest advantage of aesthetic dental fillings is that they have a much more beautiful and aesthetic appearance as they will not have a different appearance from the tooth color.<\/p>\n<p>They are applied not only to solve functional problems but also aesthetic problems. Other prominent advantages of aesthetic dental fillings are as follows:<\/p>\n<ul>\n<li>An outsider cannot understand that there is a filling on the tooth,<\/li>\n<li>Patients do not have any allergic reaction,<\/li>\n<li>The structure of the teeth is given a natural and aesthetic appearance,<\/li>\n<li>It is suitable for patients of all ages unless there is a disability,<\/li>\n<li>No sensitivity to hot and cold foods and drinks,<\/li>\n<li>Compatible with oral tissue,<\/li>\n<li>It does not cause any functional problems and has a long service life.<\/li>\n<\/ul>\n<p>Aesthetic dental filling will not fall out even if you consume very hard foods, if the application is performed correctly by an experienced and specialized physician. Likewise, as long as you pay special attention to oral and dental health, the lifetime of aesthetic dental fillings will be at least 5 to 10 years.<\/p>\n\n\t\t<\/div>\n\t<\/div>\n<\/div><\/div><\/div><div class=\"sticky_form_content lead-form wpb_column vc_column_container vc_col-sm-4\" id=\"lead-form\"><div class=\"vc_column-inner\"><div class=\"wpb_wrapper\">\n<div class=\"wpcf7 no-js\" id=\"wpcf7-f1555-o1\" lang=\"en-US\" dir=\"ltr\" data-wpcf7-id=\"1555\">\n<div class=\"screen-reader-response\"><p role=\"status\" aria-live=\"polite\" aria-atomic=\"true\"><\/p> <ul><\/ul><\/div>\n<form action=\"\/en\/wp-json\/wp\/v2\/pages\/12725#wpcf7-f1555-o1\" method=\"post\" class=\"wpcf7-form init\" aria-label=\"Contact form\" novalidate=\"novalidate\" data-status=\"init\" data-trp-original-action=\"\/en\/wp-json\/wp\/v2\/pages\/12725#wpcf7-f1555-o1\">\n<fieldset class=\"hidden-fields-container\"><input type=\"hidden\" name=\"_wpcf7\" value=\"1555\" \/><input type=\"hidden\" name=\"_wpcf7_version\" value=\"6.1.5\" \/><input type=\"hidden\" name=\"_wpcf7_locale\" value=\"en_US\" \/><input type=\"hidden\" name=\"_wpcf7_unit_tag\" value=\"wpcf7-f1555-o1\" \/><input type=\"hidden\" name=\"_wpcf7_container_post\" value=\"0\" \/><input type=\"hidden\" name=\"_wpcf7_posted_data_hash\" value=\"\" \/>\n<\/fieldset>\n<div class=\"row\">\n\t<div class=\"col-lg-12\">\n\t\t<p><span class=\"wpcf7-form-control-wrap\" data-name=\"field-header\"><input size=\"40\" maxlength=\"400\" class=\"wpcf7-form-control wpcf7-text wpcf7-validates-as-required\" aria-required=\"true\" aria-invalid=\"false\" placeholder=\"Your Name and Surname\" value=\"\" type=\"text\" name=\"field-header\" \/><\/span>\n\t\t<\/p>\n\t<\/div>\n\t<div class=\"col-lg-12\">\n\t\t<p><span class=\"wpcf7-form-control-wrap\" data-name=\"phonetext-206\"><input size=\"40\" class=\"wpcf7-form-control wpcf7-phonetext wpcf7-validates-as-required wpcf7-text wpcf7-validates-as-phonetext\" aria-required=\"true\" aria-invalid=\"false\" placeholder=\"\" value=\"\" type=\"text\" name=\"phonetext-206\" \/><input type=\"hidden\" name=\"phonetext-206-country-code\" class=\"wpcf7-phonetext-country-code\" \/><\/span>\n\t\t<\/p>\n\t<\/div>\n\t<div class=\"col-lg-12\">\n\t\t<p><span class=\"wpcf7-form-control-wrap\" data-name=\"field-header3\"><input size=\"40\" maxlength=\"400\" class=\"wpcf7-form-control wpcf7-text wpcf7-validates-as-required\" aria-required=\"true\" aria-invalid=\"false\" placeholder=\"E-Mail\" value=\"\" type=\"text\" name=\"field-header3\" \/><\/span>\n\t\t<\/p>\n\t<\/div>\n\t<div class=\"col-lg-12\">\n\t\t<p><span class=\"wpcf7-form-control-wrap\" data-name=\"field-header4\"><textarea cols=\"40\" rows=\"10\" maxlength=\"2000\" class=\"wpcf7-form-control wpcf7-textarea\" aria-invalid=\"false\" placeholder=\"Your message\" name=\"field-header4\"><\/textarea><\/span>\n\t\t<\/p>\n\t<\/div>\n\t<div class=\"col-lg-12\">\n\t\t<p><input class=\"wpcf7-form-control wpcf7-submit has-spinner\" type=\"submit\" value=\"Send\" \/>\n\t\t<\/p>\n\t<\/div>\n<\/div><div class=\"wpcf7-response-output\" aria-hidden=\"true\"><\/div>\n<input type=\"hidden\" name=\"trp-form-language\" value=\"en\"\/><\/form>\n<\/div>\n<\/div><\/div><\/div><\/div>\n<\/div>","protected":false},"excerpt":{"rendered":"Di\u015flerde ge\u00e7ti\u011fimiz y\u0131llara kadar siyah dolgu uygulamalar\u0131 ger\u00e7ekle\u015ftiriliyordu ve bu durum \u00f6zellikle \u00f6n di\u015flerde k\u00f6t\u00fc bir g\u00f6r\u00fcnt\u00fc olu\u015fmas\u0131na neden oluyordu. Oysa g\u00fcn\u00fcm\u00fczde estetik di\u015f dolgular\u0131 sayesinde s\u00f6z konusu i\u015flem di\u015flerin do\u011fal ve estetik yap\u0131s\u0131 korunarak ger\u00e7ekle\u015ftirilebiliyor. Estetik Di\u015f Dolgusu Nedir? Neden Uygulan\u0131r? Estetik di\u015f dolgusu, en temelde di\u015f dokular\u0131nda meydana gelen kay\u0131plar\u0131n giderilmesi ad\u0131na ger\u00e7ekle\u015ftirilen bir i\u015flemdir. Kompozit dolgu kullan\u0131larak ger\u00e7ekle\u015ftirilen bu i\u015flemde, kullan\u0131lacak olan dolgu hastan\u0131n di\u015f rengine g\u00f6re ayarland\u0131\u011f\u0131 i\u00e7in di\u015flerin do\u011fal bir g\u00f6r\u00fcn\u00fcme kavu\u015fmas\u0131 sa\u011flan\u0131r. Gerekli g\u00f6r\u00fcld\u00fc\u011f\u00fc durumlarda kompozit yerine bonding dolgu materyalleri de kullan\u0131labilir. Estetik dolgular\u0131n kullan\u0131m ama\u00e7lar\u0131 \u015funlard\u0131r: Di\u015flerde meydana gelen kal\u0131c\u0131 renk bozuklu\u011funun d\u00fczeltilmesi, Travmaya ya da \u00e7\u00fcr\u00fcklere ba\u011fl\u0131 olarak k\u0131r\u0131lm\u0131\u015f ya da eksilmi\u015f di\u015flerin onar\u0131lmas\u0131, Di\u015flerde \u015fekil de\u011fi\u015fiklikleri yaparak ki\u015fiye \u00f6zel bir g\u00fcl\u00fc\u015f tasar\u0131m\u0131 ger\u00e7ekle\u015ftirilmesi, Di\u015f boyunun uzat\u0131lmas\u0131 ya da di\u015fler aras\u0131nda olu\u015fan bo\u015fluklar\u0131n kapat\u0131lmas\u0131. B\u00f6ylelikle ki\u015fiye \u00f6zel olarak bir g\u00fcl\u00fc\u015f tasar\u0131m\u0131 yap\u0131lm\u0131\u015f olur. Bireyler k\u00f6t\u00fc g\u00f6r\u00fcnt\u00fcden kurtulduklar\u0131 i\u00e7in kendilerini \u00e7ok daha iyi [...]","protected":false},"author":1,"featured_media":13015,"parent":0,"menu_order":0,"comment_status":"closed","ping_status":"closed","template":"page-templates\/full-width.php","meta":{"footnotes":""},"_links":{"self":[{"href":"https:\/\/www.beyazkose.com\/en\/wp-json\/wp\/v2\/pages\/12725"}],"collection":[{"href":"https:\/\/www.beyazkose.com\/en\/wp-json\/wp\/v2\/pages"}],"about":[{"href":"https:\/\/www.beyazkose.com\/en\/wp-json\/wp\/v2\/types\/page"}],"author":[{"embeddable":true,"href":"https:\/\/www.beyazkose.com\/en\/wp-json\/wp\/v2\/users\/1"}],"replies":[{"embeddable":true,"href":"https:\/\/www.beyazkose.com\/en\/wp-json\/wp\/v2\/comments?post=12725"}],"version-history":[{"count":2,"href":"https:\/\/www.beyazkose.com\/en\/wp-json\/wp\/v2\/pages\/12725\/revisions"}],"predecessor-version":[{"id":12843,"href":"https:\/\/www.beyazkose.com\/en\/wp-json\/wp\/v2\/pages\/12725\/revisions\/12843"}],"wp:featuredmedia":[{"embeddable":true,"href":"https:\/\/www.beyazkose.com\/en\/wp-json\/wp\/v2\/media\/13015"}],"wp:attachment":[{"href":"https:\/\/www.beyazkose.com\/en\/wp-json\/wp\/v2\/media?parent=12725"}],"curies":[{"name":"wp","href":"https:\/\/api.w.org\/{rel}","templated":true}]}}