{"id":12726,"date":"2023-04-26T19:10:42","date_gmt":"2023-04-26T19:10:42","guid":{"rendered":"https:\/\/www.beyazkose.com\/?page_id=12726"},"modified":"2023-05-01T08:02:57","modified_gmt":"2023-05-01T08:02:57","slug":"seramik-dis-dolgusu","status":"publish","type":"page","link":"https:\/\/www.beyazkose.com\/en\/ceramic-dental-filling\/","title":{"rendered":"Ceramic Tooth Filling"},"content":{"rendered":"<div class=\"wpb-content-wrapper\"><div class=\"vc_row wpb_row vc_row-fluid\"><div class=\"wpb_column vc_column_container vc_col-sm-8\"><div class=\"vc_column-inner\"><div class=\"wpb_wrapper\">\n\t<div class=\"wpb_text_column wpb_content_element\" >\n\t\t<div class=\"wpb_wrapper\">\n\t\t\t<p>If the teeth are not damaged enough to be covered with a crown, the deficiencies or loss of material in the teeth can be eliminated with ceramic fillings. Moreover, having a natural structure is preferred by individuals who want to create an aesthetic appearance.<\/p>\n<h2>What is Ceramic Dental Filling?<\/h2>\n<p>Ceramic fillings are used to eliminate the loss of material in teeth due to factors such as trauma, caries or root canal treatment and to complete the missing parts. Ceramic fillings used for restoration are prepared in a laboratory environment and are usually made of a mixture of porcelain and composite. Compared to fillings made of composite material only, they are much more easily compatible with both the tooth to which they are applied and the surrounding teeth and last much longer.<\/p>\n<p>Thanks to ceramic fillings, the tooth will have the same hardness as the original tooth and will become much healthier than before, so there will be no fractures caused by biting force. At the same time, they have a natural appearance that an outsider cannot see.<\/p>\n<h2>How is Ceramic Tooth Filling Done?<\/h2>\n<p>Ceramic filling application can be performed quickly. It can be completed in 2 sessions, the first being impression taking and preparation and the second being the application. At the same time, ceramic fillings are prepared in a laboratory environment, not in the mouth like classical fillings. Therefore, there are no problems such as compatibility problems. The application stages of the procedure are as follows:<\/p>\n<ul>\n<li>The procedures applied in the first session are cleaning the decays and taking the measurements of the neighboring teeth together with the tooth to be treated,<\/li>\n<li>After these procedures are completed, the tooth is covered with a temporary filling,<\/li>\n<li>The first session is terminated and the impression is sent to the laboratory,<\/li>\n<li>After the inlay and onlay fillings are prepared, the temporary filling is removed at the beginning of the second session,<\/li>\n<li>The fillings are tested, polished and bonded to the tooth with a special adhesive,<\/li>\n<li>It is ensured that the teeth are fully closed, that there is no low and no height between the teeth and the process is finalized with the final polishing process.<\/li>\n<\/ul>\n<p>Additional sessions may be required in cases where more than one ceramic filler application will be performed or when required by the physician.<\/p>\n<h2>What are the Advantages of Ceramic Dental Fillings?<\/h2>\n<p>The biggest advantage of ceramic fillings is an aesthetic and natural appearance. At the same time, since it provides a long-lasting use, frequent application is not required. Other prominent advantages of ceramic dental fillings are as follows:<\/p>\n<ul>\n<li>The intact tissue of the treated tooth is preserved and the risk of edge leakage or caries formation is minimized,<\/li>\n<li>Teeth are not cut unless necessary,<\/li>\n<li>It has the same hardness as a real tooth and will not break with chewing pressure,<\/li>\n<li>Since porcelain material is used, there is no color change over time,<\/li>\n<li>Its biological compatibility is strong and allergic reactions do not occur.<\/li>\n<\/ul>\n<p>Thanks to all these advantages, ceramic fillers are used much more frequently than other filling methods. The result is satisfactory with the choice of a specialist physician and a correct application.<\/p>\n\n\t\t<\/div>\n\t<\/div>\n<\/div><\/div><\/div><div class=\"sticky_form_content lead-form wpb_column vc_column_container vc_col-sm-4\" id=\"lead-form\"><div class=\"vc_column-inner\"><div class=\"wpb_wrapper\">\n<div class=\"wpcf7 no-js\" id=\"wpcf7-f1555-o1\" lang=\"en-US\" dir=\"ltr\" data-wpcf7-id=\"1555\">\n<div class=\"screen-reader-response\"><p role=\"status\" aria-live=\"polite\" aria-atomic=\"true\"><\/p> <ul><\/ul><\/div>\n<form action=\"\/en\/wp-json\/wp\/v2\/pages\/12726#wpcf7-f1555-o1\" method=\"post\" class=\"wpcf7-form init\" aria-label=\"Contact form\" novalidate=\"novalidate\" data-status=\"init\" data-trp-original-action=\"\/en\/wp-json\/wp\/v2\/pages\/12726#wpcf7-f1555-o1\">\n<fieldset class=\"hidden-fields-container\"><input type=\"hidden\" name=\"_wpcf7\" value=\"1555\" \/><input type=\"hidden\" name=\"_wpcf7_version\" value=\"6.1.5\" \/><input type=\"hidden\" name=\"_wpcf7_locale\" value=\"en_US\" \/><input type=\"hidden\" name=\"_wpcf7_unit_tag\" value=\"wpcf7-f1555-o1\" \/><input type=\"hidden\" name=\"_wpcf7_container_post\" value=\"0\" \/><input type=\"hidden\" name=\"_wpcf7_posted_data_hash\" value=\"\" \/>\n<\/fieldset>\n<div class=\"row\">\n\t<div class=\"col-lg-12\">\n\t\t<p><span class=\"wpcf7-form-control-wrap\" data-name=\"field-header\"><input size=\"40\" maxlength=\"400\" class=\"wpcf7-form-control wpcf7-text wpcf7-validates-as-required\" aria-required=\"true\" aria-invalid=\"false\" placeholder=\"Your Name and Surname\" value=\"\" type=\"text\" name=\"field-header\" \/><\/span>\n\t\t<\/p>\n\t<\/div>\n\t<div class=\"col-lg-12\">\n\t\t<p><span class=\"wpcf7-form-control-wrap\" data-name=\"phonetext-206\"><input size=\"40\" class=\"wpcf7-form-control wpcf7-phonetext wpcf7-validates-as-required wpcf7-text wpcf7-validates-as-phonetext\" aria-required=\"true\" aria-invalid=\"false\" placeholder=\"\" value=\"\" type=\"text\" name=\"phonetext-206\" \/><input type=\"hidden\" name=\"phonetext-206-country-code\" class=\"wpcf7-phonetext-country-code\" \/><\/span>\n\t\t<\/p>\n\t<\/div>\n\t<div class=\"col-lg-12\">\n\t\t<p><span class=\"wpcf7-form-control-wrap\" data-name=\"field-header3\"><input size=\"40\" maxlength=\"400\" class=\"wpcf7-form-control wpcf7-text wpcf7-validates-as-required\" aria-required=\"true\" aria-invalid=\"false\" placeholder=\"E-Mail\" value=\"\" type=\"text\" name=\"field-header3\" \/><\/span>\n\t\t<\/p>\n\t<\/div>\n\t<div class=\"col-lg-12\">\n\t\t<p><span class=\"wpcf7-form-control-wrap\" data-name=\"field-header4\"><textarea cols=\"40\" rows=\"10\" maxlength=\"2000\" class=\"wpcf7-form-control wpcf7-textarea\" aria-invalid=\"false\" placeholder=\"Your message\" name=\"field-header4\"><\/textarea><\/span>\n\t\t<\/p>\n\t<\/div>\n\t<div class=\"col-lg-12\">\n\t\t<p><input class=\"wpcf7-form-control wpcf7-submit has-spinner\" type=\"submit\" value=\"Send\" \/>\n\t\t<\/p>\n\t<\/div>\n<\/div><div class=\"wpcf7-response-output\" aria-hidden=\"true\"><\/div>\n<input type=\"hidden\" name=\"trp-form-language\" value=\"en\"\/><\/form>\n<\/div>\n<\/div><\/div><\/div><\/div>\n<\/div>","protected":false},"excerpt":{"rendered":"E\u011fer di\u015fler kuron ile kaplanacak derecede zarar g\u00f6rmediyse, di\u015flerde meydana gelen eksiklikler ya da madde kayb\u0131 seramik dolgular ile giderilebilir. \u00dcstelik do\u011fal bir yap\u0131ya sahip olmas\u0131, estetik bir g\u00f6r\u00fcnt\u00fc yaratmak isteyen bireyler taraf\u0131ndan tercih sebebidir. Seramik Di\u015f Dolgusu Nedir? Seramik dolgular travmaya ba\u011fl\u0131 nedenler, \u00e7\u00fcr\u00fck ya da kanal tedavisi gibi fakt\u00f6rler nedeniyle di\u015flerde olu\u015fan madde kayb\u0131n\u0131n giderilmesi ve eksik k\u0131s\u0131mlar\u0131n tamamlanmas\u0131 amac\u0131yla kullan\u0131l\u0131r. Restorasyon amac\u0131yla kullan\u0131lan seramik dolgular laboratuvar ortam\u0131nda haz\u0131rlan\u0131r ve genellikle porselen ve kompozit kar\u0131\u015f\u0131mdan olu\u015fturulur. Yaln\u0131zca kompozit malzemeden olu\u015fturulmu\u015f olan dolgular ile mukayese edildi\u011finde hem uyguland\u0131\u011f\u0131 di\u015f ile, hem de \u00e7evredeki di\u015fler ile \u00e7ok daha kolay uyum sa\u011flar ve \u00e7ok daha uzun \u00f6m\u00fcrl\u00fcd\u00fcr. Di\u015f seramik dolgular sayesinde orjinal di\u015f ile ayn\u0131 sertli\u011fe ve eskisinden \u00e7ok daha sa\u011fl\u0131kl\u0131 bir hale gelece\u011fi i\u00e7in \u0131s\u0131rma kuvvetinden kaynaklanan k\u0131r\u0131lmalar meydana gelmez. Ayn\u0131 zamanda d\u0131\u015far\u0131dan bakan birinin g\u00f6remeyece\u011fi kadar do\u011fal bir g\u00f6r\u00fcn\u00fcme sahiptirler. Seramik Di\u015f Dolgusu Nas\u0131l Yap\u0131l\u0131r? Seramik dolgu uygulamas\u0131 h\u0131zl\u0131 [...]","protected":false},"author":1,"featured_media":13010,"parent":0,"menu_order":0,"comment_status":"closed","ping_status":"closed","template":"page-templates\/full-width.php","meta":{"footnotes":""},"_links":{"self":[{"href":"https:\/\/www.beyazkose.com\/en\/wp-json\/wp\/v2\/pages\/12726"}],"collection":[{"href":"https:\/\/www.beyazkose.com\/en\/wp-json\/wp\/v2\/pages"}],"about":[{"href":"https:\/\/www.beyazkose.com\/en\/wp-json\/wp\/v2\/types\/page"}],"author":[{"embeddable":true,"href":"https:\/\/www.beyazkose.com\/en\/wp-json\/wp\/v2\/users\/1"}],"replies":[{"embeddable":true,"href":"https:\/\/www.beyazkose.com\/en\/wp-json\/wp\/v2\/comments?post=12726"}],"version-history":[{"count":2,"href":"https:\/\/www.beyazkose.com\/en\/wp-json\/wp\/v2\/pages\/12726\/revisions"}],"predecessor-version":[{"id":12844,"href":"https:\/\/www.beyazkose.com\/en\/wp-json\/wp\/v2\/pages\/12726\/revisions\/12844"}],"wp:featuredmedia":[{"embeddable":true,"href":"https:\/\/www.beyazkose.com\/en\/wp-json\/wp\/v2\/media\/13010"}],"wp:attachment":[{"href":"https:\/\/www.beyazkose.com\/en\/wp-json\/wp\/v2\/media?parent=12726"}],"curies":[{"name":"wp","href":"https:\/\/api.w.org\/{rel}","templated":true}]}}