{"id":12727,"date":"2023-04-26T19:10:45","date_gmt":"2023-04-26T19:10:45","guid":{"rendered":"https:\/\/www.beyazkose.com\/?page_id=12727"},"modified":"2023-05-01T08:03:27","modified_gmt":"2023-05-01T08:03:27","slug":"gulus-tasarimi","status":"publish","type":"page","link":"https:\/\/www.beyazkose.com\/en\/smile-design\/","title":{"rendered":"Smile Design"},"content":{"rendered":"<div class=\"wpb-content-wrapper\"><div class=\"vc_row wpb_row vc_row-fluid\"><div class=\"wpb_column vc_column_container vc_col-sm-8\"><div class=\"vc_column-inner\"><div class=\"wpb_wrapper\">\n\t<div class=\"wpb_text_column wpb_content_element\" >\n\t\t<div class=\"wpb_wrapper\">\n\t\t\t<p>Some people may be dissatisfied with their oral structure due to congenital or acquired problems. Missing teeth, stains on the teeth or problems occurring in the lip folds do not offer a beautiful smile. In such cases, it is possible for people to apply for smile design applications in order to have the appearance they want.<\/p>\n<h2>What is Smile Design? Why is it done?<\/h2>\n<p>Smile design is a procedure performed with purely aesthetic concerns, not to eliminate functional defects.<\/p>\n<p>Smile design, also called Hollywood smile, consists of a series of procedures applied in order to eliminate the appearance that people are uncomfortable with and to create an appearance as they demand.<\/p>\n<p>Situations that make smile design necessary can be listed as follows:<\/p>\n<ul>\n<li>A crooked appearance in the tooth alignment,<\/li>\n<li>Worse than normal discoloration or staining of the teeth,<\/li>\n<li>Gum recession,<\/li>\n<li>Missing teeth<\/li>\n<li>Disproportion between teeth and gums,<\/li>\n<li>Gum problems.<\/li>\n<\/ul>\n<p>All these problems can be easily solved in line with the patient's demands thanks to smile design.<\/p>\n<h2>What Does Having a Smile Design Give You?<\/h2>\n<p>Smile design can be requested by individuals of almost any age. Of course, the most basic gain is to have a much more beautiful smile. Other prominent advantages of smile design are as follows:<\/p>\n<ul>\n<li>Individuals have a much more dynamic and youthful appearance,<\/li>\n<li>Both the teeth and the tissues surrounding the teeth become much healthier,<\/li>\n<li>Individuals regain the self-confidence they have lost because they have a more beautiful smile and a more beautiful appearance,<\/li>\n<li>Anxieties in social life are eliminated.<\/li>\n<\/ul>\n<p>Since it is a procedure performed for aesthetic purposes, its cost can be much higher than normal dental treatments. The permanence of smile design can last between 5 and 15 years, depending on the patient's self-care.<\/p>\n\n\t\t<\/div>\n\t<\/div>\n<\/div><\/div><\/div><div class=\"sticky_form_content lead-form wpb_column vc_column_container vc_col-sm-4\" id=\"lead-form\"><div class=\"vc_column-inner\"><div class=\"wpb_wrapper\">\n<div class=\"wpcf7 no-js\" id=\"wpcf7-f1555-o1\" lang=\"en-US\" dir=\"ltr\" data-wpcf7-id=\"1555\">\n<div class=\"screen-reader-response\"><p role=\"status\" aria-live=\"polite\" aria-atomic=\"true\"><\/p> <ul><\/ul><\/div>\n<form action=\"\/en\/wp-json\/wp\/v2\/pages\/12727#wpcf7-f1555-o1\" method=\"post\" class=\"wpcf7-form init\" aria-label=\"Contact form\" novalidate=\"novalidate\" data-status=\"init\" data-trp-original-action=\"\/en\/wp-json\/wp\/v2\/pages\/12727#wpcf7-f1555-o1\">\n<fieldset class=\"hidden-fields-container\"><input type=\"hidden\" name=\"_wpcf7\" value=\"1555\" \/><input type=\"hidden\" name=\"_wpcf7_version\" value=\"6.1.5\" \/><input type=\"hidden\" name=\"_wpcf7_locale\" value=\"en_US\" \/><input type=\"hidden\" name=\"_wpcf7_unit_tag\" value=\"wpcf7-f1555-o1\" \/><input type=\"hidden\" name=\"_wpcf7_container_post\" value=\"0\" \/><input type=\"hidden\" name=\"_wpcf7_posted_data_hash\" value=\"\" \/>\n<\/fieldset>\n<div class=\"row\">\n\t<div class=\"col-lg-12\">\n\t\t<p><span class=\"wpcf7-form-control-wrap\" data-name=\"field-header\"><input size=\"40\" maxlength=\"400\" class=\"wpcf7-form-control wpcf7-text wpcf7-validates-as-required\" aria-required=\"true\" aria-invalid=\"false\" placeholder=\"Your Name and Surname\" value=\"\" type=\"text\" name=\"field-header\" \/><\/span>\n\t\t<\/p>\n\t<\/div>\n\t<div class=\"col-lg-12\">\n\t\t<p><span class=\"wpcf7-form-control-wrap\" data-name=\"phonetext-206\"><input size=\"40\" class=\"wpcf7-form-control wpcf7-phonetext wpcf7-validates-as-required wpcf7-text wpcf7-validates-as-phonetext\" aria-required=\"true\" aria-invalid=\"false\" placeholder=\"\" value=\"\" type=\"text\" name=\"phonetext-206\" \/><input type=\"hidden\" name=\"phonetext-206-country-code\" class=\"wpcf7-phonetext-country-code\" \/><\/span>\n\t\t<\/p>\n\t<\/div>\n\t<div class=\"col-lg-12\">\n\t\t<p><span class=\"wpcf7-form-control-wrap\" data-name=\"field-header3\"><input size=\"40\" maxlength=\"400\" class=\"wpcf7-form-control wpcf7-text wpcf7-validates-as-required\" aria-required=\"true\" aria-invalid=\"false\" placeholder=\"E-Mail\" value=\"\" type=\"text\" name=\"field-header3\" \/><\/span>\n\t\t<\/p>\n\t<\/div>\n\t<div class=\"col-lg-12\">\n\t\t<p><span class=\"wpcf7-form-control-wrap\" data-name=\"field-header4\"><textarea cols=\"40\" rows=\"10\" maxlength=\"2000\" class=\"wpcf7-form-control wpcf7-textarea\" aria-invalid=\"false\" placeholder=\"Your message\" name=\"field-header4\"><\/textarea><\/span>\n\t\t<\/p>\n\t<\/div>\n\t<div class=\"col-lg-12\">\n\t\t<p><input class=\"wpcf7-form-control wpcf7-submit has-spinner\" type=\"submit\" value=\"Send\" \/>\n\t\t<\/p>\n\t<\/div>\n<\/div><div class=\"wpcf7-response-output\" aria-hidden=\"true\"><\/div>\n<input type=\"hidden\" name=\"trp-form-language\" value=\"en\"\/><\/form>\n<\/div>\n<\/div><\/div><\/div><\/div>\n<\/div>","protected":false},"excerpt":{"rendered":"Baz\u0131 insanlar a\u011f\u0131z yap\u0131s\u0131nda do\u011fu\u015ftan olu\u015fan ya da sonradan meydana gelen problemler nedeniyle memnuniyetsiz olabilir. Eksik di\u015fler, di\u015flerde meydana gelen lekelenmeler ya da dudak k\u0131vr\u0131mlar\u0131nda meydana gelen problemler g\u00fczel bir g\u00fcl\u00fc\u015f imkan\u0131 sunmaz. B\u00f6yle durumlarda ki\u015filerin istedikleri g\u00f6r\u00fcn\u00fcme sahip olabilmeleri ad\u0131nda g\u00fcl\u00fc\u015f tasar\u0131m\u0131 uygulamalar\u0131na ba\u015fvurmas\u0131 m\u00fcmk\u00fcnd\u00fcr. G\u00fcl\u00fc\u015f Tasar\u0131m\u0131 Nedir? Neden Yap\u0131l\u0131r? G\u00fcl\u00fc\u015f tasar\u0131m\u0131 i\u015flevsel kusurlar\u0131n giderilmesi amac\u0131yla de\u011fil, tamamen estetik kayg\u0131lar ile ger\u00e7ekle\u015ftirilen bir i\u015flemdir. Hollywood g\u00fcl\u00fc\u015f\u00fc olarak da adland\u0131r\u0131lan g\u00fcl\u00fc\u015f tasar\u0131m\u0131, ki\u015filerin rahats\u0131z olduklar\u0131 g\u00f6r\u00fcnt\u00fcn\u00fcn ortadan kald\u0131r\u0131lmas\u0131 ve talep ettikleri gibi bir g\u00f6r\u00fcn\u00fcm yarat\u0131lmas\u0131 ad\u0131na uygulanan bir dizi i\u015flemden olu\u015fur. G\u00fcl\u00fc\u015f tasar\u0131m\u0131n\u0131 gerekli k\u0131lacak durumlar \u015fu \u015fekilde listelenebilir: Di\u015f diziliminde \u00e7apra\u015f\u0131k bir g\u00f6r\u00fcn\u00fcm, Di\u015flerde normalden daha k\u00f6t\u00fc bir renklenme ya da lekelenme, Di\u015f etlerinde \u00e7ekilme, Eksik di\u015fler, Di\u015f ve di\u015f etleri aras\u0131nda orant\u0131s\u0131zl\u0131k, Di\u015f eti problemleri. T\u00fcm bu problemler g\u00fcl\u00fc\u015f tasar\u0131m\u0131 sayesinde hastan\u0131n talepleri do\u011frultusunda rahatl\u0131kla giderilebilir. G\u00fcl\u00fc\u015f Tasar\u0131m\u0131 Yapt\u0131rmak Size Ne Kazand\u0131r\u0131r? G\u00fcl\u00fc\u015f tasar\u0131m\u0131 hemen hemen her ya\u015ftaki [...]","protected":false},"author":1,"featured_media":13005,"parent":0,"menu_order":0,"comment_status":"closed","ping_status":"closed","template":"page-templates\/full-width.php","meta":{"footnotes":""},"_links":{"self":[{"href":"https:\/\/www.beyazkose.com\/en\/wp-json\/wp\/v2\/pages\/12727"}],"collection":[{"href":"https:\/\/www.beyazkose.com\/en\/wp-json\/wp\/v2\/pages"}],"about":[{"href":"https:\/\/www.beyazkose.com\/en\/wp-json\/wp\/v2\/types\/page"}],"author":[{"embeddable":true,"href":"https:\/\/www.beyazkose.com\/en\/wp-json\/wp\/v2\/users\/1"}],"replies":[{"embeddable":true,"href":"https:\/\/www.beyazkose.com\/en\/wp-json\/wp\/v2\/comments?post=12727"}],"version-history":[{"count":2,"href":"https:\/\/www.beyazkose.com\/en\/wp-json\/wp\/v2\/pages\/12727\/revisions"}],"predecessor-version":[{"id":12845,"href":"https:\/\/www.beyazkose.com\/en\/wp-json\/wp\/v2\/pages\/12727\/revisions\/12845"}],"wp:featuredmedia":[{"embeddable":true,"href":"https:\/\/www.beyazkose.com\/en\/wp-json\/wp\/v2\/media\/13005"}],"wp:attachment":[{"href":"https:\/\/www.beyazkose.com\/en\/wp-json\/wp\/v2\/media?parent=12727"}],"curies":[{"name":"wp","href":"https:\/\/api.w.org\/{rel}","templated":true}]}}