{"id":12728,"date":"2023-04-26T19:10:49","date_gmt":"2023-04-26T19:10:49","guid":{"rendered":"https:\/\/www.beyazkose.com\/?page_id=12728"},"modified":"2023-05-01T08:03:48","modified_gmt":"2023-05-01T08:03:48","slug":"bonding-uygulamasi","status":"publish","type":"page","link":"https:\/\/www.beyazkose.com\/en\/bonding-application\/","title":{"rendered":"Bonding Application"},"content":{"rendered":"<div class=\"wpb-content-wrapper\"><div class=\"vc_row wpb_row vc_row-fluid\"><div class=\"wpb_column vc_column_container vc_col-sm-8\"><div class=\"vc_column-inner\"><div class=\"wpb_wrapper\">\n\t<div class=\"wpb_text_column wpb_content_element\" >\n\t\t<div class=\"wpb_wrapper\">\n\t\t\t<p>Teeth can be broken, decayed or stained due to various reasons. In such cases, functional problems may arise as well as aesthetic problems and these problems may negatively affect people's self-confidence.<\/p>\n<p>Today, bonding is an application preferred by many people in order to eliminate both functional and aesthetic defects and to have a much more beautiful smile. It is preferred for many individuals because it is both a comfortable process and low cost.<\/p>\n<h2>What is Bonding Application?<\/h2>\n<p>Bonding is a cosmetic application performed in cases such as tooth decay, fracture or discoloration. In this application, which is also performed to correct notched teeth, the gaps between the teeth can be closed and at the same time the shape or color of the teeth can be changed.<\/p>\n<p>Bonding, which is both low-cost, easy and comfortable for patients, does not require any abrasion on the tooth and therefore no tooth damage occurs.<\/p>\n<p>The procedure is performed by bonding composite filling materials to the tooth. Bonding is a frequently used application today in order to eliminate the deformities on the teeth and create a much more aesthetic appearance.<\/p>\n<h2>How is Bonding Application Performed?<\/h2>\n<p>The steps followed in bonding application, which is a comfortable application for patients, are as follows respectively:<\/p>\n<ul>\n<li>First, teeth cleaning is performed,<\/li>\n<li>After the decays are cleaned, roughening is performed to increase the adhesion of the surface. This makes it much easier to bond the retaining agent called bonding to the tooth.<\/li>\n<li>Acid is applied to deepen the rough surface and make the retention stronger. After the acid brings the surface to the desired point, it is washed with water, the teeth are dried and made ready for bonding application.<\/li>\n<li>Bonding is applied with the help of a micro brush and a special light is used to harden the applied material.<\/li>\n<\/ul>\n<p>After all these procedures are completed, polishing is performed to give the tooth an aesthetic appearance. The polishing process is of great importance in order to achieve a smooth appearance and to make the tooth more resistant to staining. If necessary, polishing can be repeated after 1 week. During the application, patients do not feel any pain or ache as no abrasion is performed. For this reason, no anesthesia is applied during the application unless deemed necessary.<\/p>\n<h2>What are the Advantages of Bonding Application?<\/h2>\n<p>Bonding, which is a highly effective method for removing fractures in the teeth, is also a procedure applied during smile design. In other words, in addition to eliminating functional defects, it is also important in terms of achieving an aesthetic appearance. The prominent advantages of bonding application are as follows:<\/p>\n<ul>\n<li>There is no cutting or abrasion during the shaping of the teeth,<\/li>\n<li>Gaps between teeth can be closed without the need for tooth cutting,<\/li>\n<li>By lengthening the tooth length, the teeth are made to look aesthetic during speaking or laughing,<\/li>\n<li>It is much less costly than porcelain tooth applications,<\/li>\n<li>Before porcelain application, it can be applied for rehearsal purposes in order for patients to see what kind of appearance they will have,<\/li>\n<li>No anesthesia is required,<\/li>\n<li>It is one of the fastest solutions applied to eliminate dental problems.<\/li>\n<\/ul>\n<p>The only disadvantage of bonding is that the material applied is not as hard as the natural structure of the tooth. Therefore, crumbling may occur when hard things are bitten. Therefore, the lifetime of the application is usually a few years. Of course, oral care and the amount of bonding are also decisive for the life of the application. At the same time, it is recommended that people who have bonding application should have regular dental check-ups in order to monitor the condition of the fillings.<\/p>\n\n\t\t<\/div>\n\t<\/div>\n<\/div><\/div><\/div><div class=\"sticky_form_content lead-form wpb_column vc_column_container vc_col-sm-4\" id=\"lead-form\"><div class=\"vc_column-inner\"><div class=\"wpb_wrapper\">\n<div class=\"wpcf7 no-js\" id=\"wpcf7-f1555-o1\" lang=\"en-US\" dir=\"ltr\" data-wpcf7-id=\"1555\">\n<div class=\"screen-reader-response\"><p role=\"status\" aria-live=\"polite\" aria-atomic=\"true\"><\/p> <ul><\/ul><\/div>\n<form action=\"\/en\/wp-json\/wp\/v2\/pages\/12728#wpcf7-f1555-o1\" method=\"post\" class=\"wpcf7-form init\" aria-label=\"Contact form\" novalidate=\"novalidate\" data-status=\"init\" data-trp-original-action=\"\/en\/wp-json\/wp\/v2\/pages\/12728#wpcf7-f1555-o1\">\n<fieldset class=\"hidden-fields-container\"><input type=\"hidden\" name=\"_wpcf7\" value=\"1555\" \/><input type=\"hidden\" name=\"_wpcf7_version\" value=\"6.1.5\" \/><input type=\"hidden\" name=\"_wpcf7_locale\" value=\"en_US\" \/><input type=\"hidden\" name=\"_wpcf7_unit_tag\" value=\"wpcf7-f1555-o1\" \/><input type=\"hidden\" name=\"_wpcf7_container_post\" value=\"0\" \/><input type=\"hidden\" name=\"_wpcf7_posted_data_hash\" value=\"\" \/>\n<\/fieldset>\n<div class=\"row\">\n\t<div class=\"col-lg-12\">\n\t\t<p><span class=\"wpcf7-form-control-wrap\" data-name=\"field-header\"><input size=\"40\" maxlength=\"400\" class=\"wpcf7-form-control wpcf7-text wpcf7-validates-as-required\" aria-required=\"true\" aria-invalid=\"false\" placeholder=\"Your Name and Surname\" value=\"\" type=\"text\" name=\"field-header\" \/><\/span>\n\t\t<\/p>\n\t<\/div>\n\t<div class=\"col-lg-12\">\n\t\t<p><span class=\"wpcf7-form-control-wrap\" data-name=\"phonetext-206\"><input size=\"40\" class=\"wpcf7-form-control wpcf7-phonetext wpcf7-validates-as-required wpcf7-text wpcf7-validates-as-phonetext\" aria-required=\"true\" aria-invalid=\"false\" placeholder=\"\" value=\"\" type=\"text\" name=\"phonetext-206\" \/><input type=\"hidden\" name=\"phonetext-206-country-code\" class=\"wpcf7-phonetext-country-code\" \/><\/span>\n\t\t<\/p>\n\t<\/div>\n\t<div class=\"col-lg-12\">\n\t\t<p><span class=\"wpcf7-form-control-wrap\" data-name=\"field-header3\"><input size=\"40\" maxlength=\"400\" class=\"wpcf7-form-control wpcf7-text wpcf7-validates-as-required\" aria-required=\"true\" aria-invalid=\"false\" placeholder=\"E-Mail\" value=\"\" type=\"text\" name=\"field-header3\" \/><\/span>\n\t\t<\/p>\n\t<\/div>\n\t<div class=\"col-lg-12\">\n\t\t<p><span class=\"wpcf7-form-control-wrap\" data-name=\"field-header4\"><textarea cols=\"40\" rows=\"10\" maxlength=\"2000\" class=\"wpcf7-form-control wpcf7-textarea\" aria-invalid=\"false\" placeholder=\"Your message\" name=\"field-header4\"><\/textarea><\/span>\n\t\t<\/p>\n\t<\/div>\n\t<div class=\"col-lg-12\">\n\t\t<p><input class=\"wpcf7-form-control wpcf7-submit has-spinner\" type=\"submit\" value=\"Send\" \/>\n\t\t<\/p>\n\t<\/div>\n<\/div><div class=\"wpcf7-response-output\" aria-hidden=\"true\"><\/div>\n<input type=\"hidden\" name=\"trp-form-language\" value=\"en\"\/><\/form>\n<\/div>\n<\/div><\/div><\/div><\/div>\n<\/div>","protected":false},"excerpt":{"rendered":"Di\u015fler \u00e7e\u015fitli nedenlere ba\u011fl\u0131 olarak k\u0131r\u0131labilir, \u00e7\u00fcr\u00fcyebilir ya da lekelenebilir. B\u00f6yle durumlarda i\u015flevsel problemler ortaya \u00e7\u0131kabilece\u011fi gibi estetik problemler de ortaya \u00e7\u0131kar ve bu problemler ki\u015filerin \u00f6zg\u00fcvenlerini olumsuz etkileyebilir. G\u00fcn\u00fcm\u00fczde hem i\u015flevsel hem de estetik kusurlar\u0131n giderilmesi, bireylerin \u00e7ok daha g\u00fczel bir g\u00fcl\u00fc\u015fe sahip olmas\u0131 ad\u0131na bonding pek \u00e7ok ki\u015fi taraf\u0131ndan tercih edilen bir uygulamad\u0131r. Pek \u00e7ok birey i\u00e7in hem konforlu bir s\u00fcre\u00e7 olmas\u0131 hem de d\u00fc\u015f\u00fck maliyetli olmas\u0131 nedeniyle tercih sebebidir. Bonding Uygulamas\u0131 Nedir? Bonding, di\u015flerde meydana gelen \u00e7\u00fcr\u00fck, k\u0131r\u0131k ya da renk de\u011fi\u015fimi gibi durumlarda ger\u00e7ekle\u015ftiren kozmetik bir uygulamad\u0131r. \u00c7entikli di\u015fleri d\u00fczeltmek i\u00e7in de ger\u00e7ekle\u015ftirilen bu uygulamada di\u015fler aras\u0131ndaki bo\u015fluklar kapat\u0131labilir ve ayn\u0131 zamanda di\u015flerin \u015fekli ya da rengi de\u011fi\u015ftirilebilir. Hem d\u00fc\u015f\u00fck maliyetli, hem kolay, hem de hastalar a\u00e7\u0131s\u0131ndan konforlu bir uygulama olan bonding, di\u015f \u00fczerinde herhangi bir a\u015f\u0131nd\u0131rma yap\u0131lmas\u0131n\u0131 gerektirmiyor ve bu y\u00fczden de herhangi bir di\u015f hasar\u0131 olu\u015fmuyor. \u0130\u015flem kompozit dolgu malzemelerinin di\u015fe yap\u0131\u015ft\u0131r\u0131lmas\u0131 ile ger\u00e7ekle\u015ftiriliyor. [...]","protected":false},"author":1,"featured_media":13012,"parent":0,"menu_order":0,"comment_status":"closed","ping_status":"closed","template":"page-templates\/full-width.php","meta":{"footnotes":""},"_links":{"self":[{"href":"https:\/\/www.beyazkose.com\/en\/wp-json\/wp\/v2\/pages\/12728"}],"collection":[{"href":"https:\/\/www.beyazkose.com\/en\/wp-json\/wp\/v2\/pages"}],"about":[{"href":"https:\/\/www.beyazkose.com\/en\/wp-json\/wp\/v2\/types\/page"}],"author":[{"embeddable":true,"href":"https:\/\/www.beyazkose.com\/en\/wp-json\/wp\/v2\/users\/1"}],"replies":[{"embeddable":true,"href":"https:\/\/www.beyazkose.com\/en\/wp-json\/wp\/v2\/comments?post=12728"}],"version-history":[{"count":2,"href":"https:\/\/www.beyazkose.com\/en\/wp-json\/wp\/v2\/pages\/12728\/revisions"}],"predecessor-version":[{"id":12846,"href":"https:\/\/www.beyazkose.com\/en\/wp-json\/wp\/v2\/pages\/12728\/revisions\/12846"}],"wp:featuredmedia":[{"embeddable":true,"href":"https:\/\/www.beyazkose.com\/en\/wp-json\/wp\/v2\/media\/13012"}],"wp:attachment":[{"href":"https:\/\/www.beyazkose.com\/en\/wp-json\/wp\/v2\/media?parent=12728"}],"curies":[{"name":"wp","href":"https:\/\/api.w.org\/{rel}","templated":true}]}}