{"id":12730,"date":"2023-04-26T19:10:56","date_gmt":"2023-04-26T19:10:56","guid":{"rendered":"https:\/\/www.beyazkose.com\/?page_id=12730"},"modified":"2023-05-01T08:04:30","modified_gmt":"2023-05-01T08:04:30","slug":"zirkonyum-dis-kaplama","status":"publish","type":"page","link":"https:\/\/www.beyazkose.com\/en\/zirconium-dental-coating\/","title":{"rendered":"Zirconium Tooth Veneers"},"content":{"rendered":"<div class=\"wpb-content-wrapper\"><div class=\"vc_row wpb_row vc_row-fluid\"><div class=\"wpb_column vc_column_container vc_col-sm-8\"><div class=\"vc_column-inner\"><div class=\"wpb_wrapper\">\n\t<div class=\"wpb_text_column wpb_content_element\" >\n\t\t<div class=\"wpb_wrapper\">\n\t\t\t<p>Loss of teeth or aesthetic problems can be eliminated with various coating methods. Dental veneers greatly help to eliminate functional problems. Of course, in addition to eliminating functional problems, an aesthetic appearance is important. The most frequently used method for this is zirconium veneers.<\/p>\n<h2>What is Zirconium Dental Veneers?<\/h2>\n<p>Zirconium is a white alloy that is preferred instead of gray metal supports used during bridge or prosthetic procedures. It has both a strong and natural appearance.<\/p>\n<p>The reason why it is most preferred is that its appearance cannot be distinguished from natural teeth.<\/p>\n<p>There are two different methods of zirconium veneers, metal-supported or non-metal-supported, which make oral and dental functions much more useful. The situations where zirconium coating may be necessary are as follows:<\/p>\n<ul>\n<li>Significant separation between the teeth,<\/li>\n<li>Failure to remove permanent discoloration of the teeth with teeth whitening,<\/li>\n<li>Repair of broken and decayed teeth,<\/li>\n<li>Elimination of tooth loss,<\/li>\n<li>Elimination of the bad appearance of the teeth due to gum recession.<\/li>\n<\/ul>\n<p>Since zirconium coating is a hard material like natural tooth structure, it can also be applied to molars where chewing is performed.<\/p>\n<h2>How is Zirconium Veneer Made?<\/h2>\n<p>Before the zirconium coating application, which is the most frequently used coating method in recent years, the damage to the tooth is determined and the zirconium coating is decided by comparing it with the patient. The steps followed during the application are as follows:<\/p>\n<ul>\n<li>Under local anesthesia, the teeth on which the veneer will be applied are thinned so that the veneer does not look rough and fits the mouth structure,<\/li>\n<li>The inside of the mouth is cleaned and disinfected,<\/li>\n<li>Measurements of the tooth(s) to be treated are taken,<\/li>\n<li>Temporary tooth application can be performed until zirconium crowns are prepared,<\/li>\n<li>It takes approximately 1 week for the zirconium veneers to be ready,<\/li>\n<li>The ready-made zirconium veneers are placed on the patient's teeth and made permanent.<\/li>\n<\/ul>\n<p>A dental examination may be required within 7 to 10 days after the veneer procedure to check the condition of the veneer. If you take care of oral and dental health, zirconium veneers can be used for many years.<\/p>\n<h2>What are the Advantages of Zirconium Veneers?<\/h2>\n<p>Zirconium veneers help you to have an aesthetic appearance while eliminating the functional problems of the teeth. The prominent advantages of zirconium coating application are as follows:<\/p>\n<ul>\n<li>Dark color formation does not occur in the gums,<\/li>\n<li>Thanks to its ability to reflect light, it is indistinguishable from real teeth,<\/li>\n<li>It offers a long-lasting use with proper maintenance,<\/li>\n<li>It helps to protect gum health as the gums adapt,<\/li>\n<li>No sensitivity to heat and cold,<\/li>\n<li>Staining or yellowing of the teeth is minimal,<\/li>\n<li>It helps to prevent bad breath.<\/li>\n<\/ul>\n<p>Zirconium veneers can be used for a long time as a frequently used coating method today. However, it is important to go for regular dental examinations both to check the condition of the veneers and to monitor general oral and dental health.<\/p>\n\n\t\t<\/div>\n\t<\/div>\n<\/div><\/div><\/div><div class=\"sticky_form_content lead-form wpb_column vc_column_container vc_col-sm-4\" id=\"lead-form\"><div class=\"vc_column-inner\"><div class=\"wpb_wrapper\">\n<div class=\"wpcf7 no-js\" id=\"wpcf7-f1555-o1\" lang=\"en-US\" dir=\"ltr\" data-wpcf7-id=\"1555\">\n<div class=\"screen-reader-response\"><p role=\"status\" aria-live=\"polite\" aria-atomic=\"true\"><\/p> <ul><\/ul><\/div>\n<form action=\"\/en\/wp-json\/wp\/v2\/pages\/12730#wpcf7-f1555-o1\" method=\"post\" class=\"wpcf7-form init\" aria-label=\"Contact form\" novalidate=\"novalidate\" data-status=\"init\" data-trp-original-action=\"\/en\/wp-json\/wp\/v2\/pages\/12730#wpcf7-f1555-o1\">\n<fieldset class=\"hidden-fields-container\"><input type=\"hidden\" name=\"_wpcf7\" value=\"1555\" \/><input type=\"hidden\" name=\"_wpcf7_version\" value=\"6.1.5\" \/><input type=\"hidden\" name=\"_wpcf7_locale\" value=\"en_US\" \/><input type=\"hidden\" name=\"_wpcf7_unit_tag\" value=\"wpcf7-f1555-o1\" \/><input type=\"hidden\" name=\"_wpcf7_container_post\" value=\"0\" \/><input type=\"hidden\" name=\"_wpcf7_posted_data_hash\" value=\"\" \/>\n<\/fieldset>\n<div class=\"row\">\n\t<div class=\"col-lg-12\">\n\t\t<p><span class=\"wpcf7-form-control-wrap\" data-name=\"field-header\"><input size=\"40\" maxlength=\"400\" class=\"wpcf7-form-control wpcf7-text wpcf7-validates-as-required\" aria-required=\"true\" aria-invalid=\"false\" placeholder=\"Your Name and Surname\" value=\"\" type=\"text\" name=\"field-header\" \/><\/span>\n\t\t<\/p>\n\t<\/div>\n\t<div class=\"col-lg-12\">\n\t\t<p><span class=\"wpcf7-form-control-wrap\" data-name=\"phonetext-206\"><input size=\"40\" class=\"wpcf7-form-control wpcf7-phonetext wpcf7-validates-as-required wpcf7-text wpcf7-validates-as-phonetext\" aria-required=\"true\" aria-invalid=\"false\" placeholder=\"\" value=\"\" type=\"text\" name=\"phonetext-206\" \/><input type=\"hidden\" name=\"phonetext-206-country-code\" class=\"wpcf7-phonetext-country-code\" \/><\/span>\n\t\t<\/p>\n\t<\/div>\n\t<div class=\"col-lg-12\">\n\t\t<p><span class=\"wpcf7-form-control-wrap\" data-name=\"field-header3\"><input size=\"40\" maxlength=\"400\" class=\"wpcf7-form-control wpcf7-text wpcf7-validates-as-required\" aria-required=\"true\" aria-invalid=\"false\" placeholder=\"E-Mail\" value=\"\" type=\"text\" name=\"field-header3\" \/><\/span>\n\t\t<\/p>\n\t<\/div>\n\t<div class=\"col-lg-12\">\n\t\t<p><span class=\"wpcf7-form-control-wrap\" data-name=\"field-header4\"><textarea cols=\"40\" rows=\"10\" maxlength=\"2000\" class=\"wpcf7-form-control wpcf7-textarea\" aria-invalid=\"false\" placeholder=\"Your message\" name=\"field-header4\"><\/textarea><\/span>\n\t\t<\/p>\n\t<\/div>\n\t<div class=\"col-lg-12\">\n\t\t<p><input class=\"wpcf7-form-control wpcf7-submit has-spinner\" type=\"submit\" value=\"Send\" \/>\n\t\t<\/p>\n\t<\/div>\n<\/div><div class=\"wpcf7-response-output\" aria-hidden=\"true\"><\/div>\n<input type=\"hidden\" name=\"trp-form-language\" value=\"en\"\/><\/form>\n<\/div>\n<\/div><\/div><\/div><\/div>\n<\/div>","protected":false},"excerpt":{"rendered":"Di\u015flerde ya\u015fanan kay\u0131plar ya da estetik sorunlar \u00e7e\u015fitli kaplama y\u00f6ntemleri ile giderilebiliyor. Di\u015f kaplamas\u0131 i\u015flevsel sorunlar\u0131n giderilmesine b\u00fcy\u00fck \u00f6l\u00e7\u00fcde yard\u0131mc\u0131 oluyor. Elbette i\u015flevsel sorunlar\u0131n giderilmesinin yan\u0131 s\u0131ra estetik bir g\u00f6r\u00fcn\u00fcm \u00f6nem ta\u015f\u0131r. Bunun i\u00e7in de en s\u0131k ba\u015fvurulan y\u00f6ntem zirkonyum kaplamalard\u0131r. Zirkonyum Di\u015f Kaplama Nedir? Zirkonyum, k\u00f6pr\u00fc ya da protez i\u015flemleri s\u0131ras\u0131nda kullan\u0131lan gri metal destekler yerine tercih edilen beyaz bir ala\u015f\u0131md\u0131r. Hem sa\u011flam, hem de do\u011fal bir g\u00f6r\u00fcn\u00fcme sahiptir. En \u00e7ok tercih edilmesinin neden g\u00f6r\u00fcnt\u00fcs\u00fcn\u00fcn do\u011fal di\u015ften ay\u0131rt edilememesidir. A\u011f\u0131z ve di\u015f fonksiyonlar\u0131n\u0131n \u00e7ok daha kullan\u0131\u015fl\u0131 hale gelmesini sa\u011flayan zirkonyum kaplamada metal destekli ya da metal desteksiz olmak \u00fczere iki farkl\u0131 y\u00f6ntem bulunur. Zirkonyum kaplaman\u0131n gerekli olabilece\u011fi durumlar ise \u015funlard\u0131r: Di\u015fler aras\u0131nda belirgin ayr\u0131l\u0131klar\u0131n bulunmas\u0131, Di\u015flerde meydana gelen kal\u0131c\u0131 renk de\u011fi\u015fimlerinin di\u015f beyazlatma uygulamas\u0131 ile giderilememesi, K\u0131r\u0131k ve \u00e7\u00fcr\u00fck di\u015flerin onar\u0131lmas\u0131, Di\u015f kay\u0131plar\u0131n\u0131n giderilmesi, Di\u015f eti \u00e7ekilmesine ba\u011fl\u0131 olarak di\u015flerde olu\u015fan k\u00f6t\u00fc g\u00f6r\u00fcnt\u00fcn\u00fcn giderilmesi. Zirkonyum kaplama do\u011fal di\u015f yap\u0131s\u0131 [...]","protected":false},"author":1,"featured_media":13011,"parent":0,"menu_order":0,"comment_status":"closed","ping_status":"closed","template":"page-templates\/full-width.php","meta":{"footnotes":""},"_links":{"self":[{"href":"https:\/\/www.beyazkose.com\/en\/wp-json\/wp\/v2\/pages\/12730"}],"collection":[{"href":"https:\/\/www.beyazkose.com\/en\/wp-json\/wp\/v2\/pages"}],"about":[{"href":"https:\/\/www.beyazkose.com\/en\/wp-json\/wp\/v2\/types\/page"}],"author":[{"embeddable":true,"href":"https:\/\/www.beyazkose.com\/en\/wp-json\/wp\/v2\/users\/1"}],"replies":[{"embeddable":true,"href":"https:\/\/www.beyazkose.com\/en\/wp-json\/wp\/v2\/comments?post=12730"}],"version-history":[{"count":3,"href":"https:\/\/www.beyazkose.com\/en\/wp-json\/wp\/v2\/pages\/12730\/revisions"}],"predecessor-version":[{"id":12849,"href":"https:\/\/www.beyazkose.com\/en\/wp-json\/wp\/v2\/pages\/12730\/revisions\/12849"}],"wp:featuredmedia":[{"embeddable":true,"href":"https:\/\/www.beyazkose.com\/en\/wp-json\/wp\/v2\/media\/13011"}],"wp:attachment":[{"href":"https:\/\/www.beyazkose.com\/en\/wp-json\/wp\/v2\/media?parent=12730"}],"curies":[{"name":"wp","href":"https:\/\/api.w.org\/{rel}","templated":true}]}}