{"id":12731,"date":"2023-04-26T19:10:59","date_gmt":"2023-04-26T19:10:59","guid":{"rendered":"https:\/\/www.beyazkose.com\/?page_id=12731"},"modified":"2023-05-01T08:04:46","modified_gmt":"2023-05-01T08:04:46","slug":"e-max-dis-kaplama","status":"publish","type":"page","link":"https:\/\/www.beyazkose.com\/en\/e-max-dental-coating\/","title":{"rendered":"E-MAX Dental Veneers"},"content":{"rendered":"<div class=\"wpb-content-wrapper\"><div class=\"vc_row wpb_row vc_row-fluid\"><div class=\"wpb_column vc_column_container vc_col-sm-8\"><div class=\"vc_column-inner\"><div class=\"wpb_wrapper\">\n\t<div class=\"wpb_text_column wpb_content_element\" >\n\t\t<div class=\"wpb_wrapper\">\n\t\t\t<p>While zirconium, porcelain and ceramic veneers are commonly used dental coating methods, E-MAX coating has also become very popular in recent years. The teeth coated with E-MAX cannot be distinguished from normal teeth, thus creating a much more natural appearance.<\/p>\n<h2>What is E-MAX Dental Veneers?<\/h2>\n<p>E-MAX is a porcelain material with increased durability. No metal infrastructure is used in the E-MAX tooth coating method. It is one of the most widely used methods in cosmetic dental applications due to its high light transmittance and metal-free. E-MAX tooth coating method can be used to achieve a much more aesthetic appearance of yellowed, curved, broken or canal treated teeth.<\/p>\n<h2>How is E-MAX Dental Veneers Applied?<\/h2>\n<p>E-MAX is applied in the same way as many tooth coating methods applied today. After the E-MAX dental veneer application is decided, an impression is taken precisely as the first step. Digital tools can be used during the impression taking process.<\/p>\n<p>After the impressions are taken, they are sent to the laboratory and E-MAX dental veneers are prepared in approximately 3 to 5 days.<\/p>\n<p>Before the teeth are fixed, it is important to rehearse them on the patient to avoid any problems. After the necessary arrangements are made and the fitting is completed, E-MAX dental veneers are fixed.<\/p>\n<h2>What are the Advantages of E-MAX Dental Veneers?<\/h2>\n<p>E-MAX dental veneers provide a highly aesthetic appearance as they completely remove cosmetic defects on the teeth. Other prominent advantages are as follows:<\/p>\n<ul>\n<li>With its realistic and translucent appearance, E-MAX dental veneers are indistinguishable from natural teeth,<\/li>\n<li>Light reflections are no different from natural teeth,<\/li>\n<li>There is no metal support underneath the veneer, it is applied completely ceramic so that the color of the underlying metal is not reflected on the teeth,<\/li>\n<li>Teeth are made to look much more vivid,<\/li>\n<li>Thanks to their durable structure, they are resistant to chewing pressure, so it is highly unlikely that situations such as breakage or cracking will occur,<\/li>\n<li>Helps to protect the tooth structure.<\/li>\n<\/ul>\n<p>Thanks to all these advantages, E-MAX dental veneers have become one of the most frequently used coating methods in recent years. They are durable and adapt to the tooth structure, allowing them to be used for a long time.<\/p>\n\n\t\t<\/div>\n\t<\/div>\n<\/div><\/div><\/div><div class=\"sticky_form_content lead-form wpb_column vc_column_container vc_col-sm-4\" id=\"lead-form\"><div class=\"vc_column-inner\"><div class=\"wpb_wrapper\">\n<div class=\"wpcf7 no-js\" id=\"wpcf7-f1555-o1\" lang=\"en-US\" dir=\"ltr\" data-wpcf7-id=\"1555\">\n<div class=\"screen-reader-response\"><p role=\"status\" aria-live=\"polite\" aria-atomic=\"true\"><\/p> <ul><\/ul><\/div>\n<form action=\"\/en\/wp-json\/wp\/v2\/pages\/12731#wpcf7-f1555-o1\" method=\"post\" class=\"wpcf7-form init\" aria-label=\"Contact form\" novalidate=\"novalidate\" data-status=\"init\" data-trp-original-action=\"\/en\/wp-json\/wp\/v2\/pages\/12731#wpcf7-f1555-o1\">\n<fieldset class=\"hidden-fields-container\"><input type=\"hidden\" name=\"_wpcf7\" value=\"1555\" \/><input type=\"hidden\" name=\"_wpcf7_version\" value=\"6.1.5\" \/><input type=\"hidden\" name=\"_wpcf7_locale\" value=\"en_US\" \/><input type=\"hidden\" name=\"_wpcf7_unit_tag\" value=\"wpcf7-f1555-o1\" \/><input type=\"hidden\" name=\"_wpcf7_container_post\" value=\"0\" \/><input type=\"hidden\" name=\"_wpcf7_posted_data_hash\" value=\"\" \/>\n<\/fieldset>\n<div class=\"row\">\n\t<div class=\"col-lg-12\">\n\t\t<p><span class=\"wpcf7-form-control-wrap\" data-name=\"field-header\"><input size=\"40\" maxlength=\"400\" class=\"wpcf7-form-control wpcf7-text wpcf7-validates-as-required\" aria-required=\"true\" aria-invalid=\"false\" placeholder=\"Your Name and Surname\" value=\"\" type=\"text\" name=\"field-header\" \/><\/span>\n\t\t<\/p>\n\t<\/div>\n\t<div class=\"col-lg-12\">\n\t\t<p><span class=\"wpcf7-form-control-wrap\" data-name=\"phonetext-206\"><input size=\"40\" class=\"wpcf7-form-control wpcf7-phonetext wpcf7-validates-as-required wpcf7-text wpcf7-validates-as-phonetext\" aria-required=\"true\" aria-invalid=\"false\" placeholder=\"\" value=\"\" type=\"text\" name=\"phonetext-206\" \/><input type=\"hidden\" name=\"phonetext-206-country-code\" class=\"wpcf7-phonetext-country-code\" \/><\/span>\n\t\t<\/p>\n\t<\/div>\n\t<div class=\"col-lg-12\">\n\t\t<p><span class=\"wpcf7-form-control-wrap\" data-name=\"field-header3\"><input size=\"40\" maxlength=\"400\" class=\"wpcf7-form-control wpcf7-text wpcf7-validates-as-required\" aria-required=\"true\" aria-invalid=\"false\" placeholder=\"E-Mail\" value=\"\" type=\"text\" name=\"field-header3\" \/><\/span>\n\t\t<\/p>\n\t<\/div>\n\t<div class=\"col-lg-12\">\n\t\t<p><span class=\"wpcf7-form-control-wrap\" data-name=\"field-header4\"><textarea cols=\"40\" rows=\"10\" maxlength=\"2000\" class=\"wpcf7-form-control wpcf7-textarea\" aria-invalid=\"false\" placeholder=\"Your message\" name=\"field-header4\"><\/textarea><\/span>\n\t\t<\/p>\n\t<\/div>\n\t<div class=\"col-lg-12\">\n\t\t<p><input class=\"wpcf7-form-control wpcf7-submit has-spinner\" type=\"submit\" value=\"Send\" \/>\n\t\t<\/p>\n\t<\/div>\n<\/div><div class=\"wpcf7-response-output\" aria-hidden=\"true\"><\/div>\n<input type=\"hidden\" name=\"trp-form-language\" value=\"en\"\/><\/form>\n<\/div>\n<\/div><\/div><\/div><\/div>\n<\/div>","protected":false},"excerpt":{"rendered":"Zirkonyum, porselen ve seramik kaplamalar s\u0131k kullan\u0131lan di\u015f kaplama y\u00f6ntemleri olmakla birlikte, son y\u0131llarda E-MAX kaplama da olduk\u00e7a pop\u00fcler bir hale geldi. E-MAX ile kaplanan di\u015fler normal di\u015flerden ay\u0131rt edilemiyor bu sayede \u00e7ok daha do\u011fal bir g\u00f6r\u00fcn\u00fcm yarat\u0131labiliyor. E-MAX Di\u015f Kaplama Nedir? E-MAX dayan\u0131kl\u0131l\u0131\u011f\u0131 artt\u0131r\u0131lm\u0131\u015f porselen bir malzemedir. E-MAX di\u015f kaplama y\u00f6nteminde herhangi bir metal altyap\u0131 kullan\u0131lmaz. I\u015f\u0131k ge\u00e7irgenli\u011finin y\u00fcksek olmas\u0131 ve metal i\u00e7ermemesi sebebiyle kozmetik di\u015f uygulamalar\u0131nda en \u00e7ok kullan\u0131lan y\u00f6ntemlerden biridir. Sararm\u0131\u015f, e\u011fri, k\u0131r\u0131k ya da kanal tedavisi g\u00f6rm\u00fc\u015f di\u015flerin \u00e7ok daha estetik bir g\u00f6r\u00fcn\u00fcme kavu\u015fmas\u0131 amac\u0131yla E-MAX di\u015f kaplama y\u00f6ntemine ba\u015fvurulabilir. E-MAX Di\u015f Kaplama Nas\u0131l Yap\u0131l\u0131r? E-MAX g\u00fcn\u00fcm\u00fczde uygulanan pek \u00e7ok di\u015f kaplama y\u00f6ntemi ile ayn\u0131 \u015fekilde uygulan\u0131r. E-MAX di\u015f kaplama uygulamas\u0131na karar verildikten sonra ilk ad\u0131m olarak hassas bir \u015fekilde \u00f6l\u00e7\u00fc al\u0131n\u0131r. \u00d6l\u00e7\u00fc alma i\u015flemi s\u0131ras\u0131nda dijital ara\u00e7lardan faydalan\u0131labilir. \u00d6l\u00e7\u00fcler al\u0131nd\u0131ktan sonra laboratuvara g\u00f6nderilir ve yakla\u015f\u0131k olarak 3 ila 5 g\u00fcn i\u00e7erisinde E-MAX di\u015f kaplamalar\u0131 haz\u0131rlan\u0131r. [...]","protected":false},"author":1,"featured_media":13014,"parent":0,"menu_order":0,"comment_status":"closed","ping_status":"closed","template":"page-templates\/full-width.php","meta":{"footnotes":""},"_links":{"self":[{"href":"https:\/\/www.beyazkose.com\/en\/wp-json\/wp\/v2\/pages\/12731"}],"collection":[{"href":"https:\/\/www.beyazkose.com\/en\/wp-json\/wp\/v2\/pages"}],"about":[{"href":"https:\/\/www.beyazkose.com\/en\/wp-json\/wp\/v2\/types\/page"}],"author":[{"embeddable":true,"href":"https:\/\/www.beyazkose.com\/en\/wp-json\/wp\/v2\/users\/1"}],"replies":[{"embeddable":true,"href":"https:\/\/www.beyazkose.com\/en\/wp-json\/wp\/v2\/comments?post=12731"}],"version-history":[{"count":2,"href":"https:\/\/www.beyazkose.com\/en\/wp-json\/wp\/v2\/pages\/12731\/revisions"}],"predecessor-version":[{"id":12850,"href":"https:\/\/www.beyazkose.com\/en\/wp-json\/wp\/v2\/pages\/12731\/revisions\/12850"}],"wp:featuredmedia":[{"embeddable":true,"href":"https:\/\/www.beyazkose.com\/en\/wp-json\/wp\/v2\/media\/13014"}],"wp:attachment":[{"href":"https:\/\/www.beyazkose.com\/en\/wp-json\/wp\/v2\/media?parent=12731"}],"curies":[{"name":"wp","href":"https:\/\/api.w.org\/{rel}","templated":true}]}}