{"id":12732,"date":"2023-04-26T19:11:03","date_gmt":"2023-04-26T19:11:03","guid":{"rendered":"https:\/\/www.beyazkose.com\/?page_id=12732"},"modified":"2023-05-01T08:05:29","modified_gmt":"2023-05-01T08:05:29","slug":"seramik-kaplama","status":"publish","type":"page","link":"https:\/\/www.beyazkose.com\/en\/ceramic-coating\/","title":{"rendered":"Ceramic Coating"},"content":{"rendered":"<div class=\"wpb-content-wrapper\"><div class=\"vc_row wpb_row vc_row-fluid\"><div class=\"wpb_column vc_column_container vc_col-sm-8\"><div class=\"vc_column-inner\"><div class=\"wpb_wrapper\">\n\t<div class=\"wpb_text_column wpb_content_element\" >\n\t\t<div class=\"wpb_wrapper\">\n\t\t\t<p>Ceramic coating, which is applied especially in cases where intraoral aesthetics are at the forefront, provides a long-term use thanks to its non-discoloring structure. Ceramic coating, which is very successful in eliminating intraoral defects and providing high strength to the teeth, is one of the most preferred methods in smile design.<\/p>\n<p>In addition to the beautiful appearance, it also provides the restoration of intraoral function losses caused by tooth deficiencies.<\/p>\n<h2>What is Ceramic Coating?<\/h2>\n<p>Ceramic veneers are dental veneers that have a natural appearance especially close to the tooth and are therefore preferred in cases where aesthetic concerns are a priority. Ceramic veneers, which are applied especially to the front teeth, are popularly called \"porcelain veneers\" and are divided into different types according to whether the material used contains a single type of material or infrastructure material:<\/p>\n<h2>Porcelain Laminate<\/h2>\n<p>These veneers, which are placed as a very thin layer on the tooth and also called leaf veneers, can be prepared in the desired color. It is especially applied on the front teeth and used in aesthetic smile design. It does not contain metal and shows high resistance to breakage. For this reason, it is very successful even in the correction of discolored or broken teeth.<\/p>\n<h2>Zirconium Veneer<\/h2>\n<p>These veneers are made of white-colored zirconium metal that exists in nature and are applied to the front and back teeth. The zirconium veneer, which is extremely robust, also has an aesthetic appearance and has a very good intraoral harmony.<\/p>\n<h2>Metal Backed Plating<\/h2>\n<p>This veneer, which is supported by different metals as well as porcelain during the construction phase, is used to restore the necessary durability and function to the tooth. Metal-supported veneers, which are highly compatible with tooth tissue, have a matte and light-impermeable color. For this reason, it is not suitable for the front teeth where aesthetic beauty is at the forefront, but it can be preferred upon request.<\/p>\n<h2>Full Porcelain Veneer<\/h2>\n<p>Full porcelain veneer, also known as empress or full ceramic veneer, is a durable and natural-looking veneer type that uses only porcelain in its construction. It is obtained as a result of giving high strength to porcelain material suitable for natural tooth structure and is therefore very long-lasting.<\/p>\n<p>The intraoral bio-compatibility of the ceramic crown, which is easily applied on crooked, broken or deformed teeth, is very high.<\/p>\n<p>This application can also be used in caries and tooth deficiencies that cannot be treated with classical filling methods. Ceramic veneers are a durable type of dental veneer that is preferred both for the recovery of lost oral functions and for aesthetic smile design. It is usually applied to patients who want to have a crown closest to their own teeth.<\/p>\n\n\t\t<\/div>\n\t<\/div>\n<\/div><\/div><\/div><div class=\"sticky_form_content lead-form wpb_column vc_column_container vc_col-sm-4\" id=\"lead-form\"><div class=\"vc_column-inner\"><div class=\"wpb_wrapper\">\n<div class=\"wpcf7 no-js\" id=\"wpcf7-f1555-o1\" lang=\"en-US\" dir=\"ltr\" data-wpcf7-id=\"1555\">\n<div class=\"screen-reader-response\"><p role=\"status\" aria-live=\"polite\" aria-atomic=\"true\"><\/p> <ul><\/ul><\/div>\n<form action=\"\/en\/wp-json\/wp\/v2\/pages\/12732#wpcf7-f1555-o1\" method=\"post\" class=\"wpcf7-form init\" aria-label=\"Contact form\" novalidate=\"novalidate\" data-status=\"init\" data-trp-original-action=\"\/en\/wp-json\/wp\/v2\/pages\/12732#wpcf7-f1555-o1\">\n<fieldset class=\"hidden-fields-container\"><input type=\"hidden\" name=\"_wpcf7\" value=\"1555\" \/><input type=\"hidden\" name=\"_wpcf7_version\" value=\"6.1.5\" \/><input type=\"hidden\" name=\"_wpcf7_locale\" value=\"en_US\" \/><input type=\"hidden\" name=\"_wpcf7_unit_tag\" value=\"wpcf7-f1555-o1\" \/><input type=\"hidden\" name=\"_wpcf7_container_post\" value=\"0\" \/><input type=\"hidden\" name=\"_wpcf7_posted_data_hash\" value=\"\" \/>\n<\/fieldset>\n<div class=\"row\">\n\t<div class=\"col-lg-12\">\n\t\t<p><span class=\"wpcf7-form-control-wrap\" data-name=\"field-header\"><input size=\"40\" maxlength=\"400\" class=\"wpcf7-form-control wpcf7-text wpcf7-validates-as-required\" aria-required=\"true\" aria-invalid=\"false\" placeholder=\"Your Name and Surname\" value=\"\" type=\"text\" name=\"field-header\" \/><\/span>\n\t\t<\/p>\n\t<\/div>\n\t<div class=\"col-lg-12\">\n\t\t<p><span class=\"wpcf7-form-control-wrap\" data-name=\"phonetext-206\"><input size=\"40\" class=\"wpcf7-form-control wpcf7-phonetext wpcf7-validates-as-required wpcf7-text wpcf7-validates-as-phonetext\" aria-required=\"true\" aria-invalid=\"false\" placeholder=\"\" value=\"\" type=\"text\" name=\"phonetext-206\" \/><input type=\"hidden\" name=\"phonetext-206-country-code\" class=\"wpcf7-phonetext-country-code\" \/><\/span>\n\t\t<\/p>\n\t<\/div>\n\t<div class=\"col-lg-12\">\n\t\t<p><span class=\"wpcf7-form-control-wrap\" data-name=\"field-header3\"><input size=\"40\" maxlength=\"400\" class=\"wpcf7-form-control wpcf7-text wpcf7-validates-as-required\" aria-required=\"true\" aria-invalid=\"false\" placeholder=\"E-Mail\" value=\"\" type=\"text\" name=\"field-header3\" \/><\/span>\n\t\t<\/p>\n\t<\/div>\n\t<div class=\"col-lg-12\">\n\t\t<p><span class=\"wpcf7-form-control-wrap\" data-name=\"field-header4\"><textarea cols=\"40\" rows=\"10\" maxlength=\"2000\" class=\"wpcf7-form-control wpcf7-textarea\" aria-invalid=\"false\" placeholder=\"Your message\" name=\"field-header4\"><\/textarea><\/span>\n\t\t<\/p>\n\t<\/div>\n\t<div class=\"col-lg-12\">\n\t\t<p><input class=\"wpcf7-form-control wpcf7-submit has-spinner\" type=\"submit\" value=\"Send\" \/>\n\t\t<\/p>\n\t<\/div>\n<\/div><div class=\"wpcf7-response-output\" aria-hidden=\"true\"><\/div>\n<input type=\"hidden\" name=\"trp-form-language\" value=\"en\"\/><\/form>\n<\/div>\n<\/div><\/div><\/div><\/div>\n<\/div>","protected":false},"excerpt":{"rendered":"\u00d6zellikle a\u011f\u0131z i\u00e7i esteti\u011fin \u00f6n planda oldu\u011fu durumlarda uygulanan seramik kaplama, renk de\u011fi\u015ftirmeyen yap\u0131s\u0131 sayesinde uzun s\u00fcreli bir kullan\u0131m sa\u011flar. A\u011f\u0131z i\u00e7i kusurlar\u0131n giderilmesi ve di\u015flere y\u00fcksek dayan\u0131m kazand\u0131r\u0131lmas\u0131 ad\u0131na olduk\u00e7a ba\u015far\u0131l\u0131 olan seramik kaplama, g\u00fcl\u00fc\u015f tasar\u0131m\u0131nda en \u00e7ok tercih edilen y\u00f6ntemlerdendir. G\u00fczel g\u00f6r\u00fcnt\u00fcn\u00fcn yan\u0131 s\u0131ra di\u015f eksikliklerinden kaynaklanan a\u011f\u0131z i\u00e7i i\u015flev kay\u0131plar\u0131n\u0131n da yeniden kazand\u0131r\u0131lmas\u0131n\u0131 sa\u011flar. Seramik Kaplama Nedir? Seramik kaplamalar, \u00f6zellikle di\u015fe yak\u0131n do\u011fal g\u00f6r\u00fcn\u00fcme sahip olan di\u015f kaplamalar\u0131d\u0131r ve bu nedenle estetik kayg\u0131n\u0131n \u00f6ncelikli oldu\u011fu durumlarda tercih edilir. \u00d6zellikle \u00f6n di\u015flere uygulanan seramik kaplamalar halk aras\u0131nda \u201cporselen kaplama\u201d olarak adland\u0131r\u0131l\u0131r ve kendi i\u00e7inde kullan\u0131lan malzemenin tek tip veya altyap\u0131 materyali i\u00e7ermesine g\u00f6re farkl\u0131 \u00e7e\u015fitlere ayr\u0131l\u0131r: Porselen Laminate Di\u015fin \u00fczerine olduk\u00e7a ince bir tabaka halinde yerle\u015ftirilen ve yaprak kaplama olarak da adland\u0131r\u0131lan bu kaplamalar istenilen renkte haz\u0131rlanabilir. \u00d6zellikl \u00f6n di\u015flerde uygulan\u0131r ve estetik g\u00fcl\u00fc\u015f tasar\u0131m\u0131nda kullan\u0131l\u0131r. Metal bar\u0131nd\u0131rmaz ve k\u0131r\u0131lmalara kar\u015f\u0131 y\u00fcksek dayan\u0131m g\u00f6sterir. Bu nedenle renk de\u011fi\u015fimine [...]","protected":false},"author":1,"featured_media":13009,"parent":0,"menu_order":0,"comment_status":"closed","ping_status":"closed","template":"page-templates\/full-width.php","meta":{"footnotes":""},"_links":{"self":[{"href":"https:\/\/www.beyazkose.com\/en\/wp-json\/wp\/v2\/pages\/12732"}],"collection":[{"href":"https:\/\/www.beyazkose.com\/en\/wp-json\/wp\/v2\/pages"}],"about":[{"href":"https:\/\/www.beyazkose.com\/en\/wp-json\/wp\/v2\/types\/page"}],"author":[{"embeddable":true,"href":"https:\/\/www.beyazkose.com\/en\/wp-json\/wp\/v2\/users\/1"}],"replies":[{"embeddable":true,"href":"https:\/\/www.beyazkose.com\/en\/wp-json\/wp\/v2\/comments?post=12732"}],"version-history":[{"count":2,"href":"https:\/\/www.beyazkose.com\/en\/wp-json\/wp\/v2\/pages\/12732\/revisions"}],"predecessor-version":[{"id":12851,"href":"https:\/\/www.beyazkose.com\/en\/wp-json\/wp\/v2\/pages\/12732\/revisions\/12851"}],"wp:featuredmedia":[{"embeddable":true,"href":"https:\/\/www.beyazkose.com\/en\/wp-json\/wp\/v2\/media\/13009"}],"wp:attachment":[{"href":"https:\/\/www.beyazkose.com\/en\/wp-json\/wp\/v2\/media?parent=12732"}],"curies":[{"name":"wp","href":"https:\/\/api.w.org\/{rel}","templated":true}]}}