{"id":12733,"date":"2023-04-26T19:11:06","date_gmt":"2023-04-26T19:11:06","guid":{"rendered":"https:\/\/www.beyazkose.com\/?page_id=12733"},"modified":"2023-05-01T08:06:29","modified_gmt":"2023-05-01T08:06:29","slug":"porselen-dis-kaplama","status":"publish","type":"page","link":"https:\/\/www.beyazkose.com\/en\/porcelain-dental-coating\/","title":{"rendered":"Porcelain Tooth Veneers"},"content":{"rendered":"<div class=\"wpb-content-wrapper\"><div class=\"vc_row wpb_row vc_row-fluid\"><div class=\"wpb_column vc_column_container vc_col-sm-8\"><div class=\"vc_column-inner\"><div class=\"wpb_wrapper\">\n\t<div class=\"wpb_text_column wpb_content_element\" >\n\t\t<div class=\"wpb_wrapper\">\n\t\t\t<div class=\"wpb_text_column wpb_content_element\">\n<div class=\"wpb_wrapper\">\n<p>Unhealthy eating habits, lack of attention to oral hygiene and genetic factors are among the factors affecting dental health. Especially in the absence of regular cleaning habits, many problems such as tooth decay, yellowing and crookedness may occur.<\/p>\n<p>All of these situations, which cause aesthetically very unpleasant images, can be eliminated with porcelain dental applications, which is an effective treatment method. Personalized dental veneers provide great success in terms of protecting dental health and improving aesthetic appearance.<\/p>\n<h2>What is Porcelain Dental Veneers?<\/h2>\n<p>Dental veneers are applications that are placed on the front part of the teeth and provide the removal of yellowing, damage and deterioration in tooth color. These applications are usually performed with different materials called porcelain and composite, and can be placed on single or multiple teeth according to preference.<\/p>\n<h2>What Does Porcelain Dental Veneers Do?<\/h2>\n<p>Porcelain veneers are a type of veneer in which porcelain material is used in the production and are both more durable and more natural looking than composite veneers. Porcelain veneers, which are especially preferred due to the high comfort they offer in terms of aesthetics, are materials that imitate natural teeth in the best way.<\/p>\n<p>Thanks to its bio-compatible feature, intraoral harmony is also very high. Porcelain veneers, which do not contain toxic substances since they do not contain metal, are very successful in equalizing tooth shape, size and color.<\/p>\n<p>The situations where this application is preferred are as follows:<\/p>\n<ul>\n<li>Mild or moderate dental crowding<\/li>\n<li>Intraoral tooth deficiencies<\/li>\n<li>Tooth decays that cannot be treated with normal filling applications<\/li>\n<li>Significant tooth fractures<\/li>\n<li>Broken, deformed, yellowed tooth deformations<\/li>\n<\/ul>\n<p>Individuals who experience the above problems may decide to have porcelain veneers with the recommendation of a dentist. However, porcelain veneers are not recommended for people who have inflammation or need root canal treatment.<\/p>\n<h2>How is Porcelain Tooth Veneer Made?<\/h2>\n<p>The construction stages of porcelain coating are as follows:<\/p>\n<ul>\n<li>First, the teeth to be coated are cleaned with a special tool.<\/li>\n<li>Afterwards, thinning is applied to ensure that the veneer fits properly on the tooth. During this process, the existing teeth are filed in accordance with the veneer.<\/li>\n<li>A mold of the teeth is taken and a full model of the inside of the mouth is created using 3D imaging techniques.<\/li>\n<li>A personalized veneer model is determined by using a combination of mold taking and imaging techniques. These veneers are made in a laboratory environment and take an average of 2 weeks.<\/li>\n<li>People whose teeth have been cleaned and thinned will receive a temporary veneer to be used until the actual veneers are prepared.<\/li>\n<li>Once the porcelain veneers are completed, a second session is organized and the temporary veneers are replaced with the actual veneers.<\/li>\n<li>As a final process, the coatings are smoothed and polished.<\/li>\n<\/ul>\n<h2>Dental Care After Porcelain Veneers<\/h2>\n<p>Since the veneer procedure is performed under anesthesia, it does not cause any problems for the patient. After the completed veneer application, stiffness may be felt at certain points in the mouth, but this feeling passes within a few days. Soon after the procedure, the patient can return to normal eating habits, but during this period, it is necessary not to consume hard foods, chew foods hard, clench or grind teeth, and make difficult movements that damage the teeth. Avoiding such movements helps the newly placed porcelain veneers to achieve a high level of intraoral comfort in a short time and ensures that they are not damaged, especially in the first stage when they are sensitive. After the veneer strength is achieved, normal feeding and chewing activities can be practiced in the same way.<\/p>\n<\/div>\n<\/div>\n\n\t\t<\/div>\n\t<\/div>\n<\/div><\/div><\/div><div class=\"sticky_form_content lead-form wpb_column vc_column_container vc_col-sm-4\" id=\"lead-form\"><div class=\"vc_column-inner\"><div class=\"wpb_wrapper\">\n<div class=\"wpcf7 no-js\" id=\"wpcf7-f1555-o1\" lang=\"en-US\" dir=\"ltr\" data-wpcf7-id=\"1555\">\n<div class=\"screen-reader-response\"><p role=\"status\" aria-live=\"polite\" aria-atomic=\"true\"><\/p> <ul><\/ul><\/div>\n<form action=\"\/en\/wp-json\/wp\/v2\/pages\/12733#wpcf7-f1555-o1\" method=\"post\" class=\"wpcf7-form init\" aria-label=\"Contact form\" novalidate=\"novalidate\" data-status=\"init\" data-trp-original-action=\"\/en\/wp-json\/wp\/v2\/pages\/12733#wpcf7-f1555-o1\">\n<fieldset class=\"hidden-fields-container\"><input type=\"hidden\" name=\"_wpcf7\" value=\"1555\" \/><input type=\"hidden\" name=\"_wpcf7_version\" value=\"6.1.5\" \/><input type=\"hidden\" name=\"_wpcf7_locale\" value=\"en_US\" \/><input type=\"hidden\" name=\"_wpcf7_unit_tag\" value=\"wpcf7-f1555-o1\" \/><input type=\"hidden\" name=\"_wpcf7_container_post\" value=\"0\" \/><input type=\"hidden\" name=\"_wpcf7_posted_data_hash\" value=\"\" \/>\n<\/fieldset>\n<div class=\"row\">\n\t<div class=\"col-lg-12\">\n\t\t<p><span class=\"wpcf7-form-control-wrap\" data-name=\"field-header\"><input size=\"40\" maxlength=\"400\" class=\"wpcf7-form-control wpcf7-text wpcf7-validates-as-required\" aria-required=\"true\" aria-invalid=\"false\" placeholder=\"Your Name and Surname\" value=\"\" type=\"text\" name=\"field-header\" \/><\/span>\n\t\t<\/p>\n\t<\/div>\n\t<div class=\"col-lg-12\">\n\t\t<p><span class=\"wpcf7-form-control-wrap\" data-name=\"phonetext-206\"><input size=\"40\" class=\"wpcf7-form-control wpcf7-phonetext wpcf7-validates-as-required wpcf7-text wpcf7-validates-as-phonetext\" aria-required=\"true\" aria-invalid=\"false\" placeholder=\"\" value=\"\" type=\"text\" name=\"phonetext-206\" \/><input type=\"hidden\" name=\"phonetext-206-country-code\" class=\"wpcf7-phonetext-country-code\" \/><\/span>\n\t\t<\/p>\n\t<\/div>\n\t<div class=\"col-lg-12\">\n\t\t<p><span class=\"wpcf7-form-control-wrap\" data-name=\"field-header3\"><input size=\"40\" maxlength=\"400\" class=\"wpcf7-form-control wpcf7-text wpcf7-validates-as-required\" aria-required=\"true\" aria-invalid=\"false\" placeholder=\"E-Mail\" value=\"\" type=\"text\" name=\"field-header3\" \/><\/span>\n\t\t<\/p>\n\t<\/div>\n\t<div class=\"col-lg-12\">\n\t\t<p><span class=\"wpcf7-form-control-wrap\" data-name=\"field-header4\"><textarea cols=\"40\" rows=\"10\" maxlength=\"2000\" class=\"wpcf7-form-control wpcf7-textarea\" aria-invalid=\"false\" placeholder=\"Your message\" name=\"field-header4\"><\/textarea><\/span>\n\t\t<\/p>\n\t<\/div>\n\t<div class=\"col-lg-12\">\n\t\t<p><input class=\"wpcf7-form-control wpcf7-submit has-spinner\" type=\"submit\" value=\"Send\" \/>\n\t\t<\/p>\n\t<\/div>\n<\/div><div class=\"wpcf7-response-output\" aria-hidden=\"true\"><\/div>\n<input type=\"hidden\" name=\"trp-form-language\" value=\"en\"\/><\/form>\n<\/div>\n<\/div><\/div><\/div><\/div>\n<\/div>","protected":false},"excerpt":{"rendered":"Sa\u011fl\u0131ks\u0131z beslenme al\u0131\u015fkanl\u0131klar\u0131, a\u011f\u0131z hijyenine yeterince \u00f6nem verilmemesi ve genetik fakt\u00f6rler di\u015f sa\u011fl\u0131\u011f\u0131n\u0131 etkileyen fakt\u00f6rlerden. \u00d6zellikle d\u00fczenli temizlik al\u0131\u015fkanl\u0131\u011f\u0131n\u0131n olmamas\u0131 durumunda di\u015flerde \u00e7\u00fcr\u00fcme, sararma, \u00e7arp\u0131kla\u015fma gibi pek \u00e7ok sorun ortaya \u00e7\u0131kabilir. Estetik a\u00e7\u0131dan olduk\u00e7a ho\u015fnutsuz g\u00f6r\u00fcnt\u00fclerin olu\u015fmas\u0131na neden olan bu durumlar\u0131n tamam\u0131, etkili bir tedavi y\u00f6ntemi olan porselen di\u015f uygulamalar\u0131 ile ortadan kald\u0131r\u0131labilir. Ki\u015fiye \u00f6zel uygulanan di\u015f kaplamalar\u0131 di\u015f sa\u011fl\u0131\u011f\u0131n\u0131 korumak ve estetik g\u00f6r\u00fcn\u00fc\u015f\u00fc iyile\u015ftirmek a\u00e7\u0131s\u0131ndan b\u00fcy\u00fck ba\u015far\u0131 sa\u011flar. Porselen Di\u015f Kaplama Nedir? Di\u015f kaplamas\u0131; di\u015flerin \u00f6n k\u0131sm\u0131na yerle\u015ftirilen ve di\u015f renginde olu\u015fan sararmalar\u0131n, hasarlar\u0131n, bozulmalar\u0131n giderilmesini sa\u011flayan uygulamalard\u0131r. Bu uygulamalar genellikle porselen ve kompozit ad\u0131 verilen farkl\u0131 materyallerle ger\u00e7ekle\u015ftirilir, tercihe g\u00f6re tekli ya da \u00e7oklu di\u015fler \u00fczerine yerle\u015ftirilebilir. Porselen Di\u015f Kaplama Ne \u0130\u015fe Yarar? Porselen kaplama, \u00fcretiminde porselen materyalinin kullan\u0131ld\u0131\u011f\u0131 bir kaplama t\u00fcr\u00fcd\u00fcr ve kompozit kaplamalara g\u00f6re hem daha dayan\u0131kl\u0131 hem de daha do\u011fal g\u00f6r\u00fcn\u00fcml\u00fcd\u00fcr. \u00d6zellikle estetik a\u00e7\u0131dan sundu\u011fu y\u00fcksek konfor nedeniyle tercih edilen porselen kaplamalar, do\u011fal di\u015fi en [...]","protected":false},"author":1,"featured_media":13008,"parent":0,"menu_order":0,"comment_status":"closed","ping_status":"closed","template":"page-templates\/full-width.php","meta":{"footnotes":""},"_links":{"self":[{"href":"https:\/\/www.beyazkose.com\/en\/wp-json\/wp\/v2\/pages\/12733"}],"collection":[{"href":"https:\/\/www.beyazkose.com\/en\/wp-json\/wp\/v2\/pages"}],"about":[{"href":"https:\/\/www.beyazkose.com\/en\/wp-json\/wp\/v2\/types\/page"}],"author":[{"embeddable":true,"href":"https:\/\/www.beyazkose.com\/en\/wp-json\/wp\/v2\/users\/1"}],"replies":[{"embeddable":true,"href":"https:\/\/www.beyazkose.com\/en\/wp-json\/wp\/v2\/comments?post=12733"}],"version-history":[{"count":2,"href":"https:\/\/www.beyazkose.com\/en\/wp-json\/wp\/v2\/pages\/12733\/revisions"}],"predecessor-version":[{"id":12852,"href":"https:\/\/www.beyazkose.com\/en\/wp-json\/wp\/v2\/pages\/12733\/revisions\/12852"}],"wp:featuredmedia":[{"embeddable":true,"href":"https:\/\/www.beyazkose.com\/en\/wp-json\/wp\/v2\/media\/13008"}],"wp:attachment":[{"href":"https:\/\/www.beyazkose.com\/en\/wp-json\/wp\/v2\/media?parent=12733"}],"curies":[{"name":"wp","href":"https:\/\/api.w.org\/{rel}","templated":true}]}}