{"id":12763,"date":"2023-04-26T21:35:39","date_gmt":"2023-04-26T21:35:39","guid":{"rendered":"https:\/\/www.beyazkose.com\/?page_id=12763"},"modified":"2023-05-01T07:22:53","modified_gmt":"2023-05-01T07:22:53","slug":"cene-cerrahisi","status":"publish","type":"page","link":"https:\/\/www.beyazkose.com\/en\/jaw-surgery\/","title":{"rendered":"Jaw Surgery"},"content":{"rendered":"<div class=\"wpb-content-wrapper\"><div class=\"vc_row wpb_row vc_row-fluid\"><div class=\"wpb_column vc_column_container vc_col-sm-8\"><div class=\"vc_column-inner\"><div class=\"wpb_wrapper\">\n\t<div class=\"wpb_text_column wpb_content_element\" >\n\t\t<div class=\"wpb_wrapper\">\n\t\t\t<p>Problems in the jaw structure can cause both aesthetic and functional problems. Thanks to the jaw surgery methods applied today, both aesthetic and functional defects can be eliminated.<\/p>\n<h2>What is Jaw Surgery?<\/h2>\n<p>It is a treatment method applied to treat chewing and speech problems as well as aesthetic appearance in patients with jaw structure disorders.<\/p>\n<p>Maxillofacial surgeons and orthodontists work together during the treatment process.<\/p>\n<p>Conditions such as the lower jaw or upper jaw being ahead or behind normal, asymmetries in the placement of the upper and lower jaw and similar conditions can be treated with jaw surgery. Conditions that fall within the field of maxillofacial surgery and can be treated with maxillofacial surgery applications are as follows:<\/p>\n<p>Extraction of impacted or complicated teeth,<br \/>\nLesions of dental origin within the bones,<br \/>\nCleft lip and palate,<br \/>\nImplant applications for lost teeth,<br \/>\nCysts or tumor formations that occur in the jaw,<br \/>\nHealing of soft and hard tissues before prosthesis,<br \/>\nFractures of the face and jaw,<br \/>\nSalivary gland disorders,<br \/>\nAesthetic or functional deformities in the mouth, face or jaw area,<br \/>\nBone necrosis in the jaw due to cancer treatment.<br \/>\nX-rays or tomography are taken to detect problems and then the necessary treatment process is planned according to the patient's condition.<\/p>\n<h2>How is Jaw Surgery Performed?<\/h2>\n<p>In cases such as irregular teeth or bite defects, orthodontic treatment is applied before the surgical procedure. While the braces treatment applied in this process ensures that the teeth become smoother, it also ensures that the jaw is ready for the surgical procedure. The jaw surgery process is then planned by physicians and plastic surgeons. Unlike other oral and dental health treatments, jaw surgery is performed under general anesthesia and therefore patients do not feel pain or soreness.<\/p>\n<p>Since the tooth and bone structures have not yet taken their final shape in children between the ages of 11-15, the problems that arise can be solved with orthodontic treatment. However, jaw surgery may be required for problems occurring after the age of 18.<\/p>\n\n\t\t<\/div>\n\t<\/div>\n<\/div><\/div><\/div><div class=\"sticky_form_content lead-form wpb_column vc_column_container vc_col-sm-4\" id=\"lead-form\"><div class=\"vc_column-inner\"><div class=\"wpb_wrapper\">\n<div class=\"wpcf7 no-js\" id=\"wpcf7-f1555-o1\" lang=\"en-US\" dir=\"ltr\" data-wpcf7-id=\"1555\">\n<div class=\"screen-reader-response\"><p role=\"status\" aria-live=\"polite\" aria-atomic=\"true\"><\/p> <ul><\/ul><\/div>\n<form action=\"\/en\/wp-json\/wp\/v2\/pages\/12763#wpcf7-f1555-o1\" method=\"post\" class=\"wpcf7-form init\" aria-label=\"Contact form\" novalidate=\"novalidate\" data-status=\"init\" data-trp-original-action=\"\/en\/wp-json\/wp\/v2\/pages\/12763#wpcf7-f1555-o1\">\n<fieldset class=\"hidden-fields-container\"><input type=\"hidden\" name=\"_wpcf7\" value=\"1555\" \/><input type=\"hidden\" name=\"_wpcf7_version\" value=\"6.1.5\" \/><input type=\"hidden\" name=\"_wpcf7_locale\" value=\"en_US\" \/><input type=\"hidden\" name=\"_wpcf7_unit_tag\" value=\"wpcf7-f1555-o1\" \/><input type=\"hidden\" name=\"_wpcf7_container_post\" value=\"0\" \/><input type=\"hidden\" name=\"_wpcf7_posted_data_hash\" value=\"\" \/>\n<\/fieldset>\n<div class=\"row\">\n\t<div class=\"col-lg-12\">\n\t\t<p><span class=\"wpcf7-form-control-wrap\" data-name=\"field-header\"><input size=\"40\" maxlength=\"400\" class=\"wpcf7-form-control wpcf7-text wpcf7-validates-as-required\" aria-required=\"true\" aria-invalid=\"false\" placeholder=\"Your Name and Surname\" value=\"\" type=\"text\" name=\"field-header\" \/><\/span>\n\t\t<\/p>\n\t<\/div>\n\t<div class=\"col-lg-12\">\n\t\t<p><span class=\"wpcf7-form-control-wrap\" data-name=\"phonetext-206\"><input size=\"40\" class=\"wpcf7-form-control wpcf7-phonetext wpcf7-validates-as-required wpcf7-text wpcf7-validates-as-phonetext\" aria-required=\"true\" aria-invalid=\"false\" placeholder=\"\" value=\"\" type=\"text\" name=\"phonetext-206\" \/><input type=\"hidden\" name=\"phonetext-206-country-code\" class=\"wpcf7-phonetext-country-code\" \/><\/span>\n\t\t<\/p>\n\t<\/div>\n\t<div class=\"col-lg-12\">\n\t\t<p><span class=\"wpcf7-form-control-wrap\" data-name=\"field-header3\"><input size=\"40\" maxlength=\"400\" class=\"wpcf7-form-control wpcf7-text wpcf7-validates-as-required\" aria-required=\"true\" aria-invalid=\"false\" placeholder=\"E-Mail\" value=\"\" type=\"text\" name=\"field-header3\" \/><\/span>\n\t\t<\/p>\n\t<\/div>\n\t<div class=\"col-lg-12\">\n\t\t<p><span class=\"wpcf7-form-control-wrap\" data-name=\"field-header4\"><textarea cols=\"40\" rows=\"10\" maxlength=\"2000\" class=\"wpcf7-form-control wpcf7-textarea\" aria-invalid=\"false\" placeholder=\"Your message\" name=\"field-header4\"><\/textarea><\/span>\n\t\t<\/p>\n\t<\/div>\n\t<div class=\"col-lg-12\">\n\t\t<p><input class=\"wpcf7-form-control wpcf7-submit has-spinner\" type=\"submit\" value=\"Send\" \/>\n\t\t<\/p>\n\t<\/div>\n<\/div><div class=\"wpcf7-response-output\" aria-hidden=\"true\"><\/div>\n<input type=\"hidden\" name=\"trp-form-language\" value=\"en\"\/><\/form>\n<\/div>\n<\/div><\/div><\/div><\/div>\n<\/div>","protected":false},"excerpt":{"rendered":"\u00c7ene yap\u0131s\u0131nda meydana gelen problemler hem estetik hem de fonksiyonel s\u0131k\u0131nt\u0131lara neden olabilir. G\u00fcn\u00fcm\u00fczde uygulanan \u00e7ene cerrahisi y\u00f6ntemleri sayesinde hem estetik hem de fonksiyonel kusurlar giderilebilmektedir. \u00c7ene Cerrahisi Nedir? \u00c7ene yap\u0131s\u0131nda bozukluk olan hastalarda, estetik g\u00f6r\u00fcn\u00fcm\u00fcn yan\u0131 s\u0131ra \u00e7i\u011fneme ve konu\u015fma problemlerinin de tedavi edilmesi amac\u0131yla uygulanan bir tedavi y\u00f6ntemidir. Tedavi s\u00fcrecinde \u00c7ene cerrahisi uzmanlar\u0131 ve ortodontistler bir arada \u00e7al\u0131\u015f\u0131r. Alt \u00e7enenin ya da \u00fcst \u00e7enenin normalden ileride ya da geride olmas\u0131, alt ve \u00fcst \u00e7enenin yerle\u015fiminde meydana gelen asimetriler ve benzeri durumlar \u00e7ene cerrahisi ile tedavi edilebilir. \u00c7ene cerrahisi alan\u0131na giren ve \u00e7ene cerrahisi uygulamalar\u0131 ile tedavi edilebilecek durumlar \u015funlard\u0131r: G\u00f6m\u00fcl\u00fc ya da komplike durumda bulunan di\u015flerin \u00e7ekimi, Kemikler i\u00e7erisinde di\u015f k\u00f6kenli olarak olu\u015fmu\u015f lezyonlar, Dudak ve damak yar\u0131klar\u0131, Kaybedilmi\u015f di\u015fler i\u00e7in implant uygulamalar\u0131, \u00c7enede meydana gelen kistler da t\u00fcm\u00f6r olu\u015fumlar\u0131, Protez i\u015fleminden \u00f6nce yumu\u015fak ve sert dokularda iyile\u015ftirme i\u015flemi, Y\u00fcz ve \u00e7ene k\u0131r\u0131klar\u0131, T\u00fck\u00fcr\u00fck bezi rahats\u0131zl\u0131klar\u0131, A\u011f\u0131z, y\u00fcz [...]","protected":false},"author":1,"featured_media":12993,"parent":0,"menu_order":0,"comment_status":"closed","ping_status":"closed","template":"page-templates\/full-width.php","meta":{"footnotes":""},"_links":{"self":[{"href":"https:\/\/www.beyazkose.com\/en\/wp-json\/wp\/v2\/pages\/12763"}],"collection":[{"href":"https:\/\/www.beyazkose.com\/en\/wp-json\/wp\/v2\/pages"}],"about":[{"href":"https:\/\/www.beyazkose.com\/en\/wp-json\/wp\/v2\/types\/page"}],"author":[{"embeddable":true,"href":"https:\/\/www.beyazkose.com\/en\/wp-json\/wp\/v2\/users\/1"}],"replies":[{"embeddable":true,"href":"https:\/\/www.beyazkose.com\/en\/wp-json\/wp\/v2\/comments?post=12763"}],"version-history":[{"count":8,"href":"https:\/\/www.beyazkose.com\/en\/wp-json\/wp\/v2\/pages\/12763\/revisions"}],"predecessor-version":[{"id":12994,"href":"https:\/\/www.beyazkose.com\/en\/wp-json\/wp\/v2\/pages\/12763\/revisions\/12994"}],"wp:featuredmedia":[{"embeddable":true,"href":"https:\/\/www.beyazkose.com\/en\/wp-json\/wp\/v2\/media\/12993"}],"wp:attachment":[{"href":"https:\/\/www.beyazkose.com\/en\/wp-json\/wp\/v2\/media?parent=12763"}],"curies":[{"name":"wp","href":"https:\/\/api.w.org\/{rel}","templated":true}]}}