{"id":12826,"date":"2023-04-27T11:05:57","date_gmt":"2023-04-27T11:05:57","guid":{"rendered":"https:\/\/www.beyazkose.com\/?page_id=12826"},"modified":"2023-05-01T07:26:17","modified_gmt":"2023-05-01T07:26:17","slug":"dis-muayenesi","status":"publish","type":"page","link":"https:\/\/www.beyazkose.com\/en\/dental-examination\/","title":{"rendered":"Dental Examination"},"content":{"rendered":"<div class=\"wpb-content-wrapper\"><div class=\"vc_row wpb_row vc_row-fluid\"><div class=\"wpb_column vc_column_container vc_col-sm-8\"><div class=\"vc_column-inner\"><div class=\"wpb_wrapper\">\n\t<div class=\"wpb_text_column wpb_content_element\" >\n\t\t<div class=\"wpb_wrapper\">\n\t\t\t<h2><strong>Dental Examination<\/strong><\/h2>\n<p>Since the process of consuming and digesting food starts in the mouth, everything we consume causes nutrients to remain between our teeth, and these nutrients cause bacteria to form over time, causing oral health to deteriorate. This is why regular dental examinations are necessary.<\/p>\n<h2><strong>What is a Dental Examination?<\/strong><\/h2>\n<p>A detailed examination of the problems in the teeth or gums by dentists is called a dental examination. During the examination, existing or potential problems are identified and the necessary treatment process is planned to eliminate them. Regular dental examinations are of great importance in terms of early planning of the treatment process and preventing tooth loss or similar problems in the future. The procedures that can be performed by the dentist during a dental examination are as follows:<\/p>\n<h2><strong>Inspection<\/strong><\/h2>\n<p>Teeth and gums are examined in detail and existing problems are detected. With a detailed dental examination, existing problems can be detected to a great extent.<\/p>\n<h2><strong>X-ray<\/strong><\/h2>\n<p>X-rays are often requested in today's dental examinations. Thanks to X-rays, conditions such as damage to the jaw bones, the presence and condition of impacted teeth, the presence of cysts, abscesses, tumors or invisible caries can be easily detected. In addition to normal X-rays, dentists may also request panoramic X-rays to visualize the upper and lower jaw bones together.<\/p>\n<h2><strong>Cleaning<\/strong><\/h2>\n<p>During the examination, the physician may perform a professional cleaning process both to see the underlying problems and to ensure oral hygiene. Special sprays are used during the cleaning process and the underside of the gum line is cleaned. In this way, tartar and plaque that can cause bad breath, caries or bigger problems are removed. After the cleaning process, teeth polishing can be performed if necessary.<\/p>\n<h2><strong>How often is a dental examination performed?<\/strong><\/h2>\n<p>If there are no problems with your teeth or gums that you can see or feel, a dental check-up between 3 and 6 months is considered ideal. However, if you have any problems with your teeth or have had procedures such as fillings or root canal treatment, then you can keep the time between visits to the dentist shorter.<\/p>\n\n\t\t<\/div>\n\t<\/div>\n<\/div><\/div><\/div><div class=\"sticky_form_content lead-form wpb_column vc_column_container vc_col-sm-4\" id=\"lead-form\"><div class=\"vc_column-inner\"><div class=\"wpb_wrapper\">\n<div class=\"wpcf7 no-js\" id=\"wpcf7-f1555-o1\" lang=\"en-US\" dir=\"ltr\" data-wpcf7-id=\"1555\">\n<div class=\"screen-reader-response\"><p role=\"status\" aria-live=\"polite\" aria-atomic=\"true\"><\/p> <ul><\/ul><\/div>\n<form action=\"\/en\/wp-json\/wp\/v2\/pages\/12826#wpcf7-f1555-o1\" method=\"post\" class=\"wpcf7-form init\" aria-label=\"Contact form\" novalidate=\"novalidate\" data-status=\"init\" data-trp-original-action=\"\/en\/wp-json\/wp\/v2\/pages\/12826#wpcf7-f1555-o1\">\n<fieldset class=\"hidden-fields-container\"><input type=\"hidden\" name=\"_wpcf7\" value=\"1555\" \/><input type=\"hidden\" name=\"_wpcf7_version\" value=\"6.1.5\" \/><input type=\"hidden\" name=\"_wpcf7_locale\" value=\"en_US\" \/><input type=\"hidden\" name=\"_wpcf7_unit_tag\" value=\"wpcf7-f1555-o1\" \/><input type=\"hidden\" name=\"_wpcf7_container_post\" value=\"0\" \/><input type=\"hidden\" name=\"_wpcf7_posted_data_hash\" value=\"\" \/>\n<\/fieldset>\n<div class=\"row\">\n\t<div class=\"col-lg-12\">\n\t\t<p><span class=\"wpcf7-form-control-wrap\" data-name=\"field-header\"><input size=\"40\" maxlength=\"400\" class=\"wpcf7-form-control wpcf7-text wpcf7-validates-as-required\" aria-required=\"true\" aria-invalid=\"false\" placeholder=\"Your Name and Surname\" value=\"\" type=\"text\" name=\"field-header\" \/><\/span>\n\t\t<\/p>\n\t<\/div>\n\t<div class=\"col-lg-12\">\n\t\t<p><span class=\"wpcf7-form-control-wrap\" data-name=\"phonetext-206\"><input size=\"40\" class=\"wpcf7-form-control wpcf7-phonetext wpcf7-validates-as-required wpcf7-text wpcf7-validates-as-phonetext\" aria-required=\"true\" aria-invalid=\"false\" placeholder=\"\" value=\"\" type=\"text\" name=\"phonetext-206\" \/><input type=\"hidden\" name=\"phonetext-206-country-code\" class=\"wpcf7-phonetext-country-code\" \/><\/span>\n\t\t<\/p>\n\t<\/div>\n\t<div class=\"col-lg-12\">\n\t\t<p><span class=\"wpcf7-form-control-wrap\" data-name=\"field-header3\"><input size=\"40\" maxlength=\"400\" class=\"wpcf7-form-control wpcf7-text wpcf7-validates-as-required\" aria-required=\"true\" aria-invalid=\"false\" placeholder=\"E-Mail\" value=\"\" type=\"text\" name=\"field-header3\" \/><\/span>\n\t\t<\/p>\n\t<\/div>\n\t<div class=\"col-lg-12\">\n\t\t<p><span class=\"wpcf7-form-control-wrap\" data-name=\"field-header4\"><textarea cols=\"40\" rows=\"10\" maxlength=\"2000\" class=\"wpcf7-form-control wpcf7-textarea\" aria-invalid=\"false\" placeholder=\"Your message\" name=\"field-header4\"><\/textarea><\/span>\n\t\t<\/p>\n\t<\/div>\n\t<div class=\"col-lg-12\">\n\t\t<p><input class=\"wpcf7-form-control wpcf7-submit has-spinner\" type=\"submit\" value=\"Send\" \/>\n\t\t<\/p>\n\t<\/div>\n<\/div><div class=\"wpcf7-response-output\" aria-hidden=\"true\"><\/div>\n<input type=\"hidden\" name=\"trp-form-language\" value=\"en\"\/><\/form>\n<\/div>\n<\/div><\/div><\/div><\/div>\n<\/div>","protected":false},"excerpt":{"rendered":"Di\u015f Muayenesi Besinleri t\u00fcketme ve sindirim s\u00fcreci a\u011f\u0131zda ba\u015flad\u0131\u011f\u0131 i\u00e7in, t\u00fcketti\u011fimiz her \u015fey di\u015flerimizin aras\u0131nda besin kalmas\u0131na neden olur ve bu besinler zaman i\u00e7erisinde bakteri olu\u015fumuna neden olarak a\u011f\u0131z sa\u011fl\u0131\u011f\u0131n\u0131n bozulmas\u0131na neden olur. Bu y\u00fczden d\u00fczenli olarak di\u015f muayenesi gerekir. Di\u015f Muayenesi Nedir? Di\u015f hekimleri taraf\u0131ndan di\u015flerde ya da di\u015f etlerindeki problemlerin detayl\u0131 bir \u015fekilde kontrolden ge\u00e7irilmesi di\u015f muayenesi olarak adland\u0131r\u0131l\u0131r. Muayene s\u0131ras\u0131nda mevcut ya da olas\u0131 sorunlar tespit edilerek giderilmesi ad\u0131na gerekli tedavi s\u00fcreci planlan\u0131r. D\u00fczenli olarak di\u015f muayenesi yap\u0131lmas\u0131; tedavi s\u00fcrecinin erken planlanmas\u0131 ve ileride di\u015f kayb\u0131 ya da benzer problemlerin \u00f6n\u00fcne ge\u00e7ilmesi a\u00e7\u0131s\u0131ndan b\u00fcy\u00fck \u00f6nem ta\u015f\u0131r. Bir di\u015f muayenesi s\u0131ras\u0131nda di\u015f hekimi taraf\u0131ndan ger\u00e7ekle\u015ftirilebilecek i\u015flemler \u015funlard\u0131r: Muayene Di\u015fler ve di\u015fler etleri detayl\u0131 bir kontrolden ge\u00e7er ve var olan problemler tespit edilir. Detayl\u0131 bir di\u015f muayenesi ile var olan problemler b\u00fcy\u00fck \u00f6l\u00e7\u00fcde tespit edilebilir. R\u00f6ntgen G\u00fcn\u00fcm\u00fcz di\u015f muayenelerinde r\u00f6ntgen genellikle istenir. R\u00f6ntgen sayesinde \u00e7ene kemiklerinde hasar olup olmad\u0131\u011f\u0131, [...]","protected":false},"author":1,"featured_media":12999,"parent":0,"menu_order":0,"comment_status":"closed","ping_status":"closed","template":"page-templates\/full-width.php","meta":{"footnotes":""},"_links":{"self":[{"href":"https:\/\/www.beyazkose.com\/en\/wp-json\/wp\/v2\/pages\/12826"}],"collection":[{"href":"https:\/\/www.beyazkose.com\/en\/wp-json\/wp\/v2\/pages"}],"about":[{"href":"https:\/\/www.beyazkose.com\/en\/wp-json\/wp\/v2\/types\/page"}],"author":[{"embeddable":true,"href":"https:\/\/www.beyazkose.com\/en\/wp-json\/wp\/v2\/users\/1"}],"replies":[{"embeddable":true,"href":"https:\/\/www.beyazkose.com\/en\/wp-json\/wp\/v2\/comments?post=12826"}],"version-history":[{"count":3,"href":"https:\/\/www.beyazkose.com\/en\/wp-json\/wp\/v2\/pages\/12826\/revisions"}],"predecessor-version":[{"id":12830,"href":"https:\/\/www.beyazkose.com\/en\/wp-json\/wp\/v2\/pages\/12826\/revisions\/12830"}],"wp:featuredmedia":[{"embeddable":true,"href":"https:\/\/www.beyazkose.com\/en\/wp-json\/wp\/v2\/media\/12999"}],"wp:attachment":[{"href":"https:\/\/www.beyazkose.com\/en\/wp-json\/wp\/v2\/media?parent=12826"}],"curies":[{"name":"wp","href":"https:\/\/api.w.org\/{rel}","templated":true}]}}