{"id":13016,"date":"2023-05-01T11:30:04","date_gmt":"2023-05-01T11:30:04","guid":{"rendered":"https:\/\/www.beyazkose.com\/?page_id=13016"},"modified":"2023-05-01T17:15:53","modified_gmt":"2023-05-01T17:15:53","slug":"hakkimizda","status":"publish","type":"page","link":"https:\/\/www.beyazkose.com\/en\/about-us\/","title":{"rendered":"About Us"},"content":{"rendered":"<div class=\"wpb-content-wrapper\"><div class=\"vc_row wpb_row vc_row-fluid\"><div class=\"wpb_column vc_column_container vc_col-sm-8\"><div class=\"vc_column-inner\"><div class=\"wpb_wrapper\">\n\t<div class=\"wpb_text_column wpb_content_element\" >\n\t\t<div class=\"wpb_wrapper\">\n\t\t\t<h2>You deserve a beautiful smile...<\/h2>\n<p>As Beyaz K\u00f6\u015fe Dental Clinic, we set out to provide a high level of service in terms of both patient approach and work discipline. Today, we continue to serve professionally with our experienced physicians and staff of specialists, maintaining our first day's excitement. In oral and dental health; we respond to the needs of our patients in a wide range of areas from general dental treatments to cosmetic dental applications, from pediatric dentistry to jaw surgery.<\/p>\n<p>You can choose us if you want the dentist chair to turn into a reliable space where you can surrender yourself. Do not postpone regular examinations for the protection and reconstruction of oral and dental health and the restoration of the comfort of life!<\/p>\n\n\t\t<\/div>\n\t<\/div>\n<\/div><\/div><\/div><div class=\"sticky_form_content lead-form wpb_column vc_column_container vc_col-sm-4\" id=\"lead-form\"><div class=\"vc_column-inner\"><div class=\"wpb_wrapper\">\n<div class=\"wpcf7 no-js\" id=\"wpcf7-f1555-o1\" lang=\"en-US\" dir=\"ltr\" data-wpcf7-id=\"1555\">\n<div class=\"screen-reader-response\"><p role=\"status\" aria-live=\"polite\" aria-atomic=\"true\"><\/p> <ul><\/ul><\/div>\n<form action=\"\/en\/wp-json\/wp\/v2\/pages\/13016#wpcf7-f1555-o1\" method=\"post\" class=\"wpcf7-form init\" aria-label=\"Contact form\" novalidate=\"novalidate\" data-status=\"init\" data-trp-original-action=\"\/en\/wp-json\/wp\/v2\/pages\/13016#wpcf7-f1555-o1\">\n<fieldset class=\"hidden-fields-container\"><input type=\"hidden\" name=\"_wpcf7\" value=\"1555\" \/><input type=\"hidden\" name=\"_wpcf7_version\" value=\"6.1.5\" \/><input type=\"hidden\" name=\"_wpcf7_locale\" value=\"en_US\" \/><input type=\"hidden\" name=\"_wpcf7_unit_tag\" value=\"wpcf7-f1555-o1\" \/><input type=\"hidden\" name=\"_wpcf7_container_post\" value=\"0\" \/><input type=\"hidden\" name=\"_wpcf7_posted_data_hash\" value=\"\" \/>\n<\/fieldset>\n<div class=\"row\">\n\t<div class=\"col-lg-12\">\n\t\t<p><span class=\"wpcf7-form-control-wrap\" data-name=\"field-header\"><input size=\"40\" maxlength=\"400\" class=\"wpcf7-form-control wpcf7-text wpcf7-validates-as-required\" aria-required=\"true\" aria-invalid=\"false\" placeholder=\"Your Name and Surname\" value=\"\" type=\"text\" name=\"field-header\" \/><\/span>\n\t\t<\/p>\n\t<\/div>\n\t<div class=\"col-lg-12\">\n\t\t<p><span class=\"wpcf7-form-control-wrap\" data-name=\"phonetext-206\"><input size=\"40\" class=\"wpcf7-form-control wpcf7-phonetext wpcf7-validates-as-required wpcf7-text wpcf7-validates-as-phonetext\" aria-required=\"true\" aria-invalid=\"false\" placeholder=\"\" value=\"\" type=\"text\" name=\"phonetext-206\" \/><input type=\"hidden\" name=\"phonetext-206-country-code\" class=\"wpcf7-phonetext-country-code\" \/><\/span>\n\t\t<\/p>\n\t<\/div>\n\t<div class=\"col-lg-12\">\n\t\t<p><span class=\"wpcf7-form-control-wrap\" data-name=\"field-header3\"><input size=\"40\" maxlength=\"400\" class=\"wpcf7-form-control wpcf7-text wpcf7-validates-as-required\" aria-required=\"true\" aria-invalid=\"false\" placeholder=\"E-Mail\" value=\"\" type=\"text\" name=\"field-header3\" \/><\/span>\n\t\t<\/p>\n\t<\/div>\n\t<div class=\"col-lg-12\">\n\t\t<p><span class=\"wpcf7-form-control-wrap\" data-name=\"field-header4\"><textarea cols=\"40\" rows=\"10\" maxlength=\"2000\" class=\"wpcf7-form-control wpcf7-textarea\" aria-invalid=\"false\" placeholder=\"Your message\" name=\"field-header4\"><\/textarea><\/span>\n\t\t<\/p>\n\t<\/div>\n\t<div class=\"col-lg-12\">\n\t\t<p><input class=\"wpcf7-form-control wpcf7-submit has-spinner\" type=\"submit\" value=\"Send\" \/>\n\t\t<\/p>\n\t<\/div>\n<\/div><div class=\"wpcf7-response-output\" aria-hidden=\"true\"><\/div>\n<input type=\"hidden\" name=\"trp-form-language\" value=\"en\"\/><\/form>\n<\/div>\n<\/div><\/div><\/div><\/div>\n<\/div>","protected":false},"excerpt":{"rendered":"G\u00fczel Bir G\u00fcl\u00fcmsemeyi Hak Ediyorsunuz\u2026 Beyaz K\u00f6\u015fe Di\u015f Klini\u011fi olarak gerek hasta yakla\u015f\u0131m\u0131 gerekse de \u00e7al\u0131\u015fma disiplini bak\u0131m\u0131ndan \u00fcst seviye bir hizmet vermek ad\u0131na yola \u00e7\u0131kt\u0131k. Bug\u00fcn de tecr\u00fcbeli hekimlerimiz ve uzmanlardan olu\u015fan kadromuz ile, ilk g\u00fcnk\u00fc heyecan\u0131m\u0131z\u0131 koruyarak profesyonel bir \u015fekilde hizmet vermeye devam ediyoruz. A\u011f\u0131z ve di\u015f sa\u011fl\u0131\u011f\u0131 konusunda; genel di\u015f tedavilerinden kozmetik di\u015f uygulamalar\u0131na, \u00e7ocuk di\u015f hekimli\u011fi hizmetinden \u00e7ene cerrahisine kadar \u00e7ok geni\u015f bir alanda hastalar\u0131m\u0131z\u0131n ihtiya\u00e7lar\u0131na kar\u015f\u0131l\u0131k veriyoruz. Di\u015f\u00e7i koltu\u011funun g\u00fcvenilir ve kendinizi teslim edebilece\u011finiz bir alana d\u00f6n\u00fc\u015fmesini isterseniz bizi tercih edebilirsiniz. A\u011f\u0131z ve di\u015f sa\u011fl\u0131\u011f\u0131n\u0131n korunmas\u0131, yeniden in\u015fas\u0131 ve ya\u015fam konforunun geri kazan\u0131lmas\u0131 ad\u0131na d\u00fczenli olarak muayene olmay\u0131 ertelemeyin!","protected":false},"author":1,"featured_media":13040,"parent":0,"menu_order":0,"comment_status":"closed","ping_status":"closed","template":"page-templates\/full-width.php","meta":{"footnotes":""},"_links":{"self":[{"href":"https:\/\/www.beyazkose.com\/en\/wp-json\/wp\/v2\/pages\/13016"}],"collection":[{"href":"https:\/\/www.beyazkose.com\/en\/wp-json\/wp\/v2\/pages"}],"about":[{"href":"https:\/\/www.beyazkose.com\/en\/wp-json\/wp\/v2\/types\/page"}],"author":[{"embeddable":true,"href":"https:\/\/www.beyazkose.com\/en\/wp-json\/wp\/v2\/users\/1"}],"replies":[{"embeddable":true,"href":"https:\/\/www.beyazkose.com\/en\/wp-json\/wp\/v2\/comments?post=13016"}],"version-history":[{"count":4,"href":"https:\/\/www.beyazkose.com\/en\/wp-json\/wp\/v2\/pages\/13016\/revisions"}],"predecessor-version":[{"id":13041,"href":"https:\/\/www.beyazkose.com\/en\/wp-json\/wp\/v2\/pages\/13016\/revisions\/13041"}],"wp:featuredmedia":[{"embeddable":true,"href":"https:\/\/www.beyazkose.com\/en\/wp-json\/wp\/v2\/media\/13040"}],"wp:attachment":[{"href":"https:\/\/www.beyazkose.com\/en\/wp-json\/wp\/v2\/media?parent=13016"}],"curies":[{"name":"wp","href":"https:\/\/api.w.org\/{rel}","templated":true}]}}